{"id":10011,"date":"2023-08-26T09:57:24","date_gmt":"2023-08-26T06:57:24","guid":{"rendered":"https:\/\/fluterm.eu\/prod\/huawei-hybrid-sun2000-20ktl-m1-invertuje-20-000w-trifazovy-proud\/"},"modified":"2023-09-07T13:52:20","modified_gmt":"2023-09-07T10:52:20","slug":"huawei-hybrid-sun2000-20ktl-m1-invertuje-20-000w-trifazovy-proud","status":"publish","type":"product","link":"https:\/\/fluterm.eu\/cs\/prod\/huawei-hybrid-sun2000-20ktl-m1-invertuje-20-000w-trifazovy-proud\/","title":{"rendered":"Huawei Hybrid SUN2000-20KTL-M1 Invertuje &#8211; 20.000W t\u0159\u00edf\u00e1zov\u00fd proud"},"content":{"rendered":"<p>Hybridn\u00ed st\u0159\u00edda\u010d Huawei <strong>SUN2000L-20KTL-M5<\/strong> je sou\u010d\u00e1st\u00ed nov\u00e9 inovativn\u00ed \u0159ady st\u0159\u00edda\u010d\u016f Huawei pro dom\u00e1cnosti. Tento inteligentn\u00ed st\u0159\u00edda\u010d od spole\u010dnosti Huawei m\u00e1 aktivn\u00ed ochranu proti proudov\u00fdm oblouk\u016fm, vy\u0161\u0161\u00ed \u00fa\u010dinnost s a\u017e o 30 % vy\u0161\u0161\u00ed spot\u0159ebou energie d\u00edky nov\u00fdm optimaliz\u00e1tor\u016fm SUN2000-450W-P a nab\u00edz\u00ed tak\u00e9 mo\u017enost p\u0159ipojen\u00ed lithiov\u00fdch akumula\u010dn\u00edch bateri\u00ed, jako je lg 10 charm nebo nov\u00e1 modul\u00e1rn\u00ed baterie Huawei LUNA2000-SO.<\/p>\n<h2>Technick\u00e9 vlastnosti<\/h2>\n<table border=\"1\">\n<tbody>\n<tr>\n<td colspan=\"2\">Vstup<\/td>\n<\/tr>\n<tr>\n<td width=\"50%\">Navrhovan\u00fd maxim\u00e1ln\u00ed v\u00fdkon fotovoltaiky<\/td>\n<td width=\"50%\">30 000 Wp<\/td>\n<\/tr>\n<tr>\n<td>Maxim\u00e1ln\u00ed vstupn\u00ed nap\u011bt\u00ed<\/td>\n<td>1.100V<\/td>\n<\/tr>\n<tr>\n<td>Max. vstupn\u00ed proud pro MPPT<\/td>\n<td>30 A (dva \u0159et\u011bzce) \/ 20 A (jeden \u0159et\u011bzec)<\/td>\n<\/tr>\n<tr>\n<td>zkratov\u00fd proud max.<\/td>\n<td>40A<\/td>\n<\/tr>\n<tr>\n<td>Startovac\u00ed nap\u011bt\u00ed<\/td>\n<td>200V<\/td>\n<\/tr>\n<tr>\n<td>Rozsah jmenovit\u00e9ho nap\u011bt\u00ed MPPT<\/td>\n<td>200V~1000V<\/td>\n<\/tr>\n<tr>\n<td>Jmenovit\u00e9 vstupn\u00ed nap\u011bt\u00ed<\/td>\n<td>600V<\/td>\n<\/tr>\n<tr>\n<td>Maxim\u00e1ln\u00ed po\u010det vstup\u016f pro MPPT<\/td>\n<td>4<\/td>\n<\/tr>\n<tr>\n<td>Po\u010det MPPT<\/td>\n<td>2<\/td>\n<\/tr>\n<tr>\n<td colspan=\"2\">Exit<\/td>\n<\/tr>\n<tr>\n<td>Jmenovit\u00fd v\u00fdstupn\u00ed v\u00fdkon<\/td>\n<td>20,000W<\/td>\n<\/tr>\n<tr>\n<td>Max. zd\u00e1nliv\u00fd v\u00fdkon<\/td>\n<td>22 000VA<\/td>\n<\/tr>\n<tr>\n<td>Jmenovit\u00e9 v\u00fdstupn\u00ed nap\u011bt\u00ed<\/td>\n<td>220Vac \/ 380Vac, 230Vac \/ 400Vac, 239,6Vac \/ 415Vac, 3W + N + PE<\/td>\n<\/tr>\n<tr>\n<td>Jmenovit\u00e1 frekvence st\u0159\u00eddav\u00e9 s\u00edt\u011b<\/td>\n<td>50Hz \/ 60Hz<\/td>\n<\/tr>\n<tr>\n<td>Maxim\u00e1ln\u00ed v\u00fdstupn\u00ed proud<\/td>\n<td>33,6A\/380Vac<br \/>\n31,9 A\/400 Vac<br \/>\n30,8 A\/415 Vac<\/td>\n<\/tr>\n<tr>\n<td>Nastaviteln\u00fd \u00fa\u010din\u00edk<\/td>\n<td>0,8 kapacity &#8230; 0,8 indukce<\/td>\n<\/tr>\n<tr>\n<td colspan=\"2\">Funkce a ochrana<\/td>\n<\/tr>\n<tr>\n<td>Kategorie p\u0159ep\u011bt\u00ed<\/td>\n<td>PV \u2161\/AC \u2162<\/td>\n<\/tr>\n<tr>\n<td>Odpojovac\u00ed za\u0159\u00edzen\u00ed na vstupn\u00ed stran\u011b<\/td>\n<td>Ano<\/td>\n<\/tr>\n<tr>\n<td>Ochrana proti vylod\u011bn\u00ed<\/td>\n<td>Ano<\/td>\n<\/tr>\n<tr>\n<td>Ochrana proti st\u0159\u00eddav\u00e9mu proudu<\/td>\n<td>Ano<\/td>\n<\/tr>\n<tr>\n<td>Ochrana proti p\u0159ep\u00f3lov\u00e1n\u00ed stejnosm\u011brn\u00e9ho proudu<\/td>\n<td>Ano<\/td>\n<\/tr>\n<tr>\n<td>Detekce poruch \u0159et\u011bzc\u016f<\/td>\n<td>Ano<\/td>\n<\/tr>\n<tr>\n<td>Integrovan\u00fd DC svodi\u010d<\/td>\n<td>Typ II<\/td>\n<\/tr>\n<tr>\n<td>Integrovan\u00e1 AC vyb\u00edje\u010dka<\/td>\n<td>T\u0158\u00cdDA II<\/td>\n<\/tr>\n<tr>\n<td colspan=\"2\">Dodr\u017eov\u00e1n\u00ed norem<\/td>\n<\/tr>\n<tr>\n<td>Bezpe\u010dnost<\/td>\n<td>EN\/IEC 62109-1, EN\/IEC 62109-2<\/td>\n<\/tr>\n<tr>\n<td>Standard p\u0159ipojen\u00ed k s\u00edti<\/td>\n<td>G99, EN 50549, CEI 0-21, CEI 0-16, VDE-AR-N-4105, VDE-AR-N-4110, C10\/11, ABNT, VFR 2019, UNE 217001, UNE 217002, RD 244, TOR D4, IEC61727, IEC62116<\/td>\n<\/tr>\n<tr>\n<td colspan=\"2\">Kompatibiln\u00ed optimaliz\u00e1tor<\/td>\n<\/tr>\n<tr>\n<td>Optimaliz\u00e1tor kompatibiln\u00ed s DC MBUS<\/td>\n<td>SUN2000-450W-P, SUN2000-450W-P2, SUN2000-600W-P, MERC-1300W-P, MERC-1100W-P<\/td>\n<\/tr>\n<tr>\n<td colspan=\"2\">Obecn\u00e9 \u00fadaje<\/td>\n<\/tr>\n<tr>\n<td>Zobrazit<\/td>\n<td>LED indik\u00e1tory; integrovan\u00e1 WLAN + aplikace FusionSolar<\/td>\n<\/tr>\n<tr>\n<td>Komunikace<\/td>\n<td>RS485; WLAN\/Ethernet p\u0159es Smart Dongle-WLAN-FE (voliteln\u011b) 4G \/ 3G \/ 2G p\u0159es Smart Dongle-4G (voliteln\u011b)<\/td>\n<\/tr>\n<tr>\n<td>Rozsah provozn\u00edch teplot<\/td>\n<td>-25 ~ +60\u00b0C (-13\u00b0F ~ 140\u00b0F)<\/td>\n<\/tr>\n<tr>\n<td>Ochlazen\u00ed<\/td>\n<td>Inteligentn\u00ed chlazen\u00ed vzduchem<\/td>\n<\/tr>\n<tr>\n<td>Stupe\u0148 ochrany<\/td>\n<td>IP66<\/td>\n<\/tr>\n<tr>\n<td>Rozm\u011bry (v\u010detn\u011b mont\u00e1\u017en\u00edho dr\u017e\u00e1ku)<\/td>\n<td>546 x 460 x 228 mm<\/td>\n<\/tr>\n<tr>\n<td>Hmotnost (v\u010detn\u011b mont\u00e1\u017en\u00edho dr\u017e\u00e1ku)<\/td>\n<td>21 kg (46,4 liber)<\/td>\n<\/tr>\n<\/tbody>\n<\/table>\n<div dir=\"ltr\"><\/div>\n","protected":false},"excerpt":{"rendered":"<p>Hybridn\u00ed st\u0159\u00edda\u010d Huawei SUN2000L-20KTL-M5 je sou\u010d\u00e1st\u00ed nov\u00e9 inovativn\u00ed \u0159ady st\u0159\u00edda\u010d\u016f Huawei pro dom\u00e1cnosti. Tento inteligentn\u00ed st\u0159\u00edda\u010d od spole\u010dnosti Huawei m\u00e1 aktivn\u00ed ochranu proti proudov\u00fdm oblouk\u016fm, vy\u0161\u0161\u00ed \u00fa\u010dinnost s a\u017e o 30 % vy\u0161\u0161\u00ed spot\u0159ebou energie d\u00edky nov\u00fdm optimaliz\u00e1tor\u016fm SUN2000-450W-P a nab\u00edz\u00ed tak\u00e9 mo\u017enost p\u0159ipojen\u00ed lithiov\u00fdch akumula\u010dn\u00edch bateri\u00ed, jako je lg 10 charm nebo nov\u00e1 modul\u00e1rn\u00ed&hellip;<\/p>\n","protected":false},"featured_media":10019,"comment_status":"open","ping_status":"closed","template":"","meta":[],"product_cat":[767],"product_tag":[],"class_list":{"0":"post-10011","1":"product","2":"type-product","3":"status-publish","4":"has-post-thumbnail","6":"product_cat-fotovoltaicke-sady","8":"first","9":"instock","10":"taxable","11":"shipping-taxable","12":"purchasable","13":"product-type-simple","14":"col-xs-6 col-sm-4","15":"col-md-4 col-lg-4","16":"un-3-cols"},"acf":[],"yoast_head":"<!-- This site is optimized with the Yoast SEO plugin v21.2 - https:\/\/yoast.com\/wordpress\/plugins\/seo\/ -->\n<title>Huawei Hybrid SUN2000-20KTL-M1 Invertuje - 20.000W t\u0159\u00edf\u00e1zov\u00fd proud<\/title>\n<meta name=\"description\" content=\"Order Huawei Hybrid SUN2000-20KTL-M1 Invertuje - 20.000W t\u0159\u00edf\u00e1zov\u00fd proud at a best price.\" \/>\n<meta name=\"robots\" content=\"index, follow, max-snippet:-1, max-image-preview:large, max-video-preview:-1\" \/>\n<link rel=\"canonical\" href=\"https:\/\/fluterm.eu\/cs\/prod\/huawei-hybrid-sun2000-20ktl-m1-invertuje-20-000w-trifazovy-proud\/\" \/>\n<meta property=\"og:locale\" content=\"cs_CZ\" \/>\n<meta property=\"og:type\" content=\"article\" \/>\n<meta property=\"og:title\" content=\"Huawei Hybrid SUN2000-20KTL-M1 Invertuje - 20.000W t\u0159\u00edf\u00e1zov\u00fd proud\" \/>\n<meta property=\"og:description\" content=\"Order Huawei Hybrid SUN2000-20KTL-M1 Invertuje - 20.000W t\u0159\u00edf\u00e1zov\u00fd proud at a best price.\" \/>\n<meta property=\"og:url\" content=\"https:\/\/fluterm.eu\/cs\/prod\/huawei-hybrid-sun2000-20ktl-m1-invertuje-20-000w-trifazovy-proud\/\" \/>\n<meta property=\"og:site_name\" content=\"fluterm.eu\" \/>\n<meta property=\"article:modified_time\" content=\"2023-09-07T10:52:20+00:00\" \/>\n<meta property=\"og:image\" content=\"https:\/\/fluterm.eu\/wp-content\/uploads\/2023\/08\/5DDCA596-E858-4E61-98D9-BF6E2FD8EFD3_4_5005_c.jpeg\" \/>\n\t<meta property=\"og:image:width\" content=\"296\" \/>\n\t<meta property=\"og:image:height\" content=\"296\" \/>\n\t<meta property=\"og:image:type\" content=\"image\/jpeg\" \/>\n<meta name=\"twitter:card\" content=\"summary_large_image\" \/>\n<meta name=\"twitter:label1\" content=\"Odhadovan\u00e1 doba \u010dten\u00ed\" \/>\n\t<meta name=\"twitter:data1\" content=\"2 minuty\" \/>\n<script type=\"application\/ld+json\" class=\"yoast-schema-graph\">{\"@context\":\"https:\/\/schema.org\",\"@graph\":[{\"@type\":\"WebPage\",\"@id\":\"https:\/\/fluterm.eu\/cs\/prod\/huawei-hybrid-sun2000-20ktl-m1-invertuje-20-000w-trifazovy-proud\/\",\"url\":\"https:\/\/fluterm.eu\/cs\/prod\/huawei-hybrid-sun2000-20ktl-m1-invertuje-20-000w-trifazovy-proud\/\",\"name\":\"Huawei Hybrid SUN2000-20KTL-M1 Invertuje - 20.000W t\u0159\u00edf\u00e1zov\u00fd proud\",\"isPartOf\":{\"@id\":\"https:\/\/fluterm.eu\/#website\"},\"datePublished\":\"2023-08-26T06:57:24+00:00\",\"dateModified\":\"2023-09-07T10:52:20+00:00\",\"description\":\"Order Huawei Hybrid SUN2000-20KTL-M1 Invertuje - 20.000W t\u0159\u00edf\u00e1zov\u00fd proud at a best price.\",\"breadcrumb\":{\"@id\":\"https:\/\/fluterm.eu\/cs\/prod\/huawei-hybrid-sun2000-20ktl-m1-invertuje-20-000w-trifazovy-proud\/#breadcrumb\"},\"inLanguage\":\"cs\",\"potentialAction\":[{\"@type\":\"ReadAction\",\"target\":[\"https:\/\/fluterm.eu\/cs\/prod\/huawei-hybrid-sun2000-20ktl-m1-invertuje-20-000w-trifazovy-proud\/\"]}]},{\"@type\":\"BreadcrumbList\",\"@id\":\"https:\/\/fluterm.eu\/cs\/prod\/huawei-hybrid-sun2000-20ktl-m1-invertuje-20-000w-trifazovy-proud\/#breadcrumb\",\"itemListElement\":[{\"@type\":\"ListItem\",\"position\":1,\"name\":\"Home\",\"item\":\"https:\/\/fluterm.eu\/cs\/obchod\/\"},{\"@type\":\"ListItem\",\"position\":2,\"name\":\"Obchod\",\"item\":\"https:\/\/fluterm.eu\/cs\/obchod\/\"},{\"@type\":\"ListItem\",\"position\":3,\"name\":\"Huawei Hybrid SUN2000-20KTL-M1 Invertuje &#8211; 20.000W t\u0159\u00edf\u00e1zov\u00fd proud\"}]},{\"@type\":\"WebSite\",\"@id\":\"https:\/\/fluterm.eu\/#website\",\"url\":\"https:\/\/fluterm.eu\/\",\"name\":\"fluterm.eu\",\"description\":\"\",\"potentialAction\":[{\"@type\":\"SearchAction\",\"target\":{\"@type\":\"EntryPoint\",\"urlTemplate\":\"https:\/\/fluterm.eu\/?s={search_term_string}\"},\"query-input\":\"required name=search_term_string\"}],\"inLanguage\":\"cs\"}]}<\/script>\n<!-- \/ Yoast SEO plugin. -->","yoast_head_json":{"title":"Huawei Hybrid SUN2000-20KTL-M1 Invertuje - 20.000W t\u0159\u00edf\u00e1zov\u00fd proud","description":"Order Huawei Hybrid SUN2000-20KTL-M1 Invertuje - 20.000W t\u0159\u00edf\u00e1zov\u00fd proud at a best price.","robots":{"index":"index","follow":"follow","max-snippet":"max-snippet:-1","max-image-preview":"max-image-preview:large","max-video-preview":"max-video-preview:-1"},"canonical":"https:\/\/fluterm.eu\/cs\/prod\/huawei-hybrid-sun2000-20ktl-m1-invertuje-20-000w-trifazovy-proud\/","og_locale":"cs_CZ","og_type":"article","og_title":"Huawei Hybrid SUN2000-20KTL-M1 Invertuje - 20.000W t\u0159\u00edf\u00e1zov\u00fd proud","og_description":"Order Huawei Hybrid SUN2000-20KTL-M1 Invertuje - 20.000W t\u0159\u00edf\u00e1zov\u00fd proud at a best price.","og_url":"https:\/\/fluterm.eu\/cs\/prod\/huawei-hybrid-sun2000-20ktl-m1-invertuje-20-000w-trifazovy-proud\/","og_site_name":"fluterm.eu","article_modified_time":"2023-09-07T10:52:20+00:00","og_image":[{"width":296,"height":296,"url":"https:\/\/fluterm.eu\/wp-content\/uploads\/2023\/08\/5DDCA596-E858-4E61-98D9-BF6E2FD8EFD3_4_5005_c.jpeg","type":"image\/jpeg"}],"twitter_card":"summary_large_image","twitter_misc":{"Odhadovan\u00e1 doba \u010dten\u00ed":"2 minuty"},"schema":{"@context":"https:\/\/schema.org","@graph":[{"@type":"WebPage","@id":"https:\/\/fluterm.eu\/cs\/prod\/huawei-hybrid-sun2000-20ktl-m1-invertuje-20-000w-trifazovy-proud\/","url":"https:\/\/fluterm.eu\/cs\/prod\/huawei-hybrid-sun2000-20ktl-m1-invertuje-20-000w-trifazovy-proud\/","name":"Huawei Hybrid SUN2000-20KTL-M1 Invertuje - 20.000W t\u0159\u00edf\u00e1zov\u00fd proud","isPartOf":{"@id":"https:\/\/fluterm.eu\/#website"},"datePublished":"2023-08-26T06:57:24+00:00","dateModified":"2023-09-07T10:52:20+00:00","description":"Order Huawei Hybrid SUN2000-20KTL-M1 Invertuje - 20.000W t\u0159\u00edf\u00e1zov\u00fd proud at a best price.","breadcrumb":{"@id":"https:\/\/fluterm.eu\/cs\/prod\/huawei-hybrid-sun2000-20ktl-m1-invertuje-20-000w-trifazovy-proud\/#breadcrumb"},"inLanguage":"cs","potentialAction":[{"@type":"ReadAction","target":["https:\/\/fluterm.eu\/cs\/prod\/huawei-hybrid-sun2000-20ktl-m1-invertuje-20-000w-trifazovy-proud\/"]}]},{"@type":"BreadcrumbList","@id":"https:\/\/fluterm.eu\/cs\/prod\/huawei-hybrid-sun2000-20ktl-m1-invertuje-20-000w-trifazovy-proud\/#breadcrumb","itemListElement":[{"@type":"ListItem","position":1,"name":"Home","item":"https:\/\/fluterm.eu\/cs\/obchod\/"},{"@type":"ListItem","position":2,"name":"Obchod","item":"https:\/\/fluterm.eu\/cs\/obchod\/"},{"@type":"ListItem","position":3,"name":"Huawei Hybrid SUN2000-20KTL-M1 Invertuje &#8211; 20.000W t\u0159\u00edf\u00e1zov\u00fd proud"}]},{"@type":"WebSite","@id":"https:\/\/fluterm.eu\/#website","url":"https:\/\/fluterm.eu\/","name":"fluterm.eu","description":"","potentialAction":[{"@type":"SearchAction","target":{"@type":"EntryPoint","urlTemplate":"https:\/\/fluterm.eu\/?s={search_term_string}"},"query-input":"required name=search_term_string"}],"inLanguage":"cs"}]}},"_links":{"self":[{"href":"https:\/\/fluterm.eu\/cs\/wp-json\/wp\/v2\/product\/10011","targetHints":{"allow":["GET"]}}],"collection":[{"href":"https:\/\/fluterm.eu\/cs\/wp-json\/wp\/v2\/product"}],"about":[{"href":"https:\/\/fluterm.eu\/cs\/wp-json\/wp\/v2\/types\/product"}],"replies":[{"embeddable":true,"href":"https:\/\/fluterm.eu\/cs\/wp-json\/wp\/v2\/comments?post=10011"}],"version-history":[{"count":1,"href":"https:\/\/fluterm.eu\/cs\/wp-json\/wp\/v2\/product\/10011\/revisions"}],"predecessor-version":[{"id":13032,"href":"https:\/\/fluterm.eu\/cs\/wp-json\/wp\/v2\/product\/10011\/revisions\/13032"}],"wp:featuredmedia":[{"embeddable":true,"href":"https:\/\/fluterm.eu\/cs\/wp-json\/wp\/v2\/media\/10019"}],"wp:attachment":[{"href":"https:\/\/fluterm.eu\/cs\/wp-json\/wp\/v2\/media?parent=10011"}],"wp:term":[{"taxonomy":"product_cat","embeddable":true,"href":"https:\/\/fluterm.eu\/cs\/wp-json\/wp\/v2\/product_cat?post=10011"},{"taxonomy":"product_tag","embeddable":true,"href":"https:\/\/fluterm.eu\/cs\/wp-json\/wp\/v2\/product_tag?post=10011"}],"curies":[{"name":"wp","href":"https:\/\/api.w.org\/{rel}","templated":true}]}}