{"id":10233,"date":"2023-08-23T11:02:32","date_gmt":"2023-08-23T08:02:32","guid":{"rendered":"https:\/\/fluterm.eu\/prod\/huawei-hybrid-sun2000-5ktl-l1-invertuje-5-000w-jednofazove\/"},"modified":"2023-09-16T00:55:47","modified_gmt":"2023-09-15T21:55:47","slug":"huawei-hybrid-sun2000-5ktl-l1-invertes-5-000w-jednofazovy","status":"publish","type":"product","link":"https:\/\/fluterm.eu\/cs\/prod\/huawei-hybrid-sun2000-5ktl-l1-invertes-5-000w-jednofazovy\/","title":{"rendered":"Huawei Hybrid SUN2000-5KTL-L1 Invertuje &#8211; 5.000W jednof\u00e1zov\u011b"},"content":{"rendered":"<p>Hybridn\u00ed st\u0159\u00edda\u010d Huawei <strong>SUN2000L-5KTL-L1<\/strong> je sou\u010d\u00e1st\u00ed nov\u00e9 inovativn\u00ed \u0159ady st\u0159\u00edda\u010d\u016f Huawei pro dom\u00e1cnosti. Tento inteligentn\u00ed st\u0159\u00edda\u010d od spole\u010dnosti Huawei m\u00e1 aktivn\u00ed ochranu proti proudov\u00fdm oblouk\u016fm, vy\u0161\u0161\u00ed \u00fa\u010dinnost s a\u017e o 30 % vy\u0161\u0161\u00ed spot\u0159ebou energie d\u00edky nov\u00fdm optimaliz\u00e1tor\u016fm SUN2000-450W-P a nab\u00edz\u00ed tak\u00e9 mo\u017enost p\u0159ipojen\u00ed lithiov\u00fdch akumula\u010dn\u00edch bateri\u00ed, jako je lg 10 charm nebo nov\u00e1 modul\u00e1rn\u00ed baterie Huawei LUNA2000-SO.<\/p>\n","protected":false},"excerpt":{"rendered":"<p>Hybridn\u00ed st\u0159\u00edda\u010d Huawei SUN2000L-5KTL-L1 je sou\u010d\u00e1st\u00ed nov\u00e9 inovativn\u00ed \u0159ady st\u0159\u00edda\u010d\u016f Huawei pro dom\u00e1cnosti. Tento inteligentn\u00ed st\u0159\u00edda\u010d od spole\u010dnosti Huawei m\u00e1 aktivn\u00ed ochranu proti proudov\u00fdm oblouk\u016fm, vy\u0161\u0161\u00ed \u00fa\u010dinnost s a\u017e o 30 % vy\u0161\u0161\u00ed spot\u0159ebou energie d\u00edky nov\u00fdm optimaliz\u00e1tor\u016fm SUN2000-450W-P a nab\u00edz\u00ed tak\u00e9 mo\u017enost p\u0159ipojen\u00ed lithiov\u00fdch akumula\u010dn\u00edch bateri\u00ed, jako je lg 10 charm nebo nov\u00e1 modul\u00e1rn\u00ed&hellip;<\/p>\n","protected":false},"featured_media":9789,"comment_status":"open","ping_status":"closed","template":"","meta":[],"product_cat":[767],"product_tag":[],"class_list":{"0":"post-10233","1":"product","2":"type-product","3":"status-publish","4":"has-post-thumbnail","6":"product_cat-fotovoltaicke-sady","8":"first","9":"instock","10":"taxable","11":"shipping-taxable","12":"purchasable","13":"product-type-simple","14":"col-xs-6 col-sm-4","15":"col-md-4 col-lg-4","16":"un-3-cols"},"acf":[],"yoast_head":"<!-- This site is optimized with the Yoast SEO plugin v21.2 - https:\/\/yoast.com\/wordpress\/plugins\/seo\/ -->\n<title>Huawei Hybrid SUN2000-5KTL-L1 Invertuje - 5.000W jednof\u00e1zov\u011b<\/title>\n<meta name=\"description\" content=\"Order Huawei Hybrid SUN2000-5KTL-L1 Invertuje - 5.000W jednof\u00e1zov\u011b at a best price.\" \/>\n<meta name=\"robots\" content=\"index, follow, max-snippet:-1, max-image-preview:large, max-video-preview:-1\" \/>\n<link rel=\"canonical\" href=\"https:\/\/fluterm.eu\/cs\/prod\/huawei-hybrid-sun2000-5ktl-l1-invertuje-5-000w-jednofazove\/\" \/>\n<meta property=\"og:locale\" content=\"cs_CZ\" \/>\n<meta property=\"og:type\" content=\"article\" \/>\n<meta property=\"og:title\" content=\"Huawei Hybrid SUN2000-5KTL-L1 Invertuje - 5.000W jednof\u00e1zov\u011b\" \/>\n<meta property=\"og:description\" content=\"Order Huawei Hybrid SUN2000-5KTL-L1 Invertuje - 5.000W jednof\u00e1zov\u011b at a best price.\" \/>\n<meta property=\"og:url\" content=\"https:\/\/fluterm.eu\/cs\/prod\/huawei-hybrid-sun2000-5ktl-l1-invertuje-5-000w-jednofazove\/\" \/>\n<meta property=\"og:site_name\" content=\"fluterm.eu\" \/>\n<meta property=\"article:modified_time\" content=\"2023-09-15T21:55:47+00:00\" \/>\n<meta property=\"og:image\" content=\"https:\/\/fluterm.eu\/wp-content\/uploads\/2023\/08\/35E72A15-B2C9-4988-86E8-3F18C03F1AE3.jpeg\" \/>\n\t<meta property=\"og:image:width\" content=\"432\" \/>\n\t<meta property=\"og:image:height\" content=\"432\" \/>\n\t<meta property=\"og:image:type\" content=\"image\/jpeg\" \/>\n<meta name=\"twitter:card\" content=\"summary_large_image\" \/>\n<script type=\"application\/ld+json\" class=\"yoast-schema-graph\">{\"@context\":\"https:\/\/schema.org\",\"@graph\":[{\"@type\":\"WebPage\",\"@id\":\"https:\/\/fluterm.eu\/cs\/prod\/huawei-hybrid-sun2000-5ktl-l1-invertuje-5-000w-jednofazove\/\",\"url\":\"https:\/\/fluterm.eu\/cs\/prod\/huawei-hybrid-sun2000-5ktl-l1-invertuje-5-000w-jednofazove\/\",\"name\":\"Huawei Hybrid SUN2000-5KTL-L1 Invertuje - 5.000W jednof\u00e1zov\u011b\",\"isPartOf\":{\"@id\":\"https:\/\/fluterm.eu\/#website\"},\"datePublished\":\"2023-08-23T08:02:32+00:00\",\"dateModified\":\"2023-09-15T21:55:47+00:00\",\"description\":\"Order Huawei Hybrid SUN2000-5KTL-L1 Invertuje - 5.000W jednof\u00e1zov\u011b at a best price.\",\"breadcrumb\":{\"@id\":\"https:\/\/fluterm.eu\/cs\/prod\/huawei-hybrid-sun2000-5ktl-l1-invertuje-5-000w-jednofazove\/#breadcrumb\"},\"inLanguage\":\"cs\",\"potentialAction\":[{\"@type\":\"ReadAction\",\"target\":[\"https:\/\/fluterm.eu\/cs\/prod\/huawei-hybrid-sun2000-5ktl-l1-invertuje-5-000w-jednofazove\/\"]}]},{\"@type\":\"BreadcrumbList\",\"@id\":\"https:\/\/fluterm.eu\/cs\/prod\/huawei-hybrid-sun2000-5ktl-l1-invertuje-5-000w-jednofazove\/#breadcrumb\",\"itemListElement\":[{\"@type\":\"ListItem\",\"position\":1,\"name\":\"Home\",\"item\":\"https:\/\/fluterm.eu\/cs\/obchod\/\"},{\"@type\":\"ListItem\",\"position\":2,\"name\":\"Obchod\",\"item\":\"https:\/\/fluterm.eu\/cs\/obchod\/\"},{\"@type\":\"ListItem\",\"position\":3,\"name\":\"Huawei Hybrid SUN2000-5KTL-L1 Invertuje &#8211; 5.000W jednof\u00e1zov\u011b\"}]},{\"@type\":\"WebSite\",\"@id\":\"https:\/\/fluterm.eu\/#website\",\"url\":\"https:\/\/fluterm.eu\/\",\"name\":\"fluterm.eu\",\"description\":\"\",\"potentialAction\":[{\"@type\":\"SearchAction\",\"target\":{\"@type\":\"EntryPoint\",\"urlTemplate\":\"https:\/\/fluterm.eu\/?s={search_term_string}\"},\"query-input\":\"required name=search_term_string\"}],\"inLanguage\":\"cs\"}]}<\/script>\n<!-- \/ Yoast SEO plugin. -->","yoast_head_json":{"title":"Huawei Hybrid SUN2000-5KTL-L1 Invertuje - 5.000W jednof\u00e1zov\u011b","description":"Order Huawei Hybrid SUN2000-5KTL-L1 Invertuje - 5.000W jednof\u00e1zov\u011b at a best price.","robots":{"index":"index","follow":"follow","max-snippet":"max-snippet:-1","max-image-preview":"max-image-preview:large","max-video-preview":"max-video-preview:-1"},"canonical":"https:\/\/fluterm.eu\/cs\/prod\/huawei-hybrid-sun2000-5ktl-l1-invertuje-5-000w-jednofazove\/","og_locale":"cs_CZ","og_type":"article","og_title":"Huawei Hybrid SUN2000-5KTL-L1 Invertuje - 5.000W jednof\u00e1zov\u011b","og_description":"Order Huawei Hybrid SUN2000-5KTL-L1 Invertuje - 5.000W jednof\u00e1zov\u011b at a best price.","og_url":"https:\/\/fluterm.eu\/cs\/prod\/huawei-hybrid-sun2000-5ktl-l1-invertuje-5-000w-jednofazove\/","og_site_name":"fluterm.eu","article_modified_time":"2023-09-15T21:55:47+00:00","og_image":[{"width":432,"height":432,"url":"https:\/\/fluterm.eu\/wp-content\/uploads\/2023\/08\/35E72A15-B2C9-4988-86E8-3F18C03F1AE3.jpeg","type":"image\/jpeg"}],"twitter_card":"summary_large_image","schema":{"@context":"https:\/\/schema.org","@graph":[{"@type":"WebPage","@id":"https:\/\/fluterm.eu\/cs\/prod\/huawei-hybrid-sun2000-5ktl-l1-invertuje-5-000w-jednofazove\/","url":"https:\/\/fluterm.eu\/cs\/prod\/huawei-hybrid-sun2000-5ktl-l1-invertuje-5-000w-jednofazove\/","name":"Huawei Hybrid SUN2000-5KTL-L1 Invertuje - 5.000W jednof\u00e1zov\u011b","isPartOf":{"@id":"https:\/\/fluterm.eu\/#website"},"datePublished":"2023-08-23T08:02:32+00:00","dateModified":"2023-09-15T21:55:47+00:00","description":"Order Huawei Hybrid SUN2000-5KTL-L1 Invertuje - 5.000W jednof\u00e1zov\u011b at a best price.","breadcrumb":{"@id":"https:\/\/fluterm.eu\/cs\/prod\/huawei-hybrid-sun2000-5ktl-l1-invertuje-5-000w-jednofazove\/#breadcrumb"},"inLanguage":"cs","potentialAction":[{"@type":"ReadAction","target":["https:\/\/fluterm.eu\/cs\/prod\/huawei-hybrid-sun2000-5ktl-l1-invertuje-5-000w-jednofazove\/"]}]},{"@type":"BreadcrumbList","@id":"https:\/\/fluterm.eu\/cs\/prod\/huawei-hybrid-sun2000-5ktl-l1-invertuje-5-000w-jednofazove\/#breadcrumb","itemListElement":[{"@type":"ListItem","position":1,"name":"Home","item":"https:\/\/fluterm.eu\/cs\/obchod\/"},{"@type":"ListItem","position":2,"name":"Obchod","item":"https:\/\/fluterm.eu\/cs\/obchod\/"},{"@type":"ListItem","position":3,"name":"Huawei Hybrid SUN2000-5KTL-L1 Invertuje &#8211; 5.000W jednof\u00e1zov\u011b"}]},{"@type":"WebSite","@id":"https:\/\/fluterm.eu\/#website","url":"https:\/\/fluterm.eu\/","name":"fluterm.eu","description":"","potentialAction":[{"@type":"SearchAction","target":{"@type":"EntryPoint","urlTemplate":"https:\/\/fluterm.eu\/?s={search_term_string}"},"query-input":"required name=search_term_string"}],"inLanguage":"cs"}]}},"_links":{"self":[{"href":"https:\/\/fluterm.eu\/cs\/wp-json\/wp\/v2\/product\/10233","targetHints":{"allow":["GET"]}}],"collection":[{"href":"https:\/\/fluterm.eu\/cs\/wp-json\/wp\/v2\/product"}],"about":[{"href":"https:\/\/fluterm.eu\/cs\/wp-json\/wp\/v2\/types\/product"}],"replies":[{"embeddable":true,"href":"https:\/\/fluterm.eu\/cs\/wp-json\/wp\/v2\/comments?post=10233"}],"version-history":[{"count":1,"href":"https:\/\/fluterm.eu\/cs\/wp-json\/wp\/v2\/product\/10233\/revisions"}],"predecessor-version":[{"id":13038,"href":"https:\/\/fluterm.eu\/cs\/wp-json\/wp\/v2\/product\/10233\/revisions\/13038"}],"wp:featuredmedia":[{"embeddable":true,"href":"https:\/\/fluterm.eu\/cs\/wp-json\/wp\/v2\/media\/9789"}],"wp:attachment":[{"href":"https:\/\/fluterm.eu\/cs\/wp-json\/wp\/v2\/media?parent=10233"}],"wp:term":[{"taxonomy":"product_cat","embeddable":true,"href":"https:\/\/fluterm.eu\/cs\/wp-json\/wp\/v2\/product_cat?post=10233"},{"taxonomy":"product_tag","embeddable":true,"href":"https:\/\/fluterm.eu\/cs\/wp-json\/wp\/v2\/product_tag?post=10233"}],"curies":[{"name":"wp","href":"https:\/\/api.w.org\/{rel}","templated":true}]}}