{"id":10483,"date":"2023-08-19T22:16:50","date_gmt":"2023-08-19T19:16:50","guid":{"rendered":"https:\/\/fluterm.eu\/prod\/kompletni-balicek-podlahoveho-vytapeni-rehau-110-mp\/"},"modified":"2023-09-07T13:52:26","modified_gmt":"2023-09-07T10:52:26","slug":"kompletni-balicek-podlahoveho-vytapeni-rehau-110-mp","status":"publish","type":"product","link":"https:\/\/fluterm.eu\/cs\/prod\/kompletni-balicek-podlahoveho-vytapeni-rehau-110-mp\/","title":{"rendered":"KOMPLETN\u00cd BAL\u00cd\u010cEK PODLAHOV\u00c9HO VYT\u00c1P\u011aN\u00cd REHAU &#8211; 110 MP"},"content":{"rendered":"<p>Bal\u00ed\u010dek podlahov\u00e9ho vyt\u00e1p\u011bn\u00ed REHAU &#8211; 110 MP &#8211; PREMIUM S AUTOMATIZAC\u00cd V CEN\u011a!<\/p>\n<p>Zakoupen\u00edm kompletn\u00edho bal\u00ed\u010dku REHAU s automatizac\u00ed z\u00edsk\u00e1te <strong>20% SLEVU,<\/strong> pokud si nekoup\u00edte ka\u017ed\u00fd produkt zvl\u00e1\u0161\u0165.<\/p>\n<p>Na p\u0159\u00e1n\u00ed lze hlin\u00edkovou f\u00f3lii nahradit deskou Nuturi nebo deskou Tacker.<\/p>\n<h4>NAB\u00cdZ\u00cdME TAK\u00c9 PROJEKTOVOU PODPORU P\u0158I PL\u00c1NOV\u00c1N\u00cd INSTALACE S\u00c1LAV\u00c9HO SYST\u00c9MU.<\/h4>\n<p><strong>Obsah balen\u00ed REHAU 110 m2:<\/strong><\/p>\n<ul>\n<li>Trubka Rehau Rautherm S 17&#215;2,0 Pe-Xa &#8211; (1100 ml)<\/li>\n<li>Hlin\u00edkov\u00e1 f\u00f3lie &#8211; (150 m2)<\/li>\n<li>Obvodov\u00e1 p\u00e1ska Rehau &#8211; (125 ml)<\/li>\n<li>Rozd\u011blova\u010d\/sb\u011bra\u010d Rehau HKV-D Kompletn\u00ed 11 obvod\u016f &#8211; (1 ks)<\/li>\n<li>Mont\u00e1\u017en\u00ed krabice rozd\u011blova\u010de 900&#215;705 &#8211; (1 ks)<\/li>\n<li>Sada Rob 1 m\u00fdto s holan\u010fanem &#8211; (2 ks)<\/li>\n<li>Vodic\u00ed k\u0159ivka trubky p\u0159i 90gr &#8211; (22 ks)<\/li>\n<li>Konektor Eurocon 17&#215;2,0 &#8211; (22 ks)<\/li>\n<li>Sponky na upevn\u011bn\u00ed trubek 300ks &#8211; (18 krabic)<\/li>\n<li>Ovl\u00e1dac\u00ed panel termostatu Rehau NEA HC ovl\u00e1d\u00e1n\u00ed \u010derpadla 230V &#8211; (1 ks)<\/li>\n<li>Pokojov\u00e9 termostaty Rehau NEA H 230v &#8211; (5 ks)<\/li>\n<li>Servomotory\/ak\u010dn\u00ed \u010dleny Rehau UNI 230v &#8211; (11 ks)<\/li>\n<\/ul>\n<h4>VYSOK\u00dd TEPELN\u00dd KOMFORT<br \/>\nSYST\u00c9MY PLO\u0160N\u00c9HO VYT\u00c1P\u011aN\u00cd REHAU VYT\u00c1P\u011aJ\u00cd NA Z\u00c1KLAD\u011a<br \/>\nS\u00c1LAV\u00c9 ENERGIE, M\u011aKK\u00c9 A P\u0158\u00cdJEMN\u00c9 D\u00cdKY N\u00cdZK\u00ddM TEPLOT\u00c1M.<br \/>\nNA POVRCHU A ROVNOM\u011aRN\u00c9HO ROZLO\u017dEN\u00cd TEPLOTY. V KONTRASTU S<br \/>\nSTATICK\u00ddMI TOPN\u00ddMI SYST\u00c9MY SE VYTV\u00c1\u0158\u00cd RADIA\u010cN\u00cd ROVNOV\u00c1HA MEZI<br \/>\nLIDI A PROSTOR KOLEM NICH A Z\u00cdSK\u00c1TE OPTIM\u00c1LN\u00cd POCIT Z<br \/>\nCOMFORT<\/h4>\n<p>Ekonomick\u00fd bal\u00ed\u010dek REHAU 110 m2<br \/>\nVzhledem k vysok\u00e9mu pod\u00edlu s\u00e1lav\u00e9 energie syst\u00e9m\u016f<br \/>\nvyt\u00e1p\u011bn\u00ed povrchy REHAU, pocit pohodl\u00ed se objevuje i p\u0159i o<br \/>\nv\u00fdrazn\u011b ni\u017e\u0161\u00ed teplota vzduchu v m\u00edstnosti. Tento<br \/>\nlze sn\u00ed\u017eit o 1 \u00b0C a\u017e 2 \u00b0C. Tento aspekt umo\u017e\u0148uje \u00faspory<br \/>\nenergie za rok.<\/p>\n<p>Ekologick\u00fd bal\u00ed\u010dek REHAU 110 m2<br \/>\nD\u00edky vysok\u00e9 \u00fa\u010dinnosti oh\u0159evu i p\u0159i vysok\u00fdch teplot\u00e1ch<br \/>\nn\u00edzk\u00e1 cena za kolo, syst\u00e9my plo\u0161n\u00e9ho vyt\u00e1p\u011bn\u00ed REHAU mohou b\u00fdt<br \/>\nide\u00e1ln\u011b v kombinaci s kotli, tepeln\u00fdmi \u010derpadly nebo sol\u00e1rn\u00edmi panely.<\/p>\n<p>Antialergick\u00fd bal\u00ed\u010dek REHAU 110 m2<br \/>\nN\u00edzk\u00fd pod\u00edl konvek\u010dn\u00ed energie topn\u00fdch syst\u00e9m\u016f prost\u0159ednictv\u00edm<br \/>\nPovrchy REHAU vedou ke vzniku minim\u00e1ln\u00edho vnit\u0159n\u00edho proud\u011bn\u00ed vzduchu.<br \/>\nCirkulace prachu je minulost\u00ed. To chr\u00e1n\u00ed<br \/>\nd\u00fdchac\u00edch cest &#8211; nejen pro alergiky.<\/p>\n<p>Tepeln\u00fd komfort REHAU Podlahov\u00e9 vyt\u00e1p\u011bn\u00ed &#8211; 110 MP<br \/>\nTepeln\u00e1 pohoda pro osobu v m\u00edstnosti je<br \/>\nur\u010duje:<br \/>\n&#8211; \u010cinnost osoby<br \/>\n&#8211; Oble\u010den\u00ed osoby<br \/>\n&#8211; Teplota vzduchu<br \/>\n&#8211; Rychlost vzduchu<br \/>\n&#8211; Vlhkost<br \/>\n&#8211; Povrchov\u00e9 teploty<br \/>\nLidsk\u00e9 t\u011blo vyd\u00e1v\u00e1 teplo t\u0159emi mechanismy:<br \/>\n&#8211; Radiace<br \/>\n&#8211; Odpa\u0159ov\u00e1n\u00ed<br \/>\n&#8211; Konvekce<br \/>\nLidsk\u00e9 t\u011blo se c\u00edt\u00ed nejl\u00e9pe, kdy\u017e m\u016f\u017ee regulovat co nejm\u00e9n\u011b<br \/>\n50 % tepeln\u00fdch ztr\u00e1t s\u00e1l\u00e1n\u00edm.<\/p>\n<p>Chladic\u00ed v\u00fdkon REHAU Package 110 m2<\/p>\n<p>V re\u00e1ln\u00fdch provozn\u00edch podm\u00ednk\u00e1ch p\u0159i<\/p>\n<p>&#8211; Povrchov\u00e1 teplota 19 &#8211; 20 \u00b0C<\/p>\n<p>&#8211; Pokojov\u00e1 teplota 26 \u00b0C<\/p>\n<p>lze dos\u00e1hnout hodnot 60 &#8211; 70 W\/m\u00b2.<\/p>\n","protected":false},"excerpt":{"rendered":"<p>Bal\u00ed\u010dek podlahov\u00e9ho vyt\u00e1p\u011bn\u00ed REHAU &#8211; 110 MP &#8211; PREMIUM S AUTOMATIZAC\u00cd V CEN\u011a! Zakoupen\u00edm kompletn\u00edho bal\u00ed\u010dku REHAU s automatizac\u00ed z\u00edsk\u00e1te 20% SLEVU, pokud si nekoup\u00edte ka\u017ed\u00fd produkt zvl\u00e1\u0161\u0165. Na p\u0159\u00e1n\u00ed lze hlin\u00edkovou f\u00f3lii nahradit deskou Nuturi nebo deskou Tacker. NAB\u00cdZ\u00cdME TAK\u00c9 PROJEKTOVOU PODPORU P\u0158I PL\u00c1NOV\u00c1N\u00cd INSTALACE S\u00c1LAV\u00c9HO SYST\u00c9MU. Obsah balen\u00ed REHAU 110 m2: Trubka Rehau&hellip;<\/p>\n","protected":false},"featured_media":10490,"comment_status":"open","ping_status":"closed","template":"","meta":[],"product_cat":[885],"product_tag":[],"class_list":{"0":"post-10483","1":"product","2":"type-product","3":"status-publish","4":"has-post-thumbnail","6":"product_cat-kompletni-balicky-podlahoveho-vytapeni","8":"first","9":"instock","10":"sale","11":"taxable","12":"shipping-taxable","13":"purchasable","14":"product-type-simple","15":"col-xs-6 col-sm-4","16":"col-md-4 col-lg-4","17":"un-3-cols"},"acf":[],"yoast_head":"<!-- This site is optimized with the Yoast SEO plugin v21.2 - https:\/\/yoast.com\/wordpress\/plugins\/seo\/ -->\n<title>KOMPLETN\u00cd BAL\u00cd\u010cEK PODLAHOV\u00c9HO VYT\u00c1P\u011aN\u00cd REHAU - 110 MP<\/title>\n<meta name=\"description\" content=\"Order KOMPLETN\u00cd BAL\u00cd\u010cEK PODLAHOV\u00c9HO VYT\u00c1P\u011aN\u00cd REHAU - 110 MP at a best price.\" \/>\n<meta name=\"robots\" content=\"index, follow, max-snippet:-1, max-image-preview:large, max-video-preview:-1\" \/>\n<link rel=\"canonical\" href=\"https:\/\/fluterm.eu\/cs\/prod\/kompletni-balicek-podlahoveho-vytapeni-rehau-110-mp\/\" \/>\n<meta property=\"og:locale\" content=\"cs_CZ\" \/>\n<meta property=\"og:type\" content=\"article\" \/>\n<meta property=\"og:title\" content=\"KOMPLETN\u00cd BAL\u00cd\u010cEK PODLAHOV\u00c9HO VYT\u00c1P\u011aN\u00cd REHAU - 110 MP\" \/>\n<meta property=\"og:description\" content=\"Order KOMPLETN\u00cd BAL\u00cd\u010cEK PODLAHOV\u00c9HO VYT\u00c1P\u011aN\u00cd REHAU - 110 MP at a best price.\" \/>\n<meta property=\"og:url\" content=\"https:\/\/fluterm.eu\/cs\/prod\/kompletni-balicek-podlahoveho-vytapeni-rehau-110-mp\/\" \/>\n<meta property=\"og:site_name\" content=\"fluterm.eu\" \/>\n<meta property=\"article:modified_time\" content=\"2023-09-07T10:52:26+00:00\" \/>\n<meta property=\"og:image\" content=\"https:\/\/fluterm.eu\/wp-content\/uploads\/2023\/08\/A28B2B9C-05A3-496B-8E25-2E0C9BC235F6.jpeg\" \/>\n\t<meta property=\"og:image:width\" content=\"2048\" \/>\n\t<meta property=\"og:image:height\" content=\"2048\" \/>\n\t<meta property=\"og:image:type\" content=\"image\/jpeg\" \/>\n<meta name=\"twitter:card\" content=\"summary_large_image\" \/>\n<meta name=\"twitter:label1\" content=\"Odhadovan\u00e1 doba \u010dten\u00ed\" \/>\n\t<meta name=\"twitter:data1\" content=\"3 minuty\" \/>\n<script type=\"application\/ld+json\" class=\"yoast-schema-graph\">{\"@context\":\"https:\/\/schema.org\",\"@graph\":[{\"@type\":\"WebPage\",\"@id\":\"https:\/\/fluterm.eu\/cs\/prod\/kompletni-balicek-podlahoveho-vytapeni-rehau-110-mp\/\",\"url\":\"https:\/\/fluterm.eu\/cs\/prod\/kompletni-balicek-podlahoveho-vytapeni-rehau-110-mp\/\",\"name\":\"KOMPLETN\u00cd BAL\u00cd\u010cEK PODLAHOV\u00c9HO VYT\u00c1P\u011aN\u00cd REHAU - 110 MP\",\"isPartOf\":{\"@id\":\"https:\/\/fluterm.eu\/#website\"},\"datePublished\":\"2023-08-19T19:16:50+00:00\",\"dateModified\":\"2023-09-07T10:52:26+00:00\",\"description\":\"Order KOMPLETN\u00cd BAL\u00cd\u010cEK PODLAHOV\u00c9HO VYT\u00c1P\u011aN\u00cd REHAU - 110 MP at a best price.\",\"breadcrumb\":{\"@id\":\"https:\/\/fluterm.eu\/cs\/prod\/kompletni-balicek-podlahoveho-vytapeni-rehau-110-mp\/#breadcrumb\"},\"inLanguage\":\"cs\",\"potentialAction\":[{\"@type\":\"ReadAction\",\"target\":[\"https:\/\/fluterm.eu\/cs\/prod\/kompletni-balicek-podlahoveho-vytapeni-rehau-110-mp\/\"]}]},{\"@type\":\"BreadcrumbList\",\"@id\":\"https:\/\/fluterm.eu\/cs\/prod\/kompletni-balicek-podlahoveho-vytapeni-rehau-110-mp\/#breadcrumb\",\"itemListElement\":[{\"@type\":\"ListItem\",\"position\":1,\"name\":\"Home\",\"item\":\"https:\/\/fluterm.eu\/cs\/obchod\/\"},{\"@type\":\"ListItem\",\"position\":2,\"name\":\"Obchod\",\"item\":\"https:\/\/fluterm.eu\/cs\/obchod\/\"},{\"@type\":\"ListItem\",\"position\":3,\"name\":\"KOMPLETN\u00cd BAL\u00cd\u010cEK PODLAHOV\u00c9HO VYT\u00c1P\u011aN\u00cd REHAU &#8211; 110 MP\"}]},{\"@type\":\"WebSite\",\"@id\":\"https:\/\/fluterm.eu\/#website\",\"url\":\"https:\/\/fluterm.eu\/\",\"name\":\"fluterm.eu\",\"description\":\"\",\"potentialAction\":[{\"@type\":\"SearchAction\",\"target\":{\"@type\":\"EntryPoint\",\"urlTemplate\":\"https:\/\/fluterm.eu\/?s={search_term_string}\"},\"query-input\":\"required name=search_term_string\"}],\"inLanguage\":\"cs\"}]}<\/script>\n<!-- \/ Yoast SEO plugin. -->","yoast_head_json":{"title":"KOMPLETN\u00cd BAL\u00cd\u010cEK PODLAHOV\u00c9HO VYT\u00c1P\u011aN\u00cd REHAU - 110 MP","description":"Order KOMPLETN\u00cd BAL\u00cd\u010cEK PODLAHOV\u00c9HO VYT\u00c1P\u011aN\u00cd REHAU - 110 MP at a best price.","robots":{"index":"index","follow":"follow","max-snippet":"max-snippet:-1","max-image-preview":"max-image-preview:large","max-video-preview":"max-video-preview:-1"},"canonical":"https:\/\/fluterm.eu\/cs\/prod\/kompletni-balicek-podlahoveho-vytapeni-rehau-110-mp\/","og_locale":"cs_CZ","og_type":"article","og_title":"KOMPLETN\u00cd BAL\u00cd\u010cEK PODLAHOV\u00c9HO VYT\u00c1P\u011aN\u00cd REHAU - 110 MP","og_description":"Order KOMPLETN\u00cd BAL\u00cd\u010cEK PODLAHOV\u00c9HO VYT\u00c1P\u011aN\u00cd REHAU - 110 MP at a best price.","og_url":"https:\/\/fluterm.eu\/cs\/prod\/kompletni-balicek-podlahoveho-vytapeni-rehau-110-mp\/","og_site_name":"fluterm.eu","article_modified_time":"2023-09-07T10:52:26+00:00","og_image":[{"width":2048,"height":2048,"url":"https:\/\/fluterm.eu\/wp-content\/uploads\/2023\/08\/A28B2B9C-05A3-496B-8E25-2E0C9BC235F6.jpeg","type":"image\/jpeg"}],"twitter_card":"summary_large_image","twitter_misc":{"Odhadovan\u00e1 doba \u010dten\u00ed":"3 minuty"},"schema":{"@context":"https:\/\/schema.org","@graph":[{"@type":"WebPage","@id":"https:\/\/fluterm.eu\/cs\/prod\/kompletni-balicek-podlahoveho-vytapeni-rehau-110-mp\/","url":"https:\/\/fluterm.eu\/cs\/prod\/kompletni-balicek-podlahoveho-vytapeni-rehau-110-mp\/","name":"KOMPLETN\u00cd BAL\u00cd\u010cEK PODLAHOV\u00c9HO VYT\u00c1P\u011aN\u00cd REHAU - 110 MP","isPartOf":{"@id":"https:\/\/fluterm.eu\/#website"},"datePublished":"2023-08-19T19:16:50+00:00","dateModified":"2023-09-07T10:52:26+00:00","description":"Order KOMPLETN\u00cd BAL\u00cd\u010cEK PODLAHOV\u00c9HO VYT\u00c1P\u011aN\u00cd REHAU - 110 MP at a best price.","breadcrumb":{"@id":"https:\/\/fluterm.eu\/cs\/prod\/kompletni-balicek-podlahoveho-vytapeni-rehau-110-mp\/#breadcrumb"},"inLanguage":"cs","potentialAction":[{"@type":"ReadAction","target":["https:\/\/fluterm.eu\/cs\/prod\/kompletni-balicek-podlahoveho-vytapeni-rehau-110-mp\/"]}]},{"@type":"BreadcrumbList","@id":"https:\/\/fluterm.eu\/cs\/prod\/kompletni-balicek-podlahoveho-vytapeni-rehau-110-mp\/#breadcrumb","itemListElement":[{"@type":"ListItem","position":1,"name":"Home","item":"https:\/\/fluterm.eu\/cs\/obchod\/"},{"@type":"ListItem","position":2,"name":"Obchod","item":"https:\/\/fluterm.eu\/cs\/obchod\/"},{"@type":"ListItem","position":3,"name":"KOMPLETN\u00cd BAL\u00cd\u010cEK PODLAHOV\u00c9HO VYT\u00c1P\u011aN\u00cd REHAU &#8211; 110 MP"}]},{"@type":"WebSite","@id":"https:\/\/fluterm.eu\/#website","url":"https:\/\/fluterm.eu\/","name":"fluterm.eu","description":"","potentialAction":[{"@type":"SearchAction","target":{"@type":"EntryPoint","urlTemplate":"https:\/\/fluterm.eu\/?s={search_term_string}"},"query-input":"required name=search_term_string"}],"inLanguage":"cs"}]}},"_links":{"self":[{"href":"https:\/\/fluterm.eu\/cs\/wp-json\/wp\/v2\/product\/10483","targetHints":{"allow":["GET"]}}],"collection":[{"href":"https:\/\/fluterm.eu\/cs\/wp-json\/wp\/v2\/product"}],"about":[{"href":"https:\/\/fluterm.eu\/cs\/wp-json\/wp\/v2\/types\/product"}],"replies":[{"embeddable":true,"href":"https:\/\/fluterm.eu\/cs\/wp-json\/wp\/v2\/comments?post=10483"}],"version-history":[{"count":1,"href":"https:\/\/fluterm.eu\/cs\/wp-json\/wp\/v2\/product\/10483\/revisions"}],"predecessor-version":[{"id":13048,"href":"https:\/\/fluterm.eu\/cs\/wp-json\/wp\/v2\/product\/10483\/revisions\/13048"}],"wp:featuredmedia":[{"embeddable":true,"href":"https:\/\/fluterm.eu\/cs\/wp-json\/wp\/v2\/media\/10490"}],"wp:attachment":[{"href":"https:\/\/fluterm.eu\/cs\/wp-json\/wp\/v2\/media?parent=10483"}],"wp:term":[{"taxonomy":"product_cat","embeddable":true,"href":"https:\/\/fluterm.eu\/cs\/wp-json\/wp\/v2\/product_cat?post=10483"},{"taxonomy":"product_tag","embeddable":true,"href":"https:\/\/fluterm.eu\/cs\/wp-json\/wp\/v2\/product_tag?post=10483"}],"curies":[{"name":"wp","href":"https:\/\/api.w.org\/{rel}","templated":true}]}}