{"id":14140,"date":"2023-06-10T14:50:40","date_gmt":"2023-06-10T11:50:40","guid":{"rendered":"https:\/\/fluterm.eu\/prod\/17x2mm-trubka-podlahoveho-vytapeni-uponor\/"},"modified":"2023-06-10T14:50:40","modified_gmt":"2023-06-10T11:50:40","slug":"17x2mm-na-nebo-podlahove-topne-trubky","status":"publish","type":"product","link":"https:\/\/fluterm.eu\/cs\/prod\/17x2mm-na-nebo-podlahove-topne-trubky\/","title":{"rendered":"17x2mm trubka podlahov\u00e9ho vyt\u00e1p\u011bn\u00ed Uponor"},"content":{"rendered":"<div class=\"d-none d-lg-block\">\n<div class=\"row bg-white\">\n<div class=\"col-5 container\">\n<div class=\"card\">\n<div id=\"carusel-product-card\" class=\"carousel slide\" data-ride=\"carousel\">\n<div class=\"carousel-inner\">\n<div class=\"row\">\n<p><strong>ATRIBUTY PRODUKTU<\/strong><\/p>\n<ul>\n<li>V\u00fdrobce: Uponor<\/li>\n<li>Pr\u016fm\u011br: 17 mm<\/li>\n<li>Materi\u00e1l: Pe-Xa<\/li>\n<li>Max. pracovn\u00ed teplota: 70 \u00b0C<\/li>\n<\/ul>\n<\/div>\n<\/div>\n<\/div>\n<\/div>\n<\/div>\n<\/div>\n<\/div>\n","protected":false},"excerpt":{"rendered":"<p>ATRIBUTY PRODUKTU V\u00fdrobce: Uponor Pr\u016fm\u011br: 17 mm Materi\u00e1l: Pe-Xa Max. pracovn\u00ed teplota: 70 \u00b0C<\/p>\n","protected":false},"featured_media":3236,"comment_status":"closed","ping_status":"closed","template":"","meta":[],"product_cat":[865],"product_tag":[],"class_list":{"0":"post-14140","1":"product","2":"type-product","3":"status-publish","4":"has-post-thumbnail","6":"product_cat-trubky-podlahoveho-vytapeni","8":"first","9":"instock","10":"sale","11":"taxable","12":"shipping-taxable","13":"purchasable","14":"product-type-simple","15":"col-xs-6 col-sm-4","16":"col-md-4 col-lg-4","17":"un-3-cols"},"acf":[],"yoast_head":"<!-- This site is optimized with the Yoast SEO plugin v21.2 - https:\/\/yoast.com\/wordpress\/plugins\/seo\/ -->\n<title>17x2mm trubka podlahov\u00e9ho vyt\u00e1p\u011bn\u00ed Uponor<\/title>\n<meta name=\"description\" content=\"Order 17x2mm trubka podlahov\u00e9ho vyt\u00e1p\u011bn\u00ed Uponor at a best price.\" \/>\n<meta name=\"robots\" content=\"index, follow, max-snippet:-1, max-image-preview:large, max-video-preview:-1\" \/>\n<link rel=\"canonical\" href=\"https:\/\/fluterm.eu\/cs\/prod\/17x2mm-trubka-podlahoveho-vytapeni-uponor\/\" \/>\n<meta property=\"og:locale\" content=\"cs_CZ\" \/>\n<meta property=\"og:type\" content=\"article\" \/>\n<meta property=\"og:title\" content=\"17x2mm trubka podlahov\u00e9ho vyt\u00e1p\u011bn\u00ed Uponor\" \/>\n<meta property=\"og:description\" content=\"Order 17x2mm trubka podlahov\u00e9ho vyt\u00e1p\u011bn\u00ed Uponor at a best price.\" \/>\n<meta property=\"og:url\" content=\"https:\/\/fluterm.eu\/cs\/prod\/17x2mm-trubka-podlahoveho-vytapeni-uponor\/\" \/>\n<meta property=\"og:site_name\" content=\"fluterm.eu\" \/>\n<meta property=\"og:image\" content=\"https:\/\/fluterm.eu\/wp-content\/uploads\/2023\/06\/5EC4D634-FFD0-4105-836E-DAB2E06B75A4.jpeg\" \/>\n\t<meta property=\"og:image:width\" content=\"600\" \/>\n\t<meta property=\"og:image:height\" content=\"600\" \/>\n\t<meta property=\"og:image:type\" content=\"image\/jpeg\" \/>\n<meta name=\"twitter:card\" content=\"summary_large_image\" \/>\n<script type=\"application\/ld+json\" class=\"yoast-schema-graph\">{\"@context\":\"https:\/\/schema.org\",\"@graph\":[{\"@type\":\"WebPage\",\"@id\":\"https:\/\/fluterm.eu\/cs\/prod\/17x2mm-trubka-podlahoveho-vytapeni-uponor\/\",\"url\":\"https:\/\/fluterm.eu\/cs\/prod\/17x2mm-trubka-podlahoveho-vytapeni-uponor\/\",\"name\":\"17x2mm trubka podlahov\u00e9ho vyt\u00e1p\u011bn\u00ed Uponor\",\"isPartOf\":{\"@id\":\"https:\/\/fluterm.eu\/#website\"},\"datePublished\":\"2023-06-10T11:50:40+00:00\",\"dateModified\":\"2023-06-10T11:50:40+00:00\",\"description\":\"Order 17x2mm trubka podlahov\u00e9ho vyt\u00e1p\u011bn\u00ed Uponor at a best price.\",\"breadcrumb\":{\"@id\":\"https:\/\/fluterm.eu\/cs\/prod\/17x2mm-trubka-podlahoveho-vytapeni-uponor\/#breadcrumb\"},\"inLanguage\":\"cs\",\"potentialAction\":[{\"@type\":\"ReadAction\",\"target\":[\"https:\/\/fluterm.eu\/cs\/prod\/17x2mm-trubka-podlahoveho-vytapeni-uponor\/\"]}]},{\"@type\":\"BreadcrumbList\",\"@id\":\"https:\/\/fluterm.eu\/cs\/prod\/17x2mm-trubka-podlahoveho-vytapeni-uponor\/#breadcrumb\",\"itemListElement\":[{\"@type\":\"ListItem\",\"position\":1,\"name\":\"Home\",\"item\":\"https:\/\/fluterm.eu\/cs\/obchod\/\"},{\"@type\":\"ListItem\",\"position\":2,\"name\":\"Obchod\",\"item\":\"https:\/\/fluterm.eu\/cs\/obchod\/\"},{\"@type\":\"ListItem\",\"position\":3,\"name\":\"17x2mm trubka podlahov\u00e9ho vyt\u00e1p\u011bn\u00ed Uponor\"}]},{\"@type\":\"WebSite\",\"@id\":\"https:\/\/fluterm.eu\/#website\",\"url\":\"https:\/\/fluterm.eu\/\",\"name\":\"fluterm.eu\",\"description\":\"\",\"potentialAction\":[{\"@type\":\"SearchAction\",\"target\":{\"@type\":\"EntryPoint\",\"urlTemplate\":\"https:\/\/fluterm.eu\/?s={search_term_string}\"},\"query-input\":\"required name=search_term_string\"}],\"inLanguage\":\"cs\"}]}<\/script>\n<!-- \/ Yoast SEO plugin. -->","yoast_head_json":{"title":"17x2mm trubka podlahov\u00e9ho vyt\u00e1p\u011bn\u00ed Uponor","description":"Order 17x2mm trubka podlahov\u00e9ho vyt\u00e1p\u011bn\u00ed Uponor at a best price.","robots":{"index":"index","follow":"follow","max-snippet":"max-snippet:-1","max-image-preview":"max-image-preview:large","max-video-preview":"max-video-preview:-1"},"canonical":"https:\/\/fluterm.eu\/cs\/prod\/17x2mm-trubka-podlahoveho-vytapeni-uponor\/","og_locale":"cs_CZ","og_type":"article","og_title":"17x2mm trubka podlahov\u00e9ho vyt\u00e1p\u011bn\u00ed Uponor","og_description":"Order 17x2mm trubka podlahov\u00e9ho vyt\u00e1p\u011bn\u00ed Uponor at a best price.","og_url":"https:\/\/fluterm.eu\/cs\/prod\/17x2mm-trubka-podlahoveho-vytapeni-uponor\/","og_site_name":"fluterm.eu","og_image":[{"width":600,"height":600,"url":"https:\/\/fluterm.eu\/wp-content\/uploads\/2023\/06\/5EC4D634-FFD0-4105-836E-DAB2E06B75A4.jpeg","type":"image\/jpeg"}],"twitter_card":"summary_large_image","schema":{"@context":"https:\/\/schema.org","@graph":[{"@type":"WebPage","@id":"https:\/\/fluterm.eu\/cs\/prod\/17x2mm-trubka-podlahoveho-vytapeni-uponor\/","url":"https:\/\/fluterm.eu\/cs\/prod\/17x2mm-trubka-podlahoveho-vytapeni-uponor\/","name":"17x2mm trubka podlahov\u00e9ho vyt\u00e1p\u011bn\u00ed Uponor","isPartOf":{"@id":"https:\/\/fluterm.eu\/#website"},"datePublished":"2023-06-10T11:50:40+00:00","dateModified":"2023-06-10T11:50:40+00:00","description":"Order 17x2mm trubka podlahov\u00e9ho vyt\u00e1p\u011bn\u00ed Uponor at a best price.","breadcrumb":{"@id":"https:\/\/fluterm.eu\/cs\/prod\/17x2mm-trubka-podlahoveho-vytapeni-uponor\/#breadcrumb"},"inLanguage":"cs","potentialAction":[{"@type":"ReadAction","target":["https:\/\/fluterm.eu\/cs\/prod\/17x2mm-trubka-podlahoveho-vytapeni-uponor\/"]}]},{"@type":"BreadcrumbList","@id":"https:\/\/fluterm.eu\/cs\/prod\/17x2mm-trubka-podlahoveho-vytapeni-uponor\/#breadcrumb","itemListElement":[{"@type":"ListItem","position":1,"name":"Home","item":"https:\/\/fluterm.eu\/cs\/obchod\/"},{"@type":"ListItem","position":2,"name":"Obchod","item":"https:\/\/fluterm.eu\/cs\/obchod\/"},{"@type":"ListItem","position":3,"name":"17x2mm trubka podlahov\u00e9ho vyt\u00e1p\u011bn\u00ed Uponor"}]},{"@type":"WebSite","@id":"https:\/\/fluterm.eu\/#website","url":"https:\/\/fluterm.eu\/","name":"fluterm.eu","description":"","potentialAction":[{"@type":"SearchAction","target":{"@type":"EntryPoint","urlTemplate":"https:\/\/fluterm.eu\/?s={search_term_string}"},"query-input":"required name=search_term_string"}],"inLanguage":"cs"}]}},"_links":{"self":[{"href":"https:\/\/fluterm.eu\/cs\/wp-json\/wp\/v2\/product\/14140","targetHints":{"allow":["GET"]}}],"collection":[{"href":"https:\/\/fluterm.eu\/cs\/wp-json\/wp\/v2\/product"}],"about":[{"href":"https:\/\/fluterm.eu\/cs\/wp-json\/wp\/v2\/types\/product"}],"replies":[{"embeddable":true,"href":"https:\/\/fluterm.eu\/cs\/wp-json\/wp\/v2\/comments?post=14140"}],"version-history":[{"count":0,"href":"https:\/\/fluterm.eu\/cs\/wp-json\/wp\/v2\/product\/14140\/revisions"}],"wp:featuredmedia":[{"embeddable":true,"href":"https:\/\/fluterm.eu\/cs\/wp-json\/wp\/v2\/media\/3236"}],"wp:attachment":[{"href":"https:\/\/fluterm.eu\/cs\/wp-json\/wp\/v2\/media?parent=14140"}],"wp:term":[{"taxonomy":"product_cat","embeddable":true,"href":"https:\/\/fluterm.eu\/cs\/wp-json\/wp\/v2\/product_cat?post=14140"},{"taxonomy":"product_tag","embeddable":true,"href":"https:\/\/fluterm.eu\/cs\/wp-json\/wp\/v2\/product_tag?post=14140"}],"curies":[{"name":"wp","href":"https:\/\/api.w.org\/{rel}","templated":true}]}}