{"id":14175,"date":"2023-06-10T14:50:40","date_gmt":"2023-06-10T11:50:40","guid":{"rendered":"https:\/\/fluterm.eu\/prod\/klipy-taker-klipy-pro-podlahove-vytapeni-300-kusu-v-krabici\/"},"modified":"2023-06-10T14:50:40","modified_gmt":"2023-06-10T11:50:40","slug":"klipy-taker-clips-pro-podlahove-topeni-300-kusu-na-krabici","status":"publish","type":"product","link":"https:\/\/fluterm.eu\/cs\/prod\/klipy-taker-clips-pro-podlahove-topeni-300-kusu-na-krabici\/","title":{"rendered":"Klipy, Taker klipy pro podlahov\u00e9 vyt\u00e1p\u011bn\u00ed, 300 kus\u016f v krabici"},"content":{"rendered":"<p>Na\u0161e 40mm trubkov\u00e9 svorky, kter\u00e9 se prod\u00e1vaj\u00ed v krabic\u00edch po 300 kusech, jsou ur\u010deny k pou\u017eit\u00ed p\u0159i instalaci potrub\u00ed p\u0159\u00edmo na izolaci. (P\u0159ed zakoupen\u00edm sponek zkontrolujte hloubku izolace)<\/p>\n<p>Spony lze snadno upevnit ru\u010dn\u011b nebo pomoc\u00ed kombinovan\u00e9ho sponkova\u010de. (ide\u00e1ln\u00ed pro pou\u017eit\u00ed na velk\u00fdch ploch\u00e1ch, kde je t\u0159eba instalovat mnoho sponek)<\/p>\n","protected":false},"excerpt":{"rendered":"<p>Na\u0161e 40mm trubkov\u00e9 svorky, kter\u00e9 se prod\u00e1vaj\u00ed v krabic\u00edch po 300 kusech, jsou ur\u010deny k pou\u017eit\u00ed p\u0159i instalaci potrub\u00ed p\u0159\u00edmo na izolaci. (P\u0159ed zakoupen\u00edm sponek zkontrolujte hloubku izolace) Spony lze snadno upevnit ru\u010dn\u011b nebo pomoc\u00ed kombinovan\u00e9ho sponkova\u010de. (ide\u00e1ln\u00ed pro pou\u017eit\u00ed na velk\u00fdch ploch\u00e1ch, kde je t\u0159eba instalovat mnoho sponek)<\/p>\n","protected":false},"featured_media":2627,"comment_status":"closed","ping_status":"closed","template":"","meta":[],"product_cat":[827],"product_tag":[],"class_list":{"0":"post-14175","1":"product","2":"type-product","3":"status-publish","4":"has-post-thumbnail","6":"product_cat-ruzne","8":"first","9":"instock","10":"sale","11":"taxable","12":"shipping-taxable","13":"purchasable","14":"product-type-simple","15":"col-xs-6 col-sm-4","16":"col-md-4 col-lg-4","17":"un-3-cols"},"acf":[],"yoast_head":"<!-- This site is optimized with the Yoast SEO plugin v21.2 - https:\/\/yoast.com\/wordpress\/plugins\/seo\/ -->\n<title>Klipy, Taker klipy pro podlahov\u00e9 vyt\u00e1p\u011bn\u00ed, 300 kus\u016f v krabici<\/title>\n<meta name=\"description\" content=\"Order Klipy, Taker klipy pro podlahov\u00e9 vyt\u00e1p\u011bn\u00ed, 300 kus\u016f v krabici at a best price.\" \/>\n<meta name=\"robots\" content=\"index, follow, max-snippet:-1, max-image-preview:large, max-video-preview:-1\" \/>\n<link rel=\"canonical\" href=\"https:\/\/fluterm.eu\/cs\/prod\/klipy-taker-klipy-pro-podlahove-vytapeni-300-kusu-v-krabici\/\" \/>\n<meta property=\"og:locale\" content=\"cs_CZ\" \/>\n<meta property=\"og:type\" content=\"article\" \/>\n<meta property=\"og:title\" content=\"Klipy, Taker klipy pro podlahov\u00e9 vyt\u00e1p\u011bn\u00ed, 300 kus\u016f v krabici\" \/>\n<meta property=\"og:description\" content=\"Order Klipy, Taker klipy pro podlahov\u00e9 vyt\u00e1p\u011bn\u00ed, 300 kus\u016f v krabici at a best price.\" \/>\n<meta property=\"og:url\" content=\"https:\/\/fluterm.eu\/cs\/prod\/klipy-taker-klipy-pro-podlahove-vytapeni-300-kusu-v-krabici\/\" \/>\n<meta property=\"og:site_name\" content=\"fluterm.eu\" \/>\n<meta property=\"og:image\" content=\"https:\/\/fluterm.eu\/wp-content\/uploads\/2023\/06\/30E97279-C233-4950-B3FF-BFCF725962F4.jpeg\" \/>\n\t<meta property=\"og:image:width\" content=\"432\" \/>\n\t<meta property=\"og:image:height\" content=\"375\" \/>\n\t<meta property=\"og:image:type\" content=\"image\/jpeg\" \/>\n<meta name=\"twitter:card\" content=\"summary_large_image\" \/>\n<script type=\"application\/ld+json\" class=\"yoast-schema-graph\">{\"@context\":\"https:\/\/schema.org\",\"@graph\":[{\"@type\":\"WebPage\",\"@id\":\"https:\/\/fluterm.eu\/cs\/prod\/klipy-taker-klipy-pro-podlahove-vytapeni-300-kusu-v-krabici\/\",\"url\":\"https:\/\/fluterm.eu\/cs\/prod\/klipy-taker-klipy-pro-podlahove-vytapeni-300-kusu-v-krabici\/\",\"name\":\"Klipy, Taker klipy pro podlahov\u00e9 vyt\u00e1p\u011bn\u00ed, 300 kus\u016f v krabici\",\"isPartOf\":{\"@id\":\"https:\/\/fluterm.eu\/#website\"},\"datePublished\":\"2023-06-10T11:50:40+00:00\",\"dateModified\":\"2023-06-10T11:50:40+00:00\",\"description\":\"Order Klipy, Taker klipy pro podlahov\u00e9 vyt\u00e1p\u011bn\u00ed, 300 kus\u016f v krabici at a best price.\",\"breadcrumb\":{\"@id\":\"https:\/\/fluterm.eu\/cs\/prod\/klipy-taker-klipy-pro-podlahove-vytapeni-300-kusu-v-krabici\/#breadcrumb\"},\"inLanguage\":\"cs\",\"potentialAction\":[{\"@type\":\"ReadAction\",\"target\":[\"https:\/\/fluterm.eu\/cs\/prod\/klipy-taker-klipy-pro-podlahove-vytapeni-300-kusu-v-krabici\/\"]}]},{\"@type\":\"BreadcrumbList\",\"@id\":\"https:\/\/fluterm.eu\/cs\/prod\/klipy-taker-klipy-pro-podlahove-vytapeni-300-kusu-v-krabici\/#breadcrumb\",\"itemListElement\":[{\"@type\":\"ListItem\",\"position\":1,\"name\":\"Home\",\"item\":\"https:\/\/fluterm.eu\/cs\/obchod\/\"},{\"@type\":\"ListItem\",\"position\":2,\"name\":\"Obchod\",\"item\":\"https:\/\/fluterm.eu\/cs\/obchod\/\"},{\"@type\":\"ListItem\",\"position\":3,\"name\":\"Klipy, Taker klipy pro podlahov\u00e9 vyt\u00e1p\u011bn\u00ed, 300 kus\u016f v krabici\"}]},{\"@type\":\"WebSite\",\"@id\":\"https:\/\/fluterm.eu\/#website\",\"url\":\"https:\/\/fluterm.eu\/\",\"name\":\"fluterm.eu\",\"description\":\"\",\"potentialAction\":[{\"@type\":\"SearchAction\",\"target\":{\"@type\":\"EntryPoint\",\"urlTemplate\":\"https:\/\/fluterm.eu\/?s={search_term_string}\"},\"query-input\":\"required name=search_term_string\"}],\"inLanguage\":\"cs\"}]}<\/script>\n<!-- \/ Yoast SEO plugin. -->","yoast_head_json":{"title":"Klipy, Taker klipy pro podlahov\u00e9 vyt\u00e1p\u011bn\u00ed, 300 kus\u016f v krabici","description":"Order Klipy, Taker klipy pro podlahov\u00e9 vyt\u00e1p\u011bn\u00ed, 300 kus\u016f v krabici at a best price.","robots":{"index":"index","follow":"follow","max-snippet":"max-snippet:-1","max-image-preview":"max-image-preview:large","max-video-preview":"max-video-preview:-1"},"canonical":"https:\/\/fluterm.eu\/cs\/prod\/klipy-taker-klipy-pro-podlahove-vytapeni-300-kusu-v-krabici\/","og_locale":"cs_CZ","og_type":"article","og_title":"Klipy, Taker klipy pro podlahov\u00e9 vyt\u00e1p\u011bn\u00ed, 300 kus\u016f v krabici","og_description":"Order Klipy, Taker klipy pro podlahov\u00e9 vyt\u00e1p\u011bn\u00ed, 300 kus\u016f v krabici at a best price.","og_url":"https:\/\/fluterm.eu\/cs\/prod\/klipy-taker-klipy-pro-podlahove-vytapeni-300-kusu-v-krabici\/","og_site_name":"fluterm.eu","og_image":[{"width":432,"height":375,"url":"https:\/\/fluterm.eu\/wp-content\/uploads\/2023\/06\/30E97279-C233-4950-B3FF-BFCF725962F4.jpeg","type":"image\/jpeg"}],"twitter_card":"summary_large_image","schema":{"@context":"https:\/\/schema.org","@graph":[{"@type":"WebPage","@id":"https:\/\/fluterm.eu\/cs\/prod\/klipy-taker-klipy-pro-podlahove-vytapeni-300-kusu-v-krabici\/","url":"https:\/\/fluterm.eu\/cs\/prod\/klipy-taker-klipy-pro-podlahove-vytapeni-300-kusu-v-krabici\/","name":"Klipy, Taker klipy pro podlahov\u00e9 vyt\u00e1p\u011bn\u00ed, 300 kus\u016f v krabici","isPartOf":{"@id":"https:\/\/fluterm.eu\/#website"},"datePublished":"2023-06-10T11:50:40+00:00","dateModified":"2023-06-10T11:50:40+00:00","description":"Order Klipy, Taker klipy pro podlahov\u00e9 vyt\u00e1p\u011bn\u00ed, 300 kus\u016f v krabici at a best price.","breadcrumb":{"@id":"https:\/\/fluterm.eu\/cs\/prod\/klipy-taker-klipy-pro-podlahove-vytapeni-300-kusu-v-krabici\/#breadcrumb"},"inLanguage":"cs","potentialAction":[{"@type":"ReadAction","target":["https:\/\/fluterm.eu\/cs\/prod\/klipy-taker-klipy-pro-podlahove-vytapeni-300-kusu-v-krabici\/"]}]},{"@type":"BreadcrumbList","@id":"https:\/\/fluterm.eu\/cs\/prod\/klipy-taker-klipy-pro-podlahove-vytapeni-300-kusu-v-krabici\/#breadcrumb","itemListElement":[{"@type":"ListItem","position":1,"name":"Home","item":"https:\/\/fluterm.eu\/cs\/obchod\/"},{"@type":"ListItem","position":2,"name":"Obchod","item":"https:\/\/fluterm.eu\/cs\/obchod\/"},{"@type":"ListItem","position":3,"name":"Klipy, Taker klipy pro podlahov\u00e9 vyt\u00e1p\u011bn\u00ed, 300 kus\u016f v krabici"}]},{"@type":"WebSite","@id":"https:\/\/fluterm.eu\/#website","url":"https:\/\/fluterm.eu\/","name":"fluterm.eu","description":"","potentialAction":[{"@type":"SearchAction","target":{"@type":"EntryPoint","urlTemplate":"https:\/\/fluterm.eu\/?s={search_term_string}"},"query-input":"required name=search_term_string"}],"inLanguage":"cs"}]}},"_links":{"self":[{"href":"https:\/\/fluterm.eu\/cs\/wp-json\/wp\/v2\/product\/14175","targetHints":{"allow":["GET"]}}],"collection":[{"href":"https:\/\/fluterm.eu\/cs\/wp-json\/wp\/v2\/product"}],"about":[{"href":"https:\/\/fluterm.eu\/cs\/wp-json\/wp\/v2\/types\/product"}],"replies":[{"embeddable":true,"href":"https:\/\/fluterm.eu\/cs\/wp-json\/wp\/v2\/comments?post=14175"}],"version-history":[{"count":0,"href":"https:\/\/fluterm.eu\/cs\/wp-json\/wp\/v2\/product\/14175\/revisions"}],"wp:featuredmedia":[{"embeddable":true,"href":"https:\/\/fluterm.eu\/cs\/wp-json\/wp\/v2\/media\/2627"}],"wp:attachment":[{"href":"https:\/\/fluterm.eu\/cs\/wp-json\/wp\/v2\/media?parent=14175"}],"wp:term":[{"taxonomy":"product_cat","embeddable":true,"href":"https:\/\/fluterm.eu\/cs\/wp-json\/wp\/v2\/product_cat?post=14175"},{"taxonomy":"product_tag","embeddable":true,"href":"https:\/\/fluterm.eu\/cs\/wp-json\/wp\/v2\/product_tag?post=14175"}],"curies":[{"name":"wp","href":"https:\/\/api.w.org\/{rel}","templated":true}]}}