{"id":14291,"date":"2023-06-10T14:50:41","date_gmt":"2023-06-10T11:50:41","guid":{"rendered":"https:\/\/fluterm.eu\/prod\/plne-vybaveny-12-okruhovy-rozdelovac-podlahoveho-vytapeni\/"},"modified":"2023-09-06T17:13:53","modified_gmt":"2023-09-06T14:13:53","slug":"plne-vybaveny-12cestny-rozdelovac-podlahoveho-vytapeni","status":"publish","type":"product","link":"https:\/\/fluterm.eu\/cs\/prod\/plne-vybaveny-12cestny-rozdelovac-podlahoveho-vytapeni\/","title":{"rendered":"Pln\u011b vybaven\u00fd 12-okruhov\u00fd rozd\u011blova\u010d podlahov\u00e9ho vyt\u00e1p\u011bn\u00ed"},"content":{"rendered":"<p>24 x euroconus pex 16\/17&#215;2<\/p>\n<p>1 x kovov\u00fd box<\/p>\n<p>12portov\u00e9 kompletn\u00ed rozd\u011blova\u010de, kter\u00e9 dod\u00e1v\u00e1me, jsou zkonstruov\u00e1ny podle nejvy\u0161\u0161\u00edch pr\u016fmyslov\u00fdch standard\u016f.<br \/>\na dosahuje vynikaj\u00edc\u00edch v\u00fdsledk\u016f, na kter\u00e9 se vztahuje pln\u00e1 25let\u00e1 z\u00e1ruka.<\/p>\n<p>Rozd\u011blova\u010de jsou vyr\u00e1b\u011bny pouze z kvalitn\u00ed mosazi, co\u017e zaru\u010duje.<\/p>\n<p>vynikaj\u00edc\u00ed v\u00fdkon a naprost\u00fd klid.<\/p>\n<p>Tyto rozd\u011blova\u010de jsou k dispozici ve variant\u00e1ch se 2-12 porty, co\u017e umo\u017e\u0148uje instalaci libovoln\u00e9 velikosti.<\/p>\n<p><strong><em>Schv\u00e1leno WRAS<\/em><\/strong><\/p>\n","protected":false},"excerpt":{"rendered":"<p>24 x euroconus pex 16\/17&#215;2 1 x kovov\u00fd box 12portov\u00e9 kompletn\u00ed rozd\u011blova\u010de, kter\u00e9 dod\u00e1v\u00e1me, jsou zkonstruov\u00e1ny podle nejvy\u0161\u0161\u00edch pr\u016fmyslov\u00fdch standard\u016f. a dosahuje vynikaj\u00edc\u00edch v\u00fdsledk\u016f, na kter\u00e9 se vztahuje pln\u00e1 25let\u00e1 z\u00e1ruka. Rozd\u011blova\u010de jsou vyr\u00e1b\u011bny pouze z kvalitn\u00ed mosazi, co\u017e zaru\u010duje. vynikaj\u00edc\u00ed v\u00fdkon a naprost\u00fd klid. Tyto rozd\u011blova\u010de jsou k dispozici ve variant\u00e1ch se 2-12 porty,&hellip;<\/p>\n","protected":false},"featured_media":2837,"comment_status":"open","ping_status":"closed","template":"","meta":[],"product_cat":[812],"product_tag":[],"class_list":{"0":"post-14291","1":"product","2":"type-product","3":"status-publish","4":"has-post-thumbnail","6":"product_cat-distributori-podlahoveho-vytapeni","8":"first","9":"instock","10":"sale","11":"taxable","12":"shipping-taxable","13":"purchasable","14":"product-type-simple","15":"col-xs-6 col-sm-4","16":"col-md-4 col-lg-4","17":"un-3-cols"},"acf":[],"yoast_head":"<!-- This site is optimized with the Yoast SEO plugin v21.2 - https:\/\/yoast.com\/wordpress\/plugins\/seo\/ -->\n<title>Pln\u011b vybaven\u00fd 12-okruhov\u00fd rozd\u011blova\u010d podlahov\u00e9ho vyt\u00e1p\u011bn\u00ed<\/title>\n<meta name=\"description\" content=\"Order Pln\u011b vybaven\u00fd 12-okruhov\u00fd rozd\u011blova\u010d podlahov\u00e9ho vyt\u00e1p\u011bn\u00ed at a best price.\" \/>\n<meta name=\"robots\" content=\"index, follow, max-snippet:-1, max-image-preview:large, max-video-preview:-1\" \/>\n<link rel=\"canonical\" href=\"https:\/\/fluterm.eu\/cs\/prod\/plne-vybaveny-12cestny-rozdelovac-podlahoveho-vytapeni\/\" \/>\n<meta property=\"og:locale\" content=\"cs_CZ\" \/>\n<meta property=\"og:type\" content=\"article\" \/>\n<meta property=\"og:title\" content=\"Pln\u011b vybaven\u00fd 12-okruhov\u00fd rozd\u011blova\u010d podlahov\u00e9ho vyt\u00e1p\u011bn\u00ed\" \/>\n<meta property=\"og:description\" content=\"Order Pln\u011b vybaven\u00fd 12-okruhov\u00fd rozd\u011blova\u010d podlahov\u00e9ho vyt\u00e1p\u011bn\u00ed at a best price.\" \/>\n<meta property=\"og:url\" content=\"https:\/\/fluterm.eu\/cs\/prod\/plne-vybaveny-12cestny-rozdelovac-podlahoveho-vytapeni\/\" \/>\n<meta property=\"og:site_name\" content=\"fluterm.eu\" \/>\n<meta property=\"article:modified_time\" content=\"2023-09-06T14:13:53+00:00\" \/>\n<meta property=\"og:image\" content=\"https:\/\/fluterm.eu\/wp-content\/uploads\/2023\/06\/B68EE728-A2A5-4B6F-91DF-D2AE6F1480D9.jpeg\" \/>\n\t<meta property=\"og:image:width\" content=\"2000\" \/>\n\t<meta property=\"og:image:height\" content=\"2000\" \/>\n\t<meta property=\"og:image:type\" content=\"image\/jpeg\" \/>\n<meta name=\"twitter:card\" content=\"summary_large_image\" \/>\n<script type=\"application\/ld+json\" class=\"yoast-schema-graph\">{\"@context\":\"https:\/\/schema.org\",\"@graph\":[{\"@type\":\"WebPage\",\"@id\":\"https:\/\/fluterm.eu\/cs\/prod\/plne-vybaveny-12cestny-rozdelovac-podlahoveho-vytapeni\/\",\"url\":\"https:\/\/fluterm.eu\/cs\/prod\/plne-vybaveny-12cestny-rozdelovac-podlahoveho-vytapeni\/\",\"name\":\"Pln\u011b vybaven\u00fd 12-okruhov\u00fd rozd\u011blova\u010d podlahov\u00e9ho vyt\u00e1p\u011bn\u00ed\",\"isPartOf\":{\"@id\":\"https:\/\/fluterm.eu\/#website\"},\"datePublished\":\"2023-06-10T11:50:41+00:00\",\"dateModified\":\"2023-09-06T14:13:53+00:00\",\"description\":\"Order Pln\u011b vybaven\u00fd 12-okruhov\u00fd rozd\u011blova\u010d podlahov\u00e9ho vyt\u00e1p\u011bn\u00ed at a best price.\",\"breadcrumb\":{\"@id\":\"https:\/\/fluterm.eu\/cs\/prod\/plne-vybaveny-12cestny-rozdelovac-podlahoveho-vytapeni\/#breadcrumb\"},\"inLanguage\":\"cs\",\"potentialAction\":[{\"@type\":\"ReadAction\",\"target\":[\"https:\/\/fluterm.eu\/cs\/prod\/plne-vybaveny-12cestny-rozdelovac-podlahoveho-vytapeni\/\"]}]},{\"@type\":\"BreadcrumbList\",\"@id\":\"https:\/\/fluterm.eu\/cs\/prod\/plne-vybaveny-12cestny-rozdelovac-podlahoveho-vytapeni\/#breadcrumb\",\"itemListElement\":[{\"@type\":\"ListItem\",\"position\":1,\"name\":\"Home\",\"item\":\"https:\/\/fluterm.eu\/cs\/obchod\/\"},{\"@type\":\"ListItem\",\"position\":2,\"name\":\"Obchod\",\"item\":\"https:\/\/fluterm.eu\/cs\/obchod\/\"},{\"@type\":\"ListItem\",\"position\":3,\"name\":\"Pln\u011b vybaven\u00fd 12-okruhov\u00fd rozd\u011blova\u010d podlahov\u00e9ho vyt\u00e1p\u011bn\u00ed\"}]},{\"@type\":\"WebSite\",\"@id\":\"https:\/\/fluterm.eu\/#website\",\"url\":\"https:\/\/fluterm.eu\/\",\"name\":\"fluterm.eu\",\"description\":\"\",\"potentialAction\":[{\"@type\":\"SearchAction\",\"target\":{\"@type\":\"EntryPoint\",\"urlTemplate\":\"https:\/\/fluterm.eu\/?s={search_term_string}\"},\"query-input\":\"required name=search_term_string\"}],\"inLanguage\":\"cs\"}]}<\/script>\n<!-- \/ Yoast SEO plugin. -->","yoast_head_json":{"title":"Pln\u011b vybaven\u00fd 12-okruhov\u00fd rozd\u011blova\u010d podlahov\u00e9ho vyt\u00e1p\u011bn\u00ed","description":"Order Pln\u011b vybaven\u00fd 12-okruhov\u00fd rozd\u011blova\u010d podlahov\u00e9ho vyt\u00e1p\u011bn\u00ed at a best price.","robots":{"index":"index","follow":"follow","max-snippet":"max-snippet:-1","max-image-preview":"max-image-preview:large","max-video-preview":"max-video-preview:-1"},"canonical":"https:\/\/fluterm.eu\/cs\/prod\/plne-vybaveny-12cestny-rozdelovac-podlahoveho-vytapeni\/","og_locale":"cs_CZ","og_type":"article","og_title":"Pln\u011b vybaven\u00fd 12-okruhov\u00fd rozd\u011blova\u010d podlahov\u00e9ho vyt\u00e1p\u011bn\u00ed","og_description":"Order Pln\u011b vybaven\u00fd 12-okruhov\u00fd rozd\u011blova\u010d podlahov\u00e9ho vyt\u00e1p\u011bn\u00ed at a best price.","og_url":"https:\/\/fluterm.eu\/cs\/prod\/plne-vybaveny-12cestny-rozdelovac-podlahoveho-vytapeni\/","og_site_name":"fluterm.eu","article_modified_time":"2023-09-06T14:13:53+00:00","og_image":[{"width":2000,"height":2000,"url":"https:\/\/fluterm.eu\/wp-content\/uploads\/2023\/06\/B68EE728-A2A5-4B6F-91DF-D2AE6F1480D9.jpeg","type":"image\/jpeg"}],"twitter_card":"summary_large_image","schema":{"@context":"https:\/\/schema.org","@graph":[{"@type":"WebPage","@id":"https:\/\/fluterm.eu\/cs\/prod\/plne-vybaveny-12cestny-rozdelovac-podlahoveho-vytapeni\/","url":"https:\/\/fluterm.eu\/cs\/prod\/plne-vybaveny-12cestny-rozdelovac-podlahoveho-vytapeni\/","name":"Pln\u011b vybaven\u00fd 12-okruhov\u00fd rozd\u011blova\u010d podlahov\u00e9ho vyt\u00e1p\u011bn\u00ed","isPartOf":{"@id":"https:\/\/fluterm.eu\/#website"},"datePublished":"2023-06-10T11:50:41+00:00","dateModified":"2023-09-06T14:13:53+00:00","description":"Order Pln\u011b vybaven\u00fd 12-okruhov\u00fd rozd\u011blova\u010d podlahov\u00e9ho vyt\u00e1p\u011bn\u00ed at a best price.","breadcrumb":{"@id":"https:\/\/fluterm.eu\/cs\/prod\/plne-vybaveny-12cestny-rozdelovac-podlahoveho-vytapeni\/#breadcrumb"},"inLanguage":"cs","potentialAction":[{"@type":"ReadAction","target":["https:\/\/fluterm.eu\/cs\/prod\/plne-vybaveny-12cestny-rozdelovac-podlahoveho-vytapeni\/"]}]},{"@type":"BreadcrumbList","@id":"https:\/\/fluterm.eu\/cs\/prod\/plne-vybaveny-12cestny-rozdelovac-podlahoveho-vytapeni\/#breadcrumb","itemListElement":[{"@type":"ListItem","position":1,"name":"Home","item":"https:\/\/fluterm.eu\/cs\/obchod\/"},{"@type":"ListItem","position":2,"name":"Obchod","item":"https:\/\/fluterm.eu\/cs\/obchod\/"},{"@type":"ListItem","position":3,"name":"Pln\u011b vybaven\u00fd 12-okruhov\u00fd rozd\u011blova\u010d podlahov\u00e9ho vyt\u00e1p\u011bn\u00ed"}]},{"@type":"WebSite","@id":"https:\/\/fluterm.eu\/#website","url":"https:\/\/fluterm.eu\/","name":"fluterm.eu","description":"","potentialAction":[{"@type":"SearchAction","target":{"@type":"EntryPoint","urlTemplate":"https:\/\/fluterm.eu\/?s={search_term_string}"},"query-input":"required name=search_term_string"}],"inLanguage":"cs"}]}},"_links":{"self":[{"href":"https:\/\/fluterm.eu\/cs\/wp-json\/wp\/v2\/product\/14291","targetHints":{"allow":["GET"]}}],"collection":[{"href":"https:\/\/fluterm.eu\/cs\/wp-json\/wp\/v2\/product"}],"about":[{"href":"https:\/\/fluterm.eu\/cs\/wp-json\/wp\/v2\/types\/product"}],"replies":[{"embeddable":true,"href":"https:\/\/fluterm.eu\/cs\/wp-json\/wp\/v2\/comments?post=14291"}],"version-history":[{"count":0,"href":"https:\/\/fluterm.eu\/cs\/wp-json\/wp\/v2\/product\/14291\/revisions"}],"wp:featuredmedia":[{"embeddable":true,"href":"https:\/\/fluterm.eu\/cs\/wp-json\/wp\/v2\/media\/2837"}],"wp:attachment":[{"href":"https:\/\/fluterm.eu\/cs\/wp-json\/wp\/v2\/media?parent=14291"}],"wp:term":[{"taxonomy":"product_cat","embeddable":true,"href":"https:\/\/fluterm.eu\/cs\/wp-json\/wp\/v2\/product_cat?post=14291"},{"taxonomy":"product_tag","embeddable":true,"href":"https:\/\/fluterm.eu\/cs\/wp-json\/wp\/v2\/product_tag?post=14291"}],"curies":[{"name":"wp","href":"https:\/\/api.w.org\/{rel}","templated":true}]}}