{"id":14698,"date":"2023-06-10T14:51:05","date_gmt":"2023-06-10T11:51:05","guid":{"rendered":"https:\/\/fluterm.eu\/prod\/rozdelovac-podlahoveho-vytapeni-se-sadou-cerpadel-a-ventily-ibo-amg-a-jmenovite-cerpadlo-7-okruhu\/"},"modified":"2023-06-10T14:51:05","modified_gmt":"2023-06-10T11:51:05","slug":"podlahove-vytapeni-manifold-s-cerpadlem-zasobnikove-ventily-ibo-amg-a-hodnocene-cerpadlo-7-portu","status":"publish","type":"product","link":"https:\/\/fluterm.eu\/cs\/prod\/podlahove-vytapeni-manifold-s-cerpadlem-zasobnikove-ventily-ibo-amg-a-hodnocene-cerpadlo-7-portu\/","title":{"rendered":"Rozd\u011blova\u010d podlahov\u00e9ho vyt\u00e1p\u011bn\u00ed se sadou \u010derpadel a ventily \u2013 ibo amg A jmenovit\u00e9 \u010derpadlo \u2013 7 okruh\u016f"},"content":{"rendered":"<h1>Rozd\u011blova\u010d pro podlahov\u00e9 vyt\u00e1p\u011bn\u00ed s \u010derpadlem a ventily &#8211; \u010derpadlo bio amg A -7 port\u016f<\/h1>\n<p><strong>Co je sou\u010d\u00e1st\u00ed na\u0161ich balen\u00ed \u010derpadel a rozd\u011blova\u010d\u016f?<\/strong><\/p>\n<p>Rozd\u011blova\u010de podlahov\u00e9ho vyt\u00e1p\u011bn\u00ed jsou dod\u00e1v\u00e1ny s:<\/p>\n<p>&#8222;A&#8220; Hodnocen\u00e9 balen\u00ed \u010derpadla ibo.<\/p>\n<p>Zahrnut\u00e9 polo\u017eky:<\/p>\n<p>1 x p\u0159edmontovan\u00fd rozd\u011blova\u010d s pr\u016ftokom\u011bry<\/p>\n<p>1 x koncov\u00fd ventila\u010dn\u00ed otvor<\/p>\n<p>1 x manometr<\/p>\n<p>2 x kulov\u00fd ventil<\/p>\n<p>2 x m\u011b\u0159i\u010d teploty (p\u0159ipevn\u011bn\u00fd ke kulov\u00fdm ventil\u016fm)<\/p>\n<p>1 x kovov\u00e1 krabi\u010dka<\/p>\n<p>Eurocones kov\u00e1n\u00ed 16\/17 14 ks<\/p>\n<p>\u010cerpac\u00ed stanice (sm\u011b\u0161ovac\u00ed ventil)<\/p>\n<p>Dod\u00e1v\u00e1 se na p\u0159edem namontovan\u00e9m dr\u017e\u00e1ku.<\/p>\n<p>CMax pracovn\u00ed tlak 3 bar max. zku\u0161ebn\u00ed tlak 10 bar.<\/p>\n<p>Teplotn\u00ed rozsah: Maxim\u00e1ln\u00ed pracovn\u00ed tlak: 35C &#8211; 65CMax:<\/p>\n<p>Na\u0161e rozd\u011blova\u010de jsou ur\u010deny pro pou\u017eit\u00ed ve vodn\u00edch syst\u00e9mech podlahov\u00e9ho vyt\u00e1p\u011bn\u00ed.<\/p>\n<p>Skl\u00e1daj\u00ed se ze dvou rozd\u011blovac\u00edch ty\u010d\u00ed, jedn\u00e9 pro pr\u016ftok a jedn\u00e9 pro zp\u00e1te\u010dku, dopln\u011bn\u00fdch kulov\u00fdmi ventily, vypou\u0161t\u011bc\u00edmi\/plnic\u00edmi ventily a odvzdu\u0161\u0148ovac\u00edmi ventily. Na pr\u016ftokov\u00e9 li\u0161t\u011b je ka\u017ed\u00fd port vybaven vysoce v\u00fdkonn\u00fdm indik\u00e1torem pr\u016ftoku s izol\u00e1torem v\u010detn\u011b snadno \u010diteln\u00e9ho m\u011b\u0159ic\u00edho skla.<\/p>\n<p>Ka\u017ed\u00fd port na vratn\u00e9 ty\u010di je vybaven integrovan\u00fdm regula\u010dn\u00edm ventilem a ochrann\u00fdm uz\u00e1v\u011brem, kter\u00fd umo\u017e\u0148uje u\u017eivateli nastavit objem vody, nebo jej lze vyjmout a p\u0159ipojit termoelektrickou hlavici rozd\u011blova\u010de.<\/p>\n<p>&nbsp;<\/p>\n<p><strong>Rozm\u011bry rozd\u011blova\u010de:<\/strong><\/p>\n<p>Po namontov\u00e1n\u00ed \u010derpadla a sm\u011b\u0161ova\u010de p\u0159ipo\u010dt\u011bte k d\u00e9lce 150 mm.<\/p>\n<p>Kl\u00ed\u010d naleznete na obr\u00e1zku 12.<\/p>\n<p>A B C D E<\/p>\n<p>Sada 2 okruh\u016f rozd\u011blova\u010de UFH 320mm 210mm 50mm 276mm 90mm<\/p>\n<p>Sada t\u0159\u00edokruhov\u00e9ho rozd\u011blova\u010de UFH 320mm 210mm 50mm 326mm 90mm<\/p>\n<p>Sada rozd\u011blova\u010de UFH se 4 okruhy 320mm 210mm 50mm 376mm 90mm<\/p>\n<p>Sada rozd\u011blova\u010de 5 okruh\u016f UFH 320mm 210mm 50mm 426mm 90mm<\/p>\n<p>Sada 6 okruh\u016f rozd\u011blova\u010de UFH 320mm 210mm 50mm 476mm 90mm<\/p>\n<p>Sada rozd\u011blova\u010de 7 okruh\u016f UFH 320mm 210mm 50mm 526mm 90mm<\/p>\n<p>Sada rozd\u011blova\u010de UFH s 8 okruhy 320mm 210mm 50mm 576mm 90mm<\/p>\n<p>Sada rozd\u011blova\u010de 9 okruh\u016f UFH 320mm 210mm 50mm 626mm 90mm<\/p>\n<p>Sada rozd\u011blova\u010de UFH s 10 okruhy 320mm 210mm 50mm 676mm 90mm<\/p>\n<p>Sada rozd\u011blova\u010de UFH s 11 okruhy 320mm 210mm 50mm 726mm 90mm<\/p>\n<p>Sada rozd\u011blova\u010de UFH s 12 okruhy 320mm 210mm 50mm 776mm 90mm<\/p>\n<p>&nbsp;<\/p>\n<p><strong>Podlahov\u00e9 vyt\u00e1p\u011bn\u00ed:<\/strong><\/p>\n<p>The Underfloor Heating Site je jedn\u00edm z p\u0159edn\u00edch britsk\u00fdch dodavatel\u016f podlahov\u00e9ho vyt\u00e1p\u011bn\u00ed, za kter\u00fdm stoj\u00ed p\u0159edn\u00ed indsutry dodavatel\u00e9 s dlouholet\u00fdmi znalostmi v oboru podlahov\u00e9ho vyt\u00e1p\u011bn\u00ed. Na\u0161\u00edm c\u00edlem je dod\u00e1vat nejkvalitn\u011bj\u0161\u00ed v\u00fdrobky pro podlahov\u00e9 vyt\u00e1p\u011bn\u00ed za p\u0159ijateln\u00e9 ceny, kter\u00e9 jsou podpo\u0159eny prvot\u0159\u00eddn\u00edm z\u00e1kaznick\u00fdm servisem a poradenstv\u00edm. A\u0165 u\u017e chcete oblo\u017eit jen malou koupelnu, nebo hled\u00e1te kompletn\u00ed syst\u00e9m vyt\u00e1p\u011bn\u00ed domu, jsme si jisti, \u017ee pro v\u00e1s m\u00e1me ten spr\u00e1vn\u00fd syst\u00e9m.<\/p>\n<p>N\u00e1\u0161 sortiment zahrnuje sady pro vodn\u00ed podlahov\u00e9 vyt\u00e1p\u011bn\u00ed nebo pouze rozd\u011blova\u010d podlahov\u00e9ho vyt\u00e1p\u011bn\u00ed, trubky podlahov\u00e9ho vyt\u00e1p\u011bn\u00ed, vyh\u0159\u00edvan\u00e9 podlahov\u00e9 roho\u017ee, voln\u00e9 kabely, izolace, podlo\u017eky pro odml\u017eov\u00e1n\u00ed zrcadel a mnoho dal\u0161\u00edch produkt\u016f.<\/p>\n","protected":false},"excerpt":{"rendered":"<p>Rozd\u011blova\u010d pro podlahov\u00e9 vyt\u00e1p\u011bn\u00ed s \u010derpadlem a ventily &#8211; \u010derpadlo bio amg A -7 port\u016f Co je sou\u010d\u00e1st\u00ed na\u0161ich balen\u00ed \u010derpadel a rozd\u011blova\u010d\u016f? Rozd\u011blova\u010de podlahov\u00e9ho vyt\u00e1p\u011bn\u00ed jsou dod\u00e1v\u00e1ny s: &#8222;A&#8220; Hodnocen\u00e9 balen\u00ed \u010derpadla ibo. Zahrnut\u00e9 polo\u017eky: 1 x p\u0159edmontovan\u00fd rozd\u011blova\u010d s pr\u016ftokom\u011bry 1 x koncov\u00fd ventila\u010dn\u00ed otvor 1 x manometr 2 x kulov\u00fd ventil 2&hellip;<\/p>\n","protected":false},"featured_media":3131,"comment_status":"open","ping_status":"closed","template":"","meta":[],"product_cat":[812],"product_tag":[],"class_list":{"0":"post-14698","1":"product","2":"type-product","3":"status-publish","4":"has-post-thumbnail","6":"product_cat-distributori-podlahoveho-vytapeni","8":"first","9":"instock","10":"taxable","11":"shipping-taxable","12":"purchasable","13":"product-type-simple","14":"col-xs-6 col-sm-4","15":"col-md-4 col-lg-4","16":"un-3-cols"},"acf":[],"yoast_head":"<!-- This site is optimized with the Yoast SEO plugin v21.2 - https:\/\/yoast.com\/wordpress\/plugins\/seo\/ -->\n<title>Rozd\u011blova\u010d podlahov\u00e9ho vyt\u00e1p\u011bn\u00ed se sadou \u010derpadel a ventily \u2013 ibo amg A jmenovit\u00e9 \u010derpadlo \u2013 7 okruh\u016f<\/title>\n<meta name=\"description\" content=\"Order Rozd\u011blova\u010d podlahov\u00e9ho vyt\u00e1p\u011bn\u00ed se sadou \u010derpadel a ventily \u2013 ibo amg A jmenovit\u00e9 \u010derpadlo \u2013 7 okruh\u016f at a best price.\" \/>\n<meta name=\"robots\" content=\"index, follow, max-snippet:-1, max-image-preview:large, max-video-preview:-1\" \/>\n<link rel=\"canonical\" href=\"https:\/\/fluterm.eu\/cs\/prod\/rozdelovac-podlahoveho-vytapeni-se-sadou-cerpadel-a-ventily-ibo-amg-a-jmenovite-cerpadlo-7-okruhu\/\" \/>\n<meta property=\"og:locale\" content=\"cs_CZ\" \/>\n<meta property=\"og:type\" content=\"article\" \/>\n<meta property=\"og:title\" content=\"Rozd\u011blova\u010d podlahov\u00e9ho vyt\u00e1p\u011bn\u00ed se sadou \u010derpadel a ventily \u2013 ibo amg A jmenovit\u00e9 \u010derpadlo \u2013 7 okruh\u016f\" \/>\n<meta property=\"og:description\" content=\"Order Rozd\u011blova\u010d podlahov\u00e9ho vyt\u00e1p\u011bn\u00ed se sadou \u010derpadel a ventily \u2013 ibo amg A jmenovit\u00e9 \u010derpadlo \u2013 7 okruh\u016f at a best price.\" \/>\n<meta property=\"og:url\" content=\"https:\/\/fluterm.eu\/cs\/prod\/rozdelovac-podlahoveho-vytapeni-se-sadou-cerpadel-a-ventily-ibo-amg-a-jmenovite-cerpadlo-7-okruhu\/\" \/>\n<meta property=\"og:site_name\" content=\"fluterm.eu\" \/>\n<meta property=\"og:image\" content=\"https:\/\/fluterm.eu\/wp-content\/uploads\/2023\/06\/PROD-89.jpeg\" \/>\n\t<meta property=\"og:image:width\" content=\"2000\" \/>\n\t<meta property=\"og:image:height\" content=\"2000\" \/>\n\t<meta property=\"og:image:type\" content=\"image\/jpeg\" \/>\n<meta name=\"twitter:card\" content=\"summary_large_image\" \/>\n<meta name=\"twitter:label1\" content=\"Odhadovan\u00e1 doba \u010dten\u00ed\" \/>\n\t<meta name=\"twitter:data1\" content=\"3 minuty\" \/>\n<script type=\"application\/ld+json\" class=\"yoast-schema-graph\">{\"@context\":\"https:\/\/schema.org\",\"@graph\":[{\"@type\":\"WebPage\",\"@id\":\"https:\/\/fluterm.eu\/cs\/prod\/rozdelovac-podlahoveho-vytapeni-se-sadou-cerpadel-a-ventily-ibo-amg-a-jmenovite-cerpadlo-7-okruhu\/\",\"url\":\"https:\/\/fluterm.eu\/cs\/prod\/rozdelovac-podlahoveho-vytapeni-se-sadou-cerpadel-a-ventily-ibo-amg-a-jmenovite-cerpadlo-7-okruhu\/\",\"name\":\"Rozd\u011blova\u010d podlahov\u00e9ho vyt\u00e1p\u011bn\u00ed se sadou \u010derpadel a ventily \u2013 ibo amg A jmenovit\u00e9 \u010derpadlo \u2013 7 okruh\u016f\",\"isPartOf\":{\"@id\":\"https:\/\/fluterm.eu\/#website\"},\"datePublished\":\"2023-06-10T11:51:05+00:00\",\"dateModified\":\"2023-06-10T11:51:05+00:00\",\"description\":\"Order Rozd\u011blova\u010d podlahov\u00e9ho vyt\u00e1p\u011bn\u00ed se sadou \u010derpadel a ventily \u2013 ibo amg A jmenovit\u00e9 \u010derpadlo \u2013 7 okruh\u016f at a best price.\",\"breadcrumb\":{\"@id\":\"https:\/\/fluterm.eu\/cs\/prod\/rozdelovac-podlahoveho-vytapeni-se-sadou-cerpadel-a-ventily-ibo-amg-a-jmenovite-cerpadlo-7-okruhu\/#breadcrumb\"},\"inLanguage\":\"cs\",\"potentialAction\":[{\"@type\":\"ReadAction\",\"target\":[\"https:\/\/fluterm.eu\/cs\/prod\/rozdelovac-podlahoveho-vytapeni-se-sadou-cerpadel-a-ventily-ibo-amg-a-jmenovite-cerpadlo-7-okruhu\/\"]}]},{\"@type\":\"BreadcrumbList\",\"@id\":\"https:\/\/fluterm.eu\/cs\/prod\/rozdelovac-podlahoveho-vytapeni-se-sadou-cerpadel-a-ventily-ibo-amg-a-jmenovite-cerpadlo-7-okruhu\/#breadcrumb\",\"itemListElement\":[{\"@type\":\"ListItem\",\"position\":1,\"name\":\"Home\",\"item\":\"https:\/\/fluterm.eu\/cs\/obchod\/\"},{\"@type\":\"ListItem\",\"position\":2,\"name\":\"Obchod\",\"item\":\"https:\/\/fluterm.eu\/cs\/obchod\/\"},{\"@type\":\"ListItem\",\"position\":3,\"name\":\"Rozd\u011blova\u010d podlahov\u00e9ho vyt\u00e1p\u011bn\u00ed se sadou \u010derpadel a ventily \u2013 ibo amg A jmenovit\u00e9 \u010derpadlo \u2013 7 okruh\u016f\"}]},{\"@type\":\"WebSite\",\"@id\":\"https:\/\/fluterm.eu\/#website\",\"url\":\"https:\/\/fluterm.eu\/\",\"name\":\"fluterm.eu\",\"description\":\"\",\"potentialAction\":[{\"@type\":\"SearchAction\",\"target\":{\"@type\":\"EntryPoint\",\"urlTemplate\":\"https:\/\/fluterm.eu\/?s={search_term_string}\"},\"query-input\":\"required name=search_term_string\"}],\"inLanguage\":\"cs\"}]}<\/script>\n<!-- \/ Yoast SEO plugin. -->","yoast_head_json":{"title":"Rozd\u011blova\u010d podlahov\u00e9ho vyt\u00e1p\u011bn\u00ed se sadou \u010derpadel a ventily \u2013 ibo amg A jmenovit\u00e9 \u010derpadlo \u2013 7 okruh\u016f","description":"Order Rozd\u011blova\u010d podlahov\u00e9ho vyt\u00e1p\u011bn\u00ed se sadou \u010derpadel a ventily \u2013 ibo amg A jmenovit\u00e9 \u010derpadlo \u2013 7 okruh\u016f at a best price.","robots":{"index":"index","follow":"follow","max-snippet":"max-snippet:-1","max-image-preview":"max-image-preview:large","max-video-preview":"max-video-preview:-1"},"canonical":"https:\/\/fluterm.eu\/cs\/prod\/rozdelovac-podlahoveho-vytapeni-se-sadou-cerpadel-a-ventily-ibo-amg-a-jmenovite-cerpadlo-7-okruhu\/","og_locale":"cs_CZ","og_type":"article","og_title":"Rozd\u011blova\u010d podlahov\u00e9ho vyt\u00e1p\u011bn\u00ed se sadou \u010derpadel a ventily \u2013 ibo amg A jmenovit\u00e9 \u010derpadlo \u2013 7 okruh\u016f","og_description":"Order Rozd\u011blova\u010d podlahov\u00e9ho vyt\u00e1p\u011bn\u00ed se sadou \u010derpadel a ventily \u2013 ibo amg A jmenovit\u00e9 \u010derpadlo \u2013 7 okruh\u016f at a best price.","og_url":"https:\/\/fluterm.eu\/cs\/prod\/rozdelovac-podlahoveho-vytapeni-se-sadou-cerpadel-a-ventily-ibo-amg-a-jmenovite-cerpadlo-7-okruhu\/","og_site_name":"fluterm.eu","og_image":[{"width":2000,"height":2000,"url":"https:\/\/fluterm.eu\/wp-content\/uploads\/2023\/06\/PROD-89.jpeg","type":"image\/jpeg"}],"twitter_card":"summary_large_image","twitter_misc":{"Odhadovan\u00e1 doba \u010dten\u00ed":"3 minuty"},"schema":{"@context":"https:\/\/schema.org","@graph":[{"@type":"WebPage","@id":"https:\/\/fluterm.eu\/cs\/prod\/rozdelovac-podlahoveho-vytapeni-se-sadou-cerpadel-a-ventily-ibo-amg-a-jmenovite-cerpadlo-7-okruhu\/","url":"https:\/\/fluterm.eu\/cs\/prod\/rozdelovac-podlahoveho-vytapeni-se-sadou-cerpadel-a-ventily-ibo-amg-a-jmenovite-cerpadlo-7-okruhu\/","name":"Rozd\u011blova\u010d podlahov\u00e9ho vyt\u00e1p\u011bn\u00ed se sadou \u010derpadel a ventily \u2013 ibo amg A jmenovit\u00e9 \u010derpadlo \u2013 7 okruh\u016f","isPartOf":{"@id":"https:\/\/fluterm.eu\/#website"},"datePublished":"2023-06-10T11:51:05+00:00","dateModified":"2023-06-10T11:51:05+00:00","description":"Order Rozd\u011blova\u010d podlahov\u00e9ho vyt\u00e1p\u011bn\u00ed se sadou \u010derpadel a ventily \u2013 ibo amg A jmenovit\u00e9 \u010derpadlo \u2013 7 okruh\u016f at a best price.","breadcrumb":{"@id":"https:\/\/fluterm.eu\/cs\/prod\/rozdelovac-podlahoveho-vytapeni-se-sadou-cerpadel-a-ventily-ibo-amg-a-jmenovite-cerpadlo-7-okruhu\/#breadcrumb"},"inLanguage":"cs","potentialAction":[{"@type":"ReadAction","target":["https:\/\/fluterm.eu\/cs\/prod\/rozdelovac-podlahoveho-vytapeni-se-sadou-cerpadel-a-ventily-ibo-amg-a-jmenovite-cerpadlo-7-okruhu\/"]}]},{"@type":"BreadcrumbList","@id":"https:\/\/fluterm.eu\/cs\/prod\/rozdelovac-podlahoveho-vytapeni-se-sadou-cerpadel-a-ventily-ibo-amg-a-jmenovite-cerpadlo-7-okruhu\/#breadcrumb","itemListElement":[{"@type":"ListItem","position":1,"name":"Home","item":"https:\/\/fluterm.eu\/cs\/obchod\/"},{"@type":"ListItem","position":2,"name":"Obchod","item":"https:\/\/fluterm.eu\/cs\/obchod\/"},{"@type":"ListItem","position":3,"name":"Rozd\u011blova\u010d podlahov\u00e9ho vyt\u00e1p\u011bn\u00ed se sadou \u010derpadel a ventily \u2013 ibo amg A jmenovit\u00e9 \u010derpadlo \u2013 7 okruh\u016f"}]},{"@type":"WebSite","@id":"https:\/\/fluterm.eu\/#website","url":"https:\/\/fluterm.eu\/","name":"fluterm.eu","description":"","potentialAction":[{"@type":"SearchAction","target":{"@type":"EntryPoint","urlTemplate":"https:\/\/fluterm.eu\/?s={search_term_string}"},"query-input":"required name=search_term_string"}],"inLanguage":"cs"}]}},"_links":{"self":[{"href":"https:\/\/fluterm.eu\/cs\/wp-json\/wp\/v2\/product\/14698","targetHints":{"allow":["GET"]}}],"collection":[{"href":"https:\/\/fluterm.eu\/cs\/wp-json\/wp\/v2\/product"}],"about":[{"href":"https:\/\/fluterm.eu\/cs\/wp-json\/wp\/v2\/types\/product"}],"replies":[{"embeddable":true,"href":"https:\/\/fluterm.eu\/cs\/wp-json\/wp\/v2\/comments?post=14698"}],"version-history":[{"count":0,"href":"https:\/\/fluterm.eu\/cs\/wp-json\/wp\/v2\/product\/14698\/revisions"}],"wp:featuredmedia":[{"embeddable":true,"href":"https:\/\/fluterm.eu\/cs\/wp-json\/wp\/v2\/media\/3131"}],"wp:attachment":[{"href":"https:\/\/fluterm.eu\/cs\/wp-json\/wp\/v2\/media?parent=14698"}],"wp:term":[{"taxonomy":"product_cat","embeddable":true,"href":"https:\/\/fluterm.eu\/cs\/wp-json\/wp\/v2\/product_cat?post=14698"},{"taxonomy":"product_tag","embeddable":true,"href":"https:\/\/fluterm.eu\/cs\/wp-json\/wp\/v2\/product_tag?post=14698"}],"curies":[{"name":"wp","href":"https:\/\/api.w.org\/{rel}","templated":true}]}}