{"id":15015,"date":"2023-07-17T20:31:53","date_gmt":"2023-07-17T17:31:53","guid":{"rendered":"https:\/\/fluterm.eu\/prod\/digitalni-termostat-uponor-smatrix-pulse\/"},"modified":"2023-07-17T20:31:53","modified_gmt":"2023-07-17T17:31:53","slug":"uponor-smatrix-pulse-digital-thermostat","status":"publish","type":"product","link":"https:\/\/fluterm.eu\/cs\/prod\/uponor-smatrix-pulse-digital-thermostat\/","title":{"rendered":"Digit\u00e1ln\u00ed termostat Uponor Smatrix Pulse"},"content":{"rendered":"<h1 class=\"StyledTitle-sc-8c9c6r jUevoN\">Digit\u00e1ln\u00ed termostaty Smatrix Pulse<\/h1>\n<div class=\"StyledDescription-sc-bq5nix hfyfVf\">\n<div class=\"StyledRichText-sc-1dnstbl bmohoz\">\n<p>Smatrix Pulse poskytuje p\u0159esn\u00e9 bezdr\u00e1tov\u00e9 ovl\u00e1d\u00e1n\u00ed s\u00e1lav\u00e9ho podlahov\u00e9ho vyt\u00e1p\u011bn\u00ed i syst\u00e9m\u016f vyt\u00e1p\u011bn\u00ed a chlazen\u00ed s nucen\u00fdm ob\u011bhem vzduchu v jednom \u0159e\u0161en\u00ed, kter\u00e9 se p\u0159ipojuje k asistentovi chytr\u00e9 dom\u00e1cnosti a lze jej ovl\u00e1dat i na d\u00e1lku prost\u0159ednictv\u00edm aplikace Smatrix Pulse.<\/p>\n<p>Digit\u00e1ln\u00ed termostat Smatrix Pulse (T-169) je operativn\u00ed teplotn\u00ed \u010didlo, kter\u00e9 zaji\u0161\u0165uje p\u0159esn\u00e9 m\u011b\u0159en\u00ed tepeln\u00e9ho komfortu. Termostat zobrazuje na displeji aktu\u00e1ln\u00ed pokojovou teplotu, nastavenou teplotu nebo relativn\u00ed vlhkost. U\u017eivatel upravuje nastaven\u00ed teploty pomoc\u00ed tla\u010d\u00edtek na boku termostatu. Termostat se pomoc\u00ed bezdr\u00e1tov\u00e9 technologie p\u0159ipojuje k pulzn\u00edmu ovlada\u010di Smatrix (X-265), ke kter\u00e9mu lze p\u0159ipojit a\u017e \u0161est (6) termostat\u016f a osm (8) ak\u010dn\u00edch \u010dlen\u016f. \u0158\u00eddic\u00ed jednotka ovl\u00e1d\u00e1 ak\u010dn\u00ed \u010dleny, kter\u00e9 na z\u00e1klad\u011b informac\u00ed p\u0159en\u00e1\u0161en\u00fdch z registrovan\u00fdch termostat\u016f a syst\u00e9mov\u00fdch parametr\u016f ovliv\u0148uj\u00ed pr\u016ftok p\u0159iv\u00e1d\u011bn\u00e9 vody a m\u011bn\u00ed tak vnit\u0159n\u00ed teplotu.<\/p>\n<\/div>\n<\/div>\n","protected":false},"excerpt":{"rendered":"<p>Digit\u00e1ln\u00ed termostaty Smatrix Pulse Smatrix Pulse poskytuje p\u0159esn\u00e9 bezdr\u00e1tov\u00e9 ovl\u00e1d\u00e1n\u00ed s\u00e1lav\u00e9ho podlahov\u00e9ho vyt\u00e1p\u011bn\u00ed i syst\u00e9m\u016f vyt\u00e1p\u011bn\u00ed a chlazen\u00ed s nucen\u00fdm ob\u011bhem vzduchu v jednom \u0159e\u0161en\u00ed, kter\u00e9 se p\u0159ipojuje k asistentovi chytr\u00e9 dom\u00e1cnosti a lze jej ovl\u00e1dat i na d\u00e1lku prost\u0159ednictv\u00edm aplikace Smatrix Pulse. Digit\u00e1ln\u00ed termostat Smatrix Pulse (T-169) je operativn\u00ed teplotn\u00ed \u010didlo, kter\u00e9 zaji\u0161\u0165uje p\u0159esn\u00e9&hellip;<\/p>\n","protected":false},"featured_media":4202,"comment_status":"open","ping_status":"closed","template":"","meta":[],"product_cat":[968],"product_tag":[],"class_list":{"0":"post-15015","1":"product","2":"type-product","3":"status-publish","4":"has-post-thumbnail","6":"product_cat-automatizace-podlahoveho-vytapeni","8":"first","9":"instock","10":"taxable","11":"shipping-taxable","12":"purchasable","13":"product-type-simple","14":"col-xs-6 col-sm-4","15":"col-md-4 col-lg-4","16":"un-3-cols"},"acf":[],"yoast_head":"<!-- This site is optimized with the Yoast SEO plugin v21.2 - https:\/\/yoast.com\/wordpress\/plugins\/seo\/ -->\n<title>Digit\u00e1ln\u00ed termostat Uponor Smatrix Pulse<\/title>\n<meta name=\"description\" content=\"Order Digit\u00e1ln\u00ed termostat Uponor Smatrix Pulse at a best price.\" \/>\n<meta name=\"robots\" content=\"index, follow, max-snippet:-1, max-image-preview:large, max-video-preview:-1\" \/>\n<link rel=\"canonical\" href=\"https:\/\/fluterm.eu\/cs\/prod\/digitalni-termostat-uponor-smatrix-pulse\/\" \/>\n<meta property=\"og:locale\" content=\"cs_CZ\" \/>\n<meta property=\"og:type\" content=\"article\" \/>\n<meta property=\"og:title\" content=\"Digit\u00e1ln\u00ed termostat Uponor Smatrix Pulse\" \/>\n<meta property=\"og:description\" content=\"Order Digit\u00e1ln\u00ed termostat Uponor Smatrix Pulse at a best price.\" \/>\n<meta property=\"og:url\" content=\"https:\/\/fluterm.eu\/cs\/prod\/digitalni-termostat-uponor-smatrix-pulse\/\" \/>\n<meta property=\"og:site_name\" content=\"fluterm.eu\" \/>\n<meta property=\"og:image\" content=\"https:\/\/fluterm.eu\/wp-content\/uploads\/2023\/07\/947DE7E1-F772-4EB8-9EA8-6039DA1679E0.jpeg\" \/>\n\t<meta property=\"og:image:width\" content=\"432\" \/>\n\t<meta property=\"og:image:height\" content=\"432\" \/>\n\t<meta property=\"og:image:type\" content=\"image\/jpeg\" \/>\n<meta name=\"twitter:card\" content=\"summary_large_image\" \/>\n<meta name=\"twitter:label1\" content=\"Odhadovan\u00e1 doba \u010dten\u00ed\" \/>\n\t<meta name=\"twitter:data1\" content=\"1 minuta\" \/>\n<script type=\"application\/ld+json\" class=\"yoast-schema-graph\">{\"@context\":\"https:\/\/schema.org\",\"@graph\":[{\"@type\":\"WebPage\",\"@id\":\"https:\/\/fluterm.eu\/cs\/prod\/digitalni-termostat-uponor-smatrix-pulse\/\",\"url\":\"https:\/\/fluterm.eu\/cs\/prod\/digitalni-termostat-uponor-smatrix-pulse\/\",\"name\":\"Digit\u00e1ln\u00ed termostat Uponor Smatrix Pulse\",\"isPartOf\":{\"@id\":\"https:\/\/fluterm.eu\/#website\"},\"datePublished\":\"2023-07-17T17:31:53+00:00\",\"dateModified\":\"2023-07-17T17:31:53+00:00\",\"description\":\"Order Digit\u00e1ln\u00ed termostat Uponor Smatrix Pulse at a best price.\",\"breadcrumb\":{\"@id\":\"https:\/\/fluterm.eu\/cs\/prod\/digitalni-termostat-uponor-smatrix-pulse\/#breadcrumb\"},\"inLanguage\":\"cs\",\"potentialAction\":[{\"@type\":\"ReadAction\",\"target\":[\"https:\/\/fluterm.eu\/cs\/prod\/digitalni-termostat-uponor-smatrix-pulse\/\"]}]},{\"@type\":\"BreadcrumbList\",\"@id\":\"https:\/\/fluterm.eu\/cs\/prod\/digitalni-termostat-uponor-smatrix-pulse\/#breadcrumb\",\"itemListElement\":[{\"@type\":\"ListItem\",\"position\":1,\"name\":\"Home\",\"item\":\"https:\/\/fluterm.eu\/cs\/obchod\/\"},{\"@type\":\"ListItem\",\"position\":2,\"name\":\"Obchod\",\"item\":\"https:\/\/fluterm.eu\/cs\/obchod\/\"},{\"@type\":\"ListItem\",\"position\":3,\"name\":\"Digit\u00e1ln\u00ed termostat Uponor Smatrix Pulse\"}]},{\"@type\":\"WebSite\",\"@id\":\"https:\/\/fluterm.eu\/#website\",\"url\":\"https:\/\/fluterm.eu\/\",\"name\":\"fluterm.eu\",\"description\":\"\",\"potentialAction\":[{\"@type\":\"SearchAction\",\"target\":{\"@type\":\"EntryPoint\",\"urlTemplate\":\"https:\/\/fluterm.eu\/?s={search_term_string}\"},\"query-input\":\"required name=search_term_string\"}],\"inLanguage\":\"cs\"}]}<\/script>\n<!-- \/ Yoast SEO plugin. -->","yoast_head_json":{"title":"Digit\u00e1ln\u00ed termostat Uponor Smatrix Pulse","description":"Order Digit\u00e1ln\u00ed termostat Uponor Smatrix Pulse at a best price.","robots":{"index":"index","follow":"follow","max-snippet":"max-snippet:-1","max-image-preview":"max-image-preview:large","max-video-preview":"max-video-preview:-1"},"canonical":"https:\/\/fluterm.eu\/cs\/prod\/digitalni-termostat-uponor-smatrix-pulse\/","og_locale":"cs_CZ","og_type":"article","og_title":"Digit\u00e1ln\u00ed termostat Uponor Smatrix Pulse","og_description":"Order Digit\u00e1ln\u00ed termostat Uponor Smatrix Pulse at a best price.","og_url":"https:\/\/fluterm.eu\/cs\/prod\/digitalni-termostat-uponor-smatrix-pulse\/","og_site_name":"fluterm.eu","og_image":[{"width":432,"height":432,"url":"https:\/\/fluterm.eu\/wp-content\/uploads\/2023\/07\/947DE7E1-F772-4EB8-9EA8-6039DA1679E0.jpeg","type":"image\/jpeg"}],"twitter_card":"summary_large_image","twitter_misc":{"Odhadovan\u00e1 doba \u010dten\u00ed":"1 minuta"},"schema":{"@context":"https:\/\/schema.org","@graph":[{"@type":"WebPage","@id":"https:\/\/fluterm.eu\/cs\/prod\/digitalni-termostat-uponor-smatrix-pulse\/","url":"https:\/\/fluterm.eu\/cs\/prod\/digitalni-termostat-uponor-smatrix-pulse\/","name":"Digit\u00e1ln\u00ed termostat Uponor Smatrix Pulse","isPartOf":{"@id":"https:\/\/fluterm.eu\/#website"},"datePublished":"2023-07-17T17:31:53+00:00","dateModified":"2023-07-17T17:31:53+00:00","description":"Order Digit\u00e1ln\u00ed termostat Uponor Smatrix Pulse at a best price.","breadcrumb":{"@id":"https:\/\/fluterm.eu\/cs\/prod\/digitalni-termostat-uponor-smatrix-pulse\/#breadcrumb"},"inLanguage":"cs","potentialAction":[{"@type":"ReadAction","target":["https:\/\/fluterm.eu\/cs\/prod\/digitalni-termostat-uponor-smatrix-pulse\/"]}]},{"@type":"BreadcrumbList","@id":"https:\/\/fluterm.eu\/cs\/prod\/digitalni-termostat-uponor-smatrix-pulse\/#breadcrumb","itemListElement":[{"@type":"ListItem","position":1,"name":"Home","item":"https:\/\/fluterm.eu\/cs\/obchod\/"},{"@type":"ListItem","position":2,"name":"Obchod","item":"https:\/\/fluterm.eu\/cs\/obchod\/"},{"@type":"ListItem","position":3,"name":"Digit\u00e1ln\u00ed termostat Uponor Smatrix Pulse"}]},{"@type":"WebSite","@id":"https:\/\/fluterm.eu\/#website","url":"https:\/\/fluterm.eu\/","name":"fluterm.eu","description":"","potentialAction":[{"@type":"SearchAction","target":{"@type":"EntryPoint","urlTemplate":"https:\/\/fluterm.eu\/?s={search_term_string}"},"query-input":"required name=search_term_string"}],"inLanguage":"cs"}]}},"_links":{"self":[{"href":"https:\/\/fluterm.eu\/cs\/wp-json\/wp\/v2\/product\/15015","targetHints":{"allow":["GET"]}}],"collection":[{"href":"https:\/\/fluterm.eu\/cs\/wp-json\/wp\/v2\/product"}],"about":[{"href":"https:\/\/fluterm.eu\/cs\/wp-json\/wp\/v2\/types\/product"}],"replies":[{"embeddable":true,"href":"https:\/\/fluterm.eu\/cs\/wp-json\/wp\/v2\/comments?post=15015"}],"version-history":[{"count":0,"href":"https:\/\/fluterm.eu\/cs\/wp-json\/wp\/v2\/product\/15015\/revisions"}],"wp:featuredmedia":[{"embeddable":true,"href":"https:\/\/fluterm.eu\/cs\/wp-json\/wp\/v2\/media\/4202"}],"wp:attachment":[{"href":"https:\/\/fluterm.eu\/cs\/wp-json\/wp\/v2\/media?parent=15015"}],"wp:term":[{"taxonomy":"product_cat","embeddable":true,"href":"https:\/\/fluterm.eu\/cs\/wp-json\/wp\/v2\/product_cat?post=15015"},{"taxonomy":"product_tag","embeddable":true,"href":"https:\/\/fluterm.eu\/cs\/wp-json\/wp\/v2\/product_tag?post=15015"}],"curies":[{"name":"wp","href":"https:\/\/api.w.org\/{rel}","templated":true}]}}