{"id":15037,"date":"2023-07-17T20:26:30","date_gmt":"2023-07-17T17:26:30","guid":{"rendered":"https:\/\/fluterm.eu\/prod\/uponor-smatrix-wave-pulse-l-startovaci-sada-typu-l-1093287\/"},"modified":"2023-07-17T20:26:30","modified_gmt":"2023-07-17T17:26:30","slug":"uponor-smatrix-wave-pulse-l-starter-kit-type-l-1093287","status":"publish","type":"product","link":"https:\/\/fluterm.eu\/cs\/prod\/uponor-smatrix-wave-pulse-l-starter-kit-type-l-1093287\/","title":{"rendered":"UPONOR SMATRIX WAVE PULSE L &#8211; startovac\u00ed sada typu L &#8211; 1093287"},"content":{"rendered":"<pre id=\"tw-target-text\" class=\"tw-data-text tw-text-large tw-ta\" dir=\"ltr\" data-placeholder=\"Translation\"><span class=\"Y2IQFc\" lang=\"en\">Uponor Smatrix is \u200b\u200ba fully integrated control system for radiant heating and cooling. Being intelligent and \nable to adapt, Uponor Smatrix is \u200b\u200bequipped with self-balancing technology, which constantly anticipates and \nadjusts the exact amount of energy needed to ensure optimal comfort at all times.<\/span><\/pre>\n<p><img loading=\"lazy\" decoding=\"async\" class=\" lazyloaded\" src=\"https:\/\/s.cdnmpro.com\/499367508\/content\/smatrix%20pulse.png\" alt=\"\" width=\"750\" height=\"473\" data-src=\"https:\/\/s.cdnmpro.com\/499367508\/content\/smatrix%20pulse.png\"><\/p>\n<p>Inteligentn\u00ed automatiza\u010dn\u00ed syst\u00e9m pro s\u00e1lav\u00e9 syst\u00e9my<\/p>\n<p>&#8211; V jednom syst\u00e9mu lze p\u0159ipojit a\u017e 4 \u0159\u00eddic\u00ed jednotky.<br \/>\n&#8211; Nap\u00e1jec\u00ed nap\u011bt\u00ed: 230V<br \/>\n&#8211; Samo\u010dinn\u00e9 vyva\u017eov\u00e1n\u00ed zvy\u0161uje spot\u0159ebu energie a pohodl\u00ed<br \/>\n&#8211; Elektrick\u00e9 ovl\u00e1d\u00e1n\u00ed<br \/>\n&#8211; Na jednu \u0159\u00eddic\u00ed jednotku lze p\u0159ipojit a\u017e 6 termostat\u016f a 8 pohon\u016f (24 V).<br \/>\n&#8211; Rel\u00e9 \u010derpadel a kotl\u016f<br \/>\n&#8211; Funkce proti zad\u0159en\u00ed \u010derpadla a pohonu<br \/>\n&#8211; Regulace relativn\u00ed vlhkosti<br \/>\n&#8211; V\u00edce mo\u017enost\u00ed p\u0159ipojen\u00ed (s\u00e9rie \/ hv\u011bzda)<br \/>\n&#8211; Nap\u00e1jen\u00ed pomoc\u00ed 4vodi\u010dov\u00e9ho dvojit\u011b st\u00edn\u011bn\u00e9ho kabelu BUS<br \/>\n&#8211; Komunika\u010dn\u00ed protokol: RS485 s\u00e9riov\u00e1 sb\u011brnice<br \/>\n&#8211; Maxim\u00e1ln\u00ed p\u0159\u00edkon pohonu: 24VAC \/ 0,2A (0,4A ve \u0161pi\u010dce)<\/p>\n<p>&#8211; M\u00edstn\u00ed p\u0159\u00edstup (Wi-Fi) nebo vzd\u00e1len\u00fd p\u0159\u00edstup (vy\u017eaduje p\u0159ipojen\u00ed k internetu) pomoc\u00ed aplikace Uponor Smatrix Pulse (s R-208).<br \/>\n&#8211; Do\u010dasn\u00fd p\u0159\u00edstupov\u00fd bod wi-fi pro p\u0159\u00edm\u00fd p\u0159\u00edstup (pokud nen\u00ed k dispozici p\u0159ipojen\u00ed wi-fi (s R-208)).<br \/>\n&#8211; Integrace do syst\u00e9mu chytr\u00e9 dom\u00e1cnosti (Amazon Alexa, Google Home, IFTTT) (s R-208)<br \/>\n&#8211; Kontrola n\u011bkolika dom\u016f<br \/>\n&#8211; P\u0159\u00edstup t\u0159et\u00edch stran pro vzd\u00e1lenou podporu (vy\u017eaduje souhlas z\u00e1kazn\u00edka) (s R-208)<br \/>\n&#8211; Anal\u00fdza historick\u00fdch trend\u016f pomoc\u00ed aplikace Uponor Smatrix Pulse (s R-208)<br \/>\n&#8211; Hodinov\u00e9 programov\u00e1n\u00ed (s R-208)<br \/>\n&#8211; Komfortn\u00ed nastaven\u00ed (s R-208)<br \/>\n&#8211; Kontrola teploty agenta (s R-208)<\/p>\n","protected":false},"excerpt":{"rendered":"<p>Uponor Smatrix is \u200b\u200ba fully integrated control system for radiant heating and cooling. Being intelligent and able to adapt, Uponor Smatrix is \u200b\u200bequipped with self-balancing technology, which constantly anticipates and adjusts the exact amount of energy needed to ensure optimal comfort at all times. Inteligentn\u00ed automatiza\u010dn\u00ed syst\u00e9m pro s\u00e1lav\u00e9 syst\u00e9my &#8211; V jednom syst\u00e9mu lze&hellip;<\/p>\n","protected":false},"featured_media":4244,"comment_status":"open","ping_status":"closed","template":"","meta":[],"product_cat":[968],"product_tag":[],"class_list":{"0":"post-15037","1":"product","2":"type-product","3":"status-publish","4":"has-post-thumbnail","6":"product_cat-automatizace-podlahoveho-vytapeni","8":"first","9":"instock","10":"taxable","11":"shipping-taxable","12":"purchasable","13":"product-type-simple","14":"col-xs-6 col-sm-4","15":"col-md-4 col-lg-4","16":"un-3-cols"},"acf":[],"yoast_head":"<!-- This site is optimized with the Yoast SEO plugin v21.2 - https:\/\/yoast.com\/wordpress\/plugins\/seo\/ -->\n<title>UPONOR SMATRIX WAVE PULSE L - startovac\u00ed sada typu L - 1093287<\/title>\n<meta name=\"description\" content=\"Order UPONOR SMATRIX WAVE PULSE L - startovac\u00ed sada typu L - 1093287 at a best price.\" \/>\n<meta name=\"robots\" content=\"index, follow, max-snippet:-1, max-image-preview:large, max-video-preview:-1\" \/>\n<link rel=\"canonical\" href=\"https:\/\/fluterm.eu\/cs\/prod\/uponor-smatrix-wave-pulse-l-startovaci-sada-typu-l-1093287\/\" \/>\n<meta property=\"og:locale\" content=\"cs_CZ\" \/>\n<meta property=\"og:type\" content=\"article\" \/>\n<meta property=\"og:title\" content=\"UPONOR SMATRIX WAVE PULSE L - startovac\u00ed sada typu L - 1093287\" \/>\n<meta property=\"og:description\" content=\"Order UPONOR SMATRIX WAVE PULSE L - startovac\u00ed sada typu L - 1093287 at a best price.\" \/>\n<meta property=\"og:url\" content=\"https:\/\/fluterm.eu\/cs\/prod\/uponor-smatrix-wave-pulse-l-startovaci-sada-typu-l-1093287\/\" \/>\n<meta property=\"og:site_name\" content=\"fluterm.eu\" \/>\n<meta property=\"og:image\" content=\"https:\/\/fluterm.eu\/wp-content\/uploads\/2023\/07\/16FABFBB-5D15-4216-9483-0400BFD6BCF9.jpeg\" \/>\n\t<meta property=\"og:image:width\" content=\"600\" \/>\n\t<meta property=\"og:image:height\" content=\"600\" \/>\n\t<meta property=\"og:image:type\" content=\"image\/jpeg\" \/>\n<meta name=\"twitter:card\" content=\"summary_large_image\" \/>\n<meta name=\"twitter:label1\" content=\"Odhadovan\u00e1 doba \u010dten\u00ed\" \/>\n\t<meta name=\"twitter:data1\" content=\"1 minuta\" \/>\n<script type=\"application\/ld+json\" class=\"yoast-schema-graph\">{\"@context\":\"https:\/\/schema.org\",\"@graph\":[{\"@type\":\"WebPage\",\"@id\":\"https:\/\/fluterm.eu\/cs\/prod\/uponor-smatrix-wave-pulse-l-startovaci-sada-typu-l-1093287\/\",\"url\":\"https:\/\/fluterm.eu\/cs\/prod\/uponor-smatrix-wave-pulse-l-startovaci-sada-typu-l-1093287\/\",\"name\":\"UPONOR SMATRIX WAVE PULSE L - startovac\u00ed sada typu L - 1093287\",\"isPartOf\":{\"@id\":\"https:\/\/fluterm.eu\/#website\"},\"datePublished\":\"2023-07-17T17:26:30+00:00\",\"dateModified\":\"2023-07-17T17:26:30+00:00\",\"description\":\"Order UPONOR SMATRIX WAVE PULSE L - startovac\u00ed sada typu L - 1093287 at a best price.\",\"breadcrumb\":{\"@id\":\"https:\/\/fluterm.eu\/cs\/prod\/uponor-smatrix-wave-pulse-l-startovaci-sada-typu-l-1093287\/#breadcrumb\"},\"inLanguage\":\"cs\",\"potentialAction\":[{\"@type\":\"ReadAction\",\"target\":[\"https:\/\/fluterm.eu\/cs\/prod\/uponor-smatrix-wave-pulse-l-startovaci-sada-typu-l-1093287\/\"]}]},{\"@type\":\"BreadcrumbList\",\"@id\":\"https:\/\/fluterm.eu\/cs\/prod\/uponor-smatrix-wave-pulse-l-startovaci-sada-typu-l-1093287\/#breadcrumb\",\"itemListElement\":[{\"@type\":\"ListItem\",\"position\":1,\"name\":\"Home\",\"item\":\"https:\/\/fluterm.eu\/cs\/obchod\/\"},{\"@type\":\"ListItem\",\"position\":2,\"name\":\"Obchod\",\"item\":\"https:\/\/fluterm.eu\/cs\/obchod\/\"},{\"@type\":\"ListItem\",\"position\":3,\"name\":\"UPONOR SMATRIX WAVE PULSE L &#8211; startovac\u00ed sada typu L &#8211; 1093287\"}]},{\"@type\":\"WebSite\",\"@id\":\"https:\/\/fluterm.eu\/#website\",\"url\":\"https:\/\/fluterm.eu\/\",\"name\":\"fluterm.eu\",\"description\":\"\",\"potentialAction\":[{\"@type\":\"SearchAction\",\"target\":{\"@type\":\"EntryPoint\",\"urlTemplate\":\"https:\/\/fluterm.eu\/?s={search_term_string}\"},\"query-input\":\"required name=search_term_string\"}],\"inLanguage\":\"cs\"}]}<\/script>\n<!-- \/ Yoast SEO plugin. -->","yoast_head_json":{"title":"UPONOR SMATRIX WAVE PULSE L - startovac\u00ed sada typu L - 1093287","description":"Order UPONOR SMATRIX WAVE PULSE L - startovac\u00ed sada typu L - 1093287 at a best price.","robots":{"index":"index","follow":"follow","max-snippet":"max-snippet:-1","max-image-preview":"max-image-preview:large","max-video-preview":"max-video-preview:-1"},"canonical":"https:\/\/fluterm.eu\/cs\/prod\/uponor-smatrix-wave-pulse-l-startovaci-sada-typu-l-1093287\/","og_locale":"cs_CZ","og_type":"article","og_title":"UPONOR SMATRIX WAVE PULSE L - startovac\u00ed sada typu L - 1093287","og_description":"Order UPONOR SMATRIX WAVE PULSE L - startovac\u00ed sada typu L - 1093287 at a best price.","og_url":"https:\/\/fluterm.eu\/cs\/prod\/uponor-smatrix-wave-pulse-l-startovaci-sada-typu-l-1093287\/","og_site_name":"fluterm.eu","og_image":[{"width":600,"height":600,"url":"https:\/\/fluterm.eu\/wp-content\/uploads\/2023\/07\/16FABFBB-5D15-4216-9483-0400BFD6BCF9.jpeg","type":"image\/jpeg"}],"twitter_card":"summary_large_image","twitter_misc":{"Odhadovan\u00e1 doba \u010dten\u00ed":"1 minuta"},"schema":{"@context":"https:\/\/schema.org","@graph":[{"@type":"WebPage","@id":"https:\/\/fluterm.eu\/cs\/prod\/uponor-smatrix-wave-pulse-l-startovaci-sada-typu-l-1093287\/","url":"https:\/\/fluterm.eu\/cs\/prod\/uponor-smatrix-wave-pulse-l-startovaci-sada-typu-l-1093287\/","name":"UPONOR SMATRIX WAVE PULSE L - startovac\u00ed sada typu L - 1093287","isPartOf":{"@id":"https:\/\/fluterm.eu\/#website"},"datePublished":"2023-07-17T17:26:30+00:00","dateModified":"2023-07-17T17:26:30+00:00","description":"Order UPONOR SMATRIX WAVE PULSE L - startovac\u00ed sada typu L - 1093287 at a best price.","breadcrumb":{"@id":"https:\/\/fluterm.eu\/cs\/prod\/uponor-smatrix-wave-pulse-l-startovaci-sada-typu-l-1093287\/#breadcrumb"},"inLanguage":"cs","potentialAction":[{"@type":"ReadAction","target":["https:\/\/fluterm.eu\/cs\/prod\/uponor-smatrix-wave-pulse-l-startovaci-sada-typu-l-1093287\/"]}]},{"@type":"BreadcrumbList","@id":"https:\/\/fluterm.eu\/cs\/prod\/uponor-smatrix-wave-pulse-l-startovaci-sada-typu-l-1093287\/#breadcrumb","itemListElement":[{"@type":"ListItem","position":1,"name":"Home","item":"https:\/\/fluterm.eu\/cs\/obchod\/"},{"@type":"ListItem","position":2,"name":"Obchod","item":"https:\/\/fluterm.eu\/cs\/obchod\/"},{"@type":"ListItem","position":3,"name":"UPONOR SMATRIX WAVE PULSE L &#8211; startovac\u00ed sada typu L &#8211; 1093287"}]},{"@type":"WebSite","@id":"https:\/\/fluterm.eu\/#website","url":"https:\/\/fluterm.eu\/","name":"fluterm.eu","description":"","potentialAction":[{"@type":"SearchAction","target":{"@type":"EntryPoint","urlTemplate":"https:\/\/fluterm.eu\/?s={search_term_string}"},"query-input":"required name=search_term_string"}],"inLanguage":"cs"}]}},"_links":{"self":[{"href":"https:\/\/fluterm.eu\/cs\/wp-json\/wp\/v2\/product\/15037","targetHints":{"allow":["GET"]}}],"collection":[{"href":"https:\/\/fluterm.eu\/cs\/wp-json\/wp\/v2\/product"}],"about":[{"href":"https:\/\/fluterm.eu\/cs\/wp-json\/wp\/v2\/types\/product"}],"replies":[{"embeddable":true,"href":"https:\/\/fluterm.eu\/cs\/wp-json\/wp\/v2\/comments?post=15037"}],"version-history":[{"count":0,"href":"https:\/\/fluterm.eu\/cs\/wp-json\/wp\/v2\/product\/15037\/revisions"}],"wp:featuredmedia":[{"embeddable":true,"href":"https:\/\/fluterm.eu\/cs\/wp-json\/wp\/v2\/media\/4244"}],"wp:attachment":[{"href":"https:\/\/fluterm.eu\/cs\/wp-json\/wp\/v2\/media?parent=15037"}],"wp:term":[{"taxonomy":"product_cat","embeddable":true,"href":"https:\/\/fluterm.eu\/cs\/wp-json\/wp\/v2\/product_cat?post=15037"},{"taxonomy":"product_tag","embeddable":true,"href":"https:\/\/fluterm.eu\/cs\/wp-json\/wp\/v2\/product_tag?post=15037"}],"curies":[{"name":"wp","href":"https:\/\/api.w.org\/{rel}","templated":true}]}}