{"id":15246,"date":"2023-07-10T10:22:04","date_gmt":"2023-07-10T07:22:04","guid":{"rendered":"https:\/\/fluterm.eu\/prod\/vicevrstve-kompozitni-potrubi-pexal-20x2-mm-6-mm-izolace\/"},"modified":"2023-07-10T10:22:04","modified_gmt":"2023-07-10T07:22:04","slug":"vicevrstva-kompozitni-trubka-pexal-20x2mm-6-mm-izolace","status":"publish","type":"product","link":"https:\/\/fluterm.eu\/cs\/prod\/vicevrstva-kompozitni-trubka-pexal-20x2mm-6-mm-izolace\/","title":{"rendered":"V\u00edcevrstv\u00e9 kompozitn\u00ed potrub\u00ed PEXAL, 20&#215;2 mm, 6 mm izolace"},"content":{"rendered":"<p>&#8211; Kompozitn\u00ed trubky PEX se skl\u00e1daj\u00ed ze zes\u00ed\u0165ovan\u00e9ho polyethylenu s hlin\u00edkovou vrstvou.<br \/>\n&#8211; Vhodn\u00e9 pro pitnou vodu podle pozitivn\u00edho seznamu UBA<br \/>\n&#8211; Stla\u010den\u00fd vzduch max.: 10 bar<br \/>\n&#8211; Provozn\u00ed teplota max.: 95\u00b0C \/ Tlak max.: 10 bar\u016f<br \/>\n&#8211; Pro rozli\u0161en\u00ed r\u016fzn\u00fdch proces\u016f s\u00ed\u0165ov\u00e1n\u00ed se k ozna\u010den\u00ed PE-X p\u0159id\u00e1v\u00e1 mal\u00e9 p\u00edsmeno:<br \/>\n&#8211; PE-Xb = silanov\u00e9 s\u00ed\u0165ov\u00e1n\u00ed<br \/>\n&#8211; Schv\u00e1len\u00ed syst\u00e9mu Evenes-Press<br \/>\n&#8211; S \u010dervenou izolac\u00ed (6 mm)<br \/>\n&#8211; Materi\u00e1l: PE-Xb<br \/>\n&#8211; Dod\u00e1v\u00e1me podle va\u0161ich pot\u0159eb (m\u016f\u017eeme \u0159ezat)<\/p>\n<div id=\"jp-relatedposts\" class=\"jp-relatedposts\">\n<div class=\"jp-relatedposts-items jp-relatedposts-items-minimal jp-relatedposts-grid \">\n<p class=\"jp-relatedposts-post jp-relatedposts-post0\" data-post-id=\"112\" data-post-format=\"false\">\n<\/div>\n<\/div>\n","protected":false},"excerpt":{"rendered":"<p>&#8211; Kompozitn\u00ed trubky PEX se skl\u00e1daj\u00ed ze zes\u00ed\u0165ovan\u00e9ho polyethylenu s hlin\u00edkovou vrstvou. &#8211; Vhodn\u00e9 pro pitnou vodu podle pozitivn\u00edho seznamu UBA &#8211; Stla\u010den\u00fd vzduch max.: 10 bar &#8211; Provozn\u00ed teplota max.: 95\u00b0C \/ Tlak max.: 10 bar\u016f &#8211; Pro rozli\u0161en\u00ed r\u016fzn\u00fdch proces\u016f s\u00ed\u0165ov\u00e1n\u00ed se k ozna\u010den\u00ed PE-X p\u0159id\u00e1v\u00e1 mal\u00e9 p\u00edsmeno: &#8211; PE-Xb = silanov\u00e9 s\u00ed\u0165ov\u00e1n\u00ed&hellip;<\/p>\n","protected":false},"featured_media":3362,"comment_status":"open","ping_status":"closed","template":"","meta":[],"product_cat":[989],"product_tag":[],"class_list":{"0":"post-15246","1":"product","2":"type-product","3":"status-publish","4":"has-post-thumbnail","6":"product_cat-vicevrstve-kompozitni-potrubi-pexal","8":"first","9":"instock","10":"sale","11":"taxable","12":"shipping-taxable","13":"purchasable","14":"product-type-simple","15":"col-xs-6 col-sm-4","16":"col-md-4 col-lg-4","17":"un-3-cols"},"acf":[],"yoast_head":"<!-- This site is optimized with the Yoast SEO plugin v21.2 - https:\/\/yoast.com\/wordpress\/plugins\/seo\/ -->\n<title>V\u00edcevrstv\u00e9 kompozitn\u00ed potrub\u00ed PEXAL, 20x2 mm, 6 mm izolace<\/title>\n<meta name=\"description\" content=\"Order V\u00edcevrstv\u00e9 kompozitn\u00ed potrub\u00ed PEXAL, 20x2 mm, 6 mm izolace at a best price.\" \/>\n<meta name=\"robots\" content=\"index, follow, max-snippet:-1, max-image-preview:large, max-video-preview:-1\" \/>\n<link rel=\"canonical\" href=\"https:\/\/fluterm.eu\/cs\/prod\/vicevrstve-kompozitni-potrubi-pexal-20x2-mm-6-mm-izolace\/\" \/>\n<meta property=\"og:locale\" content=\"cs_CZ\" \/>\n<meta property=\"og:type\" content=\"article\" \/>\n<meta property=\"og:title\" content=\"V\u00edcevrstv\u00e9 kompozitn\u00ed potrub\u00ed PEXAL, 20x2 mm, 6 mm izolace\" \/>\n<meta property=\"og:description\" content=\"Order V\u00edcevrstv\u00e9 kompozitn\u00ed potrub\u00ed PEXAL, 20x2 mm, 6 mm izolace at a best price.\" \/>\n<meta property=\"og:url\" content=\"https:\/\/fluterm.eu\/cs\/prod\/vicevrstve-kompozitni-potrubi-pexal-20x2-mm-6-mm-izolace\/\" \/>\n<meta property=\"og:site_name\" content=\"fluterm.eu\" \/>\n<meta property=\"og:image\" content=\"https:\/\/fluterm.eu\/wp-content\/uploads\/2023\/07\/A99CCB12-9CE1-4778-86B2-7ECFE433C67C_4_5005_c.jpeg\" \/>\n\t<meta property=\"og:image:width\" content=\"224\" \/>\n\t<meta property=\"og:image:height\" content=\"224\" \/>\n\t<meta property=\"og:image:type\" content=\"image\/jpeg\" \/>\n<meta name=\"twitter:card\" content=\"summary_large_image\" \/>\n<script type=\"application\/ld+json\" class=\"yoast-schema-graph\">{\"@context\":\"https:\/\/schema.org\",\"@graph\":[{\"@type\":\"WebPage\",\"@id\":\"https:\/\/fluterm.eu\/cs\/prod\/vicevrstve-kompozitni-potrubi-pexal-20x2-mm-6-mm-izolace\/\",\"url\":\"https:\/\/fluterm.eu\/cs\/prod\/vicevrstve-kompozitni-potrubi-pexal-20x2-mm-6-mm-izolace\/\",\"name\":\"V\u00edcevrstv\u00e9 kompozitn\u00ed potrub\u00ed PEXAL, 20x2 mm, 6 mm izolace\",\"isPartOf\":{\"@id\":\"https:\/\/fluterm.eu\/#website\"},\"datePublished\":\"2023-07-10T07:22:04+00:00\",\"dateModified\":\"2023-07-10T07:22:04+00:00\",\"description\":\"Order V\u00edcevrstv\u00e9 kompozitn\u00ed potrub\u00ed PEXAL, 20x2 mm, 6 mm izolace at a best price.\",\"breadcrumb\":{\"@id\":\"https:\/\/fluterm.eu\/cs\/prod\/vicevrstve-kompozitni-potrubi-pexal-20x2-mm-6-mm-izolace\/#breadcrumb\"},\"inLanguage\":\"cs\",\"potentialAction\":[{\"@type\":\"ReadAction\",\"target\":[\"https:\/\/fluterm.eu\/cs\/prod\/vicevrstve-kompozitni-potrubi-pexal-20x2-mm-6-mm-izolace\/\"]}]},{\"@type\":\"BreadcrumbList\",\"@id\":\"https:\/\/fluterm.eu\/cs\/prod\/vicevrstve-kompozitni-potrubi-pexal-20x2-mm-6-mm-izolace\/#breadcrumb\",\"itemListElement\":[{\"@type\":\"ListItem\",\"position\":1,\"name\":\"Home\",\"item\":\"https:\/\/fluterm.eu\/cs\/obchod\/\"},{\"@type\":\"ListItem\",\"position\":2,\"name\":\"Obchod\",\"item\":\"https:\/\/fluterm.eu\/cs\/obchod\/\"},{\"@type\":\"ListItem\",\"position\":3,\"name\":\"V\u00edcevrstv\u00e9 kompozitn\u00ed potrub\u00ed PEXAL, 20&#215;2 mm, 6 mm izolace\"}]},{\"@type\":\"WebSite\",\"@id\":\"https:\/\/fluterm.eu\/#website\",\"url\":\"https:\/\/fluterm.eu\/\",\"name\":\"fluterm.eu\",\"description\":\"\",\"potentialAction\":[{\"@type\":\"SearchAction\",\"target\":{\"@type\":\"EntryPoint\",\"urlTemplate\":\"https:\/\/fluterm.eu\/?s={search_term_string}\"},\"query-input\":\"required name=search_term_string\"}],\"inLanguage\":\"cs\"}]}<\/script>\n<!-- \/ Yoast SEO plugin. -->","yoast_head_json":{"title":"V\u00edcevrstv\u00e9 kompozitn\u00ed potrub\u00ed PEXAL, 20x2 mm, 6 mm izolace","description":"Order V\u00edcevrstv\u00e9 kompozitn\u00ed potrub\u00ed PEXAL, 20x2 mm, 6 mm izolace at a best price.","robots":{"index":"index","follow":"follow","max-snippet":"max-snippet:-1","max-image-preview":"max-image-preview:large","max-video-preview":"max-video-preview:-1"},"canonical":"https:\/\/fluterm.eu\/cs\/prod\/vicevrstve-kompozitni-potrubi-pexal-20x2-mm-6-mm-izolace\/","og_locale":"cs_CZ","og_type":"article","og_title":"V\u00edcevrstv\u00e9 kompozitn\u00ed potrub\u00ed PEXAL, 20x2 mm, 6 mm izolace","og_description":"Order V\u00edcevrstv\u00e9 kompozitn\u00ed potrub\u00ed PEXAL, 20x2 mm, 6 mm izolace at a best price.","og_url":"https:\/\/fluterm.eu\/cs\/prod\/vicevrstve-kompozitni-potrubi-pexal-20x2-mm-6-mm-izolace\/","og_site_name":"fluterm.eu","og_image":[{"width":224,"height":224,"url":"https:\/\/fluterm.eu\/wp-content\/uploads\/2023\/07\/A99CCB12-9CE1-4778-86B2-7ECFE433C67C_4_5005_c.jpeg","type":"image\/jpeg"}],"twitter_card":"summary_large_image","schema":{"@context":"https:\/\/schema.org","@graph":[{"@type":"WebPage","@id":"https:\/\/fluterm.eu\/cs\/prod\/vicevrstve-kompozitni-potrubi-pexal-20x2-mm-6-mm-izolace\/","url":"https:\/\/fluterm.eu\/cs\/prod\/vicevrstve-kompozitni-potrubi-pexal-20x2-mm-6-mm-izolace\/","name":"V\u00edcevrstv\u00e9 kompozitn\u00ed potrub\u00ed PEXAL, 20x2 mm, 6 mm izolace","isPartOf":{"@id":"https:\/\/fluterm.eu\/#website"},"datePublished":"2023-07-10T07:22:04+00:00","dateModified":"2023-07-10T07:22:04+00:00","description":"Order V\u00edcevrstv\u00e9 kompozitn\u00ed potrub\u00ed PEXAL, 20x2 mm, 6 mm izolace at a best price.","breadcrumb":{"@id":"https:\/\/fluterm.eu\/cs\/prod\/vicevrstve-kompozitni-potrubi-pexal-20x2-mm-6-mm-izolace\/#breadcrumb"},"inLanguage":"cs","potentialAction":[{"@type":"ReadAction","target":["https:\/\/fluterm.eu\/cs\/prod\/vicevrstve-kompozitni-potrubi-pexal-20x2-mm-6-mm-izolace\/"]}]},{"@type":"BreadcrumbList","@id":"https:\/\/fluterm.eu\/cs\/prod\/vicevrstve-kompozitni-potrubi-pexal-20x2-mm-6-mm-izolace\/#breadcrumb","itemListElement":[{"@type":"ListItem","position":1,"name":"Home","item":"https:\/\/fluterm.eu\/cs\/obchod\/"},{"@type":"ListItem","position":2,"name":"Obchod","item":"https:\/\/fluterm.eu\/cs\/obchod\/"},{"@type":"ListItem","position":3,"name":"V\u00edcevrstv\u00e9 kompozitn\u00ed potrub\u00ed PEXAL, 20&#215;2 mm, 6 mm izolace"}]},{"@type":"WebSite","@id":"https:\/\/fluterm.eu\/#website","url":"https:\/\/fluterm.eu\/","name":"fluterm.eu","description":"","potentialAction":[{"@type":"SearchAction","target":{"@type":"EntryPoint","urlTemplate":"https:\/\/fluterm.eu\/?s={search_term_string}"},"query-input":"required name=search_term_string"}],"inLanguage":"cs"}]}},"_links":{"self":[{"href":"https:\/\/fluterm.eu\/cs\/wp-json\/wp\/v2\/product\/15246","targetHints":{"allow":["GET"]}}],"collection":[{"href":"https:\/\/fluterm.eu\/cs\/wp-json\/wp\/v2\/product"}],"about":[{"href":"https:\/\/fluterm.eu\/cs\/wp-json\/wp\/v2\/types\/product"}],"replies":[{"embeddable":true,"href":"https:\/\/fluterm.eu\/cs\/wp-json\/wp\/v2\/comments?post=15246"}],"version-history":[{"count":0,"href":"https:\/\/fluterm.eu\/cs\/wp-json\/wp\/v2\/product\/15246\/revisions"}],"wp:featuredmedia":[{"embeddable":true,"href":"https:\/\/fluterm.eu\/cs\/wp-json\/wp\/v2\/media\/3362"}],"wp:attachment":[{"href":"https:\/\/fluterm.eu\/cs\/wp-json\/wp\/v2\/media?parent=15246"}],"wp:term":[{"taxonomy":"product_cat","embeddable":true,"href":"https:\/\/fluterm.eu\/cs\/wp-json\/wp\/v2\/product_cat?post=15246"},{"taxonomy":"product_tag","embeddable":true,"href":"https:\/\/fluterm.eu\/cs\/wp-json\/wp\/v2\/product_tag?post=15246"}],"curies":[{"name":"wp","href":"https:\/\/api.w.org\/{rel}","templated":true}]}}