{"id":15261,"date":"2023-07-12T21:27:49","date_gmt":"2023-07-12T18:27:49","guid":{"rendered":"https:\/\/fluterm.eu\/prod\/tepelne-cerpadlo-zubadan-vytapeni-chlazeni-horka-voda-mitsubishi-14kw-trifazove-puhz-shw140yhaerst20c-vm2dftc6\/"},"modified":"2023-07-12T21:27:49","modified_gmt":"2023-07-12T18:27:49","slug":"tepelne-cerpadlo-zubadan-topeni-chlazeni-horka-voda-mitsubishi-14kw-trifazove-puhz-shw140yhaerst20c-vm2dftc6","status":"publish","type":"product","link":"https:\/\/fluterm.eu\/cs\/prod\/tepelne-cerpadlo-zubadan-topeni-chlazeni-horka-voda-mitsubishi-14kw-trifazove-puhz-shw140yhaerst20c-vm2dftc6\/","title":{"rendered":"Tepeln\u00e9 \u010derpadlo ZUBADAN vyt\u00e1p\u011bn\u00ed-chlazen\u00ed-hork\u00e1 voda, MITSUBISHI 14KW t\u0159\u00edf\u00e1zov\u00e9, PUHZ-SHW140YHA+ERST20C-VM2D+FTC6"},"content":{"rendered":"<div class=\"mf-entry-product-header\">\n<div class=\"entry-left\">\n<h1 class=\"product_title entry-title\">Tepeln\u00e9 \u010derpadlo ZUBADAN vyt\u00e1p\u011bn\u00ed-chlazen\u00ed-hork\u00e1 voda, MITSUBISHI 14KW t\u0159\u00edf\u00e1zov\u00e9, PUHZ-SHW140YHA+ERST20C-VM2D+FTC6<\/h1>\n<\/div>\n<\/div>\n<pre id=\"tw-target-text\" class=\"tw-data-text tw-text-large tw-ta\" dir=\"ltr\" data-placeholder=\"Translation\"><strong>Three-phase power supply<\/strong><\/pre>\n<p><strong>N\u00edzk\u00e1 hladina hluku (-10 dB oproti p\u0159edchoz\u00edmu modelu)<\/strong><br \/>\n<strong>Nov\u00fd a kompaktn\u00ed design<\/strong><br \/>\n<strong>Vysok\u00fd v\u00fdkon d\u00edky nov\u00e9mu kompresoru<\/strong><br \/>\n<strong>Lep\u0161\u00ed odvodn\u011bn\u00ed<\/strong><br \/>\n<strong>Garantovan\u00fd provoz p\u0159i -28 stupn\u00edch Celsia<\/strong><br \/>\n<strong>100% topn\u00fd v\u00fdkon p\u0159i -15 stupn\u00edch Celsia<\/strong><br \/>\nHlavn\u00ed funkce:<\/p>\n<p>Mitsubishi Zubadan dok\u00e1\u017ee zajistit 3 funkce: vyt\u00e1p\u011bn\u00ed, chlazen\u00ed a p\u0159\u00edpravu tepl\u00e9 vody ke spot\u0159eb\u011b.<br \/>\nD\u011blen\u00fd model, u kter\u00e9ho nehroz\u00ed nebezpe\u010d\u00ed zamrznut\u00ed (vy\u017eaduje vn\u011bj\u0161\u00ed jednotku + vnit\u0159n\u00ed jednotku)<br \/>\nProvoz v re\u017eimu vyt\u00e1p\u011bn\u00ed a\u017e do -25 \u00b0C<br \/>\nMaxim\u00e1ln\u00ed teplota tepeln\u00e9ho \u010dinidla je 60 \u00b0C.<br \/>\nSt\u00e1l\u00fd topn\u00fd v\u00fdkon a\u017e do -15 \u00b0C<br \/>\nInvertorov\u00fd kompresor Mitsubishi Scroll (R410A) s funkc\u00ed Flash Injection pro vzd\u00e1lenost a\u017e 30 m.<br \/>\nSnadn\u00e1 instalace, mal\u00fd prostor, kompaktn\u00ed konstrukce<br \/>\nVysok\u00e1 \u00fa\u010dinnost d\u00edky vysoce v\u00fdkonn\u00fdm komponent\u016fm, energetick\u00e1 t\u0159\u00edda A++.<\/p>\n<p>Tepeln\u00e1 \u010derpadla, obnoviteln\u00e9 zdroje tepla, maj\u00ed o 60 % vy\u0161\u0161\u00ed energetickou \u00fa\u010dinnost ne\u017e tradi\u010dn\u00ed spalovac\u00ed syst\u00e9my; v m\u00edst\u011b instalace nevypou\u0161t\u011bj\u00ed CO2; vyu\u017e\u00edvaj\u00ed obnovitelnou energii ze vzduchu.<br \/>\nTepeln\u00e9 \u010derpadlo je elektrick\u00fd stroj, kter\u00fd je zalo\u017een na termodynamick\u00e9m cyklu chladic\u00ed kapaliny a p\u0159en\u00e1\u0161\u00ed teplo z prost\u0159ed\u00ed s n\u00edzkou teplotou do prost\u0159ed\u00ed s vy\u0161\u0161\u00ed teplotou.<br \/>\nSyst\u00e9my tepeln\u00fdch \u010derpadel Ecodan\u00ae zaru\u010duj\u00ed vysok\u00fd energetick\u00fd v\u00fdkon i p\u0159i n\u00edzk\u00fdch teplot\u00e1ch. V\u0161echna extern\u00ed za\u0159\u00edzen\u00ed jsou schopna zv\u00fd\u0161it teplotu a\u017e na 60 \u00b0C, aby umo\u017enila rychlou a efektivn\u00ed akumulaci tepl\u00e9 vody pro dom\u00e1cnost.<br \/>\nVysok\u00e1 energetick\u00e1 \u00fa\u010dinnost tepeln\u00fdch \u010derpadel Ecodan\u00ae je mo\u017en\u00e1 d\u00edky \u0161pi\u010dkov\u00fdm technologi\u00edm, kter\u00e9 jsou obsa\u017eeny v ka\u017ed\u00e9 sou\u010d\u00e1sti tepeln\u00e9ho \u010derpadla. Nap\u0159\u00edklad d\u00edky exkluzivn\u00edmu za\u0159\u00edzen\u00ed &#8222;Flash Injection&#8220; udr\u017euj\u00ed extern\u00ed jednotky \u0159ady Zubadan konstantn\u00ed v\u00fdkon proud\u011bn\u00ed vzduchu a\u017e do -15 \u00b0C.<\/p>\n<p><strong>\u00dasporn\u00e9 a ekologick\u00e9 nejmodern\u011bj\u0161\u00ed syst\u00e9my vyt\u00e1p\u011bn\u00ed<\/strong><br \/>\nTepeln\u00e1 \u010derpadla ecodan od spole\u010dnosti Mitsubishi Electric jsou \u00fasporn\u00e1 a bezpe\u010dn\u00e1 pro \u017eivotn\u00ed prost\u0159ed\u00ed a obsahuj\u00ed velmi \u00fa\u010dinn\u00fd syst\u00e9m tepeln\u00e9ho \u010derpadla, kter\u00fd vyu\u017e\u00edv\u00e1 &#8222;teplo ze vzduchu&#8220;, obnoviteln\u00fd zdroj energie. Jsou vybaveny vysp\u011bl\u00fdmi \u0159\u00eddic\u00edmi syst\u00e9my, kter\u00e9 zaji\u0161\u0165uj\u00ed pe\u010dliv\u00e9 nastaven\u00ed teploty, \u010d\u00edm\u017e je zaji\u0161t\u011bno komfortn\u00ed vyt\u00e1p\u011bn\u00ed, a z\u00e1rove\u0148 \u0161et\u0159\u00ed m\u00edsto d\u00edky pou\u017eit\u00ed vnit\u0159n\u00edch jednotek &#8222;v\u0161e v jednom&#8220;, kter\u00e9 se snadno instaluj\u00ed. \u00daspora energie, vysok\u00fd komfort a jednoduch\u00e1 instalace vynesly topn\u00e9 syst\u00e9my ecodan do centra pozornosti tepeln\u00fdch \u010derpadel.<\/p>\n<p>Funkce syst\u00e9mu ecodan pokr\u00fdvaj\u00ed pot\u0159eby vyt\u00e1p\u011bn\u00ed, p\u0159\u00edpravy tepl\u00e9 vody i chlazen\u00ed. Chlazen\u00ed lze prov\u00e1d\u011bt pomoc\u00ed jednotek fan coil, s\u00e1lav\u00fdch st\u011bn a strop\u016f v p\u0159\u00edpad\u011b splitov\u00fdch a monoblokov\u00fdch jednotek nebo pomoc\u00ed vnit\u0159n\u00edch klimatiza\u010dn\u00edch jednotek v p\u0159\u00edpad\u011b hybridn\u00edch syst\u00e9m\u016f.<\/p>\n<p><strong>S\u00e9rie Zubadan<\/strong><br \/>\nJe vybaven vst\u0159ikovac\u00edm okruhem Flash vyvinut\u00fdm spole\u010dnost\u00ed Mitsubishi Electric, kter\u00fd se skl\u00e1d\u00e1 z obtokov\u00e9ho okruhu a v\u00fdm\u011bn\u00edku tepla (HIC). V\u00fdm\u011bn\u00edk tepla p\u0159em\u011b\u0148uje kapaln\u00e9 chladivo odv\u00e1d\u011bn\u00e9 obtokov\u00fdm okruhem na plynn\u00e9 a kapaln\u00e9, aby se sn\u00ed\u017eilo zat\u00ed\u017een\u00ed kompresoru. Tento proces zaji\u0161\u0165uje vynikaj\u00edc\u00ed topn\u00fd v\u00fdkon i p\u0159i velmi n\u00edzk\u00fdch venkovn\u00edch teplot\u00e1ch. U tradi\u010dn\u00edch jednotek se p\u0159i sn\u00ed\u017een\u00ed venkovn\u00ed teploty objem chladiva prot\u00e9kaj\u00edc\u00edho kompresorem sn\u00ed\u017e\u00ed v d\u016fsledku poklesu tlaku chladiva a ochrany proti p\u0159eh\u0159\u00e1t\u00ed zp\u016fsoben\u00e9 vysokou kompres\u00ed, co\u017e vede ke sn\u00ed\u017een\u00ed topn\u00e9ho v\u00fdkonu. Okruh vst\u0159ikov\u00e1n\u00ed Flash vst\u0159ikuje chladivo, aby se udr\u017eoval objem cirkuluj\u00edc\u00edho chladiva i zat\u00ed\u017een\u00ed kompresoru, a t\u00edm se udr\u017eoval topn\u00fd v\u00fdkon.<\/p>\n","protected":false},"excerpt":{"rendered":"<p>Tepeln\u00e9 \u010derpadlo ZUBADAN vyt\u00e1p\u011bn\u00ed-chlazen\u00ed-hork\u00e1 voda, MITSUBISHI 14KW t\u0159\u00edf\u00e1zov\u00e9, PUHZ-SHW140YHA+ERST20C-VM2D+FTC6 Three-phase power supply N\u00edzk\u00e1 hladina hluku (-10 dB oproti p\u0159edchoz\u00edmu modelu) Nov\u00fd a kompaktn\u00ed design Vysok\u00fd v\u00fdkon d\u00edky nov\u00e9mu kompresoru Lep\u0161\u00ed odvodn\u011bn\u00ed Garantovan\u00fd provoz p\u0159i -28 stupn\u00edch Celsia 100% topn\u00fd v\u00fdkon p\u0159i -15 stupn\u00edch Celsia Hlavn\u00ed funkce: Mitsubishi Zubadan dok\u00e1\u017ee zajistit 3 funkce: vyt\u00e1p\u011bn\u00ed, chlazen\u00ed a&hellip;<\/p>\n","protected":false},"featured_media":12834,"comment_status":"open","ping_status":"closed","template":"","meta":[],"product_cat":[1004],"product_tag":[],"class_list":{"0":"post-15261","1":"product","2":"type-product","3":"status-publish","4":"has-post-thumbnail","6":"product_cat-tepelna-cerpadla","8":"first","9":"instock","10":"taxable","11":"shipping-taxable","12":"purchasable","13":"product-type-simple","14":"col-xs-6 col-sm-4","15":"col-md-4 col-lg-4","16":"un-3-cols"},"acf":[],"yoast_head":"<!-- This site is optimized with the Yoast SEO plugin v21.2 - https:\/\/yoast.com\/wordpress\/plugins\/seo\/ -->\n<title>Tepeln\u00e9 \u010derpadlo ZUBADAN vyt\u00e1p\u011bn\u00ed-chlazen\u00ed-hork\u00e1 voda, MITSUBISHI 14KW t\u0159\u00edf\u00e1zov\u00e9, PUHZ-SHW140YHA+ERST20C-VM2D+FTC6<\/title>\n<meta name=\"description\" content=\"Order Tepeln\u00e9 \u010derpadlo ZUBADAN vyt\u00e1p\u011bn\u00ed-chlazen\u00ed-hork\u00e1 voda, MITSUBISHI 14KW t\u0159\u00edf\u00e1zov\u00e9, PUHZ-SHW140YHA+ERST20C-VM2D+FTC6 at a best price.\" \/>\n<meta name=\"robots\" content=\"index, follow, max-snippet:-1, max-image-preview:large, max-video-preview:-1\" \/>\n<link rel=\"canonical\" href=\"https:\/\/fluterm.eu\/cs\/prod\/tepelne-cerpadlo-zubadan-vytapeni-chlazeni-horka-voda-mitsubishi-14kw-trifazove-puhz-shw140yhaerst20c-vm2dftc6\/\" \/>\n<meta property=\"og:locale\" content=\"cs_CZ\" \/>\n<meta property=\"og:type\" content=\"article\" \/>\n<meta property=\"og:title\" content=\"Tepeln\u00e9 \u010derpadlo ZUBADAN vyt\u00e1p\u011bn\u00ed-chlazen\u00ed-hork\u00e1 voda, MITSUBISHI 14KW t\u0159\u00edf\u00e1zov\u00e9, PUHZ-SHW140YHA+ERST20C-VM2D+FTC6\" \/>\n<meta property=\"og:description\" content=\"Order Tepeln\u00e9 \u010derpadlo ZUBADAN vyt\u00e1p\u011bn\u00ed-chlazen\u00ed-hork\u00e1 voda, MITSUBISHI 14KW t\u0159\u00edf\u00e1zov\u00e9, PUHZ-SHW140YHA+ERST20C-VM2D+FTC6 at a best price.\" \/>\n<meta property=\"og:url\" content=\"https:\/\/fluterm.eu\/cs\/prod\/tepelne-cerpadlo-zubadan-vytapeni-chlazeni-horka-voda-mitsubishi-14kw-trifazove-puhz-shw140yhaerst20c-vm2dftc6\/\" \/>\n<meta property=\"og:site_name\" content=\"fluterm.eu\" \/>\n<meta property=\"og:image\" content=\"https:\/\/fluterm.eu\/wp-content\/uploads\/2023\/07\/420463E3-4A49-4C5C-AAD5-004E8600FC5B-1.jpeg\" \/>\n\t<meta property=\"og:image:width\" content=\"408\" \/>\n\t<meta property=\"og:image:height\" content=\"472\" \/>\n\t<meta property=\"og:image:type\" content=\"image\/jpeg\" \/>\n<meta name=\"twitter:card\" content=\"summary_large_image\" \/>\n<meta name=\"twitter:label1\" content=\"Odhadovan\u00e1 doba \u010dten\u00ed\" \/>\n\t<meta name=\"twitter:data1\" content=\"3 minuty\" \/>\n<script type=\"application\/ld+json\" class=\"yoast-schema-graph\">{\"@context\":\"https:\/\/schema.org\",\"@graph\":[{\"@type\":\"WebPage\",\"@id\":\"https:\/\/fluterm.eu\/cs\/prod\/tepelne-cerpadlo-zubadan-vytapeni-chlazeni-horka-voda-mitsubishi-14kw-trifazove-puhz-shw140yhaerst20c-vm2dftc6\/\",\"url\":\"https:\/\/fluterm.eu\/cs\/prod\/tepelne-cerpadlo-zubadan-vytapeni-chlazeni-horka-voda-mitsubishi-14kw-trifazove-puhz-shw140yhaerst20c-vm2dftc6\/\",\"name\":\"Tepeln\u00e9 \u010derpadlo ZUBADAN vyt\u00e1p\u011bn\u00ed-chlazen\u00ed-hork\u00e1 voda, MITSUBISHI 14KW t\u0159\u00edf\u00e1zov\u00e9, PUHZ-SHW140YHA+ERST20C-VM2D+FTC6\",\"isPartOf\":{\"@id\":\"https:\/\/fluterm.eu\/#website\"},\"datePublished\":\"2023-07-12T18:27:49+00:00\",\"dateModified\":\"2023-07-12T18:27:49+00:00\",\"description\":\"Order Tepeln\u00e9 \u010derpadlo ZUBADAN vyt\u00e1p\u011bn\u00ed-chlazen\u00ed-hork\u00e1 voda, MITSUBISHI 14KW t\u0159\u00edf\u00e1zov\u00e9, PUHZ-SHW140YHA+ERST20C-VM2D+FTC6 at a best price.\",\"breadcrumb\":{\"@id\":\"https:\/\/fluterm.eu\/cs\/prod\/tepelne-cerpadlo-zubadan-vytapeni-chlazeni-horka-voda-mitsubishi-14kw-trifazove-puhz-shw140yhaerst20c-vm2dftc6\/#breadcrumb\"},\"inLanguage\":\"cs\",\"potentialAction\":[{\"@type\":\"ReadAction\",\"target\":[\"https:\/\/fluterm.eu\/cs\/prod\/tepelne-cerpadlo-zubadan-vytapeni-chlazeni-horka-voda-mitsubishi-14kw-trifazove-puhz-shw140yhaerst20c-vm2dftc6\/\"]}]},{\"@type\":\"BreadcrumbList\",\"@id\":\"https:\/\/fluterm.eu\/cs\/prod\/tepelne-cerpadlo-zubadan-vytapeni-chlazeni-horka-voda-mitsubishi-14kw-trifazove-puhz-shw140yhaerst20c-vm2dftc6\/#breadcrumb\",\"itemListElement\":[{\"@type\":\"ListItem\",\"position\":1,\"name\":\"Home\",\"item\":\"https:\/\/fluterm.eu\/cs\/obchod\/\"},{\"@type\":\"ListItem\",\"position\":2,\"name\":\"Obchod\",\"item\":\"https:\/\/fluterm.eu\/cs\/obchod\/\"},{\"@type\":\"ListItem\",\"position\":3,\"name\":\"Tepeln\u00e9 \u010derpadlo ZUBADAN vyt\u00e1p\u011bn\u00ed-chlazen\u00ed-hork\u00e1 voda, MITSUBISHI 14KW t\u0159\u00edf\u00e1zov\u00e9, PUHZ-SHW140YHA+ERST20C-VM2D+FTC6\"}]},{\"@type\":\"WebSite\",\"@id\":\"https:\/\/fluterm.eu\/#website\",\"url\":\"https:\/\/fluterm.eu\/\",\"name\":\"fluterm.eu\",\"description\":\"\",\"potentialAction\":[{\"@type\":\"SearchAction\",\"target\":{\"@type\":\"EntryPoint\",\"urlTemplate\":\"https:\/\/fluterm.eu\/?s={search_term_string}\"},\"query-input\":\"required name=search_term_string\"}],\"inLanguage\":\"cs\"}]}<\/script>\n<!-- \/ Yoast SEO plugin. -->","yoast_head_json":{"title":"Tepeln\u00e9 \u010derpadlo ZUBADAN vyt\u00e1p\u011bn\u00ed-chlazen\u00ed-hork\u00e1 voda, MITSUBISHI 14KW t\u0159\u00edf\u00e1zov\u00e9, PUHZ-SHW140YHA+ERST20C-VM2D+FTC6","description":"Order Tepeln\u00e9 \u010derpadlo ZUBADAN vyt\u00e1p\u011bn\u00ed-chlazen\u00ed-hork\u00e1 voda, MITSUBISHI 14KW t\u0159\u00edf\u00e1zov\u00e9, PUHZ-SHW140YHA+ERST20C-VM2D+FTC6 at a best price.","robots":{"index":"index","follow":"follow","max-snippet":"max-snippet:-1","max-image-preview":"max-image-preview:large","max-video-preview":"max-video-preview:-1"},"canonical":"https:\/\/fluterm.eu\/cs\/prod\/tepelne-cerpadlo-zubadan-vytapeni-chlazeni-horka-voda-mitsubishi-14kw-trifazove-puhz-shw140yhaerst20c-vm2dftc6\/","og_locale":"cs_CZ","og_type":"article","og_title":"Tepeln\u00e9 \u010derpadlo ZUBADAN vyt\u00e1p\u011bn\u00ed-chlazen\u00ed-hork\u00e1 voda, MITSUBISHI 14KW t\u0159\u00edf\u00e1zov\u00e9, PUHZ-SHW140YHA+ERST20C-VM2D+FTC6","og_description":"Order Tepeln\u00e9 \u010derpadlo ZUBADAN vyt\u00e1p\u011bn\u00ed-chlazen\u00ed-hork\u00e1 voda, MITSUBISHI 14KW t\u0159\u00edf\u00e1zov\u00e9, PUHZ-SHW140YHA+ERST20C-VM2D+FTC6 at a best price.","og_url":"https:\/\/fluterm.eu\/cs\/prod\/tepelne-cerpadlo-zubadan-vytapeni-chlazeni-horka-voda-mitsubishi-14kw-trifazove-puhz-shw140yhaerst20c-vm2dftc6\/","og_site_name":"fluterm.eu","og_image":[{"width":408,"height":472,"url":"https:\/\/fluterm.eu\/wp-content\/uploads\/2023\/07\/420463E3-4A49-4C5C-AAD5-004E8600FC5B-1.jpeg","type":"image\/jpeg"}],"twitter_card":"summary_large_image","twitter_misc":{"Odhadovan\u00e1 doba \u010dten\u00ed":"3 minuty"},"schema":{"@context":"https:\/\/schema.org","@graph":[{"@type":"WebPage","@id":"https:\/\/fluterm.eu\/cs\/prod\/tepelne-cerpadlo-zubadan-vytapeni-chlazeni-horka-voda-mitsubishi-14kw-trifazove-puhz-shw140yhaerst20c-vm2dftc6\/","url":"https:\/\/fluterm.eu\/cs\/prod\/tepelne-cerpadlo-zubadan-vytapeni-chlazeni-horka-voda-mitsubishi-14kw-trifazove-puhz-shw140yhaerst20c-vm2dftc6\/","name":"Tepeln\u00e9 \u010derpadlo ZUBADAN vyt\u00e1p\u011bn\u00ed-chlazen\u00ed-hork\u00e1 voda, MITSUBISHI 14KW t\u0159\u00edf\u00e1zov\u00e9, PUHZ-SHW140YHA+ERST20C-VM2D+FTC6","isPartOf":{"@id":"https:\/\/fluterm.eu\/#website"},"datePublished":"2023-07-12T18:27:49+00:00","dateModified":"2023-07-12T18:27:49+00:00","description":"Order Tepeln\u00e9 \u010derpadlo ZUBADAN vyt\u00e1p\u011bn\u00ed-chlazen\u00ed-hork\u00e1 voda, MITSUBISHI 14KW t\u0159\u00edf\u00e1zov\u00e9, PUHZ-SHW140YHA+ERST20C-VM2D+FTC6 at a best price.","breadcrumb":{"@id":"https:\/\/fluterm.eu\/cs\/prod\/tepelne-cerpadlo-zubadan-vytapeni-chlazeni-horka-voda-mitsubishi-14kw-trifazove-puhz-shw140yhaerst20c-vm2dftc6\/#breadcrumb"},"inLanguage":"cs","potentialAction":[{"@type":"ReadAction","target":["https:\/\/fluterm.eu\/cs\/prod\/tepelne-cerpadlo-zubadan-vytapeni-chlazeni-horka-voda-mitsubishi-14kw-trifazove-puhz-shw140yhaerst20c-vm2dftc6\/"]}]},{"@type":"BreadcrumbList","@id":"https:\/\/fluterm.eu\/cs\/prod\/tepelne-cerpadlo-zubadan-vytapeni-chlazeni-horka-voda-mitsubishi-14kw-trifazove-puhz-shw140yhaerst20c-vm2dftc6\/#breadcrumb","itemListElement":[{"@type":"ListItem","position":1,"name":"Home","item":"https:\/\/fluterm.eu\/cs\/obchod\/"},{"@type":"ListItem","position":2,"name":"Obchod","item":"https:\/\/fluterm.eu\/cs\/obchod\/"},{"@type":"ListItem","position":3,"name":"Tepeln\u00e9 \u010derpadlo ZUBADAN vyt\u00e1p\u011bn\u00ed-chlazen\u00ed-hork\u00e1 voda, MITSUBISHI 14KW t\u0159\u00edf\u00e1zov\u00e9, PUHZ-SHW140YHA+ERST20C-VM2D+FTC6"}]},{"@type":"WebSite","@id":"https:\/\/fluterm.eu\/#website","url":"https:\/\/fluterm.eu\/","name":"fluterm.eu","description":"","potentialAction":[{"@type":"SearchAction","target":{"@type":"EntryPoint","urlTemplate":"https:\/\/fluterm.eu\/?s={search_term_string}"},"query-input":"required name=search_term_string"}],"inLanguage":"cs"}]}},"_links":{"self":[{"href":"https:\/\/fluterm.eu\/cs\/wp-json\/wp\/v2\/product\/15261","targetHints":{"allow":["GET"]}}],"collection":[{"href":"https:\/\/fluterm.eu\/cs\/wp-json\/wp\/v2\/product"}],"about":[{"href":"https:\/\/fluterm.eu\/cs\/wp-json\/wp\/v2\/types\/product"}],"replies":[{"embeddable":true,"href":"https:\/\/fluterm.eu\/cs\/wp-json\/wp\/v2\/comments?post=15261"}],"version-history":[{"count":0,"href":"https:\/\/fluterm.eu\/cs\/wp-json\/wp\/v2\/product\/15261\/revisions"}],"wp:featuredmedia":[{"embeddable":true,"href":"https:\/\/fluterm.eu\/cs\/wp-json\/wp\/v2\/media\/12834"}],"wp:attachment":[{"href":"https:\/\/fluterm.eu\/cs\/wp-json\/wp\/v2\/media?parent=15261"}],"wp:term":[{"taxonomy":"product_cat","embeddable":true,"href":"https:\/\/fluterm.eu\/cs\/wp-json\/wp\/v2\/product_cat?post=15261"},{"taxonomy":"product_tag","embeddable":true,"href":"https:\/\/fluterm.eu\/cs\/wp-json\/wp\/v2\/product_tag?post=15261"}],"curies":[{"name":"wp","href":"https:\/\/api.w.org\/{rel}","templated":true}]}}