{"id":15498,"date":"2023-06-10T14:51:29","date_gmt":"2023-06-10T11:51:29","guid":{"rendered":"https:\/\/fluterm.eu\/prod\/balicek-podlahoveho-vytapeni-100m2\/"},"modified":"2023-06-10T14:51:29","modified_gmt":"2023-06-10T11:51:29","slug":"underfloor-heating-package-120-140-m2","status":"publish","type":"product","link":"https:\/\/fluterm.eu\/cs\/prod\/underfloor-heating-package-120-140-m2\/","title":{"rendered":"Bal\u00ed\u010dek podlahov\u00e9ho vyt\u00e1p\u011bn\u00ed 100m2"},"content":{"rendered":"<div>Vytvo\u0159en\u00ed dokonal\u00e9ho syst\u00e9mu podlahov\u00e9ho vyt\u00e1p\u011bn\u00ed pro v\u00e1\u0161 domov nebo komer\u010dn\u00ed prostory je s na\u0161\u00edm kompletn\u00edm syst\u00e9mem teplovodn\u00edho podlahov\u00e9ho vyt\u00e1p\u011bn\u00ed jen kr\u016f\u010dek. S dostate\u010dnou d\u00e9lkou potrub\u00ed pro pokryt\u00ed 100 m\u00b2 m\u00e1 v\u0161echny vysoce kvalitn\u00ed v\u00fdrobky a d\u00edly, kter\u00e9 byste o\u010dek\u00e1vali.<\/div>\n<div><\/div>\n<p>Instalace syst\u00e9mu podlahov\u00e9ho vyt\u00e1p\u011bn\u00ed Pipe &amp; Clip je jednoduch\u00e1, potrub\u00ed Pex se p\u0159ipevn\u00ed k izola\u010dn\u00ed vrstv\u011b p\u0159ed nanesen\u00edm st\u011brky nebo tekut\u00e9ho pot\u011bru.<\/p>\n<div>V\u017edy doporu\u010dujeme potrub\u00ed p\u0159esn\u011b na\u0159\u00edznout a vystru\u017eit, aby bylo zaji\u0161t\u011bno dobr\u00e9 spojen\u00ed s tvarovkami a nedoch\u00e1zelo k net\u011bsnostem.<\/div>\n<div><\/div>\n<div><b>Topn\u00e1 souprava &#8211; 100,0m\u00b2:<\/b><\/div>\n<div><\/div>\n<div>\n<ul>\n<li>800 metr\u016f 16mm potrub\u00ed do\u017eivotn\u00ed z\u00e1ruka<\/li>\n<li>N\u00edzkoenergetick\u00e9 bio amg \u010derpadlo s ozna\u010den\u00edm &#8222;A&#8220; a automatick\u00fd mixovac\u00ed ventil Thermomix<\/li>\n<li>Rozd\u011blova\u010d s 10 porty &#8211; vysoce kvalitn\u00ed poniklovan\u00e1 mosaz se sestavou rozd\u011blova\u010de dualmix<\/li>\n<li>2 x ventily pro vypou\u0161t\u011bn\u00ed\/pln\u011bn\u00ed vody<\/li>\n<li>2 x kulov\u00e9 ventily teplom\u011bru<\/li>\n<li>2 x automatick\u00e9 odvzdu\u0161\u0148ovac\u00ed ventily<\/li>\n<li>20 x 16mm trubkov\u00e9 spojky (Eurocone)<\/li>\n<li>3000 vysoce p\u0159ilnav\u00e9 spony na trubky<\/li>\n<li>750 Izolace hran<\/li>\n<li>hlin\u00edkov\u00e1 f\u00f3lie 100m2<\/li>\n<\/ul>\n<p>Pokryt\u00ed podlahy: 100,0 m\u00b2 &#8211; 120,0 m\u00b2<br \/>\n&#8211; 100,0 m\u00b2 p\u0159i rozte\u010di 100 mm pro oblasti s vysok\u00fdmi tepeln\u00fdmi ztr\u00e1tami (zimn\u00ed zahrady)<br \/>\n&#8211; 120,0 m\u00b2 p\u0159i rozte\u010di 200 mm pro prim\u00e1rn\u00ed vyt\u00e1p\u011bn\u00ed (ob\u00fdvac\u00ed pokoj, koupelna, lo\u017enice)<\/p>\n<\/div>\n","protected":false},"excerpt":{"rendered":"<p>Vytvo\u0159en\u00ed dokonal\u00e9ho syst\u00e9mu podlahov\u00e9ho vyt\u00e1p\u011bn\u00ed pro v\u00e1\u0161 domov nebo komer\u010dn\u00ed prostory je s na\u0161\u00edm kompletn\u00edm syst\u00e9mem teplovodn\u00edho podlahov\u00e9ho vyt\u00e1p\u011bn\u00ed jen kr\u016f\u010dek. S dostate\u010dnou d\u00e9lkou potrub\u00ed pro pokryt\u00ed 100 m\u00b2 m\u00e1 v\u0161echny vysoce kvalitn\u00ed v\u00fdrobky a d\u00edly, kter\u00e9 byste o\u010dek\u00e1vali. Instalace syst\u00e9mu podlahov\u00e9ho vyt\u00e1p\u011bn\u00ed Pipe &amp; Clip je jednoduch\u00e1, potrub\u00ed Pex se p\u0159ipevn\u00ed k izola\u010dn\u00ed vrstv\u011b&hellip;<\/p>\n","protected":false},"featured_media":4328,"comment_status":"open","ping_status":"closed","template":"","meta":[],"product_cat":[885],"product_tag":[],"class_list":{"0":"post-15498","1":"product","2":"type-product","3":"status-publish","4":"has-post-thumbnail","6":"product_cat-kompletni-balicky-podlahoveho-vytapeni","8":"first","9":"instock","10":"sale","11":"taxable","12":"shipping-taxable","13":"purchasable","14":"product-type-simple","15":"col-xs-6 col-sm-4","16":"col-md-4 col-lg-4","17":"un-3-cols"},"acf":[],"yoast_head":"<!-- This site is optimized with the Yoast SEO plugin v21.2 - https:\/\/yoast.com\/wordpress\/plugins\/seo\/ -->\n<title>Bal\u00ed\u010dek podlahov\u00e9ho vyt\u00e1p\u011bn\u00ed 100m2<\/title>\n<meta name=\"description\" content=\"Order Bal\u00ed\u010dek podlahov\u00e9ho vyt\u00e1p\u011bn\u00ed 100m2 at a best price.\" \/>\n<meta name=\"robots\" content=\"index, follow, max-snippet:-1, max-image-preview:large, max-video-preview:-1\" \/>\n<link rel=\"canonical\" href=\"https:\/\/fluterm.eu\/cs\/prod\/balicek-podlahoveho-vytapeni-100m2\/\" \/>\n<meta property=\"og:locale\" content=\"cs_CZ\" \/>\n<meta property=\"og:type\" content=\"article\" \/>\n<meta property=\"og:title\" content=\"Bal\u00ed\u010dek podlahov\u00e9ho vyt\u00e1p\u011bn\u00ed 100m2\" \/>\n<meta property=\"og:description\" content=\"Order Bal\u00ed\u010dek podlahov\u00e9ho vyt\u00e1p\u011bn\u00ed 100m2 at a best price.\" \/>\n<meta property=\"og:url\" content=\"https:\/\/fluterm.eu\/cs\/prod\/balicek-podlahoveho-vytapeni-100m2\/\" \/>\n<meta property=\"og:site_name\" content=\"fluterm.eu\" \/>\n<meta property=\"og:image\" content=\"https:\/\/fluterm.eu\/wp-content\/uploads\/2023\/06\/61C3F3E1-9C0D-4E2C-947E-EA55D85A60BC-1.jpeg\" \/>\n\t<meta property=\"og:image:width\" content=\"1150\" \/>\n\t<meta property=\"og:image:height\" content=\"2048\" \/>\n\t<meta property=\"og:image:type\" content=\"image\/jpeg\" \/>\n<meta name=\"twitter:card\" content=\"summary_large_image\" \/>\n<meta name=\"twitter:label1\" content=\"Odhadovan\u00e1 doba \u010dten\u00ed\" \/>\n\t<meta name=\"twitter:data1\" content=\"1 minuta\" \/>\n<script type=\"application\/ld+json\" class=\"yoast-schema-graph\">{\"@context\":\"https:\/\/schema.org\",\"@graph\":[{\"@type\":\"WebPage\",\"@id\":\"https:\/\/fluterm.eu\/cs\/prod\/balicek-podlahoveho-vytapeni-100m2\/\",\"url\":\"https:\/\/fluterm.eu\/cs\/prod\/balicek-podlahoveho-vytapeni-100m2\/\",\"name\":\"Bal\u00ed\u010dek podlahov\u00e9ho vyt\u00e1p\u011bn\u00ed 100m2\",\"isPartOf\":{\"@id\":\"https:\/\/fluterm.eu\/#website\"},\"datePublished\":\"2023-06-10T11:51:29+00:00\",\"dateModified\":\"2023-06-10T11:51:29+00:00\",\"description\":\"Order Bal\u00ed\u010dek podlahov\u00e9ho vyt\u00e1p\u011bn\u00ed 100m2 at a best price.\",\"breadcrumb\":{\"@id\":\"https:\/\/fluterm.eu\/cs\/prod\/balicek-podlahoveho-vytapeni-100m2\/#breadcrumb\"},\"inLanguage\":\"cs\",\"potentialAction\":[{\"@type\":\"ReadAction\",\"target\":[\"https:\/\/fluterm.eu\/cs\/prod\/balicek-podlahoveho-vytapeni-100m2\/\"]}]},{\"@type\":\"BreadcrumbList\",\"@id\":\"https:\/\/fluterm.eu\/cs\/prod\/balicek-podlahoveho-vytapeni-100m2\/#breadcrumb\",\"itemListElement\":[{\"@type\":\"ListItem\",\"position\":1,\"name\":\"Home\",\"item\":\"https:\/\/fluterm.eu\/cs\/obchod\/\"},{\"@type\":\"ListItem\",\"position\":2,\"name\":\"Obchod\",\"item\":\"https:\/\/fluterm.eu\/cs\/obchod\/\"},{\"@type\":\"ListItem\",\"position\":3,\"name\":\"Bal\u00ed\u010dek podlahov\u00e9ho vyt\u00e1p\u011bn\u00ed 100m2\"}]},{\"@type\":\"WebSite\",\"@id\":\"https:\/\/fluterm.eu\/#website\",\"url\":\"https:\/\/fluterm.eu\/\",\"name\":\"fluterm.eu\",\"description\":\"\",\"potentialAction\":[{\"@type\":\"SearchAction\",\"target\":{\"@type\":\"EntryPoint\",\"urlTemplate\":\"https:\/\/fluterm.eu\/?s={search_term_string}\"},\"query-input\":\"required name=search_term_string\"}],\"inLanguage\":\"cs\"}]}<\/script>\n<!-- \/ Yoast SEO plugin. -->","yoast_head_json":{"title":"Bal\u00ed\u010dek podlahov\u00e9ho vyt\u00e1p\u011bn\u00ed 100m2","description":"Order Bal\u00ed\u010dek podlahov\u00e9ho vyt\u00e1p\u011bn\u00ed 100m2 at a best price.","robots":{"index":"index","follow":"follow","max-snippet":"max-snippet:-1","max-image-preview":"max-image-preview:large","max-video-preview":"max-video-preview:-1"},"canonical":"https:\/\/fluterm.eu\/cs\/prod\/balicek-podlahoveho-vytapeni-100m2\/","og_locale":"cs_CZ","og_type":"article","og_title":"Bal\u00ed\u010dek podlahov\u00e9ho vyt\u00e1p\u011bn\u00ed 100m2","og_description":"Order Bal\u00ed\u010dek podlahov\u00e9ho vyt\u00e1p\u011bn\u00ed 100m2 at a best price.","og_url":"https:\/\/fluterm.eu\/cs\/prod\/balicek-podlahoveho-vytapeni-100m2\/","og_site_name":"fluterm.eu","og_image":[{"width":1150,"height":2048,"url":"https:\/\/fluterm.eu\/wp-content\/uploads\/2023\/06\/61C3F3E1-9C0D-4E2C-947E-EA55D85A60BC-1.jpeg","type":"image\/jpeg"}],"twitter_card":"summary_large_image","twitter_misc":{"Odhadovan\u00e1 doba \u010dten\u00ed":"1 minuta"},"schema":{"@context":"https:\/\/schema.org","@graph":[{"@type":"WebPage","@id":"https:\/\/fluterm.eu\/cs\/prod\/balicek-podlahoveho-vytapeni-100m2\/","url":"https:\/\/fluterm.eu\/cs\/prod\/balicek-podlahoveho-vytapeni-100m2\/","name":"Bal\u00ed\u010dek podlahov\u00e9ho vyt\u00e1p\u011bn\u00ed 100m2","isPartOf":{"@id":"https:\/\/fluterm.eu\/#website"},"datePublished":"2023-06-10T11:51:29+00:00","dateModified":"2023-06-10T11:51:29+00:00","description":"Order Bal\u00ed\u010dek podlahov\u00e9ho vyt\u00e1p\u011bn\u00ed 100m2 at a best price.","breadcrumb":{"@id":"https:\/\/fluterm.eu\/cs\/prod\/balicek-podlahoveho-vytapeni-100m2\/#breadcrumb"},"inLanguage":"cs","potentialAction":[{"@type":"ReadAction","target":["https:\/\/fluterm.eu\/cs\/prod\/balicek-podlahoveho-vytapeni-100m2\/"]}]},{"@type":"BreadcrumbList","@id":"https:\/\/fluterm.eu\/cs\/prod\/balicek-podlahoveho-vytapeni-100m2\/#breadcrumb","itemListElement":[{"@type":"ListItem","position":1,"name":"Home","item":"https:\/\/fluterm.eu\/cs\/obchod\/"},{"@type":"ListItem","position":2,"name":"Obchod","item":"https:\/\/fluterm.eu\/cs\/obchod\/"},{"@type":"ListItem","position":3,"name":"Bal\u00ed\u010dek podlahov\u00e9ho vyt\u00e1p\u011bn\u00ed 100m2"}]},{"@type":"WebSite","@id":"https:\/\/fluterm.eu\/#website","url":"https:\/\/fluterm.eu\/","name":"fluterm.eu","description":"","potentialAction":[{"@type":"SearchAction","target":{"@type":"EntryPoint","urlTemplate":"https:\/\/fluterm.eu\/?s={search_term_string}"},"query-input":"required name=search_term_string"}],"inLanguage":"cs"}]}},"_links":{"self":[{"href":"https:\/\/fluterm.eu\/cs\/wp-json\/wp\/v2\/product\/15498","targetHints":{"allow":["GET"]}}],"collection":[{"href":"https:\/\/fluterm.eu\/cs\/wp-json\/wp\/v2\/product"}],"about":[{"href":"https:\/\/fluterm.eu\/cs\/wp-json\/wp\/v2\/types\/product"}],"replies":[{"embeddable":true,"href":"https:\/\/fluterm.eu\/cs\/wp-json\/wp\/v2\/comments?post=15498"}],"version-history":[{"count":0,"href":"https:\/\/fluterm.eu\/cs\/wp-json\/wp\/v2\/product\/15498\/revisions"}],"wp:featuredmedia":[{"embeddable":true,"href":"https:\/\/fluterm.eu\/cs\/wp-json\/wp\/v2\/media\/4328"}],"wp:attachment":[{"href":"https:\/\/fluterm.eu\/cs\/wp-json\/wp\/v2\/media?parent=15498"}],"wp:term":[{"taxonomy":"product_cat","embeddable":true,"href":"https:\/\/fluterm.eu\/cs\/wp-json\/wp\/v2\/product_cat?post=15498"},{"taxonomy":"product_tag","embeddable":true,"href":"https:\/\/fluterm.eu\/cs\/wp-json\/wp\/v2\/product_tag?post=15498"}],"curies":[{"name":"wp","href":"https:\/\/api.w.org\/{rel}","templated":true}]}}