{"id":9026,"date":"2023-09-03T15:24:40","date_gmt":"2023-09-03T12:24:40","guid":{"rendered":"https:\/\/fluterm.eu\/prod\/baterie-growatt-ark-2-5l-a1-spf\/"},"modified":"2023-09-07T13:52:11","modified_gmt":"2023-09-07T10:52:11","slug":"baterie-growatt-ark-2-5l-a1-spf","status":"publish","type":"product","link":"https:\/\/fluterm.eu\/cs\/prod\/baterie-growatt-ark-2-5l-a1-spf\/","title":{"rendered":"BATERIE GROWATT ARK-2.5L-A1 SPF"},"content":{"rendered":"<div class=\"widget widget-tab container mx-auto nopa\">\n<div class=\"widget-inner\">\n<div class=\"tab-content\">\n<div class=\"tab-pane pr-0 pl-0 active\" role=\"tabpanel\">\n<div class=\"my-4\" data-builder-child-container=\"630dee388da9b\">\n<div class=\"widget widget-text widget-none producertag h6 producer text-muted mt-0 mb-3\">\n<div class=\"widget-inner bg-appearance pt-0 pr-0 pb-0 pl-0\">\n<p><img decoding=\"async\" src=\"https:\/\/cdn02.plentymarkets.com\/kmyhaikn11xq\/frontend\/ebay-actec\/GROWATT.png\"><\/p>\n<\/div>\n<\/div>\n<div class=\"widget widget-text widget-none mt-0 mr-0 mb-5 ml-0\">\n<div class=\"widget-inner bg-appearance pt-0 pr-0 pb-0 pl-0\">\n<h2><span>Baterie Growatt ARK-2.5L-A1 SPF<\/span><\/h2>\n<p><span>Bezkobaltov\u00e9 lithiov\u00e9 moduly s technologi\u00ed LiFePO4! B\u011bhem dne m\u016f\u017eete pohodln\u011b vyu\u017e\u00edvat elekt\u0159inu vyrobenou vlastn\u00edmi silami ze sol\u00e1rn\u00edho syst\u00e9mu. Ale co kdy\u017e se setm\u00ed nebo vyrob\u00edte v\u00edce elekt\u0159iny, ne\u017e pot\u0159ebujete? Nebo chcete \u017e\u00edt co nej\u00fasporn\u011bji? V tomto p\u0159\u00edpad\u011b p\u0159ich\u00e1z\u00ed v \u00favahu ukl\u00e1d\u00e1n\u00ed energie. \u00dalo\u017en\u00e9 moduly Growatt ARK LV se snadno instaluj\u00ed d\u00edky jednoduch\u00e9mu principu plug &amp; play a lze je kdykoli roz\u0161\u00ed\u0159it a\u017e na deset modul\u016f, tj. a\u017e na kapacitu 25,64 kWh. Pomoc\u00ed tohoto \u00falo\u017ei\u0161t\u011b energie m\u016f\u017eete vyu\u017e\u00edvat vyrobenou sol\u00e1rn\u00ed energii i v noci nebo p\u0159i zata\u017een\u00e9 obloze a z\u00edskat tak je\u0161t\u011b v\u011bt\u0161\u00ed nez\u00e1vislost.<\/span><\/p>\n<p><strong><span>Z\u00e1sobn\u00edk energie Growatt ARK 2,5L<\/span><\/strong><\/p>\n<p><strong><span>V\u00fdhody:<\/span><\/strong><\/p>\n<ul>\n<li><span>vy\u0161\u0161\u00ed hustota energie<\/span><\/li>\n<li><span>n\u00edzk\u00e9 samovyb\u00edjen\u00ed p\u0159i dlouhodob\u00e9m skladov\u00e1n\u00ed<\/span><\/li>\n<li><span>vysok\u00e9 nap\u011bt\u00ed \u010dl\u00e1nk\u016f<\/span><\/li>\n<li><span>Del\u0161\u00ed \u017eivotnost ne\u017e tradi\u010dn\u00ed \u00falo\u017ei\u0161t\u011b<\/span><\/li>\n<li><span>\u0161irok\u00fd rozsah teplot pro skladov\u00e1n\u00ed a provoz<\/span><\/li>\n<li><span>u\u017eivatelsky p\u0159\u00edv\u011btiv\u00e1 madla pro p\u0159en\u00e1\u0161en\u00ed<\/span><\/li>\n<li><span>vysok\u00e1 provozn\u00ed spolehlivost<\/span><\/li>\n<li><span>vysok\u00fd nab\u00edjec\u00ed a vyb\u00edjec\u00ed v\u00fdkon<\/span><\/li>\n<li><span>vyu\u017eiteln\u00e1 kapacita 2304 Wh (90%DOD)<\/span><\/li>\n<\/ul>\n<p><strong><span>Oblasti pou\u017eit\u00ed:<\/span><\/strong><\/p>\n<ul>\n<li><span>nouzov\u00e9 nap\u00e1jen\u00ed<\/span><\/li>\n<li><span>pro sol\u00e1rn\u00ed provoz a pou\u017eit\u00ed st\u0159\u00edda\u010d\u016f<\/span><\/li>\n<li><span>pro fotovoltaick\u00e9 syst\u00e9my a autonomn\u00ed syst\u00e9my.<\/span><\/li>\n<li><span>pro zdroje nep\u0159eru\u0161iteln\u00e9ho nap\u00e1jen\u00ed (UPS)<\/span><\/li>\n<li><span>univerz\u00e1ln\u00ed instalace a optim\u00e1ln\u00ed hospod\u00e1rnost<\/span><\/li>\n<\/ul>\n<\/div>\n<\/div>\n<\/div>\n<\/div>\n<\/div>\n<\/div>\n<\/div>\n<div class=\"widget widget-grid widget-two-col row\">\n<div class=\"widget-inner col-xl-6 widget-prop-xl-3-1 col-lg-6 widget-prop-lg-3-1 col-md-6 widget-prop-md-3-1 col-sm-12 widget-prop-sm-3-1 widget-stacked-mobile col-12 widget-prop-3-1 widget-stacked-mobile\">\n<div><\/div>\n<\/div>\n<div class=\"widget-inner col-xl-6 widget-prop-xl-3-1 col-lg-6 widget-prop-lg-3-1 col-md-6 widget-prop-md-3-1 col-sm-12 widget-prop-sm-3-1 col-12 widget-prop-3-1\">\n<div><\/div>\n<\/div>\n<\/div>\n<div class=\"widget widget-text widget-none mt-5\">\n<div class=\"widget-inner bg-appearance pt-0 pr-0 pb-0 pl-0\"><\/div>\n<\/div>\n","protected":false},"excerpt":{"rendered":"<p>Baterie Growatt ARK-2.5L-A1 SPF Bezkobaltov\u00e9 lithiov\u00e9 moduly s technologi\u00ed LiFePO4! B\u011bhem dne m\u016f\u017eete pohodln\u011b vyu\u017e\u00edvat elekt\u0159inu vyrobenou vlastn\u00edmi silami ze sol\u00e1rn\u00edho syst\u00e9mu. Ale co kdy\u017e se setm\u00ed nebo vyrob\u00edte v\u00edce elekt\u0159iny, ne\u017e pot\u0159ebujete? Nebo chcete \u017e\u00edt co nej\u00fasporn\u011bji? V tomto p\u0159\u00edpad\u011b p\u0159ich\u00e1z\u00ed v \u00favahu ukl\u00e1d\u00e1n\u00ed energie. \u00dalo\u017en\u00e9 moduly Growatt ARK LV se snadno instaluj\u00ed d\u00edky&hellip;<\/p>\n","protected":false},"featured_media":9031,"comment_status":"open","ping_status":"closed","template":"","meta":[],"product_cat":[767],"product_tag":[],"class_list":{"0":"post-9026","1":"product","2":"type-product","3":"status-publish","4":"has-post-thumbnail","6":"product_cat-fotovoltaicke-sady","8":"first","9":"instock","10":"taxable","11":"shipping-taxable","12":"purchasable","13":"product-type-simple","14":"col-xs-6 col-sm-4","15":"col-md-4 col-lg-4","16":"un-3-cols"},"acf":[],"yoast_head":"<!-- This site is optimized with the Yoast SEO plugin v21.2 - https:\/\/yoast.com\/wordpress\/plugins\/seo\/ -->\n<title>BATERIE GROWATT ARK-2.5L-A1 SPF<\/title>\n<meta name=\"description\" content=\"Order BATERIE GROWATT ARK-2.5L-A1 SPF at a best price.\" \/>\n<meta name=\"robots\" content=\"index, follow, max-snippet:-1, max-image-preview:large, max-video-preview:-1\" \/>\n<link rel=\"canonical\" href=\"https:\/\/fluterm.eu\/cs\/prod\/baterie-growatt-ark-2-5l-a1-spf\/\" \/>\n<meta property=\"og:locale\" content=\"cs_CZ\" \/>\n<meta property=\"og:type\" content=\"article\" \/>\n<meta property=\"og:title\" content=\"BATERIE GROWATT ARK-2.5L-A1 SPF\" \/>\n<meta property=\"og:description\" content=\"Order BATERIE GROWATT ARK-2.5L-A1 SPF at a best price.\" \/>\n<meta property=\"og:url\" content=\"https:\/\/fluterm.eu\/cs\/prod\/baterie-growatt-ark-2-5l-a1-spf\/\" \/>\n<meta property=\"og:site_name\" content=\"fluterm.eu\" \/>\n<meta property=\"article:modified_time\" content=\"2023-09-07T10:52:11+00:00\" \/>\n<meta property=\"og:image\" content=\"https:\/\/fluterm.eu\/wp-content\/uploads\/2023\/09\/Ark-2-5L-A1-01.jpeg\" \/>\n\t<meta property=\"og:image:width\" content=\"800\" \/>\n\t<meta property=\"og:image:height\" content=\"514\" \/>\n\t<meta property=\"og:image:type\" content=\"image\/jpeg\" \/>\n<meta name=\"twitter:card\" content=\"summary_large_image\" \/>\n<meta name=\"twitter:label1\" content=\"Odhadovan\u00e1 doba \u010dten\u00ed\" \/>\n\t<meta name=\"twitter:data1\" content=\"1 minuta\" \/>\n<script type=\"application\/ld+json\" class=\"yoast-schema-graph\">{\"@context\":\"https:\/\/schema.org\",\"@graph\":[{\"@type\":\"WebPage\",\"@id\":\"https:\/\/fluterm.eu\/cs\/prod\/baterie-growatt-ark-2-5l-a1-spf\/\",\"url\":\"https:\/\/fluterm.eu\/cs\/prod\/baterie-growatt-ark-2-5l-a1-spf\/\",\"name\":\"BATERIE GROWATT ARK-2.5L-A1 SPF\",\"isPartOf\":{\"@id\":\"https:\/\/fluterm.eu\/#website\"},\"datePublished\":\"2023-09-03T12:24:40+00:00\",\"dateModified\":\"2023-09-07T10:52:11+00:00\",\"description\":\"Order BATERIE GROWATT ARK-2.5L-A1 SPF at a best price.\",\"breadcrumb\":{\"@id\":\"https:\/\/fluterm.eu\/cs\/prod\/baterie-growatt-ark-2-5l-a1-spf\/#breadcrumb\"},\"inLanguage\":\"cs\",\"potentialAction\":[{\"@type\":\"ReadAction\",\"target\":[\"https:\/\/fluterm.eu\/cs\/prod\/baterie-growatt-ark-2-5l-a1-spf\/\"]}]},{\"@type\":\"BreadcrumbList\",\"@id\":\"https:\/\/fluterm.eu\/cs\/prod\/baterie-growatt-ark-2-5l-a1-spf\/#breadcrumb\",\"itemListElement\":[{\"@type\":\"ListItem\",\"position\":1,\"name\":\"Home\",\"item\":\"https:\/\/fluterm.eu\/cs\/obchod\/\"},{\"@type\":\"ListItem\",\"position\":2,\"name\":\"Obchod\",\"item\":\"https:\/\/fluterm.eu\/cs\/obchod\/\"},{\"@type\":\"ListItem\",\"position\":3,\"name\":\"BATERIE GROWATT ARK-2.5L-A1 SPF\"}]},{\"@type\":\"WebSite\",\"@id\":\"https:\/\/fluterm.eu\/#website\",\"url\":\"https:\/\/fluterm.eu\/\",\"name\":\"fluterm.eu\",\"description\":\"\",\"potentialAction\":[{\"@type\":\"SearchAction\",\"target\":{\"@type\":\"EntryPoint\",\"urlTemplate\":\"https:\/\/fluterm.eu\/?s={search_term_string}\"},\"query-input\":\"required name=search_term_string\"}],\"inLanguage\":\"cs\"}]}<\/script>\n<!-- \/ Yoast SEO plugin. -->","yoast_head_json":{"title":"BATERIE GROWATT ARK-2.5L-A1 SPF","description":"Order BATERIE GROWATT ARK-2.5L-A1 SPF at a best price.","robots":{"index":"index","follow":"follow","max-snippet":"max-snippet:-1","max-image-preview":"max-image-preview:large","max-video-preview":"max-video-preview:-1"},"canonical":"https:\/\/fluterm.eu\/cs\/prod\/baterie-growatt-ark-2-5l-a1-spf\/","og_locale":"cs_CZ","og_type":"article","og_title":"BATERIE GROWATT ARK-2.5L-A1 SPF","og_description":"Order BATERIE GROWATT ARK-2.5L-A1 SPF at a best price.","og_url":"https:\/\/fluterm.eu\/cs\/prod\/baterie-growatt-ark-2-5l-a1-spf\/","og_site_name":"fluterm.eu","article_modified_time":"2023-09-07T10:52:11+00:00","og_image":[{"width":800,"height":514,"url":"https:\/\/fluterm.eu\/wp-content\/uploads\/2023\/09\/Ark-2-5L-A1-01.jpeg","type":"image\/jpeg"}],"twitter_card":"summary_large_image","twitter_misc":{"Odhadovan\u00e1 doba \u010dten\u00ed":"1 minuta"},"schema":{"@context":"https:\/\/schema.org","@graph":[{"@type":"WebPage","@id":"https:\/\/fluterm.eu\/cs\/prod\/baterie-growatt-ark-2-5l-a1-spf\/","url":"https:\/\/fluterm.eu\/cs\/prod\/baterie-growatt-ark-2-5l-a1-spf\/","name":"BATERIE GROWATT ARK-2.5L-A1 SPF","isPartOf":{"@id":"https:\/\/fluterm.eu\/#website"},"datePublished":"2023-09-03T12:24:40+00:00","dateModified":"2023-09-07T10:52:11+00:00","description":"Order BATERIE GROWATT ARK-2.5L-A1 SPF at a best price.","breadcrumb":{"@id":"https:\/\/fluterm.eu\/cs\/prod\/baterie-growatt-ark-2-5l-a1-spf\/#breadcrumb"},"inLanguage":"cs","potentialAction":[{"@type":"ReadAction","target":["https:\/\/fluterm.eu\/cs\/prod\/baterie-growatt-ark-2-5l-a1-spf\/"]}]},{"@type":"BreadcrumbList","@id":"https:\/\/fluterm.eu\/cs\/prod\/baterie-growatt-ark-2-5l-a1-spf\/#breadcrumb","itemListElement":[{"@type":"ListItem","position":1,"name":"Home","item":"https:\/\/fluterm.eu\/cs\/obchod\/"},{"@type":"ListItem","position":2,"name":"Obchod","item":"https:\/\/fluterm.eu\/cs\/obchod\/"},{"@type":"ListItem","position":3,"name":"BATERIE GROWATT ARK-2.5L-A1 SPF"}]},{"@type":"WebSite","@id":"https:\/\/fluterm.eu\/#website","url":"https:\/\/fluterm.eu\/","name":"fluterm.eu","description":"","potentialAction":[{"@type":"SearchAction","target":{"@type":"EntryPoint","urlTemplate":"https:\/\/fluterm.eu\/?s={search_term_string}"},"query-input":"required name=search_term_string"}],"inLanguage":"cs"}]}},"_links":{"self":[{"href":"https:\/\/fluterm.eu\/cs\/wp-json\/wp\/v2\/product\/9026","targetHints":{"allow":["GET"]}}],"collection":[{"href":"https:\/\/fluterm.eu\/cs\/wp-json\/wp\/v2\/product"}],"about":[{"href":"https:\/\/fluterm.eu\/cs\/wp-json\/wp\/v2\/types\/product"}],"replies":[{"embeddable":true,"href":"https:\/\/fluterm.eu\/cs\/wp-json\/wp\/v2\/comments?post=9026"}],"version-history":[{"count":1,"href":"https:\/\/fluterm.eu\/cs\/wp-json\/wp\/v2\/product\/9026\/revisions"}],"predecessor-version":[{"id":13010,"href":"https:\/\/fluterm.eu\/cs\/wp-json\/wp\/v2\/product\/9026\/revisions\/13010"}],"wp:featuredmedia":[{"embeddable":true,"href":"https:\/\/fluterm.eu\/cs\/wp-json\/wp\/v2\/media\/9031"}],"wp:attachment":[{"href":"https:\/\/fluterm.eu\/cs\/wp-json\/wp\/v2\/media?parent=9026"}],"wp:term":[{"taxonomy":"product_cat","embeddable":true,"href":"https:\/\/fluterm.eu\/cs\/wp-json\/wp\/v2\/product_cat?post=9026"},{"taxonomy":"product_tag","embeddable":true,"href":"https:\/\/fluterm.eu\/cs\/wp-json\/wp\/v2\/product_tag?post=9026"}],"curies":[{"name":"wp","href":"https:\/\/api.w.org\/{rel}","templated":true}]}}