{"id":9135,"date":"2023-09-03T13:57:55","date_gmt":"2023-09-03T10:57:55","guid":{"rendered":"https:\/\/fluterm.eu\/prod\/growatt-sph6000tl3-bh-up-6kw-hybridni-stridac-se-solarnim-zasobnikem-o-kapacite-76-kwh\/"},"modified":"2023-09-07T13:52:11","modified_gmt":"2023-09-07T10:52:11","slug":"growatt-sph6000tl3-bh-up-6kw-hybridni-stridac-se-solarnim-zasobnikem-o-kapacite-76-kwh","status":"publish","type":"product","link":"https:\/\/fluterm.eu\/cs\/prod\/growatt-sph6000tl3-bh-up-6kw-hybridni-stridac-se-solarnim-zasobnikem-o-kapacite-76-kwh\/","title":{"rendered":"Growatt SPH6000TL3-BH-UP 6kW hybridn\u00ed st\u0159\u00edda\u010d se sol\u00e1rn\u00edm z\u00e1sobn\u00edkem o kapacit\u011b 7,6 kWh"},"content":{"rendered":"<div class=\"product-properties-description-title\">\n<h2>podrobnosti o produktu<\/h2>\n<\/div>\n<div class=\"product-detail-properties\">\n<div class=\"row product-detail-properties-container\">\n<div class=\"col-12\">\n<table class=\"table table-striped product-detail-properties-table\">\n<tbody>\n<tr class=\"properties-row clickable\" data-toggle=\"collapse\">\n<th class=\"properties-label\">Rozm\u011bry (Dx\u0160xV):<\/th>\n<td class=\"properties-value\">610x250x770 mm<\/td>\n<\/tr>\n<tr class=\"properties-row\">\n<th class=\"properties-label\">Roz\u0161i\u0159iteln\u00e9:<\/th>\n<td class=\"properties-value\">Ano<\/td>\n<\/tr>\n<tr class=\"properties-row\">\n<th class=\"properties-label\">Kapacita ve Wh:<\/th>\n<td class=\"properties-value\">7680<\/td>\n<\/tr>\n<tr class=\"properties-row\">\n<th class=\"properties-label\">V\u00fdkon ve W:<\/th>\n<td class=\"properties-value\">6000<\/td>\n<\/tr>\n<\/tbody>\n<\/table>\n<\/div>\n<\/div>\n<\/div>\n<div class=\"twt-product-detail-properties-info\">Informace podle v\u00fdrobce. S v\u00fdhradou chyb a zm\u011bn.<\/div>\n<div class=\"product-detail-description-text\">\n<h2>Growatt SPH6000TL3-BH-UP 6kW hybridn\u00ed st\u0159\u00edda\u010d se sol\u00e1rn\u00edm z\u00e1sobn\u00edkem o kapacit\u011b 7,6 kWh<\/h2>\n<p>Tyto produkty na v\u00e1s \u010dekaj\u00ed v tomto bal\u00ed\u010dku:<\/p>\n<ul>\n<li>1 Growatt SPH6000TL3-BH-UP 6kW sol\u00e1rn\u00ed hybridn\u00ed st\u0159\u00edda\u010d 3-f\u00e1zov\u00fd<\/li>\n<li>3 vysokonap\u011b\u0165ov\u00e9 baterie Growatt ARK 2.5H-A1 pro SPH a MOD<\/li>\n<li>1 Growatt Smart Meter TPM-E 3-f\u00e1zov\u00fd<\/li>\n<li>1 vysokonap\u011b\u0165ov\u00fd syst\u00e9m \u0159\u00edzen\u00ed bateri\u00ed Growatt HVC 60050-A1 pro syst\u00e9m ARK HV<\/li>\n<li>1 z\u00e1kladna Growatt ARK-2.5H-A1 pro vysokonap\u011b\u0165ov\u00e9 baterie<\/li>\n<li>1 sada vysokonap\u011b\u0165ov\u00fdch propojovac\u00edch kabel\u016f Growatt ARK-2.5H-A1 pro SPH<\/li>\n<li>1 Growatt Shine-Wifi-X WiFi stick<\/li>\n<\/ul>\n<h3>Takto zap\u016fsob\u00ed v\u00e1\u0161 nov\u00fd hybridn\u00ed st\u0159\u00edda\u010d.<\/h3>\n<p>Hybridn\u00ed st\u0159\u00edda\u010d Growatt SPH6000TL3-BH-UP zaji\u0161\u0165uje vy\u0161\u0161\u00ed vlastn\u00ed spot\u0159ebu sol\u00e1rn\u00ed energie a sni\u017euje va\u0161i z\u00e1vislost na elektrick\u00e9 s\u00edti. V\u00fdrobek m\u00e1 maxim\u00e1ln\u00ed v\u00fdstupn\u00ed v\u00fdkon 6 000 W. Evropsk\u00e1 \u00farove\u0148 \u00fa\u010dinnosti, a tedy i \u00fa\u010dinnost, je 97,3 %. V\u00fdrobek je vhodn\u00fd pro syst\u00e9m o maxim\u00e1ln\u00edm v\u00fdkonu 7,8 kWp. I kdy\u017e se v\u00e1\u0161 sol\u00e1rn\u00ed syst\u00e9m skl\u00e1d\u00e1 z ploch r\u016fzn\u00e9 tlou\u0161\u0165ky, jejich optim\u00e1ln\u00ed v\u00fdkon podporuj\u00ed 2 sledova\u010de MPP v za\u0159\u00edzen\u00ed SPH6000TL3-BH-UP.<\/p>\n<h3>ARK 7.6H: V\u00e1\u0161 nov\u00fd sol\u00e1rn\u00ed z\u00e1sobn\u00edk na prvn\u00ed pohled<\/h3>\n<p>P\u0159ilo\u017een\u00fd akumul\u00e1tor od spole\u010dnosti Growatt m\u00e1 kapacitu 7 680 Wh. Toto \u00falo\u017ei\u0161t\u011b se hod\u00ed k va\u0161emu sol\u00e1rn\u00edmu syst\u00e9mu. ARK 7.6H vyhovuje energetick\u00fdm pot\u0159eb\u00e1m \u010dty\u0159 osob v rodinn\u00e9m dom\u011b s elektromobilem nebo tepeln\u00fdm \u010derpadlem. Po\u010d\u00edt\u00e1 se s m\u00e9n\u011b ne\u017e 9 000 kWh za rok.<\/p>\n<h3>Rozhran\u00ed: Takto komunikuje va\u0161e sol\u00e1rn\u00ed souprava<\/h3>\n<p>Dostate\u010dn\u00fd po\u010det rozhran\u00ed zaji\u0161\u0165uje propojen\u00ed sol\u00e1rn\u00ed soupravy s jin\u00fdmi za\u0159\u00edzen\u00edmi. Svazek pracuje s t\u011bmito rozhran\u00edmi:<\/p>\n<ul>\n<li>RS232, RS485, CAN, USB, WLAN<\/li>\n<\/ul>\n<\/div>\n<div class=\"h4 twt-product-properties-description-title\">Technick\u00e9 \u00fadaje<\/div>\n<div class=\"product-detail-properties\">\n<div class=\"row product-detail-properties-container\">\n<div class=\"col-12\">\n<table class=\"table table-striped product-detail-properties-table\">\n<tbody>\n<tr class=\"properties-row\">\n<th class=\"properties-label\">Po\u010det MPPT:<\/th>\n<td class=\"properties-value\">2<\/td>\n<\/tr>\n<tr class=\"properties-row\">\n<th class=\"properties-label\">Roz\u0161i\u0159iteln\u00e9:<\/th>\n<td class=\"properties-value\">Ano<\/td>\n<\/tr>\n<tr class=\"properties-row\">\n<th class=\"properties-label\">Kapacita ve Wh:<\/th>\n<td class=\"properties-value\">7680<\/td>\n<\/tr>\n<tr class=\"properties-row\">\n<th class=\"properties-label\">V\u00fdkon ve W:<\/th>\n<td class=\"properties-value\">6000<\/td>\n<\/tr>\n<tr class=\"properties-row\">\n<th class=\"properties-label\">Maxim\u00e1ln\u00ed velikost syst\u00e9mu KWp:<\/th>\n<td class=\"properties-value\">7.8<\/td>\n<\/tr>\n<tr class=\"properties-row\">\n<th class=\"properties-label\">f\u00e1ze:<\/th>\n<td class=\"properties-value\">3<\/td>\n<\/tr>\n<tr class=\"properties-row\">\n<th class=\"properties-label\">Rozhran\u00ed:<\/th>\n<td class=\"properties-value\">RS232, RS485, CAN, USB, WLAN<\/td>\n<\/tr>\n<tr class=\"properties-row\">\n<th class=\"properties-label\">T\u0159\u00edda ochrany:<\/th>\n<td class=\"properties-value\">IP65<\/td>\n<\/tr>\n<tr class=\"properties-row\">\n<th class=\"properties-label\">Doba p\u0159epnut\u00ed v ms:<\/th>\n<td class=\"properties-value\">10<\/td>\n<\/tr>\n<tr class=\"properties-row\">\n<th class=\"properties-label\">\u00da\u010dinnost v procentech:<\/th>\n<td class=\"properties-value\">97.3<\/td>\n<\/tr>\n<\/tbody>\n<\/table>\n<\/div>\n<\/div>\n<\/div>\n","protected":false},"excerpt":{"rendered":"<p>podrobnosti o produktu Rozm\u011bry (Dx\u0160xV): 610x250x770 mm Roz\u0161i\u0159iteln\u00e9: Ano Kapacita ve Wh: 7680 V\u00fdkon ve W: 6000 Informace podle v\u00fdrobce. S v\u00fdhradou chyb a zm\u011bn. Growatt SPH6000TL3-BH-UP 6kW hybridn\u00ed st\u0159\u00edda\u010d se sol\u00e1rn\u00edm z\u00e1sobn\u00edkem o kapacit\u011b 7,6 kWh Tyto produkty na v\u00e1s \u010dekaj\u00ed v tomto bal\u00ed\u010dku: 1 Growatt SPH6000TL3-BH-UP 6kW sol\u00e1rn\u00ed hybridn\u00ed st\u0159\u00edda\u010d 3-f\u00e1zov\u00fd 3 vysokonap\u011b\u0165ov\u00e9&hellip;<\/p>\n","protected":false},"featured_media":8990,"comment_status":"open","ping_status":"closed","template":"","meta":[],"product_cat":[767],"product_tag":[],"class_list":{"0":"post-9135","1":"product","2":"type-product","3":"status-publish","4":"has-post-thumbnail","6":"product_cat-fotovoltaicke-sady","8":"first","9":"instock","10":"taxable","11":"shipping-taxable","12":"purchasable","13":"product-type-simple","14":"col-xs-6 col-sm-4","15":"col-md-4 col-lg-4","16":"un-3-cols"},"acf":[],"yoast_head":"<!-- This site is optimized with the Yoast SEO plugin v21.2 - https:\/\/yoast.com\/wordpress\/plugins\/seo\/ -->\n<title>Growatt SPH6000TL3-BH-UP 6kW hybridn\u00ed st\u0159\u00edda\u010d se sol\u00e1rn\u00edm z\u00e1sobn\u00edkem o kapacit\u011b 7,6 kWh<\/title>\n<meta name=\"description\" content=\"Order Growatt SPH6000TL3-BH-UP 6kW hybridn\u00ed st\u0159\u00edda\u010d se sol\u00e1rn\u00edm z\u00e1sobn\u00edkem o kapacit\u011b 7,6 kWh at a best price.\" \/>\n<meta name=\"robots\" content=\"index, follow, max-snippet:-1, max-image-preview:large, max-video-preview:-1\" \/>\n<link rel=\"canonical\" href=\"https:\/\/fluterm.eu\/cs\/prod\/growatt-sph6000tl3-bh-up-6kw-hybridni-stridac-se-solarnim-zasobnikem-o-kapacite-76-kwh\/\" \/>\n<meta property=\"og:locale\" content=\"cs_CZ\" \/>\n<meta property=\"og:type\" content=\"article\" \/>\n<meta property=\"og:title\" content=\"Growatt SPH6000TL3-BH-UP 6kW hybridn\u00ed st\u0159\u00edda\u010d se sol\u00e1rn\u00edm z\u00e1sobn\u00edkem o kapacit\u011b 7,6 kWh\" \/>\n<meta property=\"og:description\" content=\"Order Growatt SPH6000TL3-BH-UP 6kW hybridn\u00ed st\u0159\u00edda\u010d se sol\u00e1rn\u00edm z\u00e1sobn\u00edkem o kapacit\u011b 7,6 kWh at a best price.\" \/>\n<meta property=\"og:url\" content=\"https:\/\/fluterm.eu\/cs\/prod\/growatt-sph6000tl3-bh-up-6kw-hybridni-stridac-se-solarnim-zasobnikem-o-kapacite-76-kwh\/\" \/>\n<meta property=\"og:site_name\" content=\"fluterm.eu\" \/>\n<meta property=\"article:modified_time\" content=\"2023-09-07T10:52:11+00:00\" \/>\n<meta property=\"og:image\" content=\"https:\/\/fluterm.eu\/wp-content\/uploads\/2023\/08\/8C2F61C0-EFAD-4C01-9428-CD91962D0463.jpeg\" \/>\n\t<meta property=\"og:image:width\" content=\"560\" \/>\n\t<meta property=\"og:image:height\" content=\"560\" \/>\n\t<meta property=\"og:image:type\" content=\"image\/jpeg\" \/>\n<meta name=\"twitter:card\" content=\"summary_large_image\" \/>\n<meta name=\"twitter:label1\" content=\"Odhadovan\u00e1 doba \u010dten\u00ed\" \/>\n\t<meta name=\"twitter:data1\" content=\"2 minuty\" \/>\n<script type=\"application\/ld+json\" class=\"yoast-schema-graph\">{\"@context\":\"https:\/\/schema.org\",\"@graph\":[{\"@type\":\"WebPage\",\"@id\":\"https:\/\/fluterm.eu\/cs\/prod\/growatt-sph6000tl3-bh-up-6kw-hybridni-stridac-se-solarnim-zasobnikem-o-kapacite-76-kwh\/\",\"url\":\"https:\/\/fluterm.eu\/cs\/prod\/growatt-sph6000tl3-bh-up-6kw-hybridni-stridac-se-solarnim-zasobnikem-o-kapacite-76-kwh\/\",\"name\":\"Growatt SPH6000TL3-BH-UP 6kW hybridn\u00ed st\u0159\u00edda\u010d se sol\u00e1rn\u00edm z\u00e1sobn\u00edkem o kapacit\u011b 7,6 kWh\",\"isPartOf\":{\"@id\":\"https:\/\/fluterm.eu\/#website\"},\"datePublished\":\"2023-09-03T10:57:55+00:00\",\"dateModified\":\"2023-09-07T10:52:11+00:00\",\"description\":\"Order Growatt SPH6000TL3-BH-UP 6kW hybridn\u00ed st\u0159\u00edda\u010d se sol\u00e1rn\u00edm z\u00e1sobn\u00edkem o kapacit\u011b 7,6 kWh at a best price.\",\"breadcrumb\":{\"@id\":\"https:\/\/fluterm.eu\/cs\/prod\/growatt-sph6000tl3-bh-up-6kw-hybridni-stridac-se-solarnim-zasobnikem-o-kapacite-76-kwh\/#breadcrumb\"},\"inLanguage\":\"cs\",\"potentialAction\":[{\"@type\":\"ReadAction\",\"target\":[\"https:\/\/fluterm.eu\/cs\/prod\/growatt-sph6000tl3-bh-up-6kw-hybridni-stridac-se-solarnim-zasobnikem-o-kapacite-76-kwh\/\"]}]},{\"@type\":\"BreadcrumbList\",\"@id\":\"https:\/\/fluterm.eu\/cs\/prod\/growatt-sph6000tl3-bh-up-6kw-hybridni-stridac-se-solarnim-zasobnikem-o-kapacite-76-kwh\/#breadcrumb\",\"itemListElement\":[{\"@type\":\"ListItem\",\"position\":1,\"name\":\"Home\",\"item\":\"https:\/\/fluterm.eu\/cs\/obchod\/\"},{\"@type\":\"ListItem\",\"position\":2,\"name\":\"Obchod\",\"item\":\"https:\/\/fluterm.eu\/cs\/obchod\/\"},{\"@type\":\"ListItem\",\"position\":3,\"name\":\"Growatt SPH6000TL3-BH-UP 6kW hybridn\u00ed st\u0159\u00edda\u010d se sol\u00e1rn\u00edm z\u00e1sobn\u00edkem o kapacit\u011b 7,6 kWh\"}]},{\"@type\":\"WebSite\",\"@id\":\"https:\/\/fluterm.eu\/#website\",\"url\":\"https:\/\/fluterm.eu\/\",\"name\":\"fluterm.eu\",\"description\":\"\",\"potentialAction\":[{\"@type\":\"SearchAction\",\"target\":{\"@type\":\"EntryPoint\",\"urlTemplate\":\"https:\/\/fluterm.eu\/?s={search_term_string}\"},\"query-input\":\"required name=search_term_string\"}],\"inLanguage\":\"cs\"}]}<\/script>\n<!-- \/ Yoast SEO plugin. -->","yoast_head_json":{"title":"Growatt SPH6000TL3-BH-UP 6kW hybridn\u00ed st\u0159\u00edda\u010d se sol\u00e1rn\u00edm z\u00e1sobn\u00edkem o kapacit\u011b 7,6 kWh","description":"Order Growatt SPH6000TL3-BH-UP 6kW hybridn\u00ed st\u0159\u00edda\u010d se sol\u00e1rn\u00edm z\u00e1sobn\u00edkem o kapacit\u011b 7,6 kWh at a best price.","robots":{"index":"index","follow":"follow","max-snippet":"max-snippet:-1","max-image-preview":"max-image-preview:large","max-video-preview":"max-video-preview:-1"},"canonical":"https:\/\/fluterm.eu\/cs\/prod\/growatt-sph6000tl3-bh-up-6kw-hybridni-stridac-se-solarnim-zasobnikem-o-kapacite-76-kwh\/","og_locale":"cs_CZ","og_type":"article","og_title":"Growatt SPH6000TL3-BH-UP 6kW hybridn\u00ed st\u0159\u00edda\u010d se sol\u00e1rn\u00edm z\u00e1sobn\u00edkem o kapacit\u011b 7,6 kWh","og_description":"Order Growatt SPH6000TL3-BH-UP 6kW hybridn\u00ed st\u0159\u00edda\u010d se sol\u00e1rn\u00edm z\u00e1sobn\u00edkem o kapacit\u011b 7,6 kWh at a best price.","og_url":"https:\/\/fluterm.eu\/cs\/prod\/growatt-sph6000tl3-bh-up-6kw-hybridni-stridac-se-solarnim-zasobnikem-o-kapacite-76-kwh\/","og_site_name":"fluterm.eu","article_modified_time":"2023-09-07T10:52:11+00:00","og_image":[{"width":560,"height":560,"url":"https:\/\/fluterm.eu\/wp-content\/uploads\/2023\/08\/8C2F61C0-EFAD-4C01-9428-CD91962D0463.jpeg","type":"image\/jpeg"}],"twitter_card":"summary_large_image","twitter_misc":{"Odhadovan\u00e1 doba \u010dten\u00ed":"2 minuty"},"schema":{"@context":"https:\/\/schema.org","@graph":[{"@type":"WebPage","@id":"https:\/\/fluterm.eu\/cs\/prod\/growatt-sph6000tl3-bh-up-6kw-hybridni-stridac-se-solarnim-zasobnikem-o-kapacite-76-kwh\/","url":"https:\/\/fluterm.eu\/cs\/prod\/growatt-sph6000tl3-bh-up-6kw-hybridni-stridac-se-solarnim-zasobnikem-o-kapacite-76-kwh\/","name":"Growatt SPH6000TL3-BH-UP 6kW hybridn\u00ed st\u0159\u00edda\u010d se sol\u00e1rn\u00edm z\u00e1sobn\u00edkem o kapacit\u011b 7,6 kWh","isPartOf":{"@id":"https:\/\/fluterm.eu\/#website"},"datePublished":"2023-09-03T10:57:55+00:00","dateModified":"2023-09-07T10:52:11+00:00","description":"Order Growatt SPH6000TL3-BH-UP 6kW hybridn\u00ed st\u0159\u00edda\u010d se sol\u00e1rn\u00edm z\u00e1sobn\u00edkem o kapacit\u011b 7,6 kWh at a best price.","breadcrumb":{"@id":"https:\/\/fluterm.eu\/cs\/prod\/growatt-sph6000tl3-bh-up-6kw-hybridni-stridac-se-solarnim-zasobnikem-o-kapacite-76-kwh\/#breadcrumb"},"inLanguage":"cs","potentialAction":[{"@type":"ReadAction","target":["https:\/\/fluterm.eu\/cs\/prod\/growatt-sph6000tl3-bh-up-6kw-hybridni-stridac-se-solarnim-zasobnikem-o-kapacite-76-kwh\/"]}]},{"@type":"BreadcrumbList","@id":"https:\/\/fluterm.eu\/cs\/prod\/growatt-sph6000tl3-bh-up-6kw-hybridni-stridac-se-solarnim-zasobnikem-o-kapacite-76-kwh\/#breadcrumb","itemListElement":[{"@type":"ListItem","position":1,"name":"Home","item":"https:\/\/fluterm.eu\/cs\/obchod\/"},{"@type":"ListItem","position":2,"name":"Obchod","item":"https:\/\/fluterm.eu\/cs\/obchod\/"},{"@type":"ListItem","position":3,"name":"Growatt SPH6000TL3-BH-UP 6kW hybridn\u00ed st\u0159\u00edda\u010d se sol\u00e1rn\u00edm z\u00e1sobn\u00edkem o kapacit\u011b 7,6 kWh"}]},{"@type":"WebSite","@id":"https:\/\/fluterm.eu\/#website","url":"https:\/\/fluterm.eu\/","name":"fluterm.eu","description":"","potentialAction":[{"@type":"SearchAction","target":{"@type":"EntryPoint","urlTemplate":"https:\/\/fluterm.eu\/?s={search_term_string}"},"query-input":"required name=search_term_string"}],"inLanguage":"cs"}]}},"_links":{"self":[{"href":"https:\/\/fluterm.eu\/cs\/wp-json\/wp\/v2\/product\/9135","targetHints":{"allow":["GET"]}}],"collection":[{"href":"https:\/\/fluterm.eu\/cs\/wp-json\/wp\/v2\/product"}],"about":[{"href":"https:\/\/fluterm.eu\/cs\/wp-json\/wp\/v2\/types\/product"}],"replies":[{"embeddable":true,"href":"https:\/\/fluterm.eu\/cs\/wp-json\/wp\/v2\/comments?post=9135"}],"version-history":[{"count":1,"href":"https:\/\/fluterm.eu\/cs\/wp-json\/wp\/v2\/product\/9135\/revisions"}],"predecessor-version":[{"id":9138,"href":"https:\/\/fluterm.eu\/cs\/wp-json\/wp\/v2\/product\/9135\/revisions\/9138"}],"wp:featuredmedia":[{"embeddable":true,"href":"https:\/\/fluterm.eu\/cs\/wp-json\/wp\/v2\/media\/8990"}],"wp:attachment":[{"href":"https:\/\/fluterm.eu\/cs\/wp-json\/wp\/v2\/media?parent=9135"}],"wp:term":[{"taxonomy":"product_cat","embeddable":true,"href":"https:\/\/fluterm.eu\/cs\/wp-json\/wp\/v2\/product_cat?post=9135"},{"taxonomy":"product_tag","embeddable":true,"href":"https:\/\/fluterm.eu\/cs\/wp-json\/wp\/v2\/product_tag?post=9135"}],"curies":[{"name":"wp","href":"https:\/\/api.w.org\/{rel}","templated":true}]}}