{"id":9895,"date":"2023-08-27T13:52:21","date_gmt":"2023-08-27T10:52:21","guid":{"rendered":"https:\/\/fluterm.eu\/prod\/prislusenstvi-manifoldu-17x3-4-eurocone\/"},"modified":"2023-09-07T13:52:12","modified_gmt":"2023-09-07T10:52:12","slug":"prislusenstvi-manifoldu-17x3-4-eurocone","status":"publish","type":"product","link":"https:\/\/fluterm.eu\/cs\/prod\/prislusenstvi-manifoldu-17x3-4-eurocone\/","title":{"rendered":"P\u0158\u00cdSLU\u0160ENSTV\u00cd MANIFOLDU 17&#215;3\/4 EUROCONE"},"content":{"rendered":"<div class=\"columns__section\">\n<h3>Technick\u00e9 specifikace<\/h3>\n<div class=\"technical-specifications\">\n<div class=\"technical-specifications-row\"><span class=\"technical-specifications-row__label\">Materi\u00e1l kompresn\u00ed krou\u017eek-<\/span><span class=\"technical-specifications-row__value\">Mosaz<\/span><\/div>\n<div class=\"technical-specifications-row\"><span class=\"technical-specifications-row__label\">Materi\u00e1l spojovac\u00ed matice-<\/span><span class=\"technical-specifications-row__value\">Mosaz<\/span><\/div>\n<div class=\"technical-specifications-row\"><span class=\"technical-specifications-row__label\">Vn\u011bj\u0161\u00ed pr\u016fm\u011br trubky &#8211;<\/span><span class=\"technical-specifications-row__value\">17 mm<\/span><\/div>\n<div class=\"technical-specifications-row\"><span class=\"technical-specifications-row__label\">Vhodn\u00e9 pro hlin\u00edkov\u00e9 trubky<\/span><span class=\"technical-specifications-row__value\">fale\u0161n\u00e9<\/span><\/div>\n<div class=\"technical-specifications-row\"><span class=\"technical-specifications-row__label\">Vhodn\u00e9 pro m\u011bd\u011bn\u00e9 trubky<\/span><span class=\"technical-specifications-row__value\">fale\u0161n\u00e9<\/span><\/div>\n<div class=\"technical-specifications-row\"><span class=\"technical-specifications-row__label\">Vhodn\u00e9 pro plastov\u00e9 v\u00edcevrstv\u00e9 trubky<\/span><span class=\"technical-specifications-row__value\">fale\u0161n\u00e9<\/span><\/div>\n<div class=\"technical-specifications-row\"><span class=\"technical-specifications-row__label\">Vhodn\u00e9 pro plastov\u00e9 trubky<\/span><span class=\"technical-specifications-row__value\">true<\/span><\/div>\n<div class=\"technical-specifications-row\"><span class=\"technical-specifications-row__label\">Vhodn\u00e9 pro plastov\u00e9 trubky<\/span><span class=\"technical-specifications-row__value\">true<\/span><\/div>\n<div class=\"technical-specifications-row\"><span class=\"technical-specifications-row__label\">Vhodn\u00e9 pro trubky z nerezov\u00e9 oceli<\/span><span class=\"technical-specifications-row__value\">fale\u0161n\u00e9<\/span><\/div>\n<div class=\"technical-specifications-row\"><span class=\"technical-specifications-row__label\">Vhodn\u00e9 pro ocelov\u00e9 a m\u011bd\u011bn\u00e9 trubky<\/span><span class=\"technical-specifications-row__value\">fale\u0161n\u00e9<\/span><\/div>\n<div class=\"technical-specifications-row\"><span class=\"technical-specifications-row__label\">Vhodn\u00e9 pro ocelov\u00e9 trubky<\/span><span class=\"technical-specifications-row__value\">fale\u0161n\u00e9<\/span><\/div>\n<div class=\"technical-specifications-row\"><span class=\"technical-specifications-row__label\">Vhodn\u00e9 pro tlou\u0161\u0165ku st\u011bny<\/span><span class=\"technical-specifications-row__value\">2 mm<\/span><\/div>\n<div class=\"technical-specifications-row\"><span class=\"technical-specifications-row__label\">P\u0159ipojen\u00ed z\u00e1vit\u016f &#8211;<\/span><span class=\"technical-specifications-row__value\">Euroconus<\/span><\/div>\n<div class=\"technical-specifications-row\"><span class=\"technical-specifications-row__label\">Pr\u016fm\u011br z\u00e1vitu &#8211;<\/span><span class=\"technical-specifications-row__value\">G 3\/4 palce<\/span><\/div>\n<div class=\"technical-specifications-row\"><span class=\"technical-specifications-row__label\">Velikost z\u00e1vitu matice-<\/span><span class=\"technical-specifications-row__value\">3\/4 palce<\/span><\/div>\n<\/div>\n<\/div>\n<div class=\"columns__section\">\n<h3>K\u00f3dy v\u00fdrobk\u016f<\/h3>\n<div class=\"product-codes\">\n<div class=\"product-codes-row\"><span class=\"product-codes-row__label\">SAP<\/span><span class=\"product-codes-row__value\">AFA167<\/span><\/div>\n<div class=\"product-codes-row\"><span class=\"product-codes-row__label\">HPAC<\/span><span class=\"product-codes-row__value\">2025028<\/span><\/div>\n<div class=\"product-codes-row\"><span class=\"product-codes-row__label\">PLC<\/span><span class=\"product-codes-row__value\">2025028<\/span><\/div>\n<div class=\"product-codes-row\"><span class=\"product-codes-row__label\">GTIN\/EAN<\/span><span class=\"product-codes-row__value\">4021598127951<\/span><\/div>\n<div class=\"product-codes-row\"><span class=\"product-codes-row__label\">\u010c\u00edslo d\u00edlu v\u00fdrobce<\/span><span class=\"product-codes-row__value\">1065286<\/span><\/div>\n<div class=\"product-codes-row\"><span class=\"product-codes-row__label\">\u010c\u00edslo materi\u00e1lu prodejce<\/span><span class=\"product-codes-row__value\">2025028<\/span><\/div>\n<\/div>\n<\/div>\n","protected":false},"excerpt":{"rendered":"<p>Technick\u00e9 specifikace Materi\u00e1l kompresn\u00ed krou\u017eek-Mosaz Materi\u00e1l spojovac\u00ed matice-Mosaz Vn\u011bj\u0161\u00ed pr\u016fm\u011br trubky &#8211;17 mm Vhodn\u00e9 pro hlin\u00edkov\u00e9 trubkyfale\u0161n\u00e9 Vhodn\u00e9 pro m\u011bd\u011bn\u00e9 trubkyfale\u0161n\u00e9 Vhodn\u00e9 pro plastov\u00e9 v\u00edcevrstv\u00e9 trubkyfale\u0161n\u00e9 Vhodn\u00e9 pro plastov\u00e9 trubkytrue Vhodn\u00e9 pro plastov\u00e9 trubkytrue Vhodn\u00e9 pro trubky z nerezov\u00e9 ocelifale\u0161n\u00e9 Vhodn\u00e9 pro ocelov\u00e9 a m\u011bd\u011bn\u00e9 trubkyfale\u0161n\u00e9 Vhodn\u00e9 pro ocelov\u00e9 trubkyfale\u0161n\u00e9 Vhodn\u00e9 pro tlou\u0161\u0165ku st\u011bny2 mm&hellip;<\/p>\n","protected":false},"featured_media":9850,"comment_status":"open","ping_status":"closed","template":"","meta":[],"product_cat":[827],"product_tag":[],"class_list":{"0":"post-9895","1":"product","2":"type-product","3":"status-publish","4":"has-post-thumbnail","6":"product_cat-ruzne","8":"first","9":"instock","10":"taxable","11":"shipping-taxable","12":"purchasable","13":"product-type-simple","14":"col-xs-6 col-sm-4","15":"col-md-4 col-lg-4","16":"un-3-cols"},"acf":[],"yoast_head":"<!-- This site is optimized with the Yoast SEO plugin v21.2 - https:\/\/yoast.com\/wordpress\/plugins\/seo\/ -->\n<title>P\u0158\u00cdSLU\u0160ENSTV\u00cd MANIFOLDU 17x3\/4 EUROCONE<\/title>\n<meta name=\"description\" content=\"Order P\u0158\u00cdSLU\u0160ENSTV\u00cd MANIFOLDU 17x3\/4 EUROCONE at a best price.\" \/>\n<meta name=\"robots\" content=\"index, follow, max-snippet:-1, max-image-preview:large, max-video-preview:-1\" \/>\n<link rel=\"canonical\" href=\"https:\/\/fluterm.eu\/cs\/prod\/prislusenstvi-manifoldu-17x3-4-eurocone\/\" \/>\n<meta property=\"og:locale\" content=\"cs_CZ\" \/>\n<meta property=\"og:type\" content=\"article\" \/>\n<meta property=\"og:title\" content=\"P\u0158\u00cdSLU\u0160ENSTV\u00cd MANIFOLDU 17x3\/4 EUROCONE\" \/>\n<meta property=\"og:description\" content=\"Order P\u0158\u00cdSLU\u0160ENSTV\u00cd MANIFOLDU 17x3\/4 EUROCONE at a best price.\" \/>\n<meta property=\"og:url\" content=\"https:\/\/fluterm.eu\/cs\/prod\/prislusenstvi-manifoldu-17x3-4-eurocone\/\" \/>\n<meta property=\"og:site_name\" content=\"fluterm.eu\" \/>\n<meta property=\"article:modified_time\" content=\"2023-09-07T10:52:12+00:00\" \/>\n<meta property=\"og:image\" content=\"https:\/\/fluterm.eu\/wp-content\/uploads\/2023\/08\/eurocon-uponor-vario-pex-3-4-fi8269.webp\" \/>\n\t<meta property=\"og:image:width\" content=\"700\" \/>\n\t<meta property=\"og:image:height\" content=\"440\" \/>\n\t<meta property=\"og:image:type\" content=\"image\/webp\" \/>\n<meta name=\"twitter:card\" content=\"summary_large_image\" \/>\n<meta name=\"twitter:label1\" content=\"Odhadovan\u00e1 doba \u010dten\u00ed\" \/>\n\t<meta name=\"twitter:data1\" content=\"1 minuta\" \/>\n<script type=\"application\/ld+json\" class=\"yoast-schema-graph\">{\"@context\":\"https:\/\/schema.org\",\"@graph\":[{\"@type\":\"WebPage\",\"@id\":\"https:\/\/fluterm.eu\/cs\/prod\/prislusenstvi-manifoldu-17x3-4-eurocone\/\",\"url\":\"https:\/\/fluterm.eu\/cs\/prod\/prislusenstvi-manifoldu-17x3-4-eurocone\/\",\"name\":\"P\u0158\u00cdSLU\u0160ENSTV\u00cd MANIFOLDU 17x3\/4 EUROCONE\",\"isPartOf\":{\"@id\":\"https:\/\/fluterm.eu\/#website\"},\"datePublished\":\"2023-08-27T10:52:21+00:00\",\"dateModified\":\"2023-09-07T10:52:12+00:00\",\"description\":\"Order P\u0158\u00cdSLU\u0160ENSTV\u00cd MANIFOLDU 17x3\/4 EUROCONE at a best price.\",\"breadcrumb\":{\"@id\":\"https:\/\/fluterm.eu\/cs\/prod\/prislusenstvi-manifoldu-17x3-4-eurocone\/#breadcrumb\"},\"inLanguage\":\"cs\",\"potentialAction\":[{\"@type\":\"ReadAction\",\"target\":[\"https:\/\/fluterm.eu\/cs\/prod\/prislusenstvi-manifoldu-17x3-4-eurocone\/\"]}]},{\"@type\":\"BreadcrumbList\",\"@id\":\"https:\/\/fluterm.eu\/cs\/prod\/prislusenstvi-manifoldu-17x3-4-eurocone\/#breadcrumb\",\"itemListElement\":[{\"@type\":\"ListItem\",\"position\":1,\"name\":\"Home\",\"item\":\"https:\/\/fluterm.eu\/cs\/obchod\/\"},{\"@type\":\"ListItem\",\"position\":2,\"name\":\"Obchod\",\"item\":\"https:\/\/fluterm.eu\/cs\/obchod\/\"},{\"@type\":\"ListItem\",\"position\":3,\"name\":\"P\u0158\u00cdSLU\u0160ENSTV\u00cd MANIFOLDU 17&#215;3\/4 EUROCONE\"}]},{\"@type\":\"WebSite\",\"@id\":\"https:\/\/fluterm.eu\/#website\",\"url\":\"https:\/\/fluterm.eu\/\",\"name\":\"fluterm.eu\",\"description\":\"\",\"potentialAction\":[{\"@type\":\"SearchAction\",\"target\":{\"@type\":\"EntryPoint\",\"urlTemplate\":\"https:\/\/fluterm.eu\/?s={search_term_string}\"},\"query-input\":\"required name=search_term_string\"}],\"inLanguage\":\"cs\"}]}<\/script>\n<!-- \/ Yoast SEO plugin. -->","yoast_head_json":{"title":"P\u0158\u00cdSLU\u0160ENSTV\u00cd MANIFOLDU 17x3\/4 EUROCONE","description":"Order P\u0158\u00cdSLU\u0160ENSTV\u00cd MANIFOLDU 17x3\/4 EUROCONE at a best price.","robots":{"index":"index","follow":"follow","max-snippet":"max-snippet:-1","max-image-preview":"max-image-preview:large","max-video-preview":"max-video-preview:-1"},"canonical":"https:\/\/fluterm.eu\/cs\/prod\/prislusenstvi-manifoldu-17x3-4-eurocone\/","og_locale":"cs_CZ","og_type":"article","og_title":"P\u0158\u00cdSLU\u0160ENSTV\u00cd MANIFOLDU 17x3\/4 EUROCONE","og_description":"Order P\u0158\u00cdSLU\u0160ENSTV\u00cd MANIFOLDU 17x3\/4 EUROCONE at a best price.","og_url":"https:\/\/fluterm.eu\/cs\/prod\/prislusenstvi-manifoldu-17x3-4-eurocone\/","og_site_name":"fluterm.eu","article_modified_time":"2023-09-07T10:52:12+00:00","og_image":[{"width":700,"height":440,"url":"https:\/\/fluterm.eu\/wp-content\/uploads\/2023\/08\/eurocon-uponor-vario-pex-3-4-fi8269.webp","type":"image\/webp"}],"twitter_card":"summary_large_image","twitter_misc":{"Odhadovan\u00e1 doba \u010dten\u00ed":"1 minuta"},"schema":{"@context":"https:\/\/schema.org","@graph":[{"@type":"WebPage","@id":"https:\/\/fluterm.eu\/cs\/prod\/prislusenstvi-manifoldu-17x3-4-eurocone\/","url":"https:\/\/fluterm.eu\/cs\/prod\/prislusenstvi-manifoldu-17x3-4-eurocone\/","name":"P\u0158\u00cdSLU\u0160ENSTV\u00cd MANIFOLDU 17x3\/4 EUROCONE","isPartOf":{"@id":"https:\/\/fluterm.eu\/#website"},"datePublished":"2023-08-27T10:52:21+00:00","dateModified":"2023-09-07T10:52:12+00:00","description":"Order P\u0158\u00cdSLU\u0160ENSTV\u00cd MANIFOLDU 17x3\/4 EUROCONE at a best price.","breadcrumb":{"@id":"https:\/\/fluterm.eu\/cs\/prod\/prislusenstvi-manifoldu-17x3-4-eurocone\/#breadcrumb"},"inLanguage":"cs","potentialAction":[{"@type":"ReadAction","target":["https:\/\/fluterm.eu\/cs\/prod\/prislusenstvi-manifoldu-17x3-4-eurocone\/"]}]},{"@type":"BreadcrumbList","@id":"https:\/\/fluterm.eu\/cs\/prod\/prislusenstvi-manifoldu-17x3-4-eurocone\/#breadcrumb","itemListElement":[{"@type":"ListItem","position":1,"name":"Home","item":"https:\/\/fluterm.eu\/cs\/obchod\/"},{"@type":"ListItem","position":2,"name":"Obchod","item":"https:\/\/fluterm.eu\/cs\/obchod\/"},{"@type":"ListItem","position":3,"name":"P\u0158\u00cdSLU\u0160ENSTV\u00cd MANIFOLDU 17&#215;3\/4 EUROCONE"}]},{"@type":"WebSite","@id":"https:\/\/fluterm.eu\/#website","url":"https:\/\/fluterm.eu\/","name":"fluterm.eu","description":"","potentialAction":[{"@type":"SearchAction","target":{"@type":"EntryPoint","urlTemplate":"https:\/\/fluterm.eu\/?s={search_term_string}"},"query-input":"required name=search_term_string"}],"inLanguage":"cs"}]}},"_links":{"self":[{"href":"https:\/\/fluterm.eu\/cs\/wp-json\/wp\/v2\/product\/9895","targetHints":{"allow":["GET"]}}],"collection":[{"href":"https:\/\/fluterm.eu\/cs\/wp-json\/wp\/v2\/product"}],"about":[{"href":"https:\/\/fluterm.eu\/cs\/wp-json\/wp\/v2\/types\/product"}],"replies":[{"embeddable":true,"href":"https:\/\/fluterm.eu\/cs\/wp-json\/wp\/v2\/comments?post=9895"}],"version-history":[{"count":1,"href":"https:\/\/fluterm.eu\/cs\/wp-json\/wp\/v2\/product\/9895\/revisions"}],"predecessor-version":[{"id":13013,"href":"https:\/\/fluterm.eu\/cs\/wp-json\/wp\/v2\/product\/9895\/revisions\/13013"}],"wp:featuredmedia":[{"embeddable":true,"href":"https:\/\/fluterm.eu\/cs\/wp-json\/wp\/v2\/media\/9850"}],"wp:attachment":[{"href":"https:\/\/fluterm.eu\/cs\/wp-json\/wp\/v2\/media?parent=9895"}],"wp:term":[{"taxonomy":"product_cat","embeddable":true,"href":"https:\/\/fluterm.eu\/cs\/wp-json\/wp\/v2\/product_cat?post=9895"},{"taxonomy":"product_tag","embeddable":true,"href":"https:\/\/fluterm.eu\/cs\/wp-json\/wp\/v2\/product_tag?post=9895"}],"curies":[{"name":"wp","href":"https:\/\/api.w.org\/{rel}","templated":true}]}}