{"id":4453,"date":"2022-10-01T08:14:55","date_gmt":"2022-10-01T05:14:55","guid":{"rendered":"https:\/\/fluterm.eu\/politik-for-refusion-og-returnering\/"},"modified":"2023-09-04T19:12:05","modified_gmt":"2023-09-04T16:12:05","slug":"politik-for-refusion-og-returnering","status":"publish","type":"page","link":"https:\/\/fluterm.eu\/da\/politik-for-refusion-og-returnering\/","title":{"rendered":"Politik for refusion og returnering"},"content":{"rendered":"&#13;\n<p>\u00a0<\/p>&#13;\n<h1><strong>Refund and returns policy<\/strong><\/h1>&#13;\n<p><br\/>Vores politik er gyldig i en periode p\u00e5 14 kalenderdage fra k\u00f8bsdatoen. Hvis du \u00f8nsker at returnere produktet for at f\u00e5 pengene tilbage i denne periode, kan du g\u00f8re det, forudsat at nedenst\u00e5ende betingelser er opfyldt. Bem\u00e6rk venligst, at hvis perioden p\u00e5 14 dage er udl\u00f8bet, kan vi desv\u00e6rre ikke tilbyde dig en refundering.<\/p>&#13;\n<p>Krav til tilbagebetaling<\/p>&#13;\n<p>F\u00f8lgende kriterier skal v\u00e6re opfyldt for at v\u00e6re berettiget til en refusion:<\/p>&#13;\n<p>&#8211; Produktet er defekt<br\/>&#8211; Produktet er ikke som beskrevet<br\/>&#8211; Produktet skal v\u00e6re u\u00e5bnet<br\/>&#8211; Produktet skal v\u00e6re i original emballage<br\/>&#8211; Produktet skal v\u00e6re ubrugt<br\/>&#8211; Produktet m\u00e5 ikke v\u00e6re beskadiget<\/p>&#13;\n<p>For at sikre, at ovenst\u00e5ende kriterier er opfyldt, vil alle returneringer blive inspiceret. Hvis produktet ikke opfylder de anf\u00f8rte kriterier, forbeholder vi os ret til ikke at refundere.<\/p>&#13;\n<p>Bevis for k\u00f8b<\/p>&#13;\n<p>For at gennemf\u00f8re din refundering har vi brug for en kvittering, k\u00f8bsordre eller andet bevis for k\u00f8bet. Bem\u00e6rk venligst, at vi ikke refunderer uden det f\u00f8rn\u00e6vnte k\u00f8bsbevis.<\/p>&#13;\n<p>Kontakt os<\/p>&#13;\n<p>Hvis du har sp\u00f8rgsm\u00e5l, bekymringer eller klager vedr\u00f8rende denne refusionspolitik, opfordrer vi dig til at kontakte os ved hj\u00e6lp af nedenst\u00e5ende oplysninger:<\/p>&#13;\n<p>Office@fluterm.ro<\/p>&#13;\n<p>Dette dokument blev sidst opdateret den 26. juni 2023.<\/p>&#13;\n","protected":false},"excerpt":{"rendered":"<p>&#13; \u00a0 &#13; Refund and returns policy &#13; Vores politik er gyldig i en periode p\u00e5 14 kalenderdage fra k\u00f8bsdatoen. Hvis du \u00f8nsker at returnere produktet for at f\u00e5 pengene tilbage i denne periode, kan du g\u00f8re det, forudsat at nedenst\u00e5ende betingelser er opfyldt. Bem\u00e6rk venligst, at hvis perioden p\u00e5 14 dage er udl\u00f8bet, kan&hellip;<\/p>\n","protected":false},"author":3,"featured_media":0,"parent":0,"menu_order":0,"comment_status":"closed","ping_status":"closed","template":"","meta":{"footnotes":""},"class_list":["post-4453","page","type-page","status-publish","hentry"],"acf":[],"yoast_head":"<!-- This site is optimized with the Yoast SEO plugin v21.2 - https:\/\/yoast.com\/wordpress\/plugins\/seo\/ -->\n<title>Politik for refusion og returnering<\/title>\n<meta name=\"robots\" content=\"index, follow, max-snippet:-1, max-image-preview:large, max-video-preview:-1\" \/>\n<link rel=\"canonical\" href=\"https:\/\/fluterm.eu\/da\/politik-for-refusion-og-returnering\/\" \/>\n<meta property=\"og:locale\" content=\"da_DK\" \/>\n<meta property=\"og:type\" content=\"article\" \/>\n<meta property=\"og:title\" content=\"Politik for refusion og returnering\" \/>\n<meta property=\"og:description\" content=\"&#013; \u00a0 &#013; Refund and returns policy &#013; Vores politik er gyldig i en periode p\u00e5 14 kalenderdage fra k\u00f8bsdatoen. Hvis du \u00f8nsker at returnere produktet for at f\u00e5 pengene tilbage i denne periode, kan du g\u00f8re det, forudsat at nedenst\u00e5ende betingelser er opfyldt. Bem\u00e6rk venligst, at hvis perioden p\u00e5 14 dage er udl\u00f8bet, kan&hellip;\" \/>\n<meta property=\"og:url\" content=\"https:\/\/fluterm.eu\/da\/politik-for-refusion-og-returnering\/\" \/>\n<meta property=\"og:site_name\" content=\"fluterm.eu\" \/>\n<meta property=\"article:modified_time\" content=\"2023-09-04T16:12:05+00:00\" \/>\n<meta name=\"twitter:card\" content=\"summary_large_image\" \/>\n<meta name=\"twitter:label1\" content=\"Estimeret l\u00e6setid\" \/>\n\t<meta name=\"twitter:data1\" content=\"1 minut\" \/>\n<script type=\"application\/ld+json\" class=\"yoast-schema-graph\">{\"@context\":\"https:\/\/schema.org\",\"@graph\":[{\"@type\":\"WebPage\",\"@id\":\"https:\/\/fluterm.eu\/da\/politik-for-refusion-og-returnering\/\",\"url\":\"https:\/\/fluterm.eu\/da\/politik-for-refusion-og-returnering\/\",\"name\":\"Politik for refusion og returnering\",\"isPartOf\":{\"@id\":\"https:\/\/fluterm.eu\/#website\"},\"datePublished\":\"2022-10-01T05:14:55+00:00\",\"dateModified\":\"2023-09-04T16:12:05+00:00\",\"breadcrumb\":{\"@id\":\"https:\/\/fluterm.eu\/da\/politik-for-refusion-og-returnering\/#breadcrumb\"},\"inLanguage\":\"da-DK\",\"potentialAction\":[{\"@type\":\"ReadAction\",\"target\":[\"https:\/\/fluterm.eu\/da\/politik-for-refusion-og-returnering\/\"]}]},{\"@type\":\"BreadcrumbList\",\"@id\":\"https:\/\/fluterm.eu\/da\/politik-for-refusion-og-returnering\/#breadcrumb\",\"itemListElement\":[{\"@type\":\"ListItem\",\"position\":1,\"name\":\"Home\",\"item\":\"https:\/\/fluterm.eu\/da\/butik\/\"},{\"@type\":\"ListItem\",\"position\":2,\"name\":\"Politik for refusion og returnering\"}]},{\"@type\":\"WebSite\",\"@id\":\"https:\/\/fluterm.eu\/#website\",\"url\":\"https:\/\/fluterm.eu\/\",\"name\":\"fluterm.eu\",\"description\":\"\",\"potentialAction\":[{\"@type\":\"SearchAction\",\"target\":{\"@type\":\"EntryPoint\",\"urlTemplate\":\"https:\/\/fluterm.eu\/?s={search_term_string}\"},\"query-input\":\"required name=search_term_string\"}],\"inLanguage\":\"da-DK\"}]}<\/script>\n<!-- \/ Yoast SEO plugin. -->","yoast_head_json":{"title":"Politik for refusion og returnering","robots":{"index":"index","follow":"follow","max-snippet":"max-snippet:-1","max-image-preview":"max-image-preview:large","max-video-preview":"max-video-preview:-1"},"canonical":"https:\/\/fluterm.eu\/da\/politik-for-refusion-og-returnering\/","og_locale":"da_DK","og_type":"article","og_title":"Politik for refusion og returnering","og_description":"&#13; \u00a0 &#13; Refund and returns policy &#13; Vores politik er gyldig i en periode p\u00e5 14 kalenderdage fra k\u00f8bsdatoen. Hvis du \u00f8nsker at returnere produktet for at f\u00e5 pengene tilbage i denne periode, kan du g\u00f8re det, forudsat at nedenst\u00e5ende betingelser er opfyldt. Bem\u00e6rk venligst, at hvis perioden p\u00e5 14 dage er udl\u00f8bet, kan&hellip;","og_url":"https:\/\/fluterm.eu\/da\/politik-for-refusion-og-returnering\/","og_site_name":"fluterm.eu","article_modified_time":"2023-09-04T16:12:05+00:00","twitter_card":"summary_large_image","twitter_misc":{"Estimeret l\u00e6setid":"1 minut"},"schema":{"@context":"https:\/\/schema.org","@graph":[{"@type":"WebPage","@id":"https:\/\/fluterm.eu\/da\/politik-for-refusion-og-returnering\/","url":"https:\/\/fluterm.eu\/da\/politik-for-refusion-og-returnering\/","name":"Politik for refusion og returnering","isPartOf":{"@id":"https:\/\/fluterm.eu\/#website"},"datePublished":"2022-10-01T05:14:55+00:00","dateModified":"2023-09-04T16:12:05+00:00","breadcrumb":{"@id":"https:\/\/fluterm.eu\/da\/politik-for-refusion-og-returnering\/#breadcrumb"},"inLanguage":"da-DK","potentialAction":[{"@type":"ReadAction","target":["https:\/\/fluterm.eu\/da\/politik-for-refusion-og-returnering\/"]}]},{"@type":"BreadcrumbList","@id":"https:\/\/fluterm.eu\/da\/politik-for-refusion-og-returnering\/#breadcrumb","itemListElement":[{"@type":"ListItem","position":1,"name":"Home","item":"https:\/\/fluterm.eu\/da\/butik\/"},{"@type":"ListItem","position":2,"name":"Politik for refusion og returnering"}]},{"@type":"WebSite","@id":"https:\/\/fluterm.eu\/#website","url":"https:\/\/fluterm.eu\/","name":"fluterm.eu","description":"","potentialAction":[{"@type":"SearchAction","target":{"@type":"EntryPoint","urlTemplate":"https:\/\/fluterm.eu\/?s={search_term_string}"},"query-input":"required name=search_term_string"}],"inLanguage":"da-DK"}]}},"_links":{"self":[{"href":"https:\/\/fluterm.eu\/da\/wp-json\/wp\/v2\/pages\/4453","targetHints":{"allow":["GET"]}}],"collection":[{"href":"https:\/\/fluterm.eu\/da\/wp-json\/wp\/v2\/pages"}],"about":[{"href":"https:\/\/fluterm.eu\/da\/wp-json\/wp\/v2\/types\/page"}],"author":[{"embeddable":true,"href":"https:\/\/fluterm.eu\/da\/wp-json\/wp\/v2\/users\/3"}],"replies":[{"embeddable":true,"href":"https:\/\/fluterm.eu\/da\/wp-json\/wp\/v2\/comments?post=4453"}],"version-history":[{"count":2,"href":"https:\/\/fluterm.eu\/da\/wp-json\/wp\/v2\/pages\/4453\/revisions"}],"predecessor-version":[{"id":4455,"href":"https:\/\/fluterm.eu\/da\/wp-json\/wp\/v2\/pages\/4453\/revisions\/4455"}],"wp:attachment":[{"href":"https:\/\/fluterm.eu\/da\/wp-json\/wp\/v2\/media?parent=4453"}],"curies":[{"name":"wp","href":"https:\/\/api.w.org\/{rel}","templated":true}]}}