{"id":4524,"date":"2022-10-06T08:38:22","date_gmt":"2022-10-06T05:38:22","guid":{"rendered":"https:\/\/fluterm.eu\/vilkar-og-betingelser\/"},"modified":"2023-09-04T19:17:35","modified_gmt":"2023-09-04T16:17:35","slug":"vilkar-og-betingelser","status":"publish","type":"page","link":"https:\/\/fluterm.eu\/da\/vilkar-og-betingelser\/","title":{"rendered":"Vilk\u00e5r og betingelser"},"content":{"rendered":"<p>&nbsp;<\/p>\n<h1><strong>Vilk\u00e5r og betingelser<\/strong><\/h1>\n<p>Velkommen til siden med vilk\u00e5r og betingelser for Fluterm SRL, CUI: 43398695. Ved at tilg\u00e5 og bruge fluterm.eu accepterer du at v\u00e6re bundet af disse vilk\u00e5r og betingelser. L\u00e6s dem venligst omhyggeligt, f\u00f8r du bruger vores hjemmeside.<\/p>\n<p>Indholdet p\u00e5 siderne p\u00e5 dette websted er kun til din generelle information og brug. Den kan \u00e6ndres uden varsel. Hverken vi eller nogen tredjepart giver nogen garanti for n\u00f8jagtigheden, aktualiteten, ydeevnen, fuldst\u00e6ndigheden eller egnetheden af de oplysninger og materialer, der findes eller tilbydes p\u00e5 denne hjemmeside til noget bestemt form\u00e5l. Du anerkender, at s\u00e5danne oplysninger og materialer kan indeholde un\u00f8jagtigheder eller fejl, og vi udelukker udtrykkeligt ansvar for s\u00e5danne un\u00f8jagtigheder eller fejl i det omfang, det er tilladt ved lov.<\/p>\n<p>Din brug af oplysninger eller materialer p\u00e5 denne hjemmeside er helt p\u00e5 egen risiko, som vi ikke kan holdes ansvarlige for. Det er dit eget ansvar at sikre, at alle produkter, tjenester eller oplysninger, der er tilg\u00e6ngelige via denne hjemmeside, opfylder dine specifikke krav.<\/p>\n<p>Denne hjemmeside indeholder materiale, som ejes af eller er licenseret til os. Dette materiale omfatter, men er ikke begr\u00e6nset til, design, layout, udseende og grafik. Reproduktion er forbudt undtagen i overensstemmelse med meddelelsen om ophavsret, som udg\u00f8r en del af disse vilk\u00e5r og betingelser.<\/p>\n<p>Uautoriseret brug af denne hjemmeside kan give anledning til et erstatningskrav og\/eller v\u00e6re en strafbar handling.<\/p>\n<p>Fra tid til anden kan denne hjemmeside ogs\u00e5 indeholde links til andre hjemmesider. Disse links er til for at give dig yderligere information. De betyder ikke, at vi st\u00f8tter hjemmesiden\/siderne. Vi har intet ansvar for indholdet af den\/de linkede hjemmeside(r).<\/p>\n<p>N\u00e5r du afgiver en ordre p\u00e5 fluterm.eu, accepterer du at give n\u00f8jagtige og fuldst\u00e6ndige oplysninger om dig selv og eventuelle modtagere af din ordre. Du skal ogs\u00e5 sikre dig, at den oplyste leveringsadresse er korrekt og opdateret. N\u00e5r du afgiver en ordre, erkl\u00e6rer og garanterer du, at du har juridisk ret til at bruge ethvert kredit- eller debetkort eller anden betalingsmetode, som du angiver i forbindelse med ordren.<\/p>\n<p>Hvis du opretter en konto under bestillingsprocessen, er du ansvarlig for at bevare fortroligheden af din konto og adgangskode og for at begr\u00e6nse adgangen til din computer og dine enheder. Du accepterer at p\u00e5tage dig ansvaret for alle aktiviteter, der finder sted under din konto eller adgangskode. Fluterm SRL forbeholder sig retten til at n\u00e6gte service, opsige konti, fjerne eller redigere indhold eller annullere ordrer efter eget sk\u00f8n.<\/p>\n<p>Bem\u00e6rk venligst, at ved at oprette en konto p\u00e5 fluterm.eu accepterer du at modtage kommunikation fra os elektronisk, s\u00e5som e-mails og tekstbeskeder. Disse meddelelser kan omfatte reklamemateriale, ordrebekr\u00e6ftelser og andre meddelelser. Du kan til enhver tid frav\u00e6lge at modtage salgsfremmende e-mails ved at f\u00f8lge instruktionerne i e-mailen.<\/p>\n<p>N\u00e5r du afgiver en ordre p\u00e5 fluterm.eu, accepterer du at v\u00e6re bundet af de vilk\u00e5r og betingelser, der er beskrevet p\u00e5 denne side.<\/p>\n<p>Din brug af denne hjemmeside og enhver tvist, der opst\u00e5r som f\u00f8lge af en s\u00e5dan brug af hjemmesiden, er underlagt lovgivningen i Rum\u00e6nien.<\/p>\n<p>Hvis du har sp\u00f8rgsm\u00e5l eller bekymringer vedr\u00f8rende vores vilk\u00e5r og betingelser, s\u00e5 t\u00f8v ikke med at kontakte os via vores kontaktside. Tak, fordi du valgte Fluterm SRL!<\/p>\n","protected":false},"excerpt":{"rendered":"<p>&nbsp; Vilk\u00e5r og betingelser Velkommen til siden med vilk\u00e5r og betingelser for Fluterm SRL, CUI: 43398695. Ved at tilg\u00e5 og bruge fluterm.eu accepterer du at v\u00e6re bundet af disse vilk\u00e5r og betingelser. L\u00e6s dem venligst omhyggeligt, f\u00f8r du bruger vores hjemmeside. Indholdet p\u00e5 siderne p\u00e5 dette websted er kun til din generelle information og brug.&hellip;<\/p>\n","protected":false},"author":3,"featured_media":0,"parent":0,"menu_order":0,"comment_status":"closed","ping_status":"closed","template":"","meta":{"footnotes":""},"class_list":["post-4524","page","type-page","status-publish","hentry"],"acf":[],"yoast_head":"<!-- This site is optimized with the Yoast SEO plugin v21.2 - https:\/\/yoast.com\/wordpress\/plugins\/seo\/ -->\n<title>Vilk\u00e5r og betingelser<\/title>\n<meta name=\"robots\" content=\"index, follow, max-snippet:-1, max-image-preview:large, max-video-preview:-1\" \/>\n<link rel=\"canonical\" href=\"https:\/\/fluterm.eu\/da\/vilkar-og-betingelser\/\" \/>\n<meta property=\"og:locale\" content=\"da_DK\" \/>\n<meta property=\"og:type\" content=\"article\" \/>\n<meta property=\"og:title\" content=\"Vilk\u00e5r og betingelser\" \/>\n<meta property=\"og:description\" content=\"&nbsp; Vilk\u00e5r og betingelser Velkommen til siden med vilk\u00e5r og betingelser for Fluterm SRL, CUI: 43398695. Ved at tilg\u00e5 og bruge fluterm.eu accepterer du at v\u00e6re bundet af disse vilk\u00e5r og betingelser. L\u00e6s dem venligst omhyggeligt, f\u00f8r du bruger vores hjemmeside. Indholdet p\u00e5 siderne p\u00e5 dette websted er kun til din generelle information og brug.&hellip;\" \/>\n<meta property=\"og:url\" content=\"https:\/\/fluterm.eu\/da\/vilkar-og-betingelser\/\" \/>\n<meta property=\"og:site_name\" content=\"fluterm.eu\" \/>\n<meta property=\"article:modified_time\" content=\"2023-09-04T16:17:35+00:00\" \/>\n<meta name=\"twitter:card\" content=\"summary_large_image\" \/>\n<meta name=\"twitter:label1\" content=\"Estimeret l\u00e6setid\" \/>\n\t<meta name=\"twitter:data1\" content=\"3 minutter\" \/>\n<script type=\"application\/ld+json\" class=\"yoast-schema-graph\">{\"@context\":\"https:\/\/schema.org\",\"@graph\":[{\"@type\":\"WebPage\",\"@id\":\"https:\/\/fluterm.eu\/da\/vilkar-og-betingelser\/\",\"url\":\"https:\/\/fluterm.eu\/da\/vilkar-og-betingelser\/\",\"name\":\"Vilk\u00e5r og betingelser\",\"isPartOf\":{\"@id\":\"https:\/\/fluterm.eu\/#website\"},\"datePublished\":\"2022-10-06T05:38:22+00:00\",\"dateModified\":\"2023-09-04T16:17:35+00:00\",\"breadcrumb\":{\"@id\":\"https:\/\/fluterm.eu\/da\/vilkar-og-betingelser\/#breadcrumb\"},\"inLanguage\":\"da-DK\",\"potentialAction\":[{\"@type\":\"ReadAction\",\"target\":[\"https:\/\/fluterm.eu\/da\/vilkar-og-betingelser\/\"]}]},{\"@type\":\"BreadcrumbList\",\"@id\":\"https:\/\/fluterm.eu\/da\/vilkar-og-betingelser\/#breadcrumb\",\"itemListElement\":[{\"@type\":\"ListItem\",\"position\":1,\"name\":\"Home\",\"item\":\"https:\/\/fluterm.eu\/da\/butik\/\"},{\"@type\":\"ListItem\",\"position\":2,\"name\":\"Vilk\u00e5r og betingelser\"}]},{\"@type\":\"WebSite\",\"@id\":\"https:\/\/fluterm.eu\/#website\",\"url\":\"https:\/\/fluterm.eu\/\",\"name\":\"fluterm.eu\",\"description\":\"\",\"potentialAction\":[{\"@type\":\"SearchAction\",\"target\":{\"@type\":\"EntryPoint\",\"urlTemplate\":\"https:\/\/fluterm.eu\/?s={search_term_string}\"},\"query-input\":\"required name=search_term_string\"}],\"inLanguage\":\"da-DK\"}]}<\/script>\n<!-- \/ Yoast SEO plugin. -->","yoast_head_json":{"title":"Vilk\u00e5r og betingelser","robots":{"index":"index","follow":"follow","max-snippet":"max-snippet:-1","max-image-preview":"max-image-preview:large","max-video-preview":"max-video-preview:-1"},"canonical":"https:\/\/fluterm.eu\/da\/vilkar-og-betingelser\/","og_locale":"da_DK","og_type":"article","og_title":"Vilk\u00e5r og betingelser","og_description":"&nbsp; Vilk\u00e5r og betingelser Velkommen til siden med vilk\u00e5r og betingelser for Fluterm SRL, CUI: 43398695. Ved at tilg\u00e5 og bruge fluterm.eu accepterer du at v\u00e6re bundet af disse vilk\u00e5r og betingelser. L\u00e6s dem venligst omhyggeligt, f\u00f8r du bruger vores hjemmeside. Indholdet p\u00e5 siderne p\u00e5 dette websted er kun til din generelle information og brug.&hellip;","og_url":"https:\/\/fluterm.eu\/da\/vilkar-og-betingelser\/","og_site_name":"fluterm.eu","article_modified_time":"2023-09-04T16:17:35+00:00","twitter_card":"summary_large_image","twitter_misc":{"Estimeret l\u00e6setid":"3 minutter"},"schema":{"@context":"https:\/\/schema.org","@graph":[{"@type":"WebPage","@id":"https:\/\/fluterm.eu\/da\/vilkar-og-betingelser\/","url":"https:\/\/fluterm.eu\/da\/vilkar-og-betingelser\/","name":"Vilk\u00e5r og betingelser","isPartOf":{"@id":"https:\/\/fluterm.eu\/#website"},"datePublished":"2022-10-06T05:38:22+00:00","dateModified":"2023-09-04T16:17:35+00:00","breadcrumb":{"@id":"https:\/\/fluterm.eu\/da\/vilkar-og-betingelser\/#breadcrumb"},"inLanguage":"da-DK","potentialAction":[{"@type":"ReadAction","target":["https:\/\/fluterm.eu\/da\/vilkar-og-betingelser\/"]}]},{"@type":"BreadcrumbList","@id":"https:\/\/fluterm.eu\/da\/vilkar-og-betingelser\/#breadcrumb","itemListElement":[{"@type":"ListItem","position":1,"name":"Home","item":"https:\/\/fluterm.eu\/da\/butik\/"},{"@type":"ListItem","position":2,"name":"Vilk\u00e5r og betingelser"}]},{"@type":"WebSite","@id":"https:\/\/fluterm.eu\/#website","url":"https:\/\/fluterm.eu\/","name":"fluterm.eu","description":"","potentialAction":[{"@type":"SearchAction","target":{"@type":"EntryPoint","urlTemplate":"https:\/\/fluterm.eu\/?s={search_term_string}"},"query-input":"required name=search_term_string"}],"inLanguage":"da-DK"}]}},"_links":{"self":[{"href":"https:\/\/fluterm.eu\/da\/wp-json\/wp\/v2\/pages\/4524","targetHints":{"allow":["GET"]}}],"collection":[{"href":"https:\/\/fluterm.eu\/da\/wp-json\/wp\/v2\/pages"}],"about":[{"href":"https:\/\/fluterm.eu\/da\/wp-json\/wp\/v2\/types\/page"}],"author":[{"embeddable":true,"href":"https:\/\/fluterm.eu\/da\/wp-json\/wp\/v2\/users\/3"}],"replies":[{"embeddable":true,"href":"https:\/\/fluterm.eu\/da\/wp-json\/wp\/v2\/comments?post=4524"}],"version-history":[{"count":1,"href":"https:\/\/fluterm.eu\/da\/wp-json\/wp\/v2\/pages\/4524\/revisions"}],"predecessor-version":[{"id":4525,"href":"https:\/\/fluterm.eu\/da\/wp-json\/wp\/v2\/pages\/4524\/revisions\/4525"}],"wp:attachment":[{"href":"https:\/\/fluterm.eu\/da\/wp-json\/wp\/v2\/media?parent=4524"}],"curies":[{"name":"wp","href":"https:\/\/api.w.org\/{rel}","templated":true}]}}