{"id":4810,"date":"2023-07-03T11:04:14","date_gmt":"2023-07-03T08:04:14","guid":{"rendered":"https:\/\/fluterm.eu\/om-os\/"},"modified":"2023-09-04T22:01:50","modified_gmt":"2023-09-04T19:01:50","slug":"om-os","status":"publish","type":"page","link":"https:\/\/fluterm.eu\/da\/om-os\/","title":{"rendered":"Om os"},"content":{"rendered":"<h1>Om os<\/h1>\n<p>Velkommen til FLUTERM SRL &#8211; leverand\u00f8r af varmev\u00e6rkt\u00f8j og tilbeh\u00f8r i Europa. Vi er en virksomhed, der er dedikeret til at levere varmeprodukter og -tjenester af h\u00f8jeste kvalitet til vores kunder over hele landet.<\/p>\n<p>P\u00e5 fluterm.eu, vores onlinebutik, tilbyder vi en bred vifte af varmeprodukter, der opfylder dine behov. Vores produktkategorier omfatter forskellige muligheder s\u00e5som gulvvarmer\u00f8r, cirkulationspumper, gulvvarmeblandingsgrupper, gulvvarmeautomatik, komplette gulvvarmepakker, gaskedler, gulvvarmefordelere, fotovoltaiske kits, varmepumper og andet.<\/p>\n<p>Hos FLUTERM SRL er vi forpligtet til at give vores kunder fremragende service og produkter af h\u00f8j kvalitet, der er designet til at holde. Vores dygtige og venlige team st\u00e5r altid klar til at hj\u00e6lpe med at besvare eventuelle sp\u00f8rgsm\u00e5l og guide dig gennem k\u00f8bsprocessen.<\/p>\n<p>Tak, fordi du valgte FLUTERM SRL til alle dine behov for varmev\u00e6rkt\u00f8j og tilbeh\u00f8r. Vi ser frem til at betjene dig og give dig de bedste produkter og den bedste service i branchen.<\/p>\n","protected":false},"excerpt":{"rendered":"<p>Om os Velkommen til FLUTERM SRL &#8211; leverand\u00f8r af varmev\u00e6rkt\u00f8j og tilbeh\u00f8r i Europa. Vi er en virksomhed, der er dedikeret til at levere varmeprodukter og -tjenester af h\u00f8jeste kvalitet til vores kunder over hele landet. P\u00e5 fluterm.eu, vores onlinebutik, tilbyder vi en bred vifte af varmeprodukter, der opfylder dine behov. Vores produktkategorier omfatter forskellige&hellip;<\/p>\n","protected":false},"author":3,"featured_media":0,"parent":0,"menu_order":0,"comment_status":"closed","ping_status":"closed","template":"","meta":{"footnotes":""},"class_list":["post-4810","page","type-page","status-publish","hentry"],"acf":[],"yoast_head":"<!-- This site is optimized with the Yoast SEO plugin v21.2 - https:\/\/yoast.com\/wordpress\/plugins\/seo\/ -->\n<title>Om os<\/title>\n<meta name=\"robots\" content=\"index, follow, max-snippet:-1, max-image-preview:large, max-video-preview:-1\" \/>\n<link rel=\"canonical\" href=\"https:\/\/fluterm.eu\/da\/om-os\/\" \/>\n<meta property=\"og:locale\" content=\"da_DK\" \/>\n<meta property=\"og:type\" content=\"article\" \/>\n<meta property=\"og:title\" content=\"Om os\" \/>\n<meta property=\"og:description\" content=\"Om os Velkommen til FLUTERM SRL &#8211; leverand\u00f8r af varmev\u00e6rkt\u00f8j og tilbeh\u00f8r i Europa. Vi er en virksomhed, der er dedikeret til at levere varmeprodukter og -tjenester af h\u00f8jeste kvalitet til vores kunder over hele landet. P\u00e5 fluterm.eu, vores onlinebutik, tilbyder vi en bred vifte af varmeprodukter, der opfylder dine behov. Vores produktkategorier omfatter forskellige&hellip;\" \/>\n<meta property=\"og:url\" content=\"https:\/\/fluterm.eu\/da\/om-os\/\" \/>\n<meta property=\"og:site_name\" content=\"fluterm.eu\" \/>\n<meta property=\"article:modified_time\" content=\"2023-09-04T19:01:50+00:00\" \/>\n<meta name=\"twitter:card\" content=\"summary_large_image\" \/>\n<meta name=\"twitter:label1\" content=\"Estimeret l\u00e6setid\" \/>\n\t<meta name=\"twitter:data1\" content=\"1 minut\" \/>\n<script type=\"application\/ld+json\" class=\"yoast-schema-graph\">{\"@context\":\"https:\/\/schema.org\",\"@graph\":[{\"@type\":\"WebPage\",\"@id\":\"https:\/\/fluterm.eu\/da\/om-os\/\",\"url\":\"https:\/\/fluterm.eu\/da\/om-os\/\",\"name\":\"Om os\",\"isPartOf\":{\"@id\":\"https:\/\/fluterm.eu\/#website\"},\"datePublished\":\"2023-07-03T08:04:14+00:00\",\"dateModified\":\"2023-09-04T19:01:50+00:00\",\"breadcrumb\":{\"@id\":\"https:\/\/fluterm.eu\/da\/om-os\/#breadcrumb\"},\"inLanguage\":\"da-DK\",\"potentialAction\":[{\"@type\":\"ReadAction\",\"target\":[\"https:\/\/fluterm.eu\/da\/om-os\/\"]}]},{\"@type\":\"BreadcrumbList\",\"@id\":\"https:\/\/fluterm.eu\/da\/om-os\/#breadcrumb\",\"itemListElement\":[{\"@type\":\"ListItem\",\"position\":1,\"name\":\"Home\",\"item\":\"https:\/\/fluterm.eu\/da\/butik\/\"},{\"@type\":\"ListItem\",\"position\":2,\"name\":\"Om os\"}]},{\"@type\":\"WebSite\",\"@id\":\"https:\/\/fluterm.eu\/#website\",\"url\":\"https:\/\/fluterm.eu\/\",\"name\":\"fluterm.eu\",\"description\":\"\",\"potentialAction\":[{\"@type\":\"SearchAction\",\"target\":{\"@type\":\"EntryPoint\",\"urlTemplate\":\"https:\/\/fluterm.eu\/?s={search_term_string}\"},\"query-input\":\"required name=search_term_string\"}],\"inLanguage\":\"da-DK\"}]}<\/script>\n<!-- \/ Yoast SEO plugin. -->","yoast_head_json":{"title":"Om os","robots":{"index":"index","follow":"follow","max-snippet":"max-snippet:-1","max-image-preview":"max-image-preview:large","max-video-preview":"max-video-preview:-1"},"canonical":"https:\/\/fluterm.eu\/da\/om-os\/","og_locale":"da_DK","og_type":"article","og_title":"Om os","og_description":"Om os Velkommen til FLUTERM SRL &#8211; leverand\u00f8r af varmev\u00e6rkt\u00f8j og tilbeh\u00f8r i Europa. Vi er en virksomhed, der er dedikeret til at levere varmeprodukter og -tjenester af h\u00f8jeste kvalitet til vores kunder over hele landet. P\u00e5 fluterm.eu, vores onlinebutik, tilbyder vi en bred vifte af varmeprodukter, der opfylder dine behov. Vores produktkategorier omfatter forskellige&hellip;","og_url":"https:\/\/fluterm.eu\/da\/om-os\/","og_site_name":"fluterm.eu","article_modified_time":"2023-09-04T19:01:50+00:00","twitter_card":"summary_large_image","twitter_misc":{"Estimeret l\u00e6setid":"1 minut"},"schema":{"@context":"https:\/\/schema.org","@graph":[{"@type":"WebPage","@id":"https:\/\/fluterm.eu\/da\/om-os\/","url":"https:\/\/fluterm.eu\/da\/om-os\/","name":"Om os","isPartOf":{"@id":"https:\/\/fluterm.eu\/#website"},"datePublished":"2023-07-03T08:04:14+00:00","dateModified":"2023-09-04T19:01:50+00:00","breadcrumb":{"@id":"https:\/\/fluterm.eu\/da\/om-os\/#breadcrumb"},"inLanguage":"da-DK","potentialAction":[{"@type":"ReadAction","target":["https:\/\/fluterm.eu\/da\/om-os\/"]}]},{"@type":"BreadcrumbList","@id":"https:\/\/fluterm.eu\/da\/om-os\/#breadcrumb","itemListElement":[{"@type":"ListItem","position":1,"name":"Home","item":"https:\/\/fluterm.eu\/da\/butik\/"},{"@type":"ListItem","position":2,"name":"Om os"}]},{"@type":"WebSite","@id":"https:\/\/fluterm.eu\/#website","url":"https:\/\/fluterm.eu\/","name":"fluterm.eu","description":"","potentialAction":[{"@type":"SearchAction","target":{"@type":"EntryPoint","urlTemplate":"https:\/\/fluterm.eu\/?s={search_term_string}"},"query-input":"required name=search_term_string"}],"inLanguage":"da-DK"}]}},"_links":{"self":[{"href":"https:\/\/fluterm.eu\/da\/wp-json\/wp\/v2\/pages\/4810","targetHints":{"allow":["GET"]}}],"collection":[{"href":"https:\/\/fluterm.eu\/da\/wp-json\/wp\/v2\/pages"}],"about":[{"href":"https:\/\/fluterm.eu\/da\/wp-json\/wp\/v2\/types\/page"}],"author":[{"embeddable":true,"href":"https:\/\/fluterm.eu\/da\/wp-json\/wp\/v2\/users\/3"}],"replies":[{"embeddable":true,"href":"https:\/\/fluterm.eu\/da\/wp-json\/wp\/v2\/comments?post=4810"}],"version-history":[{"count":1,"href":"https:\/\/fluterm.eu\/da\/wp-json\/wp\/v2\/pages\/4810\/revisions"}],"predecessor-version":[{"id":4812,"href":"https:\/\/fluterm.eu\/da\/wp-json\/wp\/v2\/pages\/4810\/revisions\/4812"}],"wp:attachment":[{"href":"https:\/\/fluterm.eu\/da\/wp-json\/wp\/v2\/media?parent=4810"}],"curies":[{"name":"wp","href":"https:\/\/api.w.org\/{rel}","templated":true}]}}