{"id":12939,"date":"2023-08-27T13:08:56","date_gmt":"2023-08-27T10:08:56","guid":{"rendered":"https:\/\/fluterm.eu\/prod\/uponor-vario-s-manifold-3x3-4-obwody-ogrzewania-podlogowego\/"},"modified":"2023-09-06T13:39:01","modified_gmt":"2023-09-06T10:39:01","slug":"uponor-vario-s-manifold-3x3-4-obwody-ogrzewania-podlogowego","status":"publish","type":"product","link":"https:\/\/fluterm.eu\/da\/prod\/uponor-vario-s-manifold-3x3-4-obwody-ogrzewania-podlogowego\/","title":{"rendered":"Uponor Vario S-Manifold 3&#215;3\/4 obwody ogrzewania pod\u0142ogowego"},"content":{"rendered":"<div id=\"react_0HMSVJBJDBJ05\" data-widget-id=\"Tabs\" data-config-id=\"tabs_b58c93daa5df4d1fa2f75fe992b299a1\">\n<div class=\"StyledSection-sc-1thpi8z lnqQuT\">\n<div>\n<div class=\"react-tabs\" data-tabs=\"true\">\n<div id=\"react-tabs-229\" class=\"StyledTabPanel-sc-23fmil jTCKmi custom-tab-tab-27629 react-tabs__tab-panel--selected\" role=\"tabpanel\" aria-labelledby=\"react-tabs-228\">\n<div id=\"tabContent-27629\">\n<div id=\"react_0HMSVJBJDBIUI\" data-widget-id=\"Headline\" data-config-id=\"headline_182133f1b5274cb7a00beeb3f7ea60fb\">\n<div class=\"StyledContainer-sc-cda6kx fecbnE\">\n<h3 class=\"StyledH3-sc-152pfa2 gHYYiD\">Rozdzielacze Vario S &#8211; rozdzielacze ze stali nierdzewnej zapewniaj\u0105ce \u0142atw\u0105 i ekonomiczn\u0105 instalacj\u0119<\/h3>\n<\/div>\n<\/div>\n<div id=\"react_0HMSVJBJDBIUJ\" data-widget-id=\"TwoColumnContent\" data-config-id=\"twocolumncontent_5a49c041efdd4a3caec20efbcc0aaa48\">\n<div class=\"StyledSection-sc-1thpi8z lnqQuT\">\n<div class=\"StyledContainer-sc-cda6kx fecbnE\">\n<div class=\"StyledRow-sc-g65wft laBHjh\">\n<div class=\"StyledCol-sc-1p7ryf jmQMSC\">\n<div class=\"StyledContent-sc-f0e1o4 dXdDxC\">\n<div class=\"StyledText-sc-1y8w1u9 hJWpvE\">\n<div class=\"StyledRichText-sc-1dnstbl bmohoz\"><img decoding=\"async\" src=\"https:\/\/www.uponor.com\/getmedia\/6d04b7c7-78d4-4279-b026-5dffee252a08\/uponor%20vario%20s%20linkbox%20desktop.jpg?sitename=Global&amp;uh=29f3df77bb3ca1d1e2e7fb8d1473e8f1f9795d436a6cc9f9c4e989c98b483666\" alt=\"uponor vario s\"><\/div>\n<\/div>\n<\/div>\n<\/div>\n<div class=\"StyledCol-sc-1p7ryf jmQMSC\">\n<div class=\"StyledContent-sc-f0e1o4 dXdDxC\">\n<div class=\"StyledText-sc-1y8w1u9 hJWpvE\">\n<div class=\"StyledRichText-sc-1dnstbl bmohoz\">\n<p><strong>Korzy\u015bci<\/strong><\/p>\n<ul>\n<li>Jednocz\u0119\u015bciowy rozdzielacz z 2-16 obwodami grzewczymi<\/li>\n<li>Z\u0142\u0105cze p\u0119tli G3\/4&#8243; eurocon<\/li>\n<li>Skok p\u0119tli 50 mm<\/li>\n<li>Skok nag\u0142\u00f3wka 225 mm<\/li>\n<li>Opcjonalnie dost\u0119pne z przep\u0142ywomierzami lub z regulacj\u0105 przep\u0142ywu za pomoc\u0105 zaworu \u015brubowego<\/li>\n<\/ul>\n<p><strong>Obszar zastosowa\u0144:<\/strong><\/p>\n<ul>\n<li>Ogrzewanie og ch\u0142odzenie promiennikowe<\/li>\n<li>Nadaje si\u0119 do du\u017cych obszar\u00f3w grzewczych\/ch\u0142odniczych<\/li>\n<li>Mieszkaniowe i komercyjne<\/li>\n<li>Kompaktowa instalacja w po\u0142\u0105czeniu af grupami pompowymi, regulatorem r\u00f3\u017cnicy ci\u015bnie\u0144 og zestawami przy\u0142\u0105czeniowymi w szafach rozdzielczych Uponor.<\/li>\n<\/ul>\n<\/div>\n<\/div>\n<div class=\"StyledButtonsContainer-sc-8mywb0 ZGHkf\"><a class=\"StyledButton-sc-3gr1eh ilsdRH StyledButton-sc-e8i15b ccLhhP\" href=\"https:\/\/www.uponor.com\/en-en\/product-online-catalogue\/radiant-heating-cooling\/distribution\/uponor-vario-s\" target=\"_self\" rel=\"noopener\"><span class=\"btn__text \">Katalog produkt\u00f3w<\/span><\/a><\/div>\n<\/div>\n<\/div>\n<\/div>\n<\/div>\n<\/div>\n<\/div>\n<\/div>\n<\/div>\n<div id=\"react-tabs-231\" class=\"StyledTabPanel-sc-23fmil jTCKmi custom-tab-tab-27627\" role=\"tabpanel\" aria-labelledby=\"react-tabs-230\"><\/div>\n<div id=\"react-tabs-233\" class=\"StyledTabPanel-sc-23fmil jTCKmi custom-tab-tab-27626\" role=\"tabpanel\" aria-labelledby=\"react-tabs-232\"><\/div>\n<div id=\"react-tabs-235\" class=\"StyledTabPanel-sc-23fmil jTCKmi custom-tab-tab-27628\" role=\"tabpanel\" aria-labelledby=\"react-tabs-234\"><\/div>\n<div id=\"react-tabs-237\" class=\"StyledTabPanel-sc-23fmil jTCKmi custom-tab-tab-369384\" role=\"tabpanel\" aria-labelledby=\"react-tabs-236\"><\/div>\n<div id=\"react-tabs-239\" class=\"StyledTabPanel-sc-23fmil jTCKmi custom-tab-tab-27630\" role=\"tabpanel\" aria-labelledby=\"react-tabs-238\"><\/div>\n<div id=\"react-tabs-241\" class=\"StyledTabPanel-sc-23fmil jTCKmi custom-tab-tab-369485\" role=\"tabpanel\" aria-labelledby=\"react-tabs-240\"><\/div>\n<\/div>\n<\/div>\n<\/div>\n<\/div>\n<div id=\"react_0HMSVJBJDBJ07\" data-widget-id=\"Headline\" data-config-id=\"headline_60dc5e6570d44c41a1c3ac086ed4d3ca\">\n<div class=\"StyledContainer-sc-cda6kx fecbnE\"><\/div>\n<\/div>\n","protected":false},"excerpt":{"rendered":"<p>Rozdzielacze Vario S &#8211; rozdzielacze ze stali nierdzewnej zapewniaj\u0105ce \u0142atw\u0105 i ekonomiczn\u0105 instalacj\u0119 Korzy\u015bci Jednocz\u0119\u015bciowy rozdzielacz z 2-16 obwodami grzewczymi Z\u0142\u0105cze p\u0119tli G3\/4&#8243; eurocon Skok p\u0119tli 50 mm Skok nag\u0142\u00f3wka 225 mm Opcjonalnie dost\u0119pne z przep\u0142ywomierzami lub z regulacj\u0105 przep\u0142ywu za pomoc\u0105 zaworu \u015brubowego Obszar zastosowa\u0144: Ogrzewanie og ch\u0142odzenie promiennikowe Nadaje si\u0119 do du\u017cych obszar\u00f3w&hellip;<\/p>\n","protected":false},"featured_media":0,"comment_status":"open","ping_status":"closed","template":"","meta":[],"product_cat":[15],"product_tag":[],"class_list":{"0":"post-12939","1":"product","2":"type-product","3":"status-publish","5":"product_cat-uncategorized","7":"first","8":"instock","9":"taxable","10":"shipping-taxable","11":"purchasable","12":"product-type-simple","13":"col-xs-6 col-sm-4","14":"col-md-4 col-lg-4","15":"un-3-cols"},"acf":[],"yoast_head":"<!-- This site is optimized with the Yoast SEO plugin v21.2 - https:\/\/yoast.com\/wordpress\/plugins\/seo\/ -->\n<title>Uponor Vario S-Manifold 3x3\/4 obwody ogrzewania pod\u0142ogowego<\/title>\n<meta name=\"description\" content=\"Order Uponor Vario S-Manifold 3x3\/4 obwody ogrzewania pod\u0142ogowego at a best price.\" \/>\n<meta name=\"robots\" content=\"index, follow, max-snippet:-1, max-image-preview:large, max-video-preview:-1\" \/>\n<link rel=\"canonical\" href=\"https:\/\/fluterm.eu\/da\/prod\/uponor-vario-s-manifold-3x3-4-obwody-ogrzewania-podlogowego\/\" \/>\n<meta property=\"og:locale\" content=\"da_DK\" \/>\n<meta property=\"og:type\" content=\"article\" \/>\n<meta property=\"og:title\" content=\"Uponor Vario S-Manifold 3x3\/4 obwody ogrzewania pod\u0142ogowego\" \/>\n<meta property=\"og:description\" content=\"Order Uponor Vario S-Manifold 3x3\/4 obwody ogrzewania pod\u0142ogowego at a best price.\" \/>\n<meta property=\"og:url\" content=\"https:\/\/fluterm.eu\/da\/prod\/uponor-vario-s-manifold-3x3-4-obwody-ogrzewania-podlogowego\/\" \/>\n<meta property=\"og:site_name\" content=\"fluterm.eu\" \/>\n<meta property=\"article:modified_time\" content=\"2023-09-06T10:39:01+00:00\" \/>\n<meta property=\"og:image\" content=\"https:\/\/www.uponor.com\/getmedia\/6d04b7c7-78d4-4279-b026-5dffee252a08\/uponor%20vario%20s%20linkbox%20desktop.jpg?sitename=Global&amp;uh=29f3df77bb3ca1d1e2e7fb8d1473e8f1f9795d436a6cc9f9c4e989c98b483666\" \/>\n<meta name=\"twitter:card\" content=\"summary_large_image\" \/>\n<script type=\"application\/ld+json\" class=\"yoast-schema-graph\">{\"@context\":\"https:\/\/schema.org\",\"@graph\":[{\"@type\":\"WebPage\",\"@id\":\"https:\/\/fluterm.eu\/da\/prod\/uponor-vario-s-manifold-3x3-4-obwody-ogrzewania-podlogowego\/\",\"url\":\"https:\/\/fluterm.eu\/da\/prod\/uponor-vario-s-manifold-3x3-4-obwody-ogrzewania-podlogowego\/\",\"name\":\"Uponor Vario S-Manifold 3x3\/4 obwody ogrzewania pod\u0142ogowego\",\"isPartOf\":{\"@id\":\"https:\/\/fluterm.eu\/#website\"},\"datePublished\":\"2023-08-27T10:08:56+00:00\",\"dateModified\":\"2023-09-06T10:39:01+00:00\",\"description\":\"Order Uponor Vario S-Manifold 3x3\/4 obwody ogrzewania pod\u0142ogowego at a best price.\",\"breadcrumb\":{\"@id\":\"https:\/\/fluterm.eu\/da\/prod\/uponor-vario-s-manifold-3x3-4-obwody-ogrzewania-podlogowego\/#breadcrumb\"},\"inLanguage\":\"da-DK\",\"potentialAction\":[{\"@type\":\"ReadAction\",\"target\":[\"https:\/\/fluterm.eu\/da\/prod\/uponor-vario-s-manifold-3x3-4-obwody-ogrzewania-podlogowego\/\"]}]},{\"@type\":\"BreadcrumbList\",\"@id\":\"https:\/\/fluterm.eu\/da\/prod\/uponor-vario-s-manifold-3x3-4-obwody-ogrzewania-podlogowego\/#breadcrumb\",\"itemListElement\":[{\"@type\":\"ListItem\",\"position\":1,\"name\":\"Home\",\"item\":\"https:\/\/fluterm.eu\/da\/butik\/\"},{\"@type\":\"ListItem\",\"position\":2,\"name\":\"Butik\",\"item\":\"https:\/\/fluterm.eu\/da\/butik\/\"},{\"@type\":\"ListItem\",\"position\":3,\"name\":\"Uponor Vario S-Manifold 3&#215;3\/4 obwody ogrzewania pod\u0142ogowego\"}]},{\"@type\":\"WebSite\",\"@id\":\"https:\/\/fluterm.eu\/#website\",\"url\":\"https:\/\/fluterm.eu\/\",\"name\":\"fluterm.eu\",\"description\":\"\",\"potentialAction\":[{\"@type\":\"SearchAction\",\"target\":{\"@type\":\"EntryPoint\",\"urlTemplate\":\"https:\/\/fluterm.eu\/?s={search_term_string}\"},\"query-input\":\"required name=search_term_string\"}],\"inLanguage\":\"da-DK\"}]}<\/script>\n<!-- \/ Yoast SEO plugin. -->","yoast_head_json":{"title":"Uponor Vario S-Manifold 3x3\/4 obwody ogrzewania pod\u0142ogowego","description":"Order Uponor Vario S-Manifold 3x3\/4 obwody ogrzewania pod\u0142ogowego at a best price.","robots":{"index":"index","follow":"follow","max-snippet":"max-snippet:-1","max-image-preview":"max-image-preview:large","max-video-preview":"max-video-preview:-1"},"canonical":"https:\/\/fluterm.eu\/da\/prod\/uponor-vario-s-manifold-3x3-4-obwody-ogrzewania-podlogowego\/","og_locale":"da_DK","og_type":"article","og_title":"Uponor Vario S-Manifold 3x3\/4 obwody ogrzewania pod\u0142ogowego","og_description":"Order Uponor Vario S-Manifold 3x3\/4 obwody ogrzewania pod\u0142ogowego at a best price.","og_url":"https:\/\/fluterm.eu\/da\/prod\/uponor-vario-s-manifold-3x3-4-obwody-ogrzewania-podlogowego\/","og_site_name":"fluterm.eu","article_modified_time":"2023-09-06T10:39:01+00:00","og_image":[{"url":"https:\/\/www.uponor.com\/getmedia\/6d04b7c7-78d4-4279-b026-5dffee252a08\/uponor%20vario%20s%20linkbox%20desktop.jpg?sitename=Global&amp;uh=29f3df77bb3ca1d1e2e7fb8d1473e8f1f9795d436a6cc9f9c4e989c98b483666"}],"twitter_card":"summary_large_image","schema":{"@context":"https:\/\/schema.org","@graph":[{"@type":"WebPage","@id":"https:\/\/fluterm.eu\/da\/prod\/uponor-vario-s-manifold-3x3-4-obwody-ogrzewania-podlogowego\/","url":"https:\/\/fluterm.eu\/da\/prod\/uponor-vario-s-manifold-3x3-4-obwody-ogrzewania-podlogowego\/","name":"Uponor Vario S-Manifold 3x3\/4 obwody ogrzewania pod\u0142ogowego","isPartOf":{"@id":"https:\/\/fluterm.eu\/#website"},"datePublished":"2023-08-27T10:08:56+00:00","dateModified":"2023-09-06T10:39:01+00:00","description":"Order Uponor Vario S-Manifold 3x3\/4 obwody ogrzewania pod\u0142ogowego at a best price.","breadcrumb":{"@id":"https:\/\/fluterm.eu\/da\/prod\/uponor-vario-s-manifold-3x3-4-obwody-ogrzewania-podlogowego\/#breadcrumb"},"inLanguage":"da-DK","potentialAction":[{"@type":"ReadAction","target":["https:\/\/fluterm.eu\/da\/prod\/uponor-vario-s-manifold-3x3-4-obwody-ogrzewania-podlogowego\/"]}]},{"@type":"BreadcrumbList","@id":"https:\/\/fluterm.eu\/da\/prod\/uponor-vario-s-manifold-3x3-4-obwody-ogrzewania-podlogowego\/#breadcrumb","itemListElement":[{"@type":"ListItem","position":1,"name":"Home","item":"https:\/\/fluterm.eu\/da\/butik\/"},{"@type":"ListItem","position":2,"name":"Butik","item":"https:\/\/fluterm.eu\/da\/butik\/"},{"@type":"ListItem","position":3,"name":"Uponor Vario S-Manifold 3&#215;3\/4 obwody ogrzewania pod\u0142ogowego"}]},{"@type":"WebSite","@id":"https:\/\/fluterm.eu\/#website","url":"https:\/\/fluterm.eu\/","name":"fluterm.eu","description":"","potentialAction":[{"@type":"SearchAction","target":{"@type":"EntryPoint","urlTemplate":"https:\/\/fluterm.eu\/?s={search_term_string}"},"query-input":"required name=search_term_string"}],"inLanguage":"da-DK"}]}},"_links":{"self":[{"href":"https:\/\/fluterm.eu\/da\/wp-json\/wp\/v2\/product\/12939","targetHints":{"allow":["GET"]}}],"collection":[{"href":"https:\/\/fluterm.eu\/da\/wp-json\/wp\/v2\/product"}],"about":[{"href":"https:\/\/fluterm.eu\/da\/wp-json\/wp\/v2\/types\/product"}],"replies":[{"embeddable":true,"href":"https:\/\/fluterm.eu\/da\/wp-json\/wp\/v2\/comments?post=12939"}],"version-history":[{"count":1,"href":"https:\/\/fluterm.eu\/da\/wp-json\/wp\/v2\/product\/12939\/revisions"}],"predecessor-version":[{"id":12946,"href":"https:\/\/fluterm.eu\/da\/wp-json\/wp\/v2\/product\/12939\/revisions\/12946"}],"wp:attachment":[{"href":"https:\/\/fluterm.eu\/da\/wp-json\/wp\/v2\/media?parent=12939"}],"wp:term":[{"taxonomy":"product_cat","embeddable":true,"href":"https:\/\/fluterm.eu\/da\/wp-json\/wp\/v2\/product_cat?post=12939"},{"taxonomy":"product_tag","embeddable":true,"href":"https:\/\/fluterm.eu\/da\/wp-json\/wp\/v2\/product_tag?post=12939"}],"curies":[{"name":"wp","href":"https:\/\/api.w.org\/{rel}","templated":true}]}}