{"id":14282,"date":"2023-06-10T14:50:41","date_gmt":"2023-06-10T11:50:41","guid":{"rendered":"https:\/\/fluterm.eu\/prod\/monteringsplade-til-gulvvarme-3cm-isolering-eps-150\/"},"modified":"2023-06-10T14:50:41","modified_gmt":"2023-06-10T11:50:41","slug":"3cm-rille-plade-med-2cm-isolering-og-1cm-ror-rille-til-gulvvarme","status":"publish","type":"product","link":"https:\/\/fluterm.eu\/da\/prod\/3cm-rille-plade-med-2cm-isolering-og-1cm-ror-rille-til-gulvvarme\/","title":{"rendered":"Monteringsplade til gulvvarme 3cm isolering Eps 150"},"content":{"rendered":"<p>Gulvvarmebakke 20 mm plus 30 mm h\u00f8j isolering, hvor hver sektion er placeret med 50 mm mellemrum, og r\u00f8rene kan placeres med 50 mm, 100 mm og 150 mm mellemrum og s\u00e5 videre.<\/p>\n<p><span style=\"color: #ff0000;\">EPS 150<\/span><\/p>\n<p>UFH-panelets dimensioner: 1220 x 820 x 50 mm h\u00f8jt.<br \/>\n1 Panel d\u00e6kker ca. 1m2<\/p>\n","protected":false},"excerpt":{"rendered":"<p>Gulvvarmebakke 20 mm plus 30 mm h\u00f8j isolering, hvor hver sektion er placeret med 50 mm mellemrum, og r\u00f8rene kan placeres med 50 mm, 100 mm og 150 mm mellemrum og s\u00e5 videre. EPS 150 UFH-panelets dimensioner: 1220 x 820 x 50 mm h\u00f8jt. 1 Panel d\u00e6kker ca. 1m2<\/p>\n","protected":false},"featured_media":2754,"comment_status":"open","ping_status":"closed","template":"","meta":[],"product_cat":[817],"product_tag":[],"class_list":{"0":"post-14282","1":"product","2":"type-product","3":"status-publish","4":"has-post-thumbnail","6":"product_cat-diverse","8":"first","9":"instock","10":"sale","11":"taxable","12":"shipping-taxable","13":"purchasable","14":"product-type-simple","15":"col-xs-6 col-sm-4","16":"col-md-4 col-lg-4","17":"un-3-cols"},"acf":[],"yoast_head":"<!-- This site is optimized with the Yoast SEO plugin v21.2 - https:\/\/yoast.com\/wordpress\/plugins\/seo\/ -->\n<title>Monteringsplade til gulvvarme 3cm isolering Eps 150<\/title>\n<meta name=\"description\" content=\"Order Monteringsplade til gulvvarme 3cm isolering Eps 150 at a best price.\" \/>\n<meta name=\"robots\" content=\"index, follow, max-snippet:-1, max-image-preview:large, max-video-preview:-1\" \/>\n<link rel=\"canonical\" href=\"https:\/\/fluterm.eu\/da\/prod\/monteringsplade-til-gulvvarme-3cm-isolering-eps-150\/\" \/>\n<meta property=\"og:locale\" content=\"da_DK\" \/>\n<meta property=\"og:type\" content=\"article\" \/>\n<meta property=\"og:title\" content=\"Monteringsplade til gulvvarme 3cm isolering Eps 150\" \/>\n<meta property=\"og:description\" content=\"Order Monteringsplade til gulvvarme 3cm isolering Eps 150 at a best price.\" \/>\n<meta property=\"og:url\" content=\"https:\/\/fluterm.eu\/da\/prod\/monteringsplade-til-gulvvarme-3cm-isolering-eps-150\/\" \/>\n<meta property=\"og:site_name\" content=\"fluterm.eu\" \/>\n<meta property=\"og:image\" content=\"https:\/\/fluterm.eu\/wp-content\/uploads\/2023\/06\/F122A45B-F764-4206-961B-D30CCFCEF3D4.jpeg\" \/>\n\t<meta property=\"og:image:width\" content=\"800\" \/>\n\t<meta property=\"og:image:height\" content=\"446\" \/>\n\t<meta property=\"og:image:type\" content=\"image\/jpeg\" \/>\n<meta name=\"twitter:card\" content=\"summary_large_image\" \/>\n<script type=\"application\/ld+json\" class=\"yoast-schema-graph\">{\"@context\":\"https:\/\/schema.org\",\"@graph\":[{\"@type\":\"WebPage\",\"@id\":\"https:\/\/fluterm.eu\/da\/prod\/monteringsplade-til-gulvvarme-3cm-isolering-eps-150\/\",\"url\":\"https:\/\/fluterm.eu\/da\/prod\/monteringsplade-til-gulvvarme-3cm-isolering-eps-150\/\",\"name\":\"Monteringsplade til gulvvarme 3cm isolering Eps 150\",\"isPartOf\":{\"@id\":\"https:\/\/fluterm.eu\/#website\"},\"datePublished\":\"2023-06-10T11:50:41+00:00\",\"dateModified\":\"2023-06-10T11:50:41+00:00\",\"description\":\"Order Monteringsplade til gulvvarme 3cm isolering Eps 150 at a best price.\",\"breadcrumb\":{\"@id\":\"https:\/\/fluterm.eu\/da\/prod\/monteringsplade-til-gulvvarme-3cm-isolering-eps-150\/#breadcrumb\"},\"inLanguage\":\"da-DK\",\"potentialAction\":[{\"@type\":\"ReadAction\",\"target\":[\"https:\/\/fluterm.eu\/da\/prod\/monteringsplade-til-gulvvarme-3cm-isolering-eps-150\/\"]}]},{\"@type\":\"BreadcrumbList\",\"@id\":\"https:\/\/fluterm.eu\/da\/prod\/monteringsplade-til-gulvvarme-3cm-isolering-eps-150\/#breadcrumb\",\"itemListElement\":[{\"@type\":\"ListItem\",\"position\":1,\"name\":\"Home\",\"item\":\"https:\/\/fluterm.eu\/da\/butik\/\"},{\"@type\":\"ListItem\",\"position\":2,\"name\":\"Butik\",\"item\":\"https:\/\/fluterm.eu\/da\/butik\/\"},{\"@type\":\"ListItem\",\"position\":3,\"name\":\"Monteringsplade til gulvvarme 3cm isolering Eps 150\"}]},{\"@type\":\"WebSite\",\"@id\":\"https:\/\/fluterm.eu\/#website\",\"url\":\"https:\/\/fluterm.eu\/\",\"name\":\"fluterm.eu\",\"description\":\"\",\"potentialAction\":[{\"@type\":\"SearchAction\",\"target\":{\"@type\":\"EntryPoint\",\"urlTemplate\":\"https:\/\/fluterm.eu\/?s={search_term_string}\"},\"query-input\":\"required name=search_term_string\"}],\"inLanguage\":\"da-DK\"}]}<\/script>\n<!-- \/ Yoast SEO plugin. -->","yoast_head_json":{"title":"Monteringsplade til gulvvarme 3cm isolering Eps 150","description":"Order Monteringsplade til gulvvarme 3cm isolering Eps 150 at a best price.","robots":{"index":"index","follow":"follow","max-snippet":"max-snippet:-1","max-image-preview":"max-image-preview:large","max-video-preview":"max-video-preview:-1"},"canonical":"https:\/\/fluterm.eu\/da\/prod\/monteringsplade-til-gulvvarme-3cm-isolering-eps-150\/","og_locale":"da_DK","og_type":"article","og_title":"Monteringsplade til gulvvarme 3cm isolering Eps 150","og_description":"Order Monteringsplade til gulvvarme 3cm isolering Eps 150 at a best price.","og_url":"https:\/\/fluterm.eu\/da\/prod\/monteringsplade-til-gulvvarme-3cm-isolering-eps-150\/","og_site_name":"fluterm.eu","og_image":[{"width":800,"height":446,"url":"https:\/\/fluterm.eu\/wp-content\/uploads\/2023\/06\/F122A45B-F764-4206-961B-D30CCFCEF3D4.jpeg","type":"image\/jpeg"}],"twitter_card":"summary_large_image","schema":{"@context":"https:\/\/schema.org","@graph":[{"@type":"WebPage","@id":"https:\/\/fluterm.eu\/da\/prod\/monteringsplade-til-gulvvarme-3cm-isolering-eps-150\/","url":"https:\/\/fluterm.eu\/da\/prod\/monteringsplade-til-gulvvarme-3cm-isolering-eps-150\/","name":"Monteringsplade til gulvvarme 3cm isolering Eps 150","isPartOf":{"@id":"https:\/\/fluterm.eu\/#website"},"datePublished":"2023-06-10T11:50:41+00:00","dateModified":"2023-06-10T11:50:41+00:00","description":"Order Monteringsplade til gulvvarme 3cm isolering Eps 150 at a best price.","breadcrumb":{"@id":"https:\/\/fluterm.eu\/da\/prod\/monteringsplade-til-gulvvarme-3cm-isolering-eps-150\/#breadcrumb"},"inLanguage":"da-DK","potentialAction":[{"@type":"ReadAction","target":["https:\/\/fluterm.eu\/da\/prod\/monteringsplade-til-gulvvarme-3cm-isolering-eps-150\/"]}]},{"@type":"BreadcrumbList","@id":"https:\/\/fluterm.eu\/da\/prod\/monteringsplade-til-gulvvarme-3cm-isolering-eps-150\/#breadcrumb","itemListElement":[{"@type":"ListItem","position":1,"name":"Home","item":"https:\/\/fluterm.eu\/da\/butik\/"},{"@type":"ListItem","position":2,"name":"Butik","item":"https:\/\/fluterm.eu\/da\/butik\/"},{"@type":"ListItem","position":3,"name":"Monteringsplade til gulvvarme 3cm isolering Eps 150"}]},{"@type":"WebSite","@id":"https:\/\/fluterm.eu\/#website","url":"https:\/\/fluterm.eu\/","name":"fluterm.eu","description":"","potentialAction":[{"@type":"SearchAction","target":{"@type":"EntryPoint","urlTemplate":"https:\/\/fluterm.eu\/?s={search_term_string}"},"query-input":"required name=search_term_string"}],"inLanguage":"da-DK"}]}},"_links":{"self":[{"href":"https:\/\/fluterm.eu\/da\/wp-json\/wp\/v2\/product\/14282","targetHints":{"allow":["GET"]}}],"collection":[{"href":"https:\/\/fluterm.eu\/da\/wp-json\/wp\/v2\/product"}],"about":[{"href":"https:\/\/fluterm.eu\/da\/wp-json\/wp\/v2\/types\/product"}],"replies":[{"embeddable":true,"href":"https:\/\/fluterm.eu\/da\/wp-json\/wp\/v2\/comments?post=14282"}],"version-history":[{"count":0,"href":"https:\/\/fluterm.eu\/da\/wp-json\/wp\/v2\/product\/14282\/revisions"}],"wp:featuredmedia":[{"embeddable":true,"href":"https:\/\/fluterm.eu\/da\/wp-json\/wp\/v2\/media\/2754"}],"wp:attachment":[{"href":"https:\/\/fluterm.eu\/da\/wp-json\/wp\/v2\/media?parent=14282"}],"wp:term":[{"taxonomy":"product_cat","embeddable":true,"href":"https:\/\/fluterm.eu\/da\/wp-json\/wp\/v2\/product_cat?post=14282"},{"taxonomy":"product_tag","embeddable":true,"href":"https:\/\/fluterm.eu\/da\/wp-json\/wp\/v2\/product_tag?post=14282"}],"curies":[{"name":"wp","href":"https:\/\/api.w.org\/{rel}","templated":true}]}}