{"id":14322,"date":"2023-06-10T14:50:41","date_gmt":"2023-06-10T11:50:41","guid":{"rendered":"https:\/\/fluterm.eu\/prod\/fuldt-udstyret-10-kredsloebs-gulvvarmemanifold\/"},"modified":"2023-06-10T14:50:41","modified_gmt":"2023-06-10T11:50:41","slug":"fuldt-udstyret-10-vejs-gulvvarmefordeler","status":"publish","type":"product","link":"https:\/\/fluterm.eu\/da\/prod\/fuldt-udstyret-10-vejs-gulvvarmefordeler\/","title":{"rendered":"Fuldt udstyret 10-kredsl\u00f8bs gulvvarmemanifold"},"content":{"rendered":"<p>20 x euroconus pex 16\/17&#215;2<\/p>\n<p>1 x metal\u00e6ske<\/p>\n<p>10 port komplette manifolder, vi leverer, er konstrueret til de h\u00f8jeste industrielle<br \/>\nstandarder, der giver fremragende resultater med 25 \u00e5rs garanti.<\/p>\n<p>Manifolderne er udelukkende fremstillet af kvalitetsmessing, hvilket sikrer<\/p>\n<p>enest\u00e5ende ydeevne og total ro i sindet.<\/p>\n<p>Disse manifolder f\u00e5s i variationer fra 2-12 porte, hvilket giver mulighed for installationer i alle st\u00f8rrelser.<\/p>\n<p><strong><em>WRAS-godkendt<\/em><\/strong><\/p>\n","protected":false},"excerpt":{"rendered":"<p>20 x euroconus pex 16\/17&#215;2 1 x metal\u00e6ske 10 port komplette manifolder, vi leverer, er konstrueret til de h\u00f8jeste industrielle standarder, der giver fremragende resultater med 25 \u00e5rs garanti. Manifolderne er udelukkende fremstillet af kvalitetsmessing, hvilket sikrer enest\u00e5ende ydeevne og total ro i sindet. Disse manifolder f\u00e5s i variationer fra 2-12 porte, hvilket giver mulighed&hellip;<\/p>\n","protected":false},"featured_media":2817,"comment_status":"open","ping_status":"closed","template":"","meta":[],"product_cat":[822],"product_tag":[],"class_list":{"0":"post-14322","1":"product","2":"type-product","3":"status-publish","4":"has-post-thumbnail","6":"product_cat-forhandlere-af-gulvvarme","8":"first","9":"instock","10":"sale","11":"taxable","12":"shipping-taxable","13":"purchasable","14":"product-type-simple","15":"col-xs-6 col-sm-4","16":"col-md-4 col-lg-4","17":"un-3-cols"},"acf":[],"yoast_head":"<!-- This site is optimized with the Yoast SEO plugin v21.2 - https:\/\/yoast.com\/wordpress\/plugins\/seo\/ -->\n<title>Fuldt udstyret 10-kredsl\u00f8bs gulvvarmemanifold<\/title>\n<meta name=\"description\" content=\"Order Fuldt udstyret 10-kredsl\u00f8bs gulvvarmemanifold at a best price.\" \/>\n<meta name=\"robots\" content=\"index, follow, max-snippet:-1, max-image-preview:large, max-video-preview:-1\" \/>\n<link rel=\"canonical\" href=\"https:\/\/fluterm.eu\/da\/prod\/fuldt-udstyret-10-kredsloebs-gulvvarmemanifold\/\" \/>\n<meta property=\"og:locale\" content=\"da_DK\" \/>\n<meta property=\"og:type\" content=\"article\" \/>\n<meta property=\"og:title\" content=\"Fuldt udstyret 10-kredsl\u00f8bs gulvvarmemanifold\" \/>\n<meta property=\"og:description\" content=\"Order Fuldt udstyret 10-kredsl\u00f8bs gulvvarmemanifold at a best price.\" \/>\n<meta property=\"og:url\" content=\"https:\/\/fluterm.eu\/da\/prod\/fuldt-udstyret-10-kredsloebs-gulvvarmemanifold\/\" \/>\n<meta property=\"og:site_name\" content=\"fluterm.eu\" \/>\n<meta property=\"og:image\" content=\"https:\/\/fluterm.eu\/wp-content\/uploads\/2023\/06\/3EEF15EE-5ED1-4650-A5AD-C7A561CEA53C.jpeg\" \/>\n\t<meta property=\"og:image:width\" content=\"2000\" \/>\n\t<meta property=\"og:image:height\" content=\"2000\" \/>\n\t<meta property=\"og:image:type\" content=\"image\/jpeg\" \/>\n<meta name=\"twitter:card\" content=\"summary_large_image\" \/>\n<script type=\"application\/ld+json\" class=\"yoast-schema-graph\">{\"@context\":\"https:\/\/schema.org\",\"@graph\":[{\"@type\":\"WebPage\",\"@id\":\"https:\/\/fluterm.eu\/da\/prod\/fuldt-udstyret-10-kredsloebs-gulvvarmemanifold\/\",\"url\":\"https:\/\/fluterm.eu\/da\/prod\/fuldt-udstyret-10-kredsloebs-gulvvarmemanifold\/\",\"name\":\"Fuldt udstyret 10-kredsl\u00f8bs gulvvarmemanifold\",\"isPartOf\":{\"@id\":\"https:\/\/fluterm.eu\/#website\"},\"datePublished\":\"2023-06-10T11:50:41+00:00\",\"dateModified\":\"2023-06-10T11:50:41+00:00\",\"description\":\"Order Fuldt udstyret 10-kredsl\u00f8bs gulvvarmemanifold at a best price.\",\"breadcrumb\":{\"@id\":\"https:\/\/fluterm.eu\/da\/prod\/fuldt-udstyret-10-kredsloebs-gulvvarmemanifold\/#breadcrumb\"},\"inLanguage\":\"da-DK\",\"potentialAction\":[{\"@type\":\"ReadAction\",\"target\":[\"https:\/\/fluterm.eu\/da\/prod\/fuldt-udstyret-10-kredsloebs-gulvvarmemanifold\/\"]}]},{\"@type\":\"BreadcrumbList\",\"@id\":\"https:\/\/fluterm.eu\/da\/prod\/fuldt-udstyret-10-kredsloebs-gulvvarmemanifold\/#breadcrumb\",\"itemListElement\":[{\"@type\":\"ListItem\",\"position\":1,\"name\":\"Home\",\"item\":\"https:\/\/fluterm.eu\/da\/butik\/\"},{\"@type\":\"ListItem\",\"position\":2,\"name\":\"Butik\",\"item\":\"https:\/\/fluterm.eu\/da\/butik\/\"},{\"@type\":\"ListItem\",\"position\":3,\"name\":\"Fuldt udstyret 10-kredsl\u00f8bs gulvvarmemanifold\"}]},{\"@type\":\"WebSite\",\"@id\":\"https:\/\/fluterm.eu\/#website\",\"url\":\"https:\/\/fluterm.eu\/\",\"name\":\"fluterm.eu\",\"description\":\"\",\"potentialAction\":[{\"@type\":\"SearchAction\",\"target\":{\"@type\":\"EntryPoint\",\"urlTemplate\":\"https:\/\/fluterm.eu\/?s={search_term_string}\"},\"query-input\":\"required name=search_term_string\"}],\"inLanguage\":\"da-DK\"}]}<\/script>\n<!-- \/ Yoast SEO plugin. -->","yoast_head_json":{"title":"Fuldt udstyret 10-kredsl\u00f8bs gulvvarmemanifold","description":"Order Fuldt udstyret 10-kredsl\u00f8bs gulvvarmemanifold at a best price.","robots":{"index":"index","follow":"follow","max-snippet":"max-snippet:-1","max-image-preview":"max-image-preview:large","max-video-preview":"max-video-preview:-1"},"canonical":"https:\/\/fluterm.eu\/da\/prod\/fuldt-udstyret-10-kredsloebs-gulvvarmemanifold\/","og_locale":"da_DK","og_type":"article","og_title":"Fuldt udstyret 10-kredsl\u00f8bs gulvvarmemanifold","og_description":"Order Fuldt udstyret 10-kredsl\u00f8bs gulvvarmemanifold at a best price.","og_url":"https:\/\/fluterm.eu\/da\/prod\/fuldt-udstyret-10-kredsloebs-gulvvarmemanifold\/","og_site_name":"fluterm.eu","og_image":[{"width":2000,"height":2000,"url":"https:\/\/fluterm.eu\/wp-content\/uploads\/2023\/06\/3EEF15EE-5ED1-4650-A5AD-C7A561CEA53C.jpeg","type":"image\/jpeg"}],"twitter_card":"summary_large_image","schema":{"@context":"https:\/\/schema.org","@graph":[{"@type":"WebPage","@id":"https:\/\/fluterm.eu\/da\/prod\/fuldt-udstyret-10-kredsloebs-gulvvarmemanifold\/","url":"https:\/\/fluterm.eu\/da\/prod\/fuldt-udstyret-10-kredsloebs-gulvvarmemanifold\/","name":"Fuldt udstyret 10-kredsl\u00f8bs gulvvarmemanifold","isPartOf":{"@id":"https:\/\/fluterm.eu\/#website"},"datePublished":"2023-06-10T11:50:41+00:00","dateModified":"2023-06-10T11:50:41+00:00","description":"Order Fuldt udstyret 10-kredsl\u00f8bs gulvvarmemanifold at a best price.","breadcrumb":{"@id":"https:\/\/fluterm.eu\/da\/prod\/fuldt-udstyret-10-kredsloebs-gulvvarmemanifold\/#breadcrumb"},"inLanguage":"da-DK","potentialAction":[{"@type":"ReadAction","target":["https:\/\/fluterm.eu\/da\/prod\/fuldt-udstyret-10-kredsloebs-gulvvarmemanifold\/"]}]},{"@type":"BreadcrumbList","@id":"https:\/\/fluterm.eu\/da\/prod\/fuldt-udstyret-10-kredsloebs-gulvvarmemanifold\/#breadcrumb","itemListElement":[{"@type":"ListItem","position":1,"name":"Home","item":"https:\/\/fluterm.eu\/da\/butik\/"},{"@type":"ListItem","position":2,"name":"Butik","item":"https:\/\/fluterm.eu\/da\/butik\/"},{"@type":"ListItem","position":3,"name":"Fuldt udstyret 10-kredsl\u00f8bs gulvvarmemanifold"}]},{"@type":"WebSite","@id":"https:\/\/fluterm.eu\/#website","url":"https:\/\/fluterm.eu\/","name":"fluterm.eu","description":"","potentialAction":[{"@type":"SearchAction","target":{"@type":"EntryPoint","urlTemplate":"https:\/\/fluterm.eu\/?s={search_term_string}"},"query-input":"required name=search_term_string"}],"inLanguage":"da-DK"}]}},"_links":{"self":[{"href":"https:\/\/fluterm.eu\/da\/wp-json\/wp\/v2\/product\/14322","targetHints":{"allow":["GET"]}}],"collection":[{"href":"https:\/\/fluterm.eu\/da\/wp-json\/wp\/v2\/product"}],"about":[{"href":"https:\/\/fluterm.eu\/da\/wp-json\/wp\/v2\/types\/product"}],"replies":[{"embeddable":true,"href":"https:\/\/fluterm.eu\/da\/wp-json\/wp\/v2\/comments?post=14322"}],"version-history":[{"count":0,"href":"https:\/\/fluterm.eu\/da\/wp-json\/wp\/v2\/product\/14322\/revisions"}],"wp:featuredmedia":[{"embeddable":true,"href":"https:\/\/fluterm.eu\/da\/wp-json\/wp\/v2\/media\/2817"}],"wp:attachment":[{"href":"https:\/\/fluterm.eu\/da\/wp-json\/wp\/v2\/media?parent=14322"}],"wp:term":[{"taxonomy":"product_cat","embeddable":true,"href":"https:\/\/fluterm.eu\/da\/wp-json\/wp\/v2\/product_cat?post=14322"},{"taxonomy":"product_tag","embeddable":true,"href":"https:\/\/fluterm.eu\/da\/wp-json\/wp\/v2\/product_tag?post=14322"}],"curies":[{"name":"wp","href":"https:\/\/api.w.org\/{rel}","templated":true}]}}