{"id":14644,"date":"2023-06-10T14:51:05","date_gmt":"2023-06-10T11:51:05","guid":{"rendered":"https:\/\/fluterm.eu\/prod\/gulvvarmemanifold-med-pumpepakke-og-ventiler-ibo-amg-a-nominel-pumpe-10-kredsloeb\/"},"modified":"2023-06-10T14:51:05","modified_gmt":"2023-06-10T11:51:05","slug":"gulvvarme-manifold-med-pumpe-pakke-ventiler-ibo-amg-a-rated-pump-10-ports","status":"publish","type":"product","link":"https:\/\/fluterm.eu\/da\/prod\/gulvvarme-manifold-med-pumpe-pakke-ventiler-ibo-amg-a-rated-pump-10-ports\/","title":{"rendered":"Gulvvarmemanifold med pumpepakke og ventiler \u2013 ibo amg A nominel pumpe \u201310 kredsl\u00f8b"},"content":{"rendered":"<h1>Gulvvarmemanifold med pumpepakke og ventiler &#8211; ibo amg A-klassificeret pumpe -10 porte<\/h1>\n<p><strong>Hvad er inkluderet i vores pumpe- og manifoldpakker?<\/strong><\/p>\n<p>Gulvvarmefordelere leveres med:<\/p>\n<p>&#8220;A&#8221; Nominel ibo-pumpepakke.<\/p>\n<p>Inkluderede varer:<\/p>\n<p>1 x formonteret manifold med flowm\u00e5lere<\/p>\n<p>1 x endeudluftning<\/p>\n<p>1 x trykm\u00e5ler<\/p>\n<p>2 x kugleventiler<\/p>\n<p>2 x temperaturm\u00e5ler (monteret p\u00e5 kugleventiler)<\/p>\n<p>1 x metal\u00e6ske<\/p>\n<p>Eurocones, der passer til 16\/17 20 stk.<\/p>\n<p>Pumpestation (blandingsventil)<\/p>\n<p>Leveres p\u00e5 et formonteret beslag.<\/p>\n<p>CMax arbejdstryk 3 bar max testtryk 10 bar.<\/p>\n<p>Temperaturomr\u00e5de: 35C &#8211; 65CM Maksimalt arbejdstryk:<\/p>\n<p>Vores manifolder er til brug p\u00e5 vandbaserede gulvvarmesystemer.<\/p>\n<p>De best\u00e5r af to manifoldst\u00e6nger, en til freml\u00f8b og en til returl\u00f8b, komplet med kugleventiler, aftapnings-\/p\u00e5fyldningsventiler og udluftning. P\u00e5 flowbaren har hver port en h\u00f8jtydende flowindikator med isolator og et letl\u00e6seligt m\u00e5leglas.<\/p>\n<p>Hver port p\u00e5 returstangen er udstyret med en integreret kontrolventil og beskyttelsesh\u00e6tte, som giver brugeren mulighed for at justere vandm\u00e6ngden eller kan fjernes for at acceptere et Manifold termoelektrisk hoved.<\/p>\n<p>&nbsp;<\/p>\n<p><strong>Manifold-dimensioner:<\/strong><\/p>\n<p>L\u00e6g 150 mm til l\u00e6ngden, n\u00e5r pumpen og blanderen er monteret.<\/p>\n<p>Se venligst billede 12 for n\u00f8gle.<\/p>\n<p>A B C D E<\/p>\n<p>2 kredsl\u00f8b UFH manifold kit 320mm 210mm 50mm 276mm 90mm<\/p>\n<p>3 kredsl\u00f8b UFH manifold kit 320mm 210mm 50mm 326mm 90mm<\/p>\n<p>4 kredsl\u00f8b UFH manifold kit 320mm 210mm 50mm 376mm 90mm<\/p>\n<p>5 kredsl\u00f8b UFH manifold kit 320mm 210mm 50mm 426mm 90mm<\/p>\n<p>6 kredsl\u00f8b UFH manifold kit 320mm 210mm 50mm 476mm 90mm<\/p>\n<p>7 kredsl\u00f8b UFH manifold kit 320mm 210mm 50mm 526mm 90mm<\/p>\n<p>8 kredsl\u00f8b UFH manifold kit 320mm 210mm 50mm 576mm 90mm<\/p>\n<p>9 kredsl\u00f8b UFH manifold kit 320mm 210mm 50mm 626mm 90mm<\/p>\n<p>10 kredsl\u00f8b UFH manifold kit 320mm 210mm 50mm 676mm 90mm<\/p>\n<p>11 kredsl\u00f8b UFH manifold kit 320mm 210mm 50mm 726mm 90mm<\/p>\n<p>12 kredsl\u00f8bs UFH-manifolds\u00e6t 320 mm 210 mm 50 mm 776 mm 90 mm<\/p>\n<p>&nbsp;<\/p>\n<p><strong>Gulvvarme:<\/strong><\/p>\n<p>The Underfloor Heating Site er en af Storbritanniens f\u00f8rende leverand\u00f8rer af gulvvarme med opbakning fra f\u00f8rende leverand\u00f8rer med mange \u00e5rs viden inden for gulvvarmebranchen. Vi er dedikerede til at levere gulvvarmeprodukter af den bedste kvalitet til overkommelige priser, og dette underst\u00f8ttes af f\u00f8rsteklasses kundeservice og r\u00e5dgivning. Uanset om du bare skal l\u00e6gge fliser p\u00e5 et lille badev\u00e6relse eller er p\u00e5 udkig efter et komplet varmesystem til hjemmet, er vi sikre p\u00e5, at vi har det rigtige system til dig.<\/p>\n<p>Vores sortiment omfatter gulvvarmes\u00e6t til vand eller bare gulvvarmefordeleren, gulvvarmer\u00f8r, gulvvarmem\u00e5tte, gratis kabel, isolering, spejld\u00e6mperpuder plus mange andre produkter.<\/p>\n","protected":false},"excerpt":{"rendered":"<p>Gulvvarmemanifold med pumpepakke og ventiler &#8211; ibo amg A-klassificeret pumpe -10 porte Hvad er inkluderet i vores pumpe- og manifoldpakker? Gulvvarmefordelere leveres med: &#8220;A&#8221; Nominel ibo-pumpepakke. Inkluderede varer: 1 x formonteret manifold med flowm\u00e5lere 1 x endeudluftning 1 x trykm\u00e5ler 2 x kugleventiler 2 x temperaturm\u00e5ler (monteret p\u00e5 kugleventiler) 1 x metal\u00e6ske Eurocones, der passer&hellip;<\/p>\n","protected":false},"featured_media":3048,"comment_status":"open","ping_status":"closed","template":"","meta":[],"product_cat":[822],"product_tag":[],"class_list":{"0":"post-14644","1":"product","2":"type-product","3":"status-publish","4":"has-post-thumbnail","6":"product_cat-forhandlere-af-gulvvarme","8":"first","9":"instock","10":"taxable","11":"shipping-taxable","12":"purchasable","13":"product-type-simple","14":"col-xs-6 col-sm-4","15":"col-md-4 col-lg-4","16":"un-3-cols"},"acf":[],"yoast_head":"<!-- This site is optimized with the Yoast SEO plugin v21.2 - https:\/\/yoast.com\/wordpress\/plugins\/seo\/ -->\n<title>Gulvvarmemanifold med pumpepakke og ventiler \u2013 ibo amg A nominel pumpe \u201310 kredsl\u00f8b<\/title>\n<meta name=\"description\" content=\"Order Gulvvarmemanifold med pumpepakke og ventiler \u2013 ibo amg A nominel pumpe \u201310 kredsl\u00f8b at a best price.\" \/>\n<meta name=\"robots\" content=\"index, follow, max-snippet:-1, max-image-preview:large, max-video-preview:-1\" \/>\n<link rel=\"canonical\" href=\"https:\/\/fluterm.eu\/da\/prod\/gulvvarmemanifold-med-pumpepakke-og-ventiler-ibo-amg-a-nominel-pumpe-10-kredsloeb\/\" \/>\n<meta property=\"og:locale\" content=\"da_DK\" \/>\n<meta property=\"og:type\" content=\"article\" \/>\n<meta property=\"og:title\" content=\"Gulvvarmemanifold med pumpepakke og ventiler \u2013 ibo amg A nominel pumpe \u201310 kredsl\u00f8b\" \/>\n<meta property=\"og:description\" content=\"Order Gulvvarmemanifold med pumpepakke og ventiler \u2013 ibo amg A nominel pumpe \u201310 kredsl\u00f8b at a best price.\" \/>\n<meta property=\"og:url\" content=\"https:\/\/fluterm.eu\/da\/prod\/gulvvarmemanifold-med-pumpepakke-og-ventiler-ibo-amg-a-nominel-pumpe-10-kredsloeb\/\" \/>\n<meta property=\"og:site_name\" content=\"fluterm.eu\" \/>\n<meta property=\"og:image\" content=\"https:\/\/fluterm.eu\/wp-content\/uploads\/2023\/06\/PROD-84.jpeg\" \/>\n\t<meta property=\"og:image:width\" content=\"2000\" \/>\n\t<meta property=\"og:image:height\" content=\"2000\" \/>\n\t<meta property=\"og:image:type\" content=\"image\/jpeg\" \/>\n<meta name=\"twitter:card\" content=\"summary_large_image\" \/>\n<meta name=\"twitter:label1\" content=\"Estimeret l\u00e6setid\" \/>\n\t<meta name=\"twitter:data1\" content=\"2 minutter\" \/>\n<script type=\"application\/ld+json\" class=\"yoast-schema-graph\">{\"@context\":\"https:\/\/schema.org\",\"@graph\":[{\"@type\":\"WebPage\",\"@id\":\"https:\/\/fluterm.eu\/da\/prod\/gulvvarmemanifold-med-pumpepakke-og-ventiler-ibo-amg-a-nominel-pumpe-10-kredsloeb\/\",\"url\":\"https:\/\/fluterm.eu\/da\/prod\/gulvvarmemanifold-med-pumpepakke-og-ventiler-ibo-amg-a-nominel-pumpe-10-kredsloeb\/\",\"name\":\"Gulvvarmemanifold med pumpepakke og ventiler \u2013 ibo amg A nominel pumpe \u201310 kredsl\u00f8b\",\"isPartOf\":{\"@id\":\"https:\/\/fluterm.eu\/#website\"},\"datePublished\":\"2023-06-10T11:51:05+00:00\",\"dateModified\":\"2023-06-10T11:51:05+00:00\",\"description\":\"Order Gulvvarmemanifold med pumpepakke og ventiler \u2013 ibo amg A nominel pumpe \u201310 kredsl\u00f8b at a best price.\",\"breadcrumb\":{\"@id\":\"https:\/\/fluterm.eu\/da\/prod\/gulvvarmemanifold-med-pumpepakke-og-ventiler-ibo-amg-a-nominel-pumpe-10-kredsloeb\/#breadcrumb\"},\"inLanguage\":\"da-DK\",\"potentialAction\":[{\"@type\":\"ReadAction\",\"target\":[\"https:\/\/fluterm.eu\/da\/prod\/gulvvarmemanifold-med-pumpepakke-og-ventiler-ibo-amg-a-nominel-pumpe-10-kredsloeb\/\"]}]},{\"@type\":\"BreadcrumbList\",\"@id\":\"https:\/\/fluterm.eu\/da\/prod\/gulvvarmemanifold-med-pumpepakke-og-ventiler-ibo-amg-a-nominel-pumpe-10-kredsloeb\/#breadcrumb\",\"itemListElement\":[{\"@type\":\"ListItem\",\"position\":1,\"name\":\"Home\",\"item\":\"https:\/\/fluterm.eu\/da\/butik\/\"},{\"@type\":\"ListItem\",\"position\":2,\"name\":\"Butik\",\"item\":\"https:\/\/fluterm.eu\/da\/butik\/\"},{\"@type\":\"ListItem\",\"position\":3,\"name\":\"Gulvvarmemanifold med pumpepakke og ventiler \u2013 ibo amg A nominel pumpe \u201310 kredsl\u00f8b\"}]},{\"@type\":\"WebSite\",\"@id\":\"https:\/\/fluterm.eu\/#website\",\"url\":\"https:\/\/fluterm.eu\/\",\"name\":\"fluterm.eu\",\"description\":\"\",\"potentialAction\":[{\"@type\":\"SearchAction\",\"target\":{\"@type\":\"EntryPoint\",\"urlTemplate\":\"https:\/\/fluterm.eu\/?s={search_term_string}\"},\"query-input\":\"required name=search_term_string\"}],\"inLanguage\":\"da-DK\"}]}<\/script>\n<!-- \/ Yoast SEO plugin. -->","yoast_head_json":{"title":"Gulvvarmemanifold med pumpepakke og ventiler \u2013 ibo amg A nominel pumpe \u201310 kredsl\u00f8b","description":"Order Gulvvarmemanifold med pumpepakke og ventiler \u2013 ibo amg A nominel pumpe \u201310 kredsl\u00f8b at a best price.","robots":{"index":"index","follow":"follow","max-snippet":"max-snippet:-1","max-image-preview":"max-image-preview:large","max-video-preview":"max-video-preview:-1"},"canonical":"https:\/\/fluterm.eu\/da\/prod\/gulvvarmemanifold-med-pumpepakke-og-ventiler-ibo-amg-a-nominel-pumpe-10-kredsloeb\/","og_locale":"da_DK","og_type":"article","og_title":"Gulvvarmemanifold med pumpepakke og ventiler \u2013 ibo amg A nominel pumpe \u201310 kredsl\u00f8b","og_description":"Order Gulvvarmemanifold med pumpepakke og ventiler \u2013 ibo amg A nominel pumpe \u201310 kredsl\u00f8b at a best price.","og_url":"https:\/\/fluterm.eu\/da\/prod\/gulvvarmemanifold-med-pumpepakke-og-ventiler-ibo-amg-a-nominel-pumpe-10-kredsloeb\/","og_site_name":"fluterm.eu","og_image":[{"width":2000,"height":2000,"url":"https:\/\/fluterm.eu\/wp-content\/uploads\/2023\/06\/PROD-84.jpeg","type":"image\/jpeg"}],"twitter_card":"summary_large_image","twitter_misc":{"Estimeret l\u00e6setid":"2 minutter"},"schema":{"@context":"https:\/\/schema.org","@graph":[{"@type":"WebPage","@id":"https:\/\/fluterm.eu\/da\/prod\/gulvvarmemanifold-med-pumpepakke-og-ventiler-ibo-amg-a-nominel-pumpe-10-kredsloeb\/","url":"https:\/\/fluterm.eu\/da\/prod\/gulvvarmemanifold-med-pumpepakke-og-ventiler-ibo-amg-a-nominel-pumpe-10-kredsloeb\/","name":"Gulvvarmemanifold med pumpepakke og ventiler \u2013 ibo amg A nominel pumpe \u201310 kredsl\u00f8b","isPartOf":{"@id":"https:\/\/fluterm.eu\/#website"},"datePublished":"2023-06-10T11:51:05+00:00","dateModified":"2023-06-10T11:51:05+00:00","description":"Order Gulvvarmemanifold med pumpepakke og ventiler \u2013 ibo amg A nominel pumpe \u201310 kredsl\u00f8b at a best price.","breadcrumb":{"@id":"https:\/\/fluterm.eu\/da\/prod\/gulvvarmemanifold-med-pumpepakke-og-ventiler-ibo-amg-a-nominel-pumpe-10-kredsloeb\/#breadcrumb"},"inLanguage":"da-DK","potentialAction":[{"@type":"ReadAction","target":["https:\/\/fluterm.eu\/da\/prod\/gulvvarmemanifold-med-pumpepakke-og-ventiler-ibo-amg-a-nominel-pumpe-10-kredsloeb\/"]}]},{"@type":"BreadcrumbList","@id":"https:\/\/fluterm.eu\/da\/prod\/gulvvarmemanifold-med-pumpepakke-og-ventiler-ibo-amg-a-nominel-pumpe-10-kredsloeb\/#breadcrumb","itemListElement":[{"@type":"ListItem","position":1,"name":"Home","item":"https:\/\/fluterm.eu\/da\/butik\/"},{"@type":"ListItem","position":2,"name":"Butik","item":"https:\/\/fluterm.eu\/da\/butik\/"},{"@type":"ListItem","position":3,"name":"Gulvvarmemanifold med pumpepakke og ventiler \u2013 ibo amg A nominel pumpe \u201310 kredsl\u00f8b"}]},{"@type":"WebSite","@id":"https:\/\/fluterm.eu\/#website","url":"https:\/\/fluterm.eu\/","name":"fluterm.eu","description":"","potentialAction":[{"@type":"SearchAction","target":{"@type":"EntryPoint","urlTemplate":"https:\/\/fluterm.eu\/?s={search_term_string}"},"query-input":"required name=search_term_string"}],"inLanguage":"da-DK"}]}},"_links":{"self":[{"href":"https:\/\/fluterm.eu\/da\/wp-json\/wp\/v2\/product\/14644","targetHints":{"allow":["GET"]}}],"collection":[{"href":"https:\/\/fluterm.eu\/da\/wp-json\/wp\/v2\/product"}],"about":[{"href":"https:\/\/fluterm.eu\/da\/wp-json\/wp\/v2\/types\/product"}],"replies":[{"embeddable":true,"href":"https:\/\/fluterm.eu\/da\/wp-json\/wp\/v2\/comments?post=14644"}],"version-history":[{"count":0,"href":"https:\/\/fluterm.eu\/da\/wp-json\/wp\/v2\/product\/14644\/revisions"}],"wp:featuredmedia":[{"embeddable":true,"href":"https:\/\/fluterm.eu\/da\/wp-json\/wp\/v2\/media\/3048"}],"wp:attachment":[{"href":"https:\/\/fluterm.eu\/da\/wp-json\/wp\/v2\/media?parent=14644"}],"wp:term":[{"taxonomy":"product_cat","embeddable":true,"href":"https:\/\/fluterm.eu\/da\/wp-json\/wp\/v2\/product_cat?post=14644"},{"taxonomy":"product_tag","embeddable":true,"href":"https:\/\/fluterm.eu\/da\/wp-json\/wp\/v2\/product_tag?post=14644"}],"curies":[{"name":"wp","href":"https:\/\/api.w.org\/{rel}","templated":true}]}}