{"id":14726,"date":"2023-06-10T14:51:05","date_gmt":"2023-06-10T11:51:05","guid":{"rendered":"https:\/\/fluterm.eu\/prod\/blandingssaet-til-gulvvarme-med-wilo-pumpe\/"},"modified":"2023-06-10T14:51:05","modified_gmt":"2023-06-10T11:51:05","slug":"gulvvarmeblandingssaet-med-wilo-pumpe","status":"publish","type":"product","link":"https:\/\/fluterm.eu\/da\/prod\/gulvvarmeblandingssaet-med-wilo-pumpe\/","title":{"rendered":"Blandingss\u00e6t til gulvvarme med Wilo-pumpe"},"content":{"rendered":"<p>Vores kompakte og lette termostatiske blandingsregulator til gulvvarme giver mulighed for direkte tilslutning til vores sortiment af gulvvarmefordelere og leveres fuldt samlet i venstreh\u00e5ndsformat med G1 han-drejelige flade t\u00e6tningsunioner som standard.<\/p>\n<p>Dets alsidige design og union joint-tilslutninger g\u00f8r det nemt at installere p\u00e5 manifolden, og da det ikke kr\u00e6ver ekstra st\u00f8ttebeslag, elimineres behovet for tidskr\u00e6vende boring og fastg\u00f8relse.<\/p>\n<p>Med blandeventilen kan du indstille freml\u00f8bstemperaturen til mellem 35 og 65 \u00b0C, s\u00e5 du f\u00e5r pr\u00e6cis kontrol over den samlede temperatur i gulvvarmen, og den kan forsynes fra alle typer varmekilder, herunder olie- og gaskedler, br\u00e6ndeovne og gr\u00f8nne energikilder som sol-, jord- og luftvarmepumper.<\/p>\n<p>Hver styringspakke best\u00e5r af den termostatiske blandeventil, Wilo A-klassificeret energieffektiv cirkulationspumpe, manifoldadapter og alle n\u00f8dvendige t\u00e6tninger.<\/p>\n<p><strong>Justering af blandekontrol  <\/strong><\/p>\n<p>Den termostatiske blandingsventil er fabriksindstillet til at levere vand blandet ved 45 \u00b0C til gulvvarmefordeleren. Temperaturen p\u00e5 det blandede vand kan justeres fra 35\u00b0c til 65\u00b0c ved at dreje blandingsventilens kontrolknap, med uret for at \u00f8ge temperaturen og mod uret for at s\u00e6nke den.<\/p>\n<p>wilo Sonos para 15x6x130<\/p>\n","protected":false},"excerpt":{"rendered":"<p>Vores kompakte og lette termostatiske blandingsregulator til gulvvarme giver mulighed for direkte tilslutning til vores sortiment af gulvvarmefordelere og leveres fuldt samlet i venstreh\u00e5ndsformat med G1 han-drejelige flade t\u00e6tningsunioner som standard. Dets alsidige design og union joint-tilslutninger g\u00f8r det nemt at installere p\u00e5 manifolden, og da det ikke kr\u00e6ver ekstra st\u00f8ttebeslag, elimineres behovet for tidskr\u00e6vende&hellip;<\/p>\n","protected":false},"featured_media":3111,"comment_status":"closed","ping_status":"closed","template":"","meta":[],"product_cat":[847],"product_tag":[],"class_list":{"0":"post-14726","1":"product","2":"type-product","3":"status-publish","4":"has-post-thumbnail","6":"product_cat-blandingsgrupper-til-gulvvarme","8":"first","9":"instock","10":"taxable","11":"shipping-taxable","12":"purchasable","13":"product-type-simple","14":"col-xs-6 col-sm-4","15":"col-md-4 col-lg-4","16":"un-3-cols"},"acf":[],"yoast_head":"<!-- This site is optimized with the Yoast SEO plugin v21.2 - https:\/\/yoast.com\/wordpress\/plugins\/seo\/ -->\n<title>Blandingss\u00e6t til gulvvarme med Wilo-pumpe<\/title>\n<meta name=\"description\" content=\"Order Blandingss\u00e6t til gulvvarme med Wilo-pumpe at a best price.\" \/>\n<meta name=\"robots\" content=\"index, follow, max-snippet:-1, max-image-preview:large, max-video-preview:-1\" \/>\n<link rel=\"canonical\" href=\"https:\/\/fluterm.eu\/da\/prod\/blandingssaet-til-gulvvarme-med-wilo-pumpe\/\" \/>\n<meta property=\"og:locale\" content=\"da_DK\" \/>\n<meta property=\"og:type\" content=\"article\" \/>\n<meta property=\"og:title\" content=\"Blandingss\u00e6t til gulvvarme med Wilo-pumpe\" \/>\n<meta property=\"og:description\" content=\"Order Blandingss\u00e6t til gulvvarme med Wilo-pumpe at a best price.\" \/>\n<meta property=\"og:url\" content=\"https:\/\/fluterm.eu\/da\/prod\/blandingssaet-til-gulvvarme-med-wilo-pumpe\/\" \/>\n<meta property=\"og:site_name\" content=\"fluterm.eu\" \/>\n<meta property=\"og:image\" content=\"https:\/\/fluterm.eu\/wp-content\/uploads\/2023\/06\/10BE33BF-D06D-41CB-AE24-1597A1282835_4_5005_c.jpeg\" \/>\n\t<meta property=\"og:image:width\" content=\"298\" \/>\n\t<meta property=\"og:image:height\" content=\"263\" \/>\n\t<meta property=\"og:image:type\" content=\"image\/jpeg\" \/>\n<meta name=\"twitter:card\" content=\"summary_large_image\" \/>\n<meta name=\"twitter:label1\" content=\"Estimeret l\u00e6setid\" \/>\n\t<meta name=\"twitter:data1\" content=\"1 minut\" \/>\n<script type=\"application\/ld+json\" class=\"yoast-schema-graph\">{\"@context\":\"https:\/\/schema.org\",\"@graph\":[{\"@type\":\"WebPage\",\"@id\":\"https:\/\/fluterm.eu\/da\/prod\/blandingssaet-til-gulvvarme-med-wilo-pumpe\/\",\"url\":\"https:\/\/fluterm.eu\/da\/prod\/blandingssaet-til-gulvvarme-med-wilo-pumpe\/\",\"name\":\"Blandingss\u00e6t til gulvvarme med Wilo-pumpe\",\"isPartOf\":{\"@id\":\"https:\/\/fluterm.eu\/#website\"},\"datePublished\":\"2023-06-10T11:51:05+00:00\",\"dateModified\":\"2023-06-10T11:51:05+00:00\",\"description\":\"Order Blandingss\u00e6t til gulvvarme med Wilo-pumpe at a best price.\",\"breadcrumb\":{\"@id\":\"https:\/\/fluterm.eu\/da\/prod\/blandingssaet-til-gulvvarme-med-wilo-pumpe\/#breadcrumb\"},\"inLanguage\":\"da-DK\",\"potentialAction\":[{\"@type\":\"ReadAction\",\"target\":[\"https:\/\/fluterm.eu\/da\/prod\/blandingssaet-til-gulvvarme-med-wilo-pumpe\/\"]}]},{\"@type\":\"BreadcrumbList\",\"@id\":\"https:\/\/fluterm.eu\/da\/prod\/blandingssaet-til-gulvvarme-med-wilo-pumpe\/#breadcrumb\",\"itemListElement\":[{\"@type\":\"ListItem\",\"position\":1,\"name\":\"Home\",\"item\":\"https:\/\/fluterm.eu\/da\/butik\/\"},{\"@type\":\"ListItem\",\"position\":2,\"name\":\"Butik\",\"item\":\"https:\/\/fluterm.eu\/da\/butik\/\"},{\"@type\":\"ListItem\",\"position\":3,\"name\":\"Blandingss\u00e6t til gulvvarme med Wilo-pumpe\"}]},{\"@type\":\"WebSite\",\"@id\":\"https:\/\/fluterm.eu\/#website\",\"url\":\"https:\/\/fluterm.eu\/\",\"name\":\"fluterm.eu\",\"description\":\"\",\"potentialAction\":[{\"@type\":\"SearchAction\",\"target\":{\"@type\":\"EntryPoint\",\"urlTemplate\":\"https:\/\/fluterm.eu\/?s={search_term_string}\"},\"query-input\":\"required name=search_term_string\"}],\"inLanguage\":\"da-DK\"}]}<\/script>\n<!-- \/ Yoast SEO plugin. -->","yoast_head_json":{"title":"Blandingss\u00e6t til gulvvarme med Wilo-pumpe","description":"Order Blandingss\u00e6t til gulvvarme med Wilo-pumpe at a best price.","robots":{"index":"index","follow":"follow","max-snippet":"max-snippet:-1","max-image-preview":"max-image-preview:large","max-video-preview":"max-video-preview:-1"},"canonical":"https:\/\/fluterm.eu\/da\/prod\/blandingssaet-til-gulvvarme-med-wilo-pumpe\/","og_locale":"da_DK","og_type":"article","og_title":"Blandingss\u00e6t til gulvvarme med Wilo-pumpe","og_description":"Order Blandingss\u00e6t til gulvvarme med Wilo-pumpe at a best price.","og_url":"https:\/\/fluterm.eu\/da\/prod\/blandingssaet-til-gulvvarme-med-wilo-pumpe\/","og_site_name":"fluterm.eu","og_image":[{"width":298,"height":263,"url":"https:\/\/fluterm.eu\/wp-content\/uploads\/2023\/06\/10BE33BF-D06D-41CB-AE24-1597A1282835_4_5005_c.jpeg","type":"image\/jpeg"}],"twitter_card":"summary_large_image","twitter_misc":{"Estimeret l\u00e6setid":"1 minut"},"schema":{"@context":"https:\/\/schema.org","@graph":[{"@type":"WebPage","@id":"https:\/\/fluterm.eu\/da\/prod\/blandingssaet-til-gulvvarme-med-wilo-pumpe\/","url":"https:\/\/fluterm.eu\/da\/prod\/blandingssaet-til-gulvvarme-med-wilo-pumpe\/","name":"Blandingss\u00e6t til gulvvarme med Wilo-pumpe","isPartOf":{"@id":"https:\/\/fluterm.eu\/#website"},"datePublished":"2023-06-10T11:51:05+00:00","dateModified":"2023-06-10T11:51:05+00:00","description":"Order Blandingss\u00e6t til gulvvarme med Wilo-pumpe at a best price.","breadcrumb":{"@id":"https:\/\/fluterm.eu\/da\/prod\/blandingssaet-til-gulvvarme-med-wilo-pumpe\/#breadcrumb"},"inLanguage":"da-DK","potentialAction":[{"@type":"ReadAction","target":["https:\/\/fluterm.eu\/da\/prod\/blandingssaet-til-gulvvarme-med-wilo-pumpe\/"]}]},{"@type":"BreadcrumbList","@id":"https:\/\/fluterm.eu\/da\/prod\/blandingssaet-til-gulvvarme-med-wilo-pumpe\/#breadcrumb","itemListElement":[{"@type":"ListItem","position":1,"name":"Home","item":"https:\/\/fluterm.eu\/da\/butik\/"},{"@type":"ListItem","position":2,"name":"Butik","item":"https:\/\/fluterm.eu\/da\/butik\/"},{"@type":"ListItem","position":3,"name":"Blandingss\u00e6t til gulvvarme med Wilo-pumpe"}]},{"@type":"WebSite","@id":"https:\/\/fluterm.eu\/#website","url":"https:\/\/fluterm.eu\/","name":"fluterm.eu","description":"","potentialAction":[{"@type":"SearchAction","target":{"@type":"EntryPoint","urlTemplate":"https:\/\/fluterm.eu\/?s={search_term_string}"},"query-input":"required name=search_term_string"}],"inLanguage":"da-DK"}]}},"_links":{"self":[{"href":"https:\/\/fluterm.eu\/da\/wp-json\/wp\/v2\/product\/14726","targetHints":{"allow":["GET"]}}],"collection":[{"href":"https:\/\/fluterm.eu\/da\/wp-json\/wp\/v2\/product"}],"about":[{"href":"https:\/\/fluterm.eu\/da\/wp-json\/wp\/v2\/types\/product"}],"replies":[{"embeddable":true,"href":"https:\/\/fluterm.eu\/da\/wp-json\/wp\/v2\/comments?post=14726"}],"version-history":[{"count":0,"href":"https:\/\/fluterm.eu\/da\/wp-json\/wp\/v2\/product\/14726\/revisions"}],"wp:featuredmedia":[{"embeddable":true,"href":"https:\/\/fluterm.eu\/da\/wp-json\/wp\/v2\/media\/3111"}],"wp:attachment":[{"href":"https:\/\/fluterm.eu\/da\/wp-json\/wp\/v2\/media?parent=14726"}],"wp:term":[{"taxonomy":"product_cat","embeddable":true,"href":"https:\/\/fluterm.eu\/da\/wp-json\/wp\/v2\/product_cat?post=14726"},{"taxonomy":"product_tag","embeddable":true,"href":"https:\/\/fluterm.eu\/da\/wp-json\/wp\/v2\/product_tag?post=14726"}],"curies":[{"name":"wp","href":"https:\/\/api.w.org\/{rel}","templated":true}]}}