{"id":14871,"date":"2023-07-14T22:12:34","date_gmt":"2023-07-14T19:12:34","guid":{"rendered":"https:\/\/fluterm.eu\/prod\/messing-manifold-saet-11-kredse-pexal-roer-16x2-til-radiatorer-fuldt-udstyret\/"},"modified":"2023-07-14T22:12:34","modified_gmt":"2023-07-14T19:12:34","slug":"messing-manifold-saet-11-kredslob-pexal-ror-16x2-til-radiatorer-fuldt-udstyret","status":"publish","type":"product","link":"https:\/\/fluterm.eu\/da\/prod\/messing-manifold-saet-11-kredslob-pexal-ror-16x2-til-radiatorer-fuldt-udstyret\/","title":{"rendered":"Messing manifold s\u00e6t 11 kredse pexal r\u00f8r 16\u00d72 til radiatorer fuldt udstyret"},"content":{"rendered":"<ol>\n<li>manifold<\/li>\n<li>V\u00e6gst\u00f8tter<\/li>\n<li>terminals\u00e6t med automatisk udluftning<\/li>\n<li>Kuglehaner<\/li>\n<li>eurocone 16&#215;2<\/li>\n<li>skab metalic<\/li>\n<\/ol>\n","protected":false},"excerpt":{"rendered":"<p>manifold V\u00e6gst\u00f8tter terminals\u00e6t med automatisk udluftning Kuglehaner eurocone 16&#215;2 skab metalic<\/p>\n","protected":false},"featured_media":3447,"comment_status":"open","ping_status":"closed","template":"","meta":[],"product_cat":[1026],"product_tag":[],"class_list":{"0":"post-14871","1":"product","2":"type-product","3":"status-publish","4":"has-post-thumbnail","6":"product_cat-radiatorer-manifolds","8":"first","9":"instock","10":"taxable","11":"shipping-taxable","12":"purchasable","13":"product-type-simple","14":"col-xs-6 col-sm-4","15":"col-md-4 col-lg-4","16":"un-3-cols"},"acf":[],"yoast_head":"<!-- This site is optimized with the Yoast SEO plugin v21.2 - https:\/\/yoast.com\/wordpress\/plugins\/seo\/ -->\n<title>Messing manifold s\u00e6t 11 kredse pexal r\u00f8r 16\u00d72 til radiatorer fuldt udstyret<\/title>\n<meta name=\"description\" content=\"Order Messing manifold s\u00e6t 11 kredse pexal r\u00f8r 16\u00d72 til radiatorer fuldt udstyret at a best price.\" \/>\n<meta name=\"robots\" content=\"index, follow, max-snippet:-1, max-image-preview:large, max-video-preview:-1\" \/>\n<link rel=\"canonical\" href=\"https:\/\/fluterm.eu\/da\/prod\/messing-manifold-saet-11-kredse-pexal-roer-16x2-til-radiatorer-fuldt-udstyret\/\" \/>\n<meta property=\"og:locale\" content=\"da_DK\" \/>\n<meta property=\"og:type\" content=\"article\" \/>\n<meta property=\"og:title\" content=\"Messing manifold s\u00e6t 11 kredse pexal r\u00f8r 16\u00d72 til radiatorer fuldt udstyret\" \/>\n<meta property=\"og:description\" content=\"Order Messing manifold s\u00e6t 11 kredse pexal r\u00f8r 16\u00d72 til radiatorer fuldt udstyret at a best price.\" \/>\n<meta property=\"og:url\" content=\"https:\/\/fluterm.eu\/da\/prod\/messing-manifold-saet-11-kredse-pexal-roer-16x2-til-radiatorer-fuldt-udstyret\/\" \/>\n<meta property=\"og:site_name\" content=\"fluterm.eu\" \/>\n<meta property=\"og:image\" content=\"https:\/\/fluterm.eu\/wp-content\/uploads\/2023\/07\/CAFEAD66-E953-48B5-BB5E-4A31FD17E32D.jpeg\" \/>\n\t<meta property=\"og:image:width\" content=\"2000\" \/>\n\t<meta property=\"og:image:height\" content=\"2000\" \/>\n\t<meta property=\"og:image:type\" content=\"image\/jpeg\" \/>\n<meta name=\"twitter:card\" content=\"summary_large_image\" \/>\n<script type=\"application\/ld+json\" class=\"yoast-schema-graph\">{\"@context\":\"https:\/\/schema.org\",\"@graph\":[{\"@type\":\"WebPage\",\"@id\":\"https:\/\/fluterm.eu\/da\/prod\/messing-manifold-saet-11-kredse-pexal-roer-16x2-til-radiatorer-fuldt-udstyret\/\",\"url\":\"https:\/\/fluterm.eu\/da\/prod\/messing-manifold-saet-11-kredse-pexal-roer-16x2-til-radiatorer-fuldt-udstyret\/\",\"name\":\"Messing manifold s\u00e6t 11 kredse pexal r\u00f8r 16\u00d72 til radiatorer fuldt udstyret\",\"isPartOf\":{\"@id\":\"https:\/\/fluterm.eu\/#website\"},\"datePublished\":\"2023-07-14T19:12:34+00:00\",\"dateModified\":\"2023-07-14T19:12:34+00:00\",\"description\":\"Order Messing manifold s\u00e6t 11 kredse pexal r\u00f8r 16\u00d72 til radiatorer fuldt udstyret at a best price.\",\"breadcrumb\":{\"@id\":\"https:\/\/fluterm.eu\/da\/prod\/messing-manifold-saet-11-kredse-pexal-roer-16x2-til-radiatorer-fuldt-udstyret\/#breadcrumb\"},\"inLanguage\":\"da-DK\",\"potentialAction\":[{\"@type\":\"ReadAction\",\"target\":[\"https:\/\/fluterm.eu\/da\/prod\/messing-manifold-saet-11-kredse-pexal-roer-16x2-til-radiatorer-fuldt-udstyret\/\"]}]},{\"@type\":\"BreadcrumbList\",\"@id\":\"https:\/\/fluterm.eu\/da\/prod\/messing-manifold-saet-11-kredse-pexal-roer-16x2-til-radiatorer-fuldt-udstyret\/#breadcrumb\",\"itemListElement\":[{\"@type\":\"ListItem\",\"position\":1,\"name\":\"Home\",\"item\":\"https:\/\/fluterm.eu\/da\/butik\/\"},{\"@type\":\"ListItem\",\"position\":2,\"name\":\"Butik\",\"item\":\"https:\/\/fluterm.eu\/da\/butik\/\"},{\"@type\":\"ListItem\",\"position\":3,\"name\":\"Messing manifold s\u00e6t 11 kredse pexal r\u00f8r 16\u00d72 til radiatorer fuldt udstyret\"}]},{\"@type\":\"WebSite\",\"@id\":\"https:\/\/fluterm.eu\/#website\",\"url\":\"https:\/\/fluterm.eu\/\",\"name\":\"fluterm.eu\",\"description\":\"\",\"potentialAction\":[{\"@type\":\"SearchAction\",\"target\":{\"@type\":\"EntryPoint\",\"urlTemplate\":\"https:\/\/fluterm.eu\/?s={search_term_string}\"},\"query-input\":\"required name=search_term_string\"}],\"inLanguage\":\"da-DK\"}]}<\/script>\n<!-- \/ Yoast SEO plugin. -->","yoast_head_json":{"title":"Messing manifold s\u00e6t 11 kredse pexal r\u00f8r 16\u00d72 til radiatorer fuldt udstyret","description":"Order Messing manifold s\u00e6t 11 kredse pexal r\u00f8r 16\u00d72 til radiatorer fuldt udstyret at a best price.","robots":{"index":"index","follow":"follow","max-snippet":"max-snippet:-1","max-image-preview":"max-image-preview:large","max-video-preview":"max-video-preview:-1"},"canonical":"https:\/\/fluterm.eu\/da\/prod\/messing-manifold-saet-11-kredse-pexal-roer-16x2-til-radiatorer-fuldt-udstyret\/","og_locale":"da_DK","og_type":"article","og_title":"Messing manifold s\u00e6t 11 kredse pexal r\u00f8r 16\u00d72 til radiatorer fuldt udstyret","og_description":"Order Messing manifold s\u00e6t 11 kredse pexal r\u00f8r 16\u00d72 til radiatorer fuldt udstyret at a best price.","og_url":"https:\/\/fluterm.eu\/da\/prod\/messing-manifold-saet-11-kredse-pexal-roer-16x2-til-radiatorer-fuldt-udstyret\/","og_site_name":"fluterm.eu","og_image":[{"width":2000,"height":2000,"url":"https:\/\/fluterm.eu\/wp-content\/uploads\/2023\/07\/CAFEAD66-E953-48B5-BB5E-4A31FD17E32D.jpeg","type":"image\/jpeg"}],"twitter_card":"summary_large_image","schema":{"@context":"https:\/\/schema.org","@graph":[{"@type":"WebPage","@id":"https:\/\/fluterm.eu\/da\/prod\/messing-manifold-saet-11-kredse-pexal-roer-16x2-til-radiatorer-fuldt-udstyret\/","url":"https:\/\/fluterm.eu\/da\/prod\/messing-manifold-saet-11-kredse-pexal-roer-16x2-til-radiatorer-fuldt-udstyret\/","name":"Messing manifold s\u00e6t 11 kredse pexal r\u00f8r 16\u00d72 til radiatorer fuldt udstyret","isPartOf":{"@id":"https:\/\/fluterm.eu\/#website"},"datePublished":"2023-07-14T19:12:34+00:00","dateModified":"2023-07-14T19:12:34+00:00","description":"Order Messing manifold s\u00e6t 11 kredse pexal r\u00f8r 16\u00d72 til radiatorer fuldt udstyret at a best price.","breadcrumb":{"@id":"https:\/\/fluterm.eu\/da\/prod\/messing-manifold-saet-11-kredse-pexal-roer-16x2-til-radiatorer-fuldt-udstyret\/#breadcrumb"},"inLanguage":"da-DK","potentialAction":[{"@type":"ReadAction","target":["https:\/\/fluterm.eu\/da\/prod\/messing-manifold-saet-11-kredse-pexal-roer-16x2-til-radiatorer-fuldt-udstyret\/"]}]},{"@type":"BreadcrumbList","@id":"https:\/\/fluterm.eu\/da\/prod\/messing-manifold-saet-11-kredse-pexal-roer-16x2-til-radiatorer-fuldt-udstyret\/#breadcrumb","itemListElement":[{"@type":"ListItem","position":1,"name":"Home","item":"https:\/\/fluterm.eu\/da\/butik\/"},{"@type":"ListItem","position":2,"name":"Butik","item":"https:\/\/fluterm.eu\/da\/butik\/"},{"@type":"ListItem","position":3,"name":"Messing manifold s\u00e6t 11 kredse pexal r\u00f8r 16\u00d72 til radiatorer fuldt udstyret"}]},{"@type":"WebSite","@id":"https:\/\/fluterm.eu\/#website","url":"https:\/\/fluterm.eu\/","name":"fluterm.eu","description":"","potentialAction":[{"@type":"SearchAction","target":{"@type":"EntryPoint","urlTemplate":"https:\/\/fluterm.eu\/?s={search_term_string}"},"query-input":"required name=search_term_string"}],"inLanguage":"da-DK"}]}},"_links":{"self":[{"href":"https:\/\/fluterm.eu\/da\/wp-json\/wp\/v2\/product\/14871","targetHints":{"allow":["GET"]}}],"collection":[{"href":"https:\/\/fluterm.eu\/da\/wp-json\/wp\/v2\/product"}],"about":[{"href":"https:\/\/fluterm.eu\/da\/wp-json\/wp\/v2\/types\/product"}],"replies":[{"embeddable":true,"href":"https:\/\/fluterm.eu\/da\/wp-json\/wp\/v2\/comments?post=14871"}],"version-history":[{"count":0,"href":"https:\/\/fluterm.eu\/da\/wp-json\/wp\/v2\/product\/14871\/revisions"}],"wp:featuredmedia":[{"embeddable":true,"href":"https:\/\/fluterm.eu\/da\/wp-json\/wp\/v2\/media\/3447"}],"wp:attachment":[{"href":"https:\/\/fluterm.eu\/da\/wp-json\/wp\/v2\/media?parent=14871"}],"wp:term":[{"taxonomy":"product_cat","embeddable":true,"href":"https:\/\/fluterm.eu\/da\/wp-json\/wp\/v2\/product_cat?post=14871"},{"taxonomy":"product_tag","embeddable":true,"href":"https:\/\/fluterm.eu\/da\/wp-json\/wp\/v2\/product_tag?post=14871"}],"curies":[{"name":"wp","href":"https:\/\/api.w.org\/{rel}","templated":true}]}}