{"id":14917,"date":"2023-07-16T17:19:26","date_gmt":"2023-07-16T14:19:26","guid":{"rendered":"https:\/\/fluterm.eu\/prod\/blandeenhed-med-wilo-pumpe-og-manifold-med-4-kreds-gulvvarme\/"},"modified":"2023-07-16T17:19:26","modified_gmt":"2023-07-16T14:19:26","slug":"blandingsenhed-med-wilo-pumpe-og-manifold-med-4-vejs-gulvvarme","status":"publish","type":"product","link":"https:\/\/fluterm.eu\/da\/prod\/blandingsenhed-med-wilo-pumpe-og-manifold-med-4-vejs-gulvvarme\/","title":{"rendered":"Blandeenhed med Wilo Pumpe og Manifold med 4 Kreds Gulvvarme"},"content":{"rendered":"<p><span class=\"Y2IQFc\" lang=\"en\">Beskrivelse Kompleks system til blanding af det termiske middel, der kr\u00e6ves til gulvvarme, med 4 kredsl\u00f8b, ideelt til 70-85 kvadratmeter,  <\/span><\/p>\n<p><span class=\"Y2IQFc\" lang=\"en\">Maksimal l\u00e6ngde af r\u00f8rledningen p\u00e5 ruten 90 meter Beregning genereret ved et trin p\u00e5 10 cm. Best\u00e5ende af :  <\/span><\/p>\n<p><span class=\"Y2IQFc\" lang=\"en\">1 x fordelers\u00e6t 4 kredse med flowm\u00e5lere  <\/span><\/p>\n<p><span class=\"Y2IQFc\" lang=\"en\">1 x fordelers\u00e6t 4 kredsl\u00f8b med ventiler (mulighed for tilslutning af aktuatoren med kommandoen til rumtermostaten)  <\/span><\/p>\n<p><span class=\"Y2IQFc\" lang=\"en\">1 x fordelerklemmes\u00e6t 8 x eurokeglem\u00f8trik til pex-r\u00f8r 16 mm x 2 mm tyk (pe-xa,pe-xb,pe-xc,pe-rt)  <\/span><\/p>\n<p><span class=\"Y2IQFc\" lang=\"en\">2 x fordeler ende tee med automatisk udluftning og t\u00f8mning  <\/span><\/p>\n<p><span class=\"Y2IQFc\" lang=\"en\">1 x blandegruppe til gulvvarme  <\/span><\/p>\n<p><span class=\"Y2IQFc\" lang=\"en\">1 x Wilo Yonos Para 25\/6 pumpe Tekniske detaljer: Fordeler med flowm\u00e5ler 1&#8243;x 8 veje + eurokeglem\u00f8trikker 16mm + fordeler ende-T-stykke med automatisk belufter og t\u00f8mning  <\/span><\/p>\n<p><span class=\"Y2IQFc\" lang=\"en\">1 x 1&#8243; x 4-vejs fordelers\u00e6t i rustfrit st\u00e5l med termostatventiler (tilb\u00f8jelighed til at montere et termoelektrisk hoved (aktuator) til automatisering p\u00e5 hvert kredsl\u00f8b)  <\/span><\/p>\n<p><span class=\"Y2IQFc\" lang=\"en\">1 x 1&#8243; x 4 rustfrit st\u00e5l fordelers\u00e6t med flowm\u00e5ler (til at justere flowet p\u00e5 hvert kredsl\u00f8b afh\u00e6ngigt af l\u00e6ngden af \u200b\u200br\u00f8ret, der bruges i kredsl\u00f8bet)  <\/span><\/p>\n<p><span class=\"Y2IQFc\" lang=\"en\">1 x Fordeler monteringss\u00e6t best\u00e5ende af 2 konsoller 8 x Eurocon m\u00f8trik 16\u00d73\/4 (for at lave forbindelsen fra fordeleren til pe-xa, pe-xb, pe-xc, pe-rt p\u00e5 16 mm med 2 mm tykkelse 16\u00d7 2) 2 x fordelerende-tee 1&#8243; (automatisk udluftning til fjernelse af luft fra fordelerne, t\u00f8mmeventil)  <\/span><\/p>\n<p><span class=\"Y2IQFc\" lang=\"en\">Maksimalt tryk 10 bar Maksimal temperatur 90 grader C Gulvvarmeenhed udstyret med Wilo Yonos Para 25\/6 pumpe  <\/span><\/p>\n<p><span class=\"Y2IQFc\" lang=\"en\">F\u00e5s med fast justering gennem termostathovedet med sonde: indstillingsomr\u00e5de 20 &#8211; 60 grader C. Indl\u00f8bsventilen styret af termostathovedet g\u00f8r det muligt at justere indl\u00f8bstemperaturen p\u00e5 det varmemiddel, der tilf\u00f8res af kedlen, for at holde en konstant temperatur i gulvet Det tillader opblanding mellem det varmemiddel, der leveres af kedlen, og det p\u00e5 etageretur.<\/span><\/p>\n","protected":false},"excerpt":{"rendered":"<p>Beskrivelse Kompleks system til blanding af det termiske middel, der kr\u00e6ves til gulvvarme, med 4 kredsl\u00f8b, ideelt til 70-85 kvadratmeter, Maksimal l\u00e6ngde af r\u00f8rledningen p\u00e5 ruten 90 meter Beregning genereret ved et trin p\u00e5 10 cm. Best\u00e5ende af : 1 x fordelers\u00e6t 4 kredse med flowm\u00e5lere 1 x fordelers\u00e6t 4 kredsl\u00f8b med ventiler (mulighed for&hellip;<\/p>\n","protected":false},"featured_media":3972,"comment_status":"open","ping_status":"closed","template":"","meta":[],"product_cat":[822],"product_tag":[],"class_list":{"0":"post-14917","1":"product","2":"type-product","3":"status-publish","4":"has-post-thumbnail","6":"product_cat-forhandlere-af-gulvvarme","8":"first","9":"instock","10":"taxable","11":"shipping-taxable","12":"purchasable","13":"product-type-simple","14":"col-xs-6 col-sm-4","15":"col-md-4 col-lg-4","16":"un-3-cols"},"acf":[],"yoast_head":"<!-- This site is optimized with the Yoast SEO plugin v21.2 - https:\/\/yoast.com\/wordpress\/plugins\/seo\/ -->\n<title>Blandeenhed med Wilo Pumpe og Manifold med 4 Kreds Gulvvarme<\/title>\n<meta name=\"description\" content=\"Order Blandeenhed med Wilo Pumpe og Manifold med 4 Kreds Gulvvarme at a best price.\" \/>\n<meta name=\"robots\" content=\"index, follow, max-snippet:-1, max-image-preview:large, max-video-preview:-1\" \/>\n<link rel=\"canonical\" href=\"https:\/\/fluterm.eu\/da\/prod\/blandeenhed-med-wilo-pumpe-og-manifold-med-4-kreds-gulvvarme\/\" \/>\n<meta property=\"og:locale\" content=\"da_DK\" \/>\n<meta property=\"og:type\" content=\"article\" \/>\n<meta property=\"og:title\" content=\"Blandeenhed med Wilo Pumpe og Manifold med 4 Kreds Gulvvarme\" \/>\n<meta property=\"og:description\" content=\"Order Blandeenhed med Wilo Pumpe og Manifold med 4 Kreds Gulvvarme at a best price.\" \/>\n<meta property=\"og:url\" content=\"https:\/\/fluterm.eu\/da\/prod\/blandeenhed-med-wilo-pumpe-og-manifold-med-4-kreds-gulvvarme\/\" \/>\n<meta property=\"og:site_name\" content=\"fluterm.eu\" \/>\n<meta property=\"og:image\" content=\"https:\/\/fluterm.eu\/wp-content\/uploads\/2023\/07\/sistem-complex-de-amestec-a-agentului-termic-neces_4225_1_1615571838.jpeg\" \/>\n\t<meta property=\"og:image:width\" content=\"1500\" \/>\n\t<meta property=\"og:image:height\" content=\"1500\" \/>\n\t<meta property=\"og:image:type\" content=\"image\/jpeg\" \/>\n<meta name=\"twitter:card\" content=\"summary_large_image\" \/>\n<meta name=\"twitter:label1\" content=\"Estimeret l\u00e6setid\" \/>\n\t<meta name=\"twitter:data1\" content=\"1 minut\" \/>\n<script type=\"application\/ld+json\" class=\"yoast-schema-graph\">{\"@context\":\"https:\/\/schema.org\",\"@graph\":[{\"@type\":\"WebPage\",\"@id\":\"https:\/\/fluterm.eu\/da\/prod\/blandeenhed-med-wilo-pumpe-og-manifold-med-4-kreds-gulvvarme\/\",\"url\":\"https:\/\/fluterm.eu\/da\/prod\/blandeenhed-med-wilo-pumpe-og-manifold-med-4-kreds-gulvvarme\/\",\"name\":\"Blandeenhed med Wilo Pumpe og Manifold med 4 Kreds Gulvvarme\",\"isPartOf\":{\"@id\":\"https:\/\/fluterm.eu\/#website\"},\"datePublished\":\"2023-07-16T14:19:26+00:00\",\"dateModified\":\"2023-07-16T14:19:26+00:00\",\"description\":\"Order Blandeenhed med Wilo Pumpe og Manifold med 4 Kreds Gulvvarme at a best price.\",\"breadcrumb\":{\"@id\":\"https:\/\/fluterm.eu\/da\/prod\/blandeenhed-med-wilo-pumpe-og-manifold-med-4-kreds-gulvvarme\/#breadcrumb\"},\"inLanguage\":\"da-DK\",\"potentialAction\":[{\"@type\":\"ReadAction\",\"target\":[\"https:\/\/fluterm.eu\/da\/prod\/blandeenhed-med-wilo-pumpe-og-manifold-med-4-kreds-gulvvarme\/\"]}]},{\"@type\":\"BreadcrumbList\",\"@id\":\"https:\/\/fluterm.eu\/da\/prod\/blandeenhed-med-wilo-pumpe-og-manifold-med-4-kreds-gulvvarme\/#breadcrumb\",\"itemListElement\":[{\"@type\":\"ListItem\",\"position\":1,\"name\":\"Home\",\"item\":\"https:\/\/fluterm.eu\/da\/butik\/\"},{\"@type\":\"ListItem\",\"position\":2,\"name\":\"Butik\",\"item\":\"https:\/\/fluterm.eu\/da\/butik\/\"},{\"@type\":\"ListItem\",\"position\":3,\"name\":\"Blandeenhed med Wilo Pumpe og Manifold med 4 Kreds Gulvvarme\"}]},{\"@type\":\"WebSite\",\"@id\":\"https:\/\/fluterm.eu\/#website\",\"url\":\"https:\/\/fluterm.eu\/\",\"name\":\"fluterm.eu\",\"description\":\"\",\"potentialAction\":[{\"@type\":\"SearchAction\",\"target\":{\"@type\":\"EntryPoint\",\"urlTemplate\":\"https:\/\/fluterm.eu\/?s={search_term_string}\"},\"query-input\":\"required name=search_term_string\"}],\"inLanguage\":\"da-DK\"}]}<\/script>\n<!-- \/ Yoast SEO plugin. -->","yoast_head_json":{"title":"Blandeenhed med Wilo Pumpe og Manifold med 4 Kreds Gulvvarme","description":"Order Blandeenhed med Wilo Pumpe og Manifold med 4 Kreds Gulvvarme at a best price.","robots":{"index":"index","follow":"follow","max-snippet":"max-snippet:-1","max-image-preview":"max-image-preview:large","max-video-preview":"max-video-preview:-1"},"canonical":"https:\/\/fluterm.eu\/da\/prod\/blandeenhed-med-wilo-pumpe-og-manifold-med-4-kreds-gulvvarme\/","og_locale":"da_DK","og_type":"article","og_title":"Blandeenhed med Wilo Pumpe og Manifold med 4 Kreds Gulvvarme","og_description":"Order Blandeenhed med Wilo Pumpe og Manifold med 4 Kreds Gulvvarme at a best price.","og_url":"https:\/\/fluterm.eu\/da\/prod\/blandeenhed-med-wilo-pumpe-og-manifold-med-4-kreds-gulvvarme\/","og_site_name":"fluterm.eu","og_image":[{"width":1500,"height":1500,"url":"https:\/\/fluterm.eu\/wp-content\/uploads\/2023\/07\/sistem-complex-de-amestec-a-agentului-termic-neces_4225_1_1615571838.jpeg","type":"image\/jpeg"}],"twitter_card":"summary_large_image","twitter_misc":{"Estimeret l\u00e6setid":"1 minut"},"schema":{"@context":"https:\/\/schema.org","@graph":[{"@type":"WebPage","@id":"https:\/\/fluterm.eu\/da\/prod\/blandeenhed-med-wilo-pumpe-og-manifold-med-4-kreds-gulvvarme\/","url":"https:\/\/fluterm.eu\/da\/prod\/blandeenhed-med-wilo-pumpe-og-manifold-med-4-kreds-gulvvarme\/","name":"Blandeenhed med Wilo Pumpe og Manifold med 4 Kreds Gulvvarme","isPartOf":{"@id":"https:\/\/fluterm.eu\/#website"},"datePublished":"2023-07-16T14:19:26+00:00","dateModified":"2023-07-16T14:19:26+00:00","description":"Order Blandeenhed med Wilo Pumpe og Manifold med 4 Kreds Gulvvarme at a best price.","breadcrumb":{"@id":"https:\/\/fluterm.eu\/da\/prod\/blandeenhed-med-wilo-pumpe-og-manifold-med-4-kreds-gulvvarme\/#breadcrumb"},"inLanguage":"da-DK","potentialAction":[{"@type":"ReadAction","target":["https:\/\/fluterm.eu\/da\/prod\/blandeenhed-med-wilo-pumpe-og-manifold-med-4-kreds-gulvvarme\/"]}]},{"@type":"BreadcrumbList","@id":"https:\/\/fluterm.eu\/da\/prod\/blandeenhed-med-wilo-pumpe-og-manifold-med-4-kreds-gulvvarme\/#breadcrumb","itemListElement":[{"@type":"ListItem","position":1,"name":"Home","item":"https:\/\/fluterm.eu\/da\/butik\/"},{"@type":"ListItem","position":2,"name":"Butik","item":"https:\/\/fluterm.eu\/da\/butik\/"},{"@type":"ListItem","position":3,"name":"Blandeenhed med Wilo Pumpe og Manifold med 4 Kreds Gulvvarme"}]},{"@type":"WebSite","@id":"https:\/\/fluterm.eu\/#website","url":"https:\/\/fluterm.eu\/","name":"fluterm.eu","description":"","potentialAction":[{"@type":"SearchAction","target":{"@type":"EntryPoint","urlTemplate":"https:\/\/fluterm.eu\/?s={search_term_string}"},"query-input":"required name=search_term_string"}],"inLanguage":"da-DK"}]}},"_links":{"self":[{"href":"https:\/\/fluterm.eu\/da\/wp-json\/wp\/v2\/product\/14917","targetHints":{"allow":["GET"]}}],"collection":[{"href":"https:\/\/fluterm.eu\/da\/wp-json\/wp\/v2\/product"}],"about":[{"href":"https:\/\/fluterm.eu\/da\/wp-json\/wp\/v2\/types\/product"}],"replies":[{"embeddable":true,"href":"https:\/\/fluterm.eu\/da\/wp-json\/wp\/v2\/comments?post=14917"}],"version-history":[{"count":0,"href":"https:\/\/fluterm.eu\/da\/wp-json\/wp\/v2\/product\/14917\/revisions"}],"wp:featuredmedia":[{"embeddable":true,"href":"https:\/\/fluterm.eu\/da\/wp-json\/wp\/v2\/media\/3972"}],"wp:attachment":[{"href":"https:\/\/fluterm.eu\/da\/wp-json\/wp\/v2\/media?parent=14917"}],"wp:term":[{"taxonomy":"product_cat","embeddable":true,"href":"https:\/\/fluterm.eu\/da\/wp-json\/wp\/v2\/product_cat?post=14917"},{"taxonomy":"product_tag","embeddable":true,"href":"https:\/\/fluterm.eu\/da\/wp-json\/wp\/v2\/product_tag?post=14917"}],"curies":[{"name":"wp","href":"https:\/\/api.w.org\/{rel}","templated":true}]}}