{"id":15077,"date":"2023-07-17T20:39:49","date_gmt":"2023-07-17T17:39:49","guid":{"rendered":"https:\/\/fluterm.eu\/prod\/termisk-aktuator-uponor-til-gulvvarmefordelere\/"},"modified":"2023-07-17T20:39:49","modified_gmt":"2023-07-17T17:39:49","slug":"termisk-aktuator-opfor-manifolds-under-gulvvarme","status":"publish","type":"product","link":"https:\/\/fluterm.eu\/da\/prod\/termisk-aktuator-opfor-manifolds-under-gulvvarme\/","title":{"rendered":"Termisk aktuator Uponor til gulvvarmefordelere"},"content":{"rendered":"<p>To-tr\u00e5ds, langsomt \u00e5bnende termiske aktuatorer monteres direkte p\u00e5 varmemanifolder i rustfrit st\u00e5l for at give individuel flowkontrol p\u00e5 en multizonemanifold (en manifold, der betjener mere end \u00e9n zone). Bem\u00e6rk: Se aktuator-til-manifold<\/p>\n","protected":false},"excerpt":{"rendered":"<p>To-tr\u00e5ds, langsomt \u00e5bnende termiske aktuatorer monteres direkte p\u00e5 varmemanifolder i rustfrit st\u00e5l for at give individuel flowkontrol p\u00e5 en multizonemanifold (en manifold, der betjener mere end \u00e9n zone). Bem\u00e6rk: Se aktuator-til-manifold<\/p>\n","protected":false},"featured_media":4266,"comment_status":"open","ping_status":"closed","template":"","meta":[],"product_cat":[976],"product_tag":[],"class_list":{"0":"post-15077","1":"product","2":"type-product","3":"status-publish","4":"has-post-thumbnail","6":"product_cat-automatisering-af-gulvvarme","8":"first","9":"instock","10":"taxable","11":"shipping-taxable","12":"purchasable","13":"product-type-simple","14":"col-xs-6 col-sm-4","15":"col-md-4 col-lg-4","16":"un-3-cols"},"acf":[],"yoast_head":"<!-- This site is optimized with the Yoast SEO plugin v21.2 - https:\/\/yoast.com\/wordpress\/plugins\/seo\/ -->\n<title>Termisk aktuator Uponor til gulvvarmefordelere<\/title>\n<meta name=\"description\" content=\"Order Termisk aktuator Uponor til gulvvarmefordelere at a best price.\" \/>\n<meta name=\"robots\" content=\"index, follow, max-snippet:-1, max-image-preview:large, max-video-preview:-1\" \/>\n<link rel=\"canonical\" href=\"https:\/\/fluterm.eu\/da\/prod\/termisk-aktuator-uponor-til-gulvvarmefordelere\/\" \/>\n<meta property=\"og:locale\" content=\"da_DK\" \/>\n<meta property=\"og:type\" content=\"article\" \/>\n<meta property=\"og:title\" content=\"Termisk aktuator Uponor til gulvvarmefordelere\" \/>\n<meta property=\"og:description\" content=\"Order Termisk aktuator Uponor til gulvvarmefordelere at a best price.\" \/>\n<meta property=\"og:url\" content=\"https:\/\/fluterm.eu\/da\/prod\/termisk-aktuator-uponor-til-gulvvarmefordelere\/\" \/>\n<meta property=\"og:site_name\" content=\"fluterm.eu\" \/>\n<meta property=\"og:image\" content=\"https:\/\/fluterm.eu\/wp-content\/uploads\/2023\/07\/act-uponor.webp\" \/>\n\t<meta property=\"og:image:width\" content=\"600\" \/>\n\t<meta property=\"og:image:height\" content=\"600\" \/>\n\t<meta property=\"og:image:type\" content=\"image\/webp\" \/>\n<meta name=\"twitter:card\" content=\"summary_large_image\" \/>\n<script type=\"application\/ld+json\" class=\"yoast-schema-graph\">{\"@context\":\"https:\/\/schema.org\",\"@graph\":[{\"@type\":\"WebPage\",\"@id\":\"https:\/\/fluterm.eu\/da\/prod\/termisk-aktuator-uponor-til-gulvvarmefordelere\/\",\"url\":\"https:\/\/fluterm.eu\/da\/prod\/termisk-aktuator-uponor-til-gulvvarmefordelere\/\",\"name\":\"Termisk aktuator Uponor til gulvvarmefordelere\",\"isPartOf\":{\"@id\":\"https:\/\/fluterm.eu\/#website\"},\"datePublished\":\"2023-07-17T17:39:49+00:00\",\"dateModified\":\"2023-07-17T17:39:49+00:00\",\"description\":\"Order Termisk aktuator Uponor til gulvvarmefordelere at a best price.\",\"breadcrumb\":{\"@id\":\"https:\/\/fluterm.eu\/da\/prod\/termisk-aktuator-uponor-til-gulvvarmefordelere\/#breadcrumb\"},\"inLanguage\":\"da-DK\",\"potentialAction\":[{\"@type\":\"ReadAction\",\"target\":[\"https:\/\/fluterm.eu\/da\/prod\/termisk-aktuator-uponor-til-gulvvarmefordelere\/\"]}]},{\"@type\":\"BreadcrumbList\",\"@id\":\"https:\/\/fluterm.eu\/da\/prod\/termisk-aktuator-uponor-til-gulvvarmefordelere\/#breadcrumb\",\"itemListElement\":[{\"@type\":\"ListItem\",\"position\":1,\"name\":\"Home\",\"item\":\"https:\/\/fluterm.eu\/da\/butik\/\"},{\"@type\":\"ListItem\",\"position\":2,\"name\":\"Butik\",\"item\":\"https:\/\/fluterm.eu\/da\/butik\/\"},{\"@type\":\"ListItem\",\"position\":3,\"name\":\"Termisk aktuator Uponor til gulvvarmefordelere\"}]},{\"@type\":\"WebSite\",\"@id\":\"https:\/\/fluterm.eu\/#website\",\"url\":\"https:\/\/fluterm.eu\/\",\"name\":\"fluterm.eu\",\"description\":\"\",\"potentialAction\":[{\"@type\":\"SearchAction\",\"target\":{\"@type\":\"EntryPoint\",\"urlTemplate\":\"https:\/\/fluterm.eu\/?s={search_term_string}\"},\"query-input\":\"required name=search_term_string\"}],\"inLanguage\":\"da-DK\"}]}<\/script>\n<!-- \/ Yoast SEO plugin. -->","yoast_head_json":{"title":"Termisk aktuator Uponor til gulvvarmefordelere","description":"Order Termisk aktuator Uponor til gulvvarmefordelere at a best price.","robots":{"index":"index","follow":"follow","max-snippet":"max-snippet:-1","max-image-preview":"max-image-preview:large","max-video-preview":"max-video-preview:-1"},"canonical":"https:\/\/fluterm.eu\/da\/prod\/termisk-aktuator-uponor-til-gulvvarmefordelere\/","og_locale":"da_DK","og_type":"article","og_title":"Termisk aktuator Uponor til gulvvarmefordelere","og_description":"Order Termisk aktuator Uponor til gulvvarmefordelere at a best price.","og_url":"https:\/\/fluterm.eu\/da\/prod\/termisk-aktuator-uponor-til-gulvvarmefordelere\/","og_site_name":"fluterm.eu","og_image":[{"width":600,"height":600,"url":"https:\/\/fluterm.eu\/wp-content\/uploads\/2023\/07\/act-uponor.webp","type":"image\/webp"}],"twitter_card":"summary_large_image","schema":{"@context":"https:\/\/schema.org","@graph":[{"@type":"WebPage","@id":"https:\/\/fluterm.eu\/da\/prod\/termisk-aktuator-uponor-til-gulvvarmefordelere\/","url":"https:\/\/fluterm.eu\/da\/prod\/termisk-aktuator-uponor-til-gulvvarmefordelere\/","name":"Termisk aktuator Uponor til gulvvarmefordelere","isPartOf":{"@id":"https:\/\/fluterm.eu\/#website"},"datePublished":"2023-07-17T17:39:49+00:00","dateModified":"2023-07-17T17:39:49+00:00","description":"Order Termisk aktuator Uponor til gulvvarmefordelere at a best price.","breadcrumb":{"@id":"https:\/\/fluterm.eu\/da\/prod\/termisk-aktuator-uponor-til-gulvvarmefordelere\/#breadcrumb"},"inLanguage":"da-DK","potentialAction":[{"@type":"ReadAction","target":["https:\/\/fluterm.eu\/da\/prod\/termisk-aktuator-uponor-til-gulvvarmefordelere\/"]}]},{"@type":"BreadcrumbList","@id":"https:\/\/fluterm.eu\/da\/prod\/termisk-aktuator-uponor-til-gulvvarmefordelere\/#breadcrumb","itemListElement":[{"@type":"ListItem","position":1,"name":"Home","item":"https:\/\/fluterm.eu\/da\/butik\/"},{"@type":"ListItem","position":2,"name":"Butik","item":"https:\/\/fluterm.eu\/da\/butik\/"},{"@type":"ListItem","position":3,"name":"Termisk aktuator Uponor til gulvvarmefordelere"}]},{"@type":"WebSite","@id":"https:\/\/fluterm.eu\/#website","url":"https:\/\/fluterm.eu\/","name":"fluterm.eu","description":"","potentialAction":[{"@type":"SearchAction","target":{"@type":"EntryPoint","urlTemplate":"https:\/\/fluterm.eu\/?s={search_term_string}"},"query-input":"required name=search_term_string"}],"inLanguage":"da-DK"}]}},"_links":{"self":[{"href":"https:\/\/fluterm.eu\/da\/wp-json\/wp\/v2\/product\/15077","targetHints":{"allow":["GET"]}}],"collection":[{"href":"https:\/\/fluterm.eu\/da\/wp-json\/wp\/v2\/product"}],"about":[{"href":"https:\/\/fluterm.eu\/da\/wp-json\/wp\/v2\/types\/product"}],"replies":[{"embeddable":true,"href":"https:\/\/fluterm.eu\/da\/wp-json\/wp\/v2\/comments?post=15077"}],"version-history":[{"count":0,"href":"https:\/\/fluterm.eu\/da\/wp-json\/wp\/v2\/product\/15077\/revisions"}],"wp:featuredmedia":[{"embeddable":true,"href":"https:\/\/fluterm.eu\/da\/wp-json\/wp\/v2\/media\/4266"}],"wp:attachment":[{"href":"https:\/\/fluterm.eu\/da\/wp-json\/wp\/v2\/media?parent=15077"}],"wp:term":[{"taxonomy":"product_cat","embeddable":true,"href":"https:\/\/fluterm.eu\/da\/wp-json\/wp\/v2\/product_cat?post=15077"},{"taxonomy":"product_tag","embeddable":true,"href":"https:\/\/fluterm.eu\/da\/wp-json\/wp\/v2\/product_tag?post=15077"}],"curies":[{"name":"wp","href":"https:\/\/api.w.org\/{rel}","templated":true}]}}