{"id":15508,"date":"2023-06-10T14:51:29","date_gmt":"2023-06-10T11:51:29","guid":{"rendered":"https:\/\/fluterm.eu\/prod\/gulvvarmepakke-100m2\/"},"modified":"2023-06-10T14:51:29","modified_gmt":"2023-06-10T11:51:29","slug":"underfloor-heating-package-120-140-m2","status":"publish","type":"product","link":"https:\/\/fluterm.eu\/da\/prod\/underfloor-heating-package-120-140-m2\/","title":{"rendered":"Gulvvarmepakke 100m2"},"content":{"rendered":"<div>Med vores komplette gulvvarmesystem med varmt vand er du kun et skridt fra at skabe det perfekte gulvvarmesystem til dit hjem eller erhvervslokale. Med tilstr\u00e6kkelig r\u00f8rl\u00e6ngde til at d\u00e6kke 100 m\u00b2, har alle de produkter og dele af h\u00f8j kvalitet, som du kan forvente.<\/div>\n<div><\/div>\n<p>Pipe &amp; Clip-gulvvarmesystemet er enkelt at installere, idet Pex-r\u00f8ret klipses fast i isoleringslaget, f\u00f8r afretningslaget enten p\u00e5f\u00f8res med en murske eller h\u00e6ldes ud.<\/p>\n<div>Vi anbefaler altid, at r\u00f8ret sk\u00e6res n\u00f8jagtigt til og reames ud, s\u00e5 der opn\u00e5s en god forbindelse med fittings, hvilket forhindrer l\u00e6kage.<\/div>\n<div><\/div>\n<div><b>Varmes\u00e6t &#8211; 100,0 m\u00b2:<\/b><\/div>\n<div><\/div>\n<div>\n<ul>\n<li>800 meter 16 mm r\u00f8r livstidsgaranti<\/li>\n<li>&#8220;A&#8221; klassificeret lavenergi bio amg pumpe og thermomix automatisk blendeventil<\/li>\n<li>10-portsmanifold &#8211; forniklet messing i h\u00f8j kvalitet med dualmix-manifoldsamling<\/li>\n<li>2 x vandafl\u00f8bs-\/p\u00e5fyldningsventiler<\/li>\n<li>2 x termometer-kugleventiler<\/li>\n<li>2 x automatiske udluftningsventiler<\/li>\n<li>20 x 16 mm r\u00f8rforbindelser (Eurocone)<\/li>\n<li>3000 R\u00f8rclips med h\u00f8jt greb<\/li>\n<li>750 Kantisolering<\/li>\n<li>aluminiumsfolie 100m2<\/li>\n<\/ul>\n<p>Gulvd\u00e6kning: 100,0 m\u00b2 &#8211; 120,0 m\u00b2<br \/>\n&#8211; 100,0 m\u00b2 @ 100 mm afstand til omr\u00e5der med stort varmetab (udestuer)<br \/>\n&#8211; 120,0 m\u00b2 ved 200 mm afstand til prim\u00e6r opvarmning (stue, badev\u00e6relse, sovev\u00e6relser)<\/p>\n<\/div>\n","protected":false},"excerpt":{"rendered":"<p>Med vores komplette gulvvarmesystem med varmt vand er du kun et skridt fra at skabe det perfekte gulvvarmesystem til dit hjem eller erhvervslokale. Med tilstr\u00e6kkelig r\u00f8rl\u00e6ngde til at d\u00e6kke 100 m\u00b2, har alle de produkter og dele af h\u00f8j kvalitet, som du kan forvente. Pipe &amp; Clip-gulvvarmesystemet er enkelt at installere, idet Pex-r\u00f8ret klipses fast&hellip;<\/p>\n","protected":false},"featured_media":4329,"comment_status":"open","ping_status":"closed","template":"","meta":[],"product_cat":[890],"product_tag":[],"class_list":{"0":"post-15508","1":"product","2":"type-product","3":"status-publish","4":"has-post-thumbnail","6":"product_cat-komplette-gulvvarmepakker-da","8":"first","9":"instock","10":"sale","11":"taxable","12":"shipping-taxable","13":"purchasable","14":"product-type-simple","15":"col-xs-6 col-sm-4","16":"col-md-4 col-lg-4","17":"un-3-cols"},"acf":[],"yoast_head":"<!-- This site is optimized with the Yoast SEO plugin v21.2 - https:\/\/yoast.com\/wordpress\/plugins\/seo\/ -->\n<title>Gulvvarmepakke 100m2<\/title>\n<meta name=\"description\" content=\"Order Gulvvarmepakke 100m2 at a best price.\" \/>\n<meta name=\"robots\" content=\"index, follow, max-snippet:-1, max-image-preview:large, max-video-preview:-1\" \/>\n<link rel=\"canonical\" href=\"https:\/\/fluterm.eu\/da\/prod\/gulvvarmepakke-100m2\/\" \/>\n<meta property=\"og:locale\" content=\"da_DK\" \/>\n<meta property=\"og:type\" content=\"article\" \/>\n<meta property=\"og:title\" content=\"Gulvvarmepakke 100m2\" \/>\n<meta property=\"og:description\" content=\"Order Gulvvarmepakke 100m2 at a best price.\" \/>\n<meta property=\"og:url\" content=\"https:\/\/fluterm.eu\/da\/prod\/gulvvarmepakke-100m2\/\" \/>\n<meta property=\"og:site_name\" content=\"fluterm.eu\" \/>\n<meta property=\"og:image\" content=\"https:\/\/fluterm.eu\/wp-content\/uploads\/2023\/06\/61C3F3E1-9C0D-4E2C-947E-EA55D85A60BC-1.jpeg\" \/>\n\t<meta property=\"og:image:width\" content=\"1150\" \/>\n\t<meta property=\"og:image:height\" content=\"2048\" \/>\n\t<meta property=\"og:image:type\" content=\"image\/jpeg\" \/>\n<meta name=\"twitter:card\" content=\"summary_large_image\" \/>\n<meta name=\"twitter:label1\" content=\"Estimeret l\u00e6setid\" \/>\n\t<meta name=\"twitter:data1\" content=\"1 minut\" \/>\n<script type=\"application\/ld+json\" class=\"yoast-schema-graph\">{\"@context\":\"https:\/\/schema.org\",\"@graph\":[{\"@type\":\"WebPage\",\"@id\":\"https:\/\/fluterm.eu\/da\/prod\/gulvvarmepakke-100m2\/\",\"url\":\"https:\/\/fluterm.eu\/da\/prod\/gulvvarmepakke-100m2\/\",\"name\":\"Gulvvarmepakke 100m2\",\"isPartOf\":{\"@id\":\"https:\/\/fluterm.eu\/#website\"},\"datePublished\":\"2023-06-10T11:51:29+00:00\",\"dateModified\":\"2023-06-10T11:51:29+00:00\",\"description\":\"Order Gulvvarmepakke 100m2 at a best price.\",\"breadcrumb\":{\"@id\":\"https:\/\/fluterm.eu\/da\/prod\/gulvvarmepakke-100m2\/#breadcrumb\"},\"inLanguage\":\"da-DK\",\"potentialAction\":[{\"@type\":\"ReadAction\",\"target\":[\"https:\/\/fluterm.eu\/da\/prod\/gulvvarmepakke-100m2\/\"]}]},{\"@type\":\"BreadcrumbList\",\"@id\":\"https:\/\/fluterm.eu\/da\/prod\/gulvvarmepakke-100m2\/#breadcrumb\",\"itemListElement\":[{\"@type\":\"ListItem\",\"position\":1,\"name\":\"Home\",\"item\":\"https:\/\/fluterm.eu\/da\/butik\/\"},{\"@type\":\"ListItem\",\"position\":2,\"name\":\"Butik\",\"item\":\"https:\/\/fluterm.eu\/da\/butik\/\"},{\"@type\":\"ListItem\",\"position\":3,\"name\":\"Gulvvarmepakke 100m2\"}]},{\"@type\":\"WebSite\",\"@id\":\"https:\/\/fluterm.eu\/#website\",\"url\":\"https:\/\/fluterm.eu\/\",\"name\":\"fluterm.eu\",\"description\":\"\",\"potentialAction\":[{\"@type\":\"SearchAction\",\"target\":{\"@type\":\"EntryPoint\",\"urlTemplate\":\"https:\/\/fluterm.eu\/?s={search_term_string}\"},\"query-input\":\"required name=search_term_string\"}],\"inLanguage\":\"da-DK\"}]}<\/script>\n<!-- \/ Yoast SEO plugin. -->","yoast_head_json":{"title":"Gulvvarmepakke 100m2","description":"Order Gulvvarmepakke 100m2 at a best price.","robots":{"index":"index","follow":"follow","max-snippet":"max-snippet:-1","max-image-preview":"max-image-preview:large","max-video-preview":"max-video-preview:-1"},"canonical":"https:\/\/fluterm.eu\/da\/prod\/gulvvarmepakke-100m2\/","og_locale":"da_DK","og_type":"article","og_title":"Gulvvarmepakke 100m2","og_description":"Order Gulvvarmepakke 100m2 at a best price.","og_url":"https:\/\/fluterm.eu\/da\/prod\/gulvvarmepakke-100m2\/","og_site_name":"fluterm.eu","og_image":[{"width":1150,"height":2048,"url":"https:\/\/fluterm.eu\/wp-content\/uploads\/2023\/06\/61C3F3E1-9C0D-4E2C-947E-EA55D85A60BC-1.jpeg","type":"image\/jpeg"}],"twitter_card":"summary_large_image","twitter_misc":{"Estimeret l\u00e6setid":"1 minut"},"schema":{"@context":"https:\/\/schema.org","@graph":[{"@type":"WebPage","@id":"https:\/\/fluterm.eu\/da\/prod\/gulvvarmepakke-100m2\/","url":"https:\/\/fluterm.eu\/da\/prod\/gulvvarmepakke-100m2\/","name":"Gulvvarmepakke 100m2","isPartOf":{"@id":"https:\/\/fluterm.eu\/#website"},"datePublished":"2023-06-10T11:51:29+00:00","dateModified":"2023-06-10T11:51:29+00:00","description":"Order Gulvvarmepakke 100m2 at a best price.","breadcrumb":{"@id":"https:\/\/fluterm.eu\/da\/prod\/gulvvarmepakke-100m2\/#breadcrumb"},"inLanguage":"da-DK","potentialAction":[{"@type":"ReadAction","target":["https:\/\/fluterm.eu\/da\/prod\/gulvvarmepakke-100m2\/"]}]},{"@type":"BreadcrumbList","@id":"https:\/\/fluterm.eu\/da\/prod\/gulvvarmepakke-100m2\/#breadcrumb","itemListElement":[{"@type":"ListItem","position":1,"name":"Home","item":"https:\/\/fluterm.eu\/da\/butik\/"},{"@type":"ListItem","position":2,"name":"Butik","item":"https:\/\/fluterm.eu\/da\/butik\/"},{"@type":"ListItem","position":3,"name":"Gulvvarmepakke 100m2"}]},{"@type":"WebSite","@id":"https:\/\/fluterm.eu\/#website","url":"https:\/\/fluterm.eu\/","name":"fluterm.eu","description":"","potentialAction":[{"@type":"SearchAction","target":{"@type":"EntryPoint","urlTemplate":"https:\/\/fluterm.eu\/?s={search_term_string}"},"query-input":"required name=search_term_string"}],"inLanguage":"da-DK"}]}},"_links":{"self":[{"href":"https:\/\/fluterm.eu\/da\/wp-json\/wp\/v2\/product\/15508","targetHints":{"allow":["GET"]}}],"collection":[{"href":"https:\/\/fluterm.eu\/da\/wp-json\/wp\/v2\/product"}],"about":[{"href":"https:\/\/fluterm.eu\/da\/wp-json\/wp\/v2\/types\/product"}],"replies":[{"embeddable":true,"href":"https:\/\/fluterm.eu\/da\/wp-json\/wp\/v2\/comments?post=15508"}],"version-history":[{"count":0,"href":"https:\/\/fluterm.eu\/da\/wp-json\/wp\/v2\/product\/15508\/revisions"}],"wp:featuredmedia":[{"embeddable":true,"href":"https:\/\/fluterm.eu\/da\/wp-json\/wp\/v2\/media\/4329"}],"wp:attachment":[{"href":"https:\/\/fluterm.eu\/da\/wp-json\/wp\/v2\/media?parent=15508"}],"wp:term":[{"taxonomy":"product_cat","embeddable":true,"href":"https:\/\/fluterm.eu\/da\/wp-json\/wp\/v2\/product_cat?post=15508"},{"taxonomy":"product_tag","embeddable":true,"href":"https:\/\/fluterm.eu\/da\/wp-json\/wp\/v2\/product_tag?post=15508"}],"curies":[{"name":"wp","href":"https:\/\/api.w.org\/{rel}","templated":true}]}}