{"id":15747,"date":"2023-09-16T12:31:16","date_gmt":"2023-09-16T09:31:16","guid":{"rendered":"https:\/\/fluterm.eu\/prod\/huawei-sun2000-luna-5kw-eo-solar-battery-module\/"},"modified":"2023-09-16T12:31:16","modified_gmt":"2023-09-16T09:31:16","slug":"huawei-sun2000-luna-5kw-eo-solar-battery-module","status":"publish","type":"product","link":"https:\/\/fluterm.eu\/da\/prod\/huawei-sun2000-luna-5kw-eo-solar-battery-module\/","title":{"rendered":"Huawei SUN2000-LUNA-5KW-EO Solar Battery Module"},"content":{"rendered":"<p>Grundlagt i 1987 er Huawei en f\u00f8rende global udbyder af informations- og kommunikationsteknologi (IKT) infrastruktur og smarte enheder. Huawei har en r\u00e6kke vedvarende produkter, herunder invertere, batterier og optimeringsm\u00e6nd samt det fusionsol\u00e6re smarte PV -styringssystem.<\/p>\n<p>Huawei SUN2000-LUNA-5KW-EO batterimodul er en del af LUNA2000 Smart String Energy Storage System. Batterimodulet har en Li-ion-celletype og har en kapacitet p\u00e5 5 kWh.<\/p>\n<p>SUN2000-LUNA-5KW-EO batteriudvidelsesmodulet kan parres med str\u00f8mstyringsmoduler for at fuldende LUNA2000 batterisystemet. Batteriet kan opbevare og frigive elektrisk energi baseret p\u00e5 kravene i inverterstyringssystemet.<\/p>\n<p>Dette produkt er underlagt et leveringsgebyr p\u00e5 150 euro op til 4 identiske enheder. Dette skyldes at blive transporteret p\u00e5 palle.  <b><strong><u>TEKNISK SPECIFIKATION<\/u><\/strong><\/b><\/p>\n<ul>\n<li>Nominel tilg\u00e6ngelig kapacitet: 5kWh<\/li>\n<li>Battericelletype: Li-ion<\/li>\n<li>Dimensioner: 360 x 670 x 150 mm (H x B x D)<\/li>\n<li>V\u00e6gt: 50 kg<\/li>\n<li>K\u00f8letilstand: Frik\u00f8ling<\/li>\n<li>IP-klassificering: IP66<\/li>\n<li>Driftstemperatur: \u201320\u00b0C til +55\u00b0C<\/li>\n<li>Maksimal driftsh\u00f8jde: 4000m<\/li>\n<\/ul>\n<div id=\"jp-relatedposts\" class=\"jp-relatedposts\">\n<h3 class=\"jp-relatedposts-headline\"><\/h3>\n<div class=\"jp-relatedposts-items jp-relatedposts-items-minimal jp-relatedposts-grid \">\n<p class=\"jp-relatedposts-post jp-relatedposts-post0\" data-post-id=\"1066\" data-post-format=\"false\">\n<\/div>\n<\/div>\n","protected":false},"excerpt":{"rendered":"<p>Grundlagt i 1987 er Huawei en f\u00f8rende global udbyder af informations- og kommunikationsteknologi (IKT) infrastruktur og smarte enheder. Huawei har en r\u00e6kke vedvarende produkter, herunder invertere, batterier og optimeringsm\u00e6nd samt det fusionsol\u00e6re smarte PV -styringssystem. Huawei SUN2000-LUNA-5KW-EO batterimodul er en del af LUNA2000 Smart String Energy Storage System. Batterimodulet har en Li-ion-celletype og har en&hellip;<\/p>\n","protected":false},"featured_media":15715,"comment_status":"open","ping_status":"closed","template":"","meta":[],"product_cat":[766],"product_tag":[],"class_list":{"0":"post-15747","1":"product","2":"type-product","3":"status-publish","4":"has-post-thumbnail","6":"product_cat-fotovoltaiske-saet","8":"first","9":"instock","10":"taxable","11":"shipping-taxable","12":"purchasable","13":"product-type-simple","14":"col-xs-6 col-sm-4","15":"col-md-4 col-lg-4","16":"un-3-cols"},"acf":[],"yoast_head":"<!-- This site is optimized with the Yoast SEO plugin v21.2 - https:\/\/yoast.com\/wordpress\/plugins\/seo\/ -->\n<title>Huawei SUN2000-LUNA-5KW-EO Solar Battery Module<\/title>\n<meta name=\"description\" content=\"Order Huawei SUN2000-LUNA-5KW-EO Solar Battery Module at a best price.\" \/>\n<meta name=\"robots\" content=\"index, follow, max-snippet:-1, max-image-preview:large, max-video-preview:-1\" \/>\n<link rel=\"canonical\" href=\"https:\/\/fluterm.eu\/da\/prod\/huawei-sun2000-luna-5kw-eo-solar-battery-module\/\" \/>\n<meta property=\"og:locale\" content=\"da_DK\" \/>\n<meta property=\"og:type\" content=\"article\" \/>\n<meta property=\"og:title\" content=\"Huawei SUN2000-LUNA-5KW-EO Solar Battery Module\" \/>\n<meta property=\"og:description\" content=\"Order Huawei SUN2000-LUNA-5KW-EO Solar Battery Module at a best price.\" \/>\n<meta property=\"og:url\" content=\"https:\/\/fluterm.eu\/da\/prod\/huawei-sun2000-luna-5kw-eo-solar-battery-module\/\" \/>\n<meta property=\"og:site_name\" content=\"fluterm.eu\" \/>\n<meta property=\"og:image\" content=\"https:\/\/fluterm.eu\/wp-content\/uploads\/2023\/09\/baterie-luna.png\" \/>\n\t<meta property=\"og:image:width\" content=\"581\" \/>\n\t<meta property=\"og:image:height\" content=\"581\" \/>\n\t<meta property=\"og:image:type\" content=\"image\/png\" \/>\n<meta name=\"twitter:card\" content=\"summary_large_image\" \/>\n<meta name=\"twitter:label1\" content=\"Estimeret l\u00e6setid\" \/>\n\t<meta name=\"twitter:data1\" content=\"1 minut\" \/>\n<script type=\"application\/ld+json\" class=\"yoast-schema-graph\">{\"@context\":\"https:\/\/schema.org\",\"@graph\":[{\"@type\":\"WebPage\",\"@id\":\"https:\/\/fluterm.eu\/da\/prod\/huawei-sun2000-luna-5kw-eo-solar-battery-module\/\",\"url\":\"https:\/\/fluterm.eu\/da\/prod\/huawei-sun2000-luna-5kw-eo-solar-battery-module\/\",\"name\":\"Huawei SUN2000-LUNA-5KW-EO Solar Battery Module\",\"isPartOf\":{\"@id\":\"https:\/\/fluterm.eu\/#website\"},\"datePublished\":\"2023-09-16T09:31:16+00:00\",\"dateModified\":\"2023-09-16T09:31:16+00:00\",\"description\":\"Order Huawei SUN2000-LUNA-5KW-EO Solar Battery Module at a best price.\",\"breadcrumb\":{\"@id\":\"https:\/\/fluterm.eu\/da\/prod\/huawei-sun2000-luna-5kw-eo-solar-battery-module\/#breadcrumb\"},\"inLanguage\":\"da-DK\",\"potentialAction\":[{\"@type\":\"ReadAction\",\"target\":[\"https:\/\/fluterm.eu\/da\/prod\/huawei-sun2000-luna-5kw-eo-solar-battery-module\/\"]}]},{\"@type\":\"BreadcrumbList\",\"@id\":\"https:\/\/fluterm.eu\/da\/prod\/huawei-sun2000-luna-5kw-eo-solar-battery-module\/#breadcrumb\",\"itemListElement\":[{\"@type\":\"ListItem\",\"position\":1,\"name\":\"Home\",\"item\":\"https:\/\/fluterm.eu\/da\/butik\/\"},{\"@type\":\"ListItem\",\"position\":2,\"name\":\"Butik\",\"item\":\"https:\/\/fluterm.eu\/da\/butik\/\"},{\"@type\":\"ListItem\",\"position\":3,\"name\":\"Huawei SUN2000-LUNA-5KW-EO Solar Battery Module\"}]},{\"@type\":\"WebSite\",\"@id\":\"https:\/\/fluterm.eu\/#website\",\"url\":\"https:\/\/fluterm.eu\/\",\"name\":\"fluterm.eu\",\"description\":\"\",\"potentialAction\":[{\"@type\":\"SearchAction\",\"target\":{\"@type\":\"EntryPoint\",\"urlTemplate\":\"https:\/\/fluterm.eu\/?s={search_term_string}\"},\"query-input\":\"required name=search_term_string\"}],\"inLanguage\":\"da-DK\"}]}<\/script>\n<!-- \/ Yoast SEO plugin. -->","yoast_head_json":{"title":"Huawei SUN2000-LUNA-5KW-EO Solar Battery Module","description":"Order Huawei SUN2000-LUNA-5KW-EO Solar Battery Module at a best price.","robots":{"index":"index","follow":"follow","max-snippet":"max-snippet:-1","max-image-preview":"max-image-preview:large","max-video-preview":"max-video-preview:-1"},"canonical":"https:\/\/fluterm.eu\/da\/prod\/huawei-sun2000-luna-5kw-eo-solar-battery-module\/","og_locale":"da_DK","og_type":"article","og_title":"Huawei SUN2000-LUNA-5KW-EO Solar Battery Module","og_description":"Order Huawei SUN2000-LUNA-5KW-EO Solar Battery Module at a best price.","og_url":"https:\/\/fluterm.eu\/da\/prod\/huawei-sun2000-luna-5kw-eo-solar-battery-module\/","og_site_name":"fluterm.eu","og_image":[{"width":581,"height":581,"url":"https:\/\/fluterm.eu\/wp-content\/uploads\/2023\/09\/baterie-luna.png","type":"image\/png"}],"twitter_card":"summary_large_image","twitter_misc":{"Estimeret l\u00e6setid":"1 minut"},"schema":{"@context":"https:\/\/schema.org","@graph":[{"@type":"WebPage","@id":"https:\/\/fluterm.eu\/da\/prod\/huawei-sun2000-luna-5kw-eo-solar-battery-module\/","url":"https:\/\/fluterm.eu\/da\/prod\/huawei-sun2000-luna-5kw-eo-solar-battery-module\/","name":"Huawei SUN2000-LUNA-5KW-EO Solar Battery Module","isPartOf":{"@id":"https:\/\/fluterm.eu\/#website"},"datePublished":"2023-09-16T09:31:16+00:00","dateModified":"2023-09-16T09:31:16+00:00","description":"Order Huawei SUN2000-LUNA-5KW-EO Solar Battery Module at a best price.","breadcrumb":{"@id":"https:\/\/fluterm.eu\/da\/prod\/huawei-sun2000-luna-5kw-eo-solar-battery-module\/#breadcrumb"},"inLanguage":"da-DK","potentialAction":[{"@type":"ReadAction","target":["https:\/\/fluterm.eu\/da\/prod\/huawei-sun2000-luna-5kw-eo-solar-battery-module\/"]}]},{"@type":"BreadcrumbList","@id":"https:\/\/fluterm.eu\/da\/prod\/huawei-sun2000-luna-5kw-eo-solar-battery-module\/#breadcrumb","itemListElement":[{"@type":"ListItem","position":1,"name":"Home","item":"https:\/\/fluterm.eu\/da\/butik\/"},{"@type":"ListItem","position":2,"name":"Butik","item":"https:\/\/fluterm.eu\/da\/butik\/"},{"@type":"ListItem","position":3,"name":"Huawei SUN2000-LUNA-5KW-EO Solar Battery Module"}]},{"@type":"WebSite","@id":"https:\/\/fluterm.eu\/#website","url":"https:\/\/fluterm.eu\/","name":"fluterm.eu","description":"","potentialAction":[{"@type":"SearchAction","target":{"@type":"EntryPoint","urlTemplate":"https:\/\/fluterm.eu\/?s={search_term_string}"},"query-input":"required name=search_term_string"}],"inLanguage":"da-DK"}]}},"_links":{"self":[{"href":"https:\/\/fluterm.eu\/da\/wp-json\/wp\/v2\/product\/15747","targetHints":{"allow":["GET"]}}],"collection":[{"href":"https:\/\/fluterm.eu\/da\/wp-json\/wp\/v2\/product"}],"about":[{"href":"https:\/\/fluterm.eu\/da\/wp-json\/wp\/v2\/types\/product"}],"replies":[{"embeddable":true,"href":"https:\/\/fluterm.eu\/da\/wp-json\/wp\/v2\/comments?post=15747"}],"version-history":[{"count":0,"href":"https:\/\/fluterm.eu\/da\/wp-json\/wp\/v2\/product\/15747\/revisions"}],"wp:featuredmedia":[{"embeddable":true,"href":"https:\/\/fluterm.eu\/da\/wp-json\/wp\/v2\/media\/15715"}],"wp:attachment":[{"href":"https:\/\/fluterm.eu\/da\/wp-json\/wp\/v2\/media?parent=15747"}],"wp:term":[{"taxonomy":"product_cat","embeddable":true,"href":"https:\/\/fluterm.eu\/da\/wp-json\/wp\/v2\/product_cat?post=15747"},{"taxonomy":"product_tag","embeddable":true,"href":"https:\/\/fluterm.eu\/da\/wp-json\/wp\/v2\/product_tag?post=15747"}],"curies":[{"name":"wp","href":"https:\/\/api.w.org\/{rel}","templated":true}]}}