{"id":9495,"date":"2023-08-27T13:52:52","date_gmt":"2023-08-27T10:52:52","guid":{"rendered":"https:\/\/fluterm.eu\/prod\/manifold-forbinder-uponor-16x3-4-eurocone\/"},"modified":"2023-09-06T13:38:51","modified_gmt":"2023-09-06T10:38:51","slug":"manifold-forbinder-uponor-16x3-4-eurocone","status":"publish","type":"product","link":"https:\/\/fluterm.eu\/da\/prod\/manifold-forbinder-uponor-16x3-4-eurocone\/","title":{"rendered":"MANIFOLD FORBINDER UPONOR 16&#215;3\/4 EUROCONE"},"content":{"rendered":"<div class=\"columns__section\">\n<h3>Tekniske specifikationer<\/h3>\n<div class=\"technical-specifications\">\n<div class=\"technical-specifications-row\"><span class=\"technical-specifications-row__label\">Materiale kompressionsring-<\/span><span class=\"technical-specifications-row__value\">Messing<\/span><\/div>\n<div class=\"technical-specifications-row\"><span class=\"technical-specifications-row__label\">Materiale oml\u00f8ber-<\/span><span class=\"technical-specifications-row__value\">Messing<\/span><\/div>\n<div class=\"technical-specifications-row\"><span class=\"technical-specifications-row__label\">Udvendig r\u00f8rdiameter-<\/span><span class=\"technical-specifications-row__value\">17 mm<\/span><\/div>\n<div class=\"technical-specifications-row\"><span class=\"technical-specifications-row__label\">Velegnet til aluminiumsr\u00f8r-<\/span><span class=\"technical-specifications-row__value\">falsk<\/span><\/div>\n<div class=\"technical-specifications-row\"><span class=\"technical-specifications-row__label\">Velegnet til kobberr\u00f8r-<\/span><span class=\"technical-specifications-row__value\">falsk<\/span><\/div>\n<div class=\"technical-specifications-row\"><span class=\"technical-specifications-row__label\">Velegnet til plastr\u00f8r i flere lag-<\/span><span class=\"technical-specifications-row__value\">falsk<\/span><\/div>\n<div class=\"technical-specifications-row\"><span class=\"technical-specifications-row__label\">Velegnet til plastr\u00f8r-<\/span><span class=\"technical-specifications-row__value\">sandt<\/span><\/div>\n<div class=\"technical-specifications-row\"><span class=\"technical-specifications-row__label\">Velegnet til plastr\u00f8r-<\/span><span class=\"technical-specifications-row__value\">sandt<\/span><\/div>\n<div class=\"technical-specifications-row\"><span class=\"technical-specifications-row__label\">Velegnet til r\u00f8r af rustfrit st\u00e5l-<\/span><span class=\"technical-specifications-row__value\">falsk<\/span><\/div>\n<div class=\"technical-specifications-row\"><span class=\"technical-specifications-row__label\">Velegnet til st\u00e5l- og kobberr\u00f8r-<\/span><span class=\"technical-specifications-row__value\">falsk<\/span><\/div>\n<div class=\"technical-specifications-row\"><span class=\"technical-specifications-row__label\">Velegnet til st\u00e5lr\u00f8r-<\/span><span class=\"technical-specifications-row__value\">falsk<\/span><\/div>\n<div class=\"technical-specifications-row\"><span class=\"technical-specifications-row__label\">Velegnet til v\u00e6gtykkelse-<\/span><span class=\"technical-specifications-row__value\">2 mm<\/span><\/div>\n<div class=\"technical-specifications-row\"><span class=\"technical-specifications-row__label\">Gevindforbindelse-<\/span><span class=\"technical-specifications-row__value\">Euroconus<\/span><\/div>\n<div class=\"technical-specifications-row\"><span class=\"technical-specifications-row__label\">Gevinddiameter-<\/span><span class=\"technical-specifications-row__value\">G 3\/4 tomme<\/span><\/div>\n<div class=\"technical-specifications-row\"><span class=\"technical-specifications-row__label\">Gevindst\u00f8rrelse m\u00f8trik-<\/span><span class=\"technical-specifications-row__value\">3\/4 tomme<\/span><\/div>\n<\/div>\n<\/div>\n<div class=\"columns__section\">\n<h3>Produktkoder<\/h3>\n<div class=\"product-codes\">\n<div class=\"product-codes-row\"><span class=\"product-codes-row__label\">SAP<\/span><span class=\"product-codes-row__value\">AFA167<\/span><\/div>\n<div class=\"product-codes-row\"><span class=\"product-codes-row__label\">HPAC<\/span><span class=\"product-codes-row__value\">2025028<\/span><\/div>\n<div class=\"product-codes-row\"><span class=\"product-codes-row__label\">PLC<\/span><span class=\"product-codes-row__value\">2025028<\/span><\/div>\n<div class=\"product-codes-row\"><span class=\"product-codes-row__label\">GTIN\/EAN<\/span><span class=\"product-codes-row__value\">4021598127951<\/span><\/div>\n<div class=\"product-codes-row\"><span class=\"product-codes-row__label\">Producentens varenummer<\/span><span class=\"product-codes-row__value\">1065286<\/span><\/div>\n<div class=\"product-codes-row\"><span class=\"product-codes-row__label\">Leverand\u00f8rens materialenummer<\/span><span class=\"product-codes-row__value\">2025028<\/span><\/div>\n<\/div>\n<\/div>\n","protected":false},"excerpt":{"rendered":"<p>Tekniske specifikationer Materiale kompressionsring-Messing Materiale oml\u00f8ber-Messing Udvendig r\u00f8rdiameter-17 mm Velegnet til aluminiumsr\u00f8r-falsk Velegnet til kobberr\u00f8r-falsk Velegnet til plastr\u00f8r i flere lag-falsk Velegnet til plastr\u00f8r-sandt Velegnet til plastr\u00f8r-sandt Velegnet til r\u00f8r af rustfrit st\u00e5l-falsk Velegnet til st\u00e5l- og kobberr\u00f8r-falsk Velegnet til st\u00e5lr\u00f8r-falsk Velegnet til v\u00e6gtykkelse-2 mm Gevindforbindelse-Euroconus Gevinddiameter-G 3\/4 tomme Gevindst\u00f8rrelse m\u00f8trik-3\/4 tomme Produktkoder SAPAFA167 HPAC2025028&hellip;<\/p>\n","protected":false},"featured_media":9502,"comment_status":"open","ping_status":"closed","template":"","meta":[],"product_cat":[817],"product_tag":[],"class_list":{"0":"post-9495","1":"product","2":"type-product","3":"status-publish","4":"has-post-thumbnail","6":"product_cat-diverse","8":"first","9":"instock","10":"taxable","11":"shipping-taxable","12":"purchasable","13":"product-type-simple","14":"col-xs-6 col-sm-4","15":"col-md-4 col-lg-4","16":"un-3-cols"},"acf":[],"yoast_head":"<!-- This site is optimized with the Yoast SEO plugin v21.2 - https:\/\/yoast.com\/wordpress\/plugins\/seo\/ -->\n<title>MANIFOLD FORBINDER UPONOR 16x3\/4 EUROCONE<\/title>\n<meta name=\"description\" content=\"Order MANIFOLD FORBINDER UPONOR 16x3\/4 EUROCONE at a best price.\" \/>\n<meta name=\"robots\" content=\"index, follow, max-snippet:-1, max-image-preview:large, max-video-preview:-1\" \/>\n<link rel=\"canonical\" href=\"https:\/\/fluterm.eu\/da\/prod\/manifold-forbinder-uponor-16x3-4-eurocone\/\" \/>\n<meta property=\"og:locale\" content=\"da_DK\" \/>\n<meta property=\"og:type\" content=\"article\" \/>\n<meta property=\"og:title\" content=\"MANIFOLD FORBINDER UPONOR 16x3\/4 EUROCONE\" \/>\n<meta property=\"og:description\" content=\"Order MANIFOLD FORBINDER UPONOR 16x3\/4 EUROCONE at a best price.\" \/>\n<meta property=\"og:url\" content=\"https:\/\/fluterm.eu\/da\/prod\/manifold-forbinder-uponor-16x3-4-eurocone\/\" \/>\n<meta property=\"og:site_name\" content=\"fluterm.eu\" \/>\n<meta property=\"article:modified_time\" content=\"2023-09-06T10:38:51+00:00\" \/>\n<meta property=\"og:image\" content=\"https:\/\/fluterm.eu\/wp-content\/uploads\/2023\/08\/eurocon-uponor-vario-pex-3-4-fi8269.webp\" \/>\n\t<meta property=\"og:image:width\" content=\"700\" \/>\n\t<meta property=\"og:image:height\" content=\"440\" \/>\n\t<meta property=\"og:image:type\" content=\"image\/webp\" \/>\n<meta name=\"twitter:card\" content=\"summary_large_image\" \/>\n<script type=\"application\/ld+json\" class=\"yoast-schema-graph\">{\"@context\":\"https:\/\/schema.org\",\"@graph\":[{\"@type\":\"WebPage\",\"@id\":\"https:\/\/fluterm.eu\/da\/prod\/manifold-forbinder-uponor-16x3-4-eurocone\/\",\"url\":\"https:\/\/fluterm.eu\/da\/prod\/manifold-forbinder-uponor-16x3-4-eurocone\/\",\"name\":\"MANIFOLD FORBINDER UPONOR 16x3\/4 EUROCONE\",\"isPartOf\":{\"@id\":\"https:\/\/fluterm.eu\/#website\"},\"datePublished\":\"2023-08-27T10:52:52+00:00\",\"dateModified\":\"2023-09-06T10:38:51+00:00\",\"description\":\"Order MANIFOLD FORBINDER UPONOR 16x3\/4 EUROCONE at a best price.\",\"breadcrumb\":{\"@id\":\"https:\/\/fluterm.eu\/da\/prod\/manifold-forbinder-uponor-16x3-4-eurocone\/#breadcrumb\"},\"inLanguage\":\"da-DK\",\"potentialAction\":[{\"@type\":\"ReadAction\",\"target\":[\"https:\/\/fluterm.eu\/da\/prod\/manifold-forbinder-uponor-16x3-4-eurocone\/\"]}]},{\"@type\":\"BreadcrumbList\",\"@id\":\"https:\/\/fluterm.eu\/da\/prod\/manifold-forbinder-uponor-16x3-4-eurocone\/#breadcrumb\",\"itemListElement\":[{\"@type\":\"ListItem\",\"position\":1,\"name\":\"Home\",\"item\":\"https:\/\/fluterm.eu\/da\/butik\/\"},{\"@type\":\"ListItem\",\"position\":2,\"name\":\"Butik\",\"item\":\"https:\/\/fluterm.eu\/da\/butik\/\"},{\"@type\":\"ListItem\",\"position\":3,\"name\":\"MANIFOLD FORBINDER UPONOR 16&#215;3\/4 EUROCONE\"}]},{\"@type\":\"WebSite\",\"@id\":\"https:\/\/fluterm.eu\/#website\",\"url\":\"https:\/\/fluterm.eu\/\",\"name\":\"fluterm.eu\",\"description\":\"\",\"potentialAction\":[{\"@type\":\"SearchAction\",\"target\":{\"@type\":\"EntryPoint\",\"urlTemplate\":\"https:\/\/fluterm.eu\/?s={search_term_string}\"},\"query-input\":\"required name=search_term_string\"}],\"inLanguage\":\"da-DK\"}]}<\/script>\n<!-- \/ Yoast SEO plugin. -->","yoast_head_json":{"title":"MANIFOLD FORBINDER UPONOR 16x3\/4 EUROCONE","description":"Order MANIFOLD FORBINDER UPONOR 16x3\/4 EUROCONE at a best price.","robots":{"index":"index","follow":"follow","max-snippet":"max-snippet:-1","max-image-preview":"max-image-preview:large","max-video-preview":"max-video-preview:-1"},"canonical":"https:\/\/fluterm.eu\/da\/prod\/manifold-forbinder-uponor-16x3-4-eurocone\/","og_locale":"da_DK","og_type":"article","og_title":"MANIFOLD FORBINDER UPONOR 16x3\/4 EUROCONE","og_description":"Order MANIFOLD FORBINDER UPONOR 16x3\/4 EUROCONE at a best price.","og_url":"https:\/\/fluterm.eu\/da\/prod\/manifold-forbinder-uponor-16x3-4-eurocone\/","og_site_name":"fluterm.eu","article_modified_time":"2023-09-06T10:38:51+00:00","og_image":[{"width":700,"height":440,"url":"https:\/\/fluterm.eu\/wp-content\/uploads\/2023\/08\/eurocon-uponor-vario-pex-3-4-fi8269.webp","type":"image\/webp"}],"twitter_card":"summary_large_image","schema":{"@context":"https:\/\/schema.org","@graph":[{"@type":"WebPage","@id":"https:\/\/fluterm.eu\/da\/prod\/manifold-forbinder-uponor-16x3-4-eurocone\/","url":"https:\/\/fluterm.eu\/da\/prod\/manifold-forbinder-uponor-16x3-4-eurocone\/","name":"MANIFOLD FORBINDER UPONOR 16x3\/4 EUROCONE","isPartOf":{"@id":"https:\/\/fluterm.eu\/#website"},"datePublished":"2023-08-27T10:52:52+00:00","dateModified":"2023-09-06T10:38:51+00:00","description":"Order MANIFOLD FORBINDER UPONOR 16x3\/4 EUROCONE at a best price.","breadcrumb":{"@id":"https:\/\/fluterm.eu\/da\/prod\/manifold-forbinder-uponor-16x3-4-eurocone\/#breadcrumb"},"inLanguage":"da-DK","potentialAction":[{"@type":"ReadAction","target":["https:\/\/fluterm.eu\/da\/prod\/manifold-forbinder-uponor-16x3-4-eurocone\/"]}]},{"@type":"BreadcrumbList","@id":"https:\/\/fluterm.eu\/da\/prod\/manifold-forbinder-uponor-16x3-4-eurocone\/#breadcrumb","itemListElement":[{"@type":"ListItem","position":1,"name":"Home","item":"https:\/\/fluterm.eu\/da\/butik\/"},{"@type":"ListItem","position":2,"name":"Butik","item":"https:\/\/fluterm.eu\/da\/butik\/"},{"@type":"ListItem","position":3,"name":"MANIFOLD FORBINDER UPONOR 16&#215;3\/4 EUROCONE"}]},{"@type":"WebSite","@id":"https:\/\/fluterm.eu\/#website","url":"https:\/\/fluterm.eu\/","name":"fluterm.eu","description":"","potentialAction":[{"@type":"SearchAction","target":{"@type":"EntryPoint","urlTemplate":"https:\/\/fluterm.eu\/?s={search_term_string}"},"query-input":"required name=search_term_string"}],"inLanguage":"da-DK"}]}},"_links":{"self":[{"href":"https:\/\/fluterm.eu\/da\/wp-json\/wp\/v2\/product\/9495","targetHints":{"allow":["GET"]}}],"collection":[{"href":"https:\/\/fluterm.eu\/da\/wp-json\/wp\/v2\/product"}],"about":[{"href":"https:\/\/fluterm.eu\/da\/wp-json\/wp\/v2\/types\/product"}],"replies":[{"embeddable":true,"href":"https:\/\/fluterm.eu\/da\/wp-json\/wp\/v2\/comments?post=9495"}],"version-history":[{"count":1,"href":"https:\/\/fluterm.eu\/da\/wp-json\/wp\/v2\/product\/9495\/revisions"}],"predecessor-version":[{"id":13069,"href":"https:\/\/fluterm.eu\/da\/wp-json\/wp\/v2\/product\/9495\/revisions\/13069"}],"wp:featuredmedia":[{"embeddable":true,"href":"https:\/\/fluterm.eu\/da\/wp-json\/wp\/v2\/media\/9502"}],"wp:attachment":[{"href":"https:\/\/fluterm.eu\/da\/wp-json\/wp\/v2\/media?parent=9495"}],"wp:term":[{"taxonomy":"product_cat","embeddable":true,"href":"https:\/\/fluterm.eu\/da\/wp-json\/wp\/v2\/product_cat?post=9495"},{"taxonomy":"product_tag","embeddable":true,"href":"https:\/\/fluterm.eu\/da\/wp-json\/wp\/v2\/product_tag?post=9495"}],"curies":[{"name":"wp","href":"https:\/\/api.w.org\/{rel}","templated":true}]}}