{"id":9950,"date":"2023-08-27T10:04:49","date_gmt":"2023-08-27T07:04:49","guid":{"rendered":"https:\/\/fluterm.eu\/prod\/growatt-sph6000tl3-bh-up-6kw-hybrid-inverter-med-102kwh-solopbevaringssaet\/"},"modified":"2023-09-06T13:39:04","modified_gmt":"2023-09-06T10:39:04","slug":"growatt-sph6000tl3-bh-up-6kw-hybrid-inverter-med-102kwh-solopbevaringssaet","status":"publish","type":"product","link":"https:\/\/fluterm.eu\/da\/prod\/growatt-sph6000tl3-bh-up-6kw-hybrid-inverter-med-102kwh-solopbevaringssaet\/","title":{"rendered":"Growatt SPH6000TL3-BH-UP 6kW hybrid inverter med 10,2kWh solopbevaringss\u00e6t"},"content":{"rendered":"<div class=\"product-detail-description-text\">\n<h2><span>Growatt SPH6000TL3-BH-UP 6kW hybrid inverter med 10,2kWh solopbevaringss\u00e6t<\/span><\/h2>\n<p><span>Med denne pakke kan du konvertere og lagre solenergi. Disse produkter er med i s\u00e6ttet:<\/span><\/p>\n<ul>\n<li><span>1 Growatt SPH6000TL3-BH-UP 6 kW solhybrid-inverter 3-faset<\/span><\/li>\n<li><span>4 Growatt ARK 2.5H-A1 h\u00f8jsp\u00e6ndingsbatteri til SPH og MOD<\/span><\/li>\n<li><span>1 Growatt Smart Meter TPM-E 3-faset<\/span><\/li>\n<li><span>1 Growatt HVC 60050-A1 h\u00f8jsp\u00e6ndingsbatteristyringssystem til ARK HV-system<\/span><\/li>\n<li><span>1 Growatt ARK-2.5H-A1 base til h\u00f8jsp\u00e6ndingsbatterier<\/span><\/li>\n<li><span>1 Growatt ARK-2.5H-A1 h\u00f8jsp\u00e6ndingstilslutningskabels\u00e6t til SPH<\/span><\/li>\n<li><span>1 Growatt Shine-Wifi-X WiFi-stick<\/span><\/li>\n<\/ul>\n<h3><span>Et overblik over din nye inverter<\/span><\/h3>\n<p><span>Dette s\u00e6t indeholder Growatt SPH6000TL3-BH-UP. Sammen med solbatteriet hj\u00e6lper det dig med at \u00f8ge dit selvforbrug. Enhedens maksimale udgangseffekt er 6.000 W. Den europ\u00e6iske effektivitet er 97,3%. Produktet passer til et system p\u00e5 maksimalt 7,8 kWp. Den optimale ydelse af SPH6000TL3-BH-UP underst\u00f8ttes af 2 MPP-trackere.<\/span><\/p>\n<h3><span>Denne Growatt-hukommelse er inkluderet i s\u00e6ttet<\/span><\/h3>\n<p><span>Det medf\u00f8lgende batterilager fra Growatt har en kapacitet p\u00e5 10.240 Wh. Dette 3-fasede lager passer til dit solsystem. Energibehovet for fire personer i et parcelhus med en elbil og en varmepumpe er mindre end 11.000 kWh om \u00e5ret. Den passer til ARK 10.2H.<\/span><\/p>\n<h3><span>Praktiske gr\u00e6nseflader for mere bekvemmelighed<\/span><\/h3>\n<p><span>Disse gr\u00e6nseflader hj\u00e6lper dit nye solcelles\u00e6t med at kommunikere med andre enheder:<\/span><\/p>\n<ul>\n<li><span>RS232, RS485, CAN, USB, WLAN<\/span><\/li>\n<\/ul>\n<\/div>\n<div class=\"h4 twt-product-properties-description-title\"><span>Tekniske data<\/span><\/div>\n<div class=\"product-detail-properties\">\n<div class=\"row product-detail-properties-container\">\n<div class=\"col-12\">\n<table class=\"table table-striped product-detail-properties-table\">\n<tbody>\n<tr class=\"properties-row\">\n<th class=\"properties-label\"><span>Antal MPPT:<\/span><\/th>\n<td class=\"properties-value\"><span>2<\/span><\/td>\n<\/tr>\n<tr class=\"properties-row\">\n<th class=\"properties-label\"><span>Kan udvides:<\/span><\/th>\n<td class=\"properties-value\"><span>Ja<\/span><\/td>\n<\/tr>\n<tr class=\"properties-row\">\n<th class=\"properties-label\"><span>Kapacitet i Wh:<\/span><\/th>\n<td class=\"properties-value\"><span>10240<\/span><\/td>\n<\/tr>\n<tr class=\"properties-row\">\n<th class=\"properties-label\"><span>Effekt i W:<\/span><\/th>\n<td class=\"properties-value\"><span>6000<\/span><\/td>\n<\/tr>\n<tr class=\"properties-row\">\n<th class=\"properties-label\"><span>Maks. systemst\u00f8rrelse KWp:<\/span><\/th>\n<td class=\"properties-value\"><span>7.8<\/span><\/td>\n<\/tr>\n<tr class=\"properties-row\">\n<th class=\"properties-label\"><span>faser:<\/span><\/th>\n<td class=\"properties-value\"><span>3<\/span><\/td>\n<\/tr>\n<tr class=\"properties-row\">\n<th class=\"properties-label\"><span>Gr\u00e6nseflader:<\/span><\/th>\n<td class=\"properties-value\"><span>RS232, RS485, CAN, USB, WLAN<\/span><\/td>\n<\/tr>\n<tr class=\"properties-row\">\n<th class=\"properties-label\"><span>Beskyttelsesklasse:<\/span><\/th>\n<td class=\"properties-value\"><span>IP65<\/span><\/td>\n<\/tr>\n<tr class=\"properties-row\">\n<th class=\"properties-label\"><span>Skiftetid i ms:<\/span><\/th>\n<td class=\"properties-value\"><span>10<\/span><\/td>\n<\/tr>\n<tr class=\"properties-row\">\n<th class=\"properties-label\"><span>Effektivitet i procent:<\/span><\/th>\n<td class=\"properties-value\"><span>97.3<\/span><\/td>\n<\/tr>\n<\/tbody>\n<\/table>\n<\/div>\n<\/div>\n<\/div>\n","protected":false},"excerpt":{"rendered":"<p>Growatt SPH6000TL3-BH-UP 6kW hybrid inverter med 10,2kWh solopbevaringss\u00e6t Med denne pakke kan du konvertere og lagre solenergi. Disse produkter er med i s\u00e6ttet: 1 Growatt SPH6000TL3-BH-UP 6 kW solhybrid-inverter 3-faset 4 Growatt ARK 2.5H-A1 h\u00f8jsp\u00e6ndingsbatteri til SPH og MOD 1 Growatt Smart Meter TPM-E 3-faset 1 Growatt HVC 60050-A1 h\u00f8jsp\u00e6ndingsbatteristyringssystem til ARK HV-system 1 Growatt&hellip;<\/p>\n","protected":false},"featured_media":8989,"comment_status":"open","ping_status":"closed","template":"","meta":[],"product_cat":[766],"product_tag":[],"class_list":{"0":"post-9950","1":"product","2":"type-product","3":"status-publish","4":"has-post-thumbnail","6":"product_cat-fotovoltaiske-saet","8":"first","9":"instock","10":"taxable","11":"shipping-taxable","12":"purchasable","13":"product-type-simple","14":"col-xs-6 col-sm-4","15":"col-md-4 col-lg-4","16":"un-3-cols"},"acf":[],"yoast_head":"<!-- This site is optimized with the Yoast SEO plugin v21.2 - https:\/\/yoast.com\/wordpress\/plugins\/seo\/ -->\n<title>Growatt SPH6000TL3-BH-UP 6kW hybrid inverter med 10,2kWh solopbevaringss\u00e6t<\/title>\n<meta name=\"description\" content=\"Order Growatt SPH6000TL3-BH-UP 6kW hybrid inverter med 10,2kWh solopbevaringss\u00e6t at a best price.\" \/>\n<meta name=\"robots\" content=\"index, follow, max-snippet:-1, max-image-preview:large, max-video-preview:-1\" \/>\n<link rel=\"canonical\" href=\"https:\/\/fluterm.eu\/da\/prod\/growatt-sph6000tl3-bh-up-6kw-hybrid-inverter-med-102kwh-solopbevaringssaet\/\" \/>\n<meta property=\"og:locale\" content=\"da_DK\" \/>\n<meta property=\"og:type\" content=\"article\" \/>\n<meta property=\"og:title\" content=\"Growatt SPH6000TL3-BH-UP 6kW hybrid inverter med 10,2kWh solopbevaringss\u00e6t\" \/>\n<meta property=\"og:description\" content=\"Order Growatt SPH6000TL3-BH-UP 6kW hybrid inverter med 10,2kWh solopbevaringss\u00e6t at a best price.\" \/>\n<meta property=\"og:url\" content=\"https:\/\/fluterm.eu\/da\/prod\/growatt-sph6000tl3-bh-up-6kw-hybrid-inverter-med-102kwh-solopbevaringssaet\/\" \/>\n<meta property=\"og:site_name\" content=\"fluterm.eu\" \/>\n<meta property=\"article:modified_time\" content=\"2023-09-06T10:39:04+00:00\" \/>\n<meta property=\"og:image\" content=\"https:\/\/fluterm.eu\/wp-content\/uploads\/2023\/08\/8C2F61C0-EFAD-4C01-9428-CD91962D0463.jpeg\" \/>\n\t<meta property=\"og:image:width\" content=\"560\" \/>\n\t<meta property=\"og:image:height\" content=\"560\" \/>\n\t<meta property=\"og:image:type\" content=\"image\/jpeg\" \/>\n<meta name=\"twitter:card\" content=\"summary_large_image\" \/>\n<meta name=\"twitter:label1\" content=\"Estimeret l\u00e6setid\" \/>\n\t<meta name=\"twitter:data1\" content=\"1 minut\" \/>\n<script type=\"application\/ld+json\" class=\"yoast-schema-graph\">{\"@context\":\"https:\/\/schema.org\",\"@graph\":[{\"@type\":\"WebPage\",\"@id\":\"https:\/\/fluterm.eu\/da\/prod\/growatt-sph6000tl3-bh-up-6kw-hybrid-inverter-med-102kwh-solopbevaringssaet\/\",\"url\":\"https:\/\/fluterm.eu\/da\/prod\/growatt-sph6000tl3-bh-up-6kw-hybrid-inverter-med-102kwh-solopbevaringssaet\/\",\"name\":\"Growatt SPH6000TL3-BH-UP 6kW hybrid inverter med 10,2kWh solopbevaringss\u00e6t\",\"isPartOf\":{\"@id\":\"https:\/\/fluterm.eu\/#website\"},\"datePublished\":\"2023-08-27T07:04:49+00:00\",\"dateModified\":\"2023-09-06T10:39:04+00:00\",\"description\":\"Order Growatt SPH6000TL3-BH-UP 6kW hybrid inverter med 10,2kWh solopbevaringss\u00e6t at a best price.\",\"breadcrumb\":{\"@id\":\"https:\/\/fluterm.eu\/da\/prod\/growatt-sph6000tl3-bh-up-6kw-hybrid-inverter-med-102kwh-solopbevaringssaet\/#breadcrumb\"},\"inLanguage\":\"da-DK\",\"potentialAction\":[{\"@type\":\"ReadAction\",\"target\":[\"https:\/\/fluterm.eu\/da\/prod\/growatt-sph6000tl3-bh-up-6kw-hybrid-inverter-med-102kwh-solopbevaringssaet\/\"]}]},{\"@type\":\"BreadcrumbList\",\"@id\":\"https:\/\/fluterm.eu\/da\/prod\/growatt-sph6000tl3-bh-up-6kw-hybrid-inverter-med-102kwh-solopbevaringssaet\/#breadcrumb\",\"itemListElement\":[{\"@type\":\"ListItem\",\"position\":1,\"name\":\"Home\",\"item\":\"https:\/\/fluterm.eu\/da\/butik\/\"},{\"@type\":\"ListItem\",\"position\":2,\"name\":\"Butik\",\"item\":\"https:\/\/fluterm.eu\/da\/butik\/\"},{\"@type\":\"ListItem\",\"position\":3,\"name\":\"Growatt SPH6000TL3-BH-UP 6kW hybrid inverter med 10,2kWh solopbevaringss\u00e6t\"}]},{\"@type\":\"WebSite\",\"@id\":\"https:\/\/fluterm.eu\/#website\",\"url\":\"https:\/\/fluterm.eu\/\",\"name\":\"fluterm.eu\",\"description\":\"\",\"potentialAction\":[{\"@type\":\"SearchAction\",\"target\":{\"@type\":\"EntryPoint\",\"urlTemplate\":\"https:\/\/fluterm.eu\/?s={search_term_string}\"},\"query-input\":\"required name=search_term_string\"}],\"inLanguage\":\"da-DK\"}]}<\/script>\n<!-- \/ Yoast SEO plugin. -->","yoast_head_json":{"title":"Growatt SPH6000TL3-BH-UP 6kW hybrid inverter med 10,2kWh solopbevaringss\u00e6t","description":"Order Growatt SPH6000TL3-BH-UP 6kW hybrid inverter med 10,2kWh solopbevaringss\u00e6t at a best price.","robots":{"index":"index","follow":"follow","max-snippet":"max-snippet:-1","max-image-preview":"max-image-preview:large","max-video-preview":"max-video-preview:-1"},"canonical":"https:\/\/fluterm.eu\/da\/prod\/growatt-sph6000tl3-bh-up-6kw-hybrid-inverter-med-102kwh-solopbevaringssaet\/","og_locale":"da_DK","og_type":"article","og_title":"Growatt SPH6000TL3-BH-UP 6kW hybrid inverter med 10,2kWh solopbevaringss\u00e6t","og_description":"Order Growatt SPH6000TL3-BH-UP 6kW hybrid inverter med 10,2kWh solopbevaringss\u00e6t at a best price.","og_url":"https:\/\/fluterm.eu\/da\/prod\/growatt-sph6000tl3-bh-up-6kw-hybrid-inverter-med-102kwh-solopbevaringssaet\/","og_site_name":"fluterm.eu","article_modified_time":"2023-09-06T10:39:04+00:00","og_image":[{"width":560,"height":560,"url":"https:\/\/fluterm.eu\/wp-content\/uploads\/2023\/08\/8C2F61C0-EFAD-4C01-9428-CD91962D0463.jpeg","type":"image\/jpeg"}],"twitter_card":"summary_large_image","twitter_misc":{"Estimeret l\u00e6setid":"1 minut"},"schema":{"@context":"https:\/\/schema.org","@graph":[{"@type":"WebPage","@id":"https:\/\/fluterm.eu\/da\/prod\/growatt-sph6000tl3-bh-up-6kw-hybrid-inverter-med-102kwh-solopbevaringssaet\/","url":"https:\/\/fluterm.eu\/da\/prod\/growatt-sph6000tl3-bh-up-6kw-hybrid-inverter-med-102kwh-solopbevaringssaet\/","name":"Growatt SPH6000TL3-BH-UP 6kW hybrid inverter med 10,2kWh solopbevaringss\u00e6t","isPartOf":{"@id":"https:\/\/fluterm.eu\/#website"},"datePublished":"2023-08-27T07:04:49+00:00","dateModified":"2023-09-06T10:39:04+00:00","description":"Order Growatt SPH6000TL3-BH-UP 6kW hybrid inverter med 10,2kWh solopbevaringss\u00e6t at a best price.","breadcrumb":{"@id":"https:\/\/fluterm.eu\/da\/prod\/growatt-sph6000tl3-bh-up-6kw-hybrid-inverter-med-102kwh-solopbevaringssaet\/#breadcrumb"},"inLanguage":"da-DK","potentialAction":[{"@type":"ReadAction","target":["https:\/\/fluterm.eu\/da\/prod\/growatt-sph6000tl3-bh-up-6kw-hybrid-inverter-med-102kwh-solopbevaringssaet\/"]}]},{"@type":"BreadcrumbList","@id":"https:\/\/fluterm.eu\/da\/prod\/growatt-sph6000tl3-bh-up-6kw-hybrid-inverter-med-102kwh-solopbevaringssaet\/#breadcrumb","itemListElement":[{"@type":"ListItem","position":1,"name":"Home","item":"https:\/\/fluterm.eu\/da\/butik\/"},{"@type":"ListItem","position":2,"name":"Butik","item":"https:\/\/fluterm.eu\/da\/butik\/"},{"@type":"ListItem","position":3,"name":"Growatt SPH6000TL3-BH-UP 6kW hybrid inverter med 10,2kWh solopbevaringss\u00e6t"}]},{"@type":"WebSite","@id":"https:\/\/fluterm.eu\/#website","url":"https:\/\/fluterm.eu\/","name":"fluterm.eu","description":"","potentialAction":[{"@type":"SearchAction","target":{"@type":"EntryPoint","urlTemplate":"https:\/\/fluterm.eu\/?s={search_term_string}"},"query-input":"required name=search_term_string"}],"inLanguage":"da-DK"}]}},"_links":{"self":[{"href":"https:\/\/fluterm.eu\/da\/wp-json\/wp\/v2\/product\/9950","targetHints":{"allow":["GET"]}}],"collection":[{"href":"https:\/\/fluterm.eu\/da\/wp-json\/wp\/v2\/product"}],"about":[{"href":"https:\/\/fluterm.eu\/da\/wp-json\/wp\/v2\/types\/product"}],"replies":[{"embeddable":true,"href":"https:\/\/fluterm.eu\/da\/wp-json\/wp\/v2\/comments?post=9950"}],"version-history":[{"count":1,"href":"https:\/\/fluterm.eu\/da\/wp-json\/wp\/v2\/product\/9950\/revisions"}],"predecessor-version":[{"id":13085,"href":"https:\/\/fluterm.eu\/da\/wp-json\/wp\/v2\/product\/9950\/revisions\/13085"}],"wp:featuredmedia":[{"embeddable":true,"href":"https:\/\/fluterm.eu\/da\/wp-json\/wp\/v2\/media\/8989"}],"wp:attachment":[{"href":"https:\/\/fluterm.eu\/da\/wp-json\/wp\/v2\/media?parent=9950"}],"wp:term":[{"taxonomy":"product_cat","embeddable":true,"href":"https:\/\/fluterm.eu\/da\/wp-json\/wp\/v2\/product_cat?post=9950"},{"taxonomy":"product_tag","embeddable":true,"href":"https:\/\/fluterm.eu\/da\/wp-json\/wp\/v2\/product_tag?post=9950"}],"curies":[{"name":"wp","href":"https:\/\/api.w.org\/{rel}","templated":true}]}}