{"id":10006,"date":"2023-08-26T09:57:24","date_gmt":"2023-08-26T06:57:24","guid":{"rendered":"https:\/\/fluterm.eu\/prod\/huawei-hybrid-sun2000-20ktl-m1-wechselrichter-20-000w-dreiphasen\/"},"modified":"2023-09-06T13:34:14","modified_gmt":"2023-09-06T10:34:14","slug":"huawei-hybrid-sun2000-20ktl-m1-wechselrichter-20-000w-dreiphasen","status":"publish","type":"product","link":"https:\/\/fluterm.eu\/de\/prod\/huawei-hybrid-sun2000-20ktl-m1-wechselrichter-20-000w-dreiphasen\/","title":{"rendered":"Huawei Hybrid SUN2000-20KTL-M1 Wechselrichter &#8211; 20.000W Dreiphasen"},"content":{"rendered":"<p>Der Hybrid-Wechselrichter <strong>SUN2000L-20KTL-M5<\/strong> von Huawei ist Teil der neuen innovativen Wechselrichterreihe von Huawei f\u00fcr Wohngeb\u00e4ude. Dieser intelligente Wechselrichter von Huawei verf\u00fcgt \u00fcber einen aktiven Schutz gegen St\u00f6rlichtb\u00f6gen, einen h\u00f6heren Wirkungsgrad mit bis zu 30 % mehr Energie dank des neuen SUN2000-450W-P-Optimierers und bietet zudem die M\u00f6glichkeit, Lithium-Akkus wie den lg 10 charm oder den neuen modularen Akku von Huawei LUNA2000-SO anzuschlie\u00dfen.<\/p>\n<h2>Technische Merkmale<\/h2>\n<table border=\"1\">\n<tbody>\n<tr>\n<td colspan=\"2\">Eingang<\/td>\n<\/tr>\n<tr>\n<td width=\"50%\">Vorgeschlagene maximale PV-Leistung<\/td>\n<td width=\"50%\">30.000Wp<\/td>\n<\/tr>\n<tr>\n<td>Maximale Eingangsspannung<\/td>\n<td>1.100V<\/td>\n<\/tr>\n<tr>\n<td>Max. Eingangsstrom f\u00fcr MPPT<\/td>\n<td>30A (zwei Str\u00e4nge) \/ 20A (einzelner Strang)<\/td>\n<\/tr>\n<tr>\n<td>Kurzschlussstrom max<\/td>\n<td>40A<\/td>\n<\/tr>\n<tr>\n<td>Startspannung<\/td>\n<td>200V<\/td>\n<\/tr>\n<tr>\n<td>MPPT-Nennspannungsbereich<\/td>\n<td>200V~1000V<\/td>\n<\/tr>\n<tr>\n<td>Nenneingangsspannung<\/td>\n<td>600V<\/td>\n<\/tr>\n<tr>\n<td>Maximale Anzahl von Eing\u00e4ngen f\u00fcr MPPT<\/td>\n<td>4<\/td>\n<\/tr>\n<tr>\n<td>Anzahl der MPPTs<\/td>\n<td>2<\/td>\n<\/tr>\n<tr>\n<td colspan=\"2\">Ausfahrt<\/td>\n<\/tr>\n<tr>\n<td>Nennausgangsleistung<\/td>\n<td>20,000W<\/td>\n<\/tr>\n<tr>\n<td>Max. Scheinleistung<\/td>\n<td>22.000VA<\/td>\n<\/tr>\n<tr>\n<td>Nennausgangsspannung<\/td>\n<td>220Vac \/ 380Vac, 230Vac \/ 400Vac, 239.6Vac \/ 415Vac, 3W + N + PE<\/td>\n<\/tr>\n<tr>\n<td>Nominale AC-Netzfrequenz<\/td>\n<td>50Hz \/ 60Hz<\/td>\n<\/tr>\n<tr>\n<td>Maximaler Ausgangsstrom<\/td>\n<td>33,6A\/380Vac<br \/>\n31,9A\/400Vac<br \/>\n30,8A\/415Vac<\/td>\n<\/tr>\n<tr>\n<td>Einstellbarer Leistungsfaktor<\/td>\n<td>0,8 kapazi &#8230; 0,8 induktiv<\/td>\n<\/tr>\n<tr>\n<td colspan=\"2\">Funktionen und Schutzma\u00dfnahmen<\/td>\n<\/tr>\n<tr>\n<td>\u00dcberspannungskategorie<\/td>\n<td>PV \u2161\/AC \u2162<\/td>\n<\/tr>\n<tr>\n<td>Eingangsseitige Abschaltvorrichtung<\/td>\n<td>Ja<\/td>\n<\/tr>\n<tr>\n<td>Anti-Islanding-Schutz<\/td>\n<td>Ja<\/td>\n<\/tr>\n<tr>\n<td>AC-\u00dcberstromschutz<\/td>\n<td>Ja<\/td>\n<\/tr>\n<tr>\n<td>DC-Verpolungsschutz<\/td>\n<td>Ja<\/td>\n<\/tr>\n<tr>\n<td>Erkennung von String-Fehlern<\/td>\n<td>Ja<\/td>\n<\/tr>\n<tr>\n<td>Integrierter DC-Ableiter<\/td>\n<td>Typ II<\/td>\n<\/tr>\n<tr>\n<td>Integriertes AC-Entladeger\u00e4t<\/td>\n<td>KLASSE II<\/td>\n<\/tr>\n<tr>\n<td colspan=\"2\">Einhaltung von Normen<\/td>\n<\/tr>\n<tr>\n<td>Sicherheit<\/td>\n<td>EN\/IEC 62109-1, EN\/IEC 62109-2<\/td>\n<\/tr>\n<tr>\n<td>Standard f\u00fcr Netzwerkverbindungen<\/td>\n<td>G99, EN 50549, CEI 0-21, CEI 0-16, VDE-AR-N-4105, VDE-AR-N-4110, C10\/11, ABNT, VFR 2019, UNE 217001, UNE 217002, RD 244, TOR D4, IEC61727, IEC62116<\/td>\n<\/tr>\n<tr>\n<td colspan=\"2\">Kompatibler Optimierer<\/td>\n<\/tr>\n<tr>\n<td>Optimierer kompatibel mit DC MBUS<\/td>\n<td>SUN2000-450W-P, SUN2000-450W-P2, SUN2000-600W-P, MERC-1300W-P, MERC-1100W-P<\/td>\n<\/tr>\n<tr>\n<td colspan=\"2\">Allgemeine Angaben<\/td>\n<\/tr>\n<tr>\n<td>Anzeige<\/td>\n<td>LED-Anzeigen; integriertes WLAN + FusionSolar App<\/td>\n<\/tr>\n<tr>\n<td>Kommunikation<\/td>\n<td>RS485; WLAN\/Ethernet \u00fcber Smart Dongle-WLAN-FE (optional) 4G \/ 3G \/ 2G \u00fcber Smart Dongle-4G (optional)<\/td>\n<\/tr>\n<tr>\n<td>Betriebstemperaturbereich<\/td>\n<td>-25 ~ +60\u00b0C (-13\u00b0F ~ 140\u00b0F)<\/td>\n<\/tr>\n<tr>\n<td>Abk\u00fchlung<\/td>\n<td>Intelligente Luftk\u00fchlung<\/td>\n<\/tr>\n<tr>\n<td>Grad des Schutzes<\/td>\n<td>IP66<\/td>\n<\/tr>\n<tr>\n<td>Abmessungen (einschlie\u00dflich Montageb\u00fcgel)<\/td>\n<td>546 x 460 x 228 mm<\/td>\n<\/tr>\n<tr>\n<td>Gewicht (einschlie\u00dflich Montageb\u00fcgel)<\/td>\n<td>21kg (46.4lbs)<\/td>\n<\/tr>\n<\/tbody>\n<\/table>\n<div dir=\"ltr\"><\/div>\n","protected":false},"excerpt":{"rendered":"<p>Der Hybrid-Wechselrichter SUN2000L-20KTL-M5 von Huawei ist Teil der neuen innovativen Wechselrichterreihe von Huawei f\u00fcr Wohngeb\u00e4ude. Dieser intelligente Wechselrichter von Huawei verf\u00fcgt \u00fcber einen aktiven Schutz gegen St\u00f6rlichtb\u00f6gen, einen h\u00f6heren Wirkungsgrad mit bis zu 30 % mehr Energie dank des neuen SUN2000-450W-P-Optimierers und bietet zudem die M\u00f6glichkeit, Lithium-Akkus wie den lg 10 charm oder den neuen&hellip;<\/p>\n","protected":false},"featured_media":10015,"comment_status":"open","ping_status":"closed","template":"","meta":[],"product_cat":[780],"product_tag":[],"class_list":{"0":"post-10006","1":"product","2":"type-product","3":"status-publish","4":"has-post-thumbnail","6":"product_cat-fotovoltaik-bausatze","8":"first","9":"instock","10":"taxable","11":"shipping-taxable","12":"purchasable","13":"product-type-simple","14":"col-xs-6 col-sm-4","15":"col-md-4 col-lg-4","16":"un-3-cols"},"acf":[],"yoast_head":"<!-- This site is optimized with the Yoast SEO plugin v21.2 - https:\/\/yoast.com\/wordpress\/plugins\/seo\/ -->\n<title>Huawei Hybrid SUN2000-20KTL-M1 Wechselrichter - 20.000W Dreiphasen<\/title>\n<meta name=\"description\" content=\"Order Huawei Hybrid SUN2000-20KTL-M1 Wechselrichter - 20.000W Dreiphasen at a best price.\" \/>\n<meta name=\"robots\" content=\"index, follow, max-snippet:-1, max-image-preview:large, max-video-preview:-1\" \/>\n<link rel=\"canonical\" href=\"https:\/\/fluterm.eu\/de\/prod\/huawei-hybrid-sun2000-20ktl-m1-wechselrichter-20-000w-dreiphasen\/\" \/>\n<meta property=\"og:locale\" content=\"de_DE\" \/>\n<meta property=\"og:type\" content=\"article\" \/>\n<meta property=\"og:title\" content=\"Huawei Hybrid SUN2000-20KTL-M1 Wechselrichter - 20.000W Dreiphasen\" \/>\n<meta property=\"og:description\" content=\"Order Huawei Hybrid SUN2000-20KTL-M1 Wechselrichter - 20.000W Dreiphasen at a best price.\" \/>\n<meta property=\"og:url\" content=\"https:\/\/fluterm.eu\/de\/prod\/huawei-hybrid-sun2000-20ktl-m1-wechselrichter-20-000w-dreiphasen\/\" \/>\n<meta property=\"og:site_name\" content=\"fluterm.eu\" \/>\n<meta property=\"article:modified_time\" content=\"2023-09-06T10:34:14+00:00\" \/>\n<meta property=\"og:image\" content=\"https:\/\/fluterm.eu\/wp-content\/uploads\/2023\/08\/5DDCA596-E858-4E61-98D9-BF6E2FD8EFD3_4_5005_c.jpeg\" \/>\n\t<meta property=\"og:image:width\" content=\"296\" \/>\n\t<meta property=\"og:image:height\" content=\"296\" \/>\n\t<meta property=\"og:image:type\" content=\"image\/jpeg\" \/>\n<meta name=\"twitter:card\" content=\"summary_large_image\" \/>\n<meta name=\"twitter:label1\" content=\"Gesch\u00e4tzte Lesezeit\" \/>\n\t<meta name=\"twitter:data1\" content=\"1\u00a0Minute\" \/>\n<script type=\"application\/ld+json\" class=\"yoast-schema-graph\">{\"@context\":\"https:\/\/schema.org\",\"@graph\":[{\"@type\":\"WebPage\",\"@id\":\"https:\/\/fluterm.eu\/de\/prod\/huawei-hybrid-sun2000-20ktl-m1-wechselrichter-20-000w-dreiphasen\/\",\"url\":\"https:\/\/fluterm.eu\/de\/prod\/huawei-hybrid-sun2000-20ktl-m1-wechselrichter-20-000w-dreiphasen\/\",\"name\":\"Huawei Hybrid SUN2000-20KTL-M1 Wechselrichter - 20.000W Dreiphasen\",\"isPartOf\":{\"@id\":\"https:\/\/fluterm.eu\/#website\"},\"datePublished\":\"2023-08-26T06:57:24+00:00\",\"dateModified\":\"2023-09-06T10:34:14+00:00\",\"description\":\"Order Huawei Hybrid SUN2000-20KTL-M1 Wechselrichter - 20.000W Dreiphasen at a best price.\",\"breadcrumb\":{\"@id\":\"https:\/\/fluterm.eu\/de\/prod\/huawei-hybrid-sun2000-20ktl-m1-wechselrichter-20-000w-dreiphasen\/#breadcrumb\"},\"inLanguage\":\"de\",\"potentialAction\":[{\"@type\":\"ReadAction\",\"target\":[\"https:\/\/fluterm.eu\/de\/prod\/huawei-hybrid-sun2000-20ktl-m1-wechselrichter-20-000w-dreiphasen\/\"]}]},{\"@type\":\"BreadcrumbList\",\"@id\":\"https:\/\/fluterm.eu\/de\/prod\/huawei-hybrid-sun2000-20ktl-m1-wechselrichter-20-000w-dreiphasen\/#breadcrumb\",\"itemListElement\":[{\"@type\":\"ListItem\",\"position\":1,\"name\":\"Home\",\"item\":\"https:\/\/fluterm.eu\/de\/shop\/\"},{\"@type\":\"ListItem\",\"position\":2,\"name\":\"Shop\",\"item\":\"https:\/\/fluterm.eu\/de\/shop\/\"},{\"@type\":\"ListItem\",\"position\":3,\"name\":\"Huawei Hybrid SUN2000-20KTL-M1 Wechselrichter &#8211; 20.000W Dreiphasen\"}]},{\"@type\":\"WebSite\",\"@id\":\"https:\/\/fluterm.eu\/#website\",\"url\":\"https:\/\/fluterm.eu\/\",\"name\":\"fluterm.eu\",\"description\":\"\",\"potentialAction\":[{\"@type\":\"SearchAction\",\"target\":{\"@type\":\"EntryPoint\",\"urlTemplate\":\"https:\/\/fluterm.eu\/?s={search_term_string}\"},\"query-input\":\"required name=search_term_string\"}],\"inLanguage\":\"de\"}]}<\/script>\n<!-- \/ Yoast SEO plugin. -->","yoast_head_json":{"title":"Huawei Hybrid SUN2000-20KTL-M1 Wechselrichter - 20.000W Dreiphasen","description":"Order Huawei Hybrid SUN2000-20KTL-M1 Wechselrichter - 20.000W Dreiphasen at a best price.","robots":{"index":"index","follow":"follow","max-snippet":"max-snippet:-1","max-image-preview":"max-image-preview:large","max-video-preview":"max-video-preview:-1"},"canonical":"https:\/\/fluterm.eu\/de\/prod\/huawei-hybrid-sun2000-20ktl-m1-wechselrichter-20-000w-dreiphasen\/","og_locale":"de_DE","og_type":"article","og_title":"Huawei Hybrid SUN2000-20KTL-M1 Wechselrichter - 20.000W Dreiphasen","og_description":"Order Huawei Hybrid SUN2000-20KTL-M1 Wechselrichter - 20.000W Dreiphasen at a best price.","og_url":"https:\/\/fluterm.eu\/de\/prod\/huawei-hybrid-sun2000-20ktl-m1-wechselrichter-20-000w-dreiphasen\/","og_site_name":"fluterm.eu","article_modified_time":"2023-09-06T10:34:14+00:00","og_image":[{"width":296,"height":296,"url":"https:\/\/fluterm.eu\/wp-content\/uploads\/2023\/08\/5DDCA596-E858-4E61-98D9-BF6E2FD8EFD3_4_5005_c.jpeg","type":"image\/jpeg"}],"twitter_card":"summary_large_image","twitter_misc":{"Gesch\u00e4tzte Lesezeit":"1\u00a0Minute"},"schema":{"@context":"https:\/\/schema.org","@graph":[{"@type":"WebPage","@id":"https:\/\/fluterm.eu\/de\/prod\/huawei-hybrid-sun2000-20ktl-m1-wechselrichter-20-000w-dreiphasen\/","url":"https:\/\/fluterm.eu\/de\/prod\/huawei-hybrid-sun2000-20ktl-m1-wechselrichter-20-000w-dreiphasen\/","name":"Huawei Hybrid SUN2000-20KTL-M1 Wechselrichter - 20.000W Dreiphasen","isPartOf":{"@id":"https:\/\/fluterm.eu\/#website"},"datePublished":"2023-08-26T06:57:24+00:00","dateModified":"2023-09-06T10:34:14+00:00","description":"Order Huawei Hybrid SUN2000-20KTL-M1 Wechselrichter - 20.000W Dreiphasen at a best price.","breadcrumb":{"@id":"https:\/\/fluterm.eu\/de\/prod\/huawei-hybrid-sun2000-20ktl-m1-wechselrichter-20-000w-dreiphasen\/#breadcrumb"},"inLanguage":"de","potentialAction":[{"@type":"ReadAction","target":["https:\/\/fluterm.eu\/de\/prod\/huawei-hybrid-sun2000-20ktl-m1-wechselrichter-20-000w-dreiphasen\/"]}]},{"@type":"BreadcrumbList","@id":"https:\/\/fluterm.eu\/de\/prod\/huawei-hybrid-sun2000-20ktl-m1-wechselrichter-20-000w-dreiphasen\/#breadcrumb","itemListElement":[{"@type":"ListItem","position":1,"name":"Home","item":"https:\/\/fluterm.eu\/de\/shop\/"},{"@type":"ListItem","position":2,"name":"Shop","item":"https:\/\/fluterm.eu\/de\/shop\/"},{"@type":"ListItem","position":3,"name":"Huawei Hybrid SUN2000-20KTL-M1 Wechselrichter &#8211; 20.000W Dreiphasen"}]},{"@type":"WebSite","@id":"https:\/\/fluterm.eu\/#website","url":"https:\/\/fluterm.eu\/","name":"fluterm.eu","description":"","potentialAction":[{"@type":"SearchAction","target":{"@type":"EntryPoint","urlTemplate":"https:\/\/fluterm.eu\/?s={search_term_string}"},"query-input":"required name=search_term_string"}],"inLanguage":"de"}]}},"_links":{"self":[{"href":"https:\/\/fluterm.eu\/de\/wp-json\/wp\/v2\/product\/10006","targetHints":{"allow":["GET"]}}],"collection":[{"href":"https:\/\/fluterm.eu\/de\/wp-json\/wp\/v2\/product"}],"about":[{"href":"https:\/\/fluterm.eu\/de\/wp-json\/wp\/v2\/types\/product"}],"replies":[{"embeddable":true,"href":"https:\/\/fluterm.eu\/de\/wp-json\/wp\/v2\/comments?post=10006"}],"version-history":[{"count":1,"href":"https:\/\/fluterm.eu\/de\/wp-json\/wp\/v2\/product\/10006\/revisions"}],"predecessor-version":[{"id":13311,"href":"https:\/\/fluterm.eu\/de\/wp-json\/wp\/v2\/product\/10006\/revisions\/13311"}],"wp:featuredmedia":[{"embeddable":true,"href":"https:\/\/fluterm.eu\/de\/wp-json\/wp\/v2\/media\/10015"}],"wp:attachment":[{"href":"https:\/\/fluterm.eu\/de\/wp-json\/wp\/v2\/media?parent=10006"}],"wp:term":[{"taxonomy":"product_cat","embeddable":true,"href":"https:\/\/fluterm.eu\/de\/wp-json\/wp\/v2\/product_cat?post=10006"},{"taxonomy":"product_tag","embeddable":true,"href":"https:\/\/fluterm.eu\/de\/wp-json\/wp\/v2\/product_tag?post=10006"}],"curies":[{"name":"wp","href":"https:\/\/api.w.org\/{rel}","templated":true}]}}