{"id":10475,"date":"2023-08-19T22:16:50","date_gmt":"2023-08-19T19:16:50","guid":{"rendered":"https:\/\/fluterm.eu\/prod\/komplettpaket-rehau-fussbodenheizung-110-mp\/"},"modified":"2023-09-06T13:34:18","modified_gmt":"2023-09-06T10:34:18","slug":"komplettpaket-rehau-fussbodenheizung-110-mp","status":"publish","type":"product","link":"https:\/\/fluterm.eu\/de\/prod\/komplettpaket-rehau-fussbodenheizung-110-mp\/","title":{"rendered":"KOMPLETTPAKET REHAU FUSSBODENHEIZUNG &#8211; 110 MP"},"content":{"rendered":"<p>REHAU Fu\u00dfbodenheizungspaket &#8211; 110 MP &#8211; PREMIUM MIT AUTOMATISIERUNG INKLUSIVE!<\/p>\n<p>Beim Kauf des REHAU Komplettpakets mit Automatisierung erhalten <strong>Sie 20% RABATT<\/strong>, wenn Sie nicht jedes Produkt einzeln kaufen.<\/p>\n<p>Auf Wunsch kann die Alufolie durch Nuturi Plate oder Tacker Plate ersetzt werden.<\/p>\n<h4>BIETEN WIR AUCH UNTERST\u00dcTZUNG BEI DER PLANUNG DER INSTALLATION EINES STRAHLUNGSSYSTEMS.<\/h4>\n<p><strong>Inhalt REHAU Paket 110 qm:<\/strong><\/p>\n<ul>\n<li>Rohr Rehau Rautherm S 17&#215;2,0 Pe-Xa &#8211; (1100 ml)<\/li>\n<li>Gekennzeichnete Aluminiumfolie &#8211; (150 m\u00b2)<\/li>\n<li>Rehau Begrenzungsband &#8211; (125 ml)<\/li>\n<li>Verteiler\/Kollektor Rehau HKV-D Komplett 11 Schaltungen &#8211; (1 St\u00fcck)<\/li>\n<li>Verteiler-Einbaukasten 900&#215;705 &#8211; (1 St\u00fcck)<\/li>\n<li>Set Rob 1 tol mit Holl\u00e4nder &#8211; (2 St\u00fcck)<\/li>\n<li>Rohrleitungskurve bei 90gr &#8211; (22 St\u00fcck)<\/li>\n<li>Eurocon Stecker 17&#215;2.0 &#8211; (22 St\u00fcck)<\/li>\n<li>Heftklammern Fixierrohrtacker 300 St\u00fcck &#8211; (18 Schachteln)<\/li>\n<li>Thermostatsteuerung Rehau NEA HC Pumpensteuerung 230v &#8211; (1 St\u00fcck)<\/li>\n<li>Raumthermostate Rehau NEA H 230v &#8211; (5 St\u00fcck)<\/li>\n<li>Servomotoren\/Aktuatoren Rehau UNI 230v &#8211; (11 St\u00fcck)<\/li>\n<\/ul>\n<h4>HOHER THERMISCHER KOMFORT<br \/>\nREHAU FL\u00c4CHENHEIZSYSTEME HEIZEN AUF BASIS EINES<br \/>\nSTRAHLENDE ENERGIEN, SANFT UND KOMFORTABEL, DANK DER NIEDRIGEN TEMPERATUREN<br \/>\nAUF DER OBERFL\u00c4CHE UND DER GLEICHM\u00c4SSIGEN TEMPERATURVERTEILUNG. IM KONTRASTE ZU<br \/>\nDURCH STATISCHE HEIZSYSTEME WIRD DIE STRAHLUNGSBILANZ ZWISCHEN<br \/>\nMENSCHEN UND DEN RAUM UM SIE HERUM UND SIE ERHALTEN EIN OPTIMALES GEF\u00dcHL VON<br \/>\nKOMFORT<\/h4>\n<p>Wirtschaftspaket REHAU 110 qm<br \/>\nAufgrund des hohen Anteils an Strahlungsenergie der Systeme<br \/>\nHeizung durch REHAU Oberfl\u00e4chen, das Gef\u00fchl der Behaglichkeit stellt sich auch bei o<br \/>\ndeutlich niedrigere Lufttemperatur im Raum. Diese<br \/>\nkann um 1 \u00b0C bis 2 \u00b0C gesenkt werden. Dieser Aspekt erm\u00f6glicht Einsparungen<br \/>\nder j\u00e4hrlichen Energie.<\/p>\n<p>\u00d6kologisches REHAU Paket 110 Quadratmeter<br \/>\nAufgrund der hohen Heizleistung auch bei hohen Temperaturen<br \/>\nniedrig pro Runde k\u00f6nnen REHAU Fl\u00e4chenheizsysteme<br \/>\nideal kombiniert mit Heizkesseln, W\u00e4rmepumpen oder Sonnenkollektoren.<\/p>\n<p>Antiallergie-Paket REHAU 110 qm<br \/>\nDer geringe Anteil an konvektiver Energie der Heizungsanlagen durch<br \/>\nREHAU Oberfl\u00e4chen f\u00fchren zu einer minimalen inneren Luftstr\u00f6mung.<br \/>\nDie Staubzirkulation geh\u00f6rt der Vergangenheit an. Dies sch\u00fctzt<br \/>\nAtemwege &#8211; nicht nur f\u00fcr Allergiker.<\/p>\n<p>Thermischer Komfort REHAU Fu\u00dfbodenheizung Paket &#8211; 110 MP<br \/>\nDer thermische Komfort f\u00fcr eine Person in einem Raum ist<br \/>\nbestimmt durch:<br \/>\n&#8211; Die T\u00e4tigkeit der Person<br \/>\n&#8211; Die Kleidung der Person<br \/>\n&#8211; Lufttemperatur<br \/>\n&#8211; Luftgeschwindigkeit<br \/>\n&#8211; Luftfeuchtigkeit<br \/>\n&#8211; Oberfl\u00e4chentemperaturen<br \/>\nDer menschliche K\u00f6rper gibt W\u00e4rme \u00fcber drei Mechanismen ab:<br \/>\n&#8211; Strahlung<br \/>\n&#8211; Verdampfung<br \/>\n&#8211; Konvektion<br \/>\nDer menschliche K\u00f6rper f\u00fchlt sich am wohlsten, wenn er am wenigsten regulieren kann.<br \/>\n50 % des W\u00e4rmeverlustes durch Strahlung.<\/p>\n<p>K\u00fchlleistung REHAU Paket 110 qm<\/p>\n<p>Unter realen Betriebsbedingungen, bei<\/p>\n<p>&#8211; Oberfl\u00e4chentemperatur von 19 &#8211; 20 \u00b0C<\/p>\n<p>&#8211; Raumtemperatur von 26 \u00b0C<\/p>\n<p>k\u00f6nnen Werte von 60 &#8211; 70 W\/m\u00b2 erreicht werden<\/p>\n","protected":false},"excerpt":{"rendered":"<p>REHAU Fu\u00dfbodenheizungspaket &#8211; 110 MP &#8211; PREMIUM MIT AUTOMATISIERUNG INKLUSIVE! Beim Kauf des REHAU Komplettpakets mit Automatisierung erhalten Sie 20% RABATT, wenn Sie nicht jedes Produkt einzeln kaufen. Auf Wunsch kann die Alufolie durch Nuturi Plate oder Tacker Plate ersetzt werden. BIETEN WIR AUCH UNTERST\u00dcTZUNG BEI DER PLANUNG DER INSTALLATION EINES STRAHLUNGSSYSTEMS. Inhalt REHAU Paket&hellip;<\/p>\n","protected":false},"featured_media":10484,"comment_status":"open","ping_status":"closed","template":"","meta":[],"product_cat":[884],"product_tag":[],"class_list":{"0":"post-10475","1":"product","2":"type-product","3":"status-publish","4":"has-post-thumbnail","6":"product_cat-komplettpakete-fur-fusbodenheizung","8":"first","9":"instock","10":"sale","11":"taxable","12":"shipping-taxable","13":"purchasable","14":"product-type-simple","15":"col-xs-6 col-sm-4","16":"col-md-4 col-lg-4","17":"un-3-cols"},"acf":[],"yoast_head":"<!-- This site is optimized with the Yoast SEO plugin v21.2 - https:\/\/yoast.com\/wordpress\/plugins\/seo\/ -->\n<title>KOMPLETTPAKET REHAU FUSSBODENHEIZUNG - 110 MP<\/title>\n<meta name=\"description\" content=\"Order KOMPLETTPAKET REHAU FUSSBODENHEIZUNG - 110 MP at a best price.\" \/>\n<meta name=\"robots\" content=\"index, follow, max-snippet:-1, max-image-preview:large, max-video-preview:-1\" \/>\n<link rel=\"canonical\" href=\"https:\/\/fluterm.eu\/de\/prod\/komplettpaket-rehau-fussbodenheizung-110-mp\/\" \/>\n<meta property=\"og:locale\" content=\"de_DE\" \/>\n<meta property=\"og:type\" content=\"article\" \/>\n<meta property=\"og:title\" content=\"KOMPLETTPAKET REHAU FUSSBODENHEIZUNG - 110 MP\" \/>\n<meta property=\"og:description\" content=\"Order KOMPLETTPAKET REHAU FUSSBODENHEIZUNG - 110 MP at a best price.\" \/>\n<meta property=\"og:url\" content=\"https:\/\/fluterm.eu\/de\/prod\/komplettpaket-rehau-fussbodenheizung-110-mp\/\" \/>\n<meta property=\"og:site_name\" content=\"fluterm.eu\" \/>\n<meta property=\"article:modified_time\" content=\"2023-09-06T10:34:18+00:00\" \/>\n<meta property=\"og:image\" content=\"https:\/\/fluterm.eu\/wp-content\/uploads\/2023\/08\/A28B2B9C-05A3-496B-8E25-2E0C9BC235F6.jpeg\" \/>\n\t<meta property=\"og:image:width\" content=\"2048\" \/>\n\t<meta property=\"og:image:height\" content=\"2048\" \/>\n\t<meta property=\"og:image:type\" content=\"image\/jpeg\" \/>\n<meta name=\"twitter:card\" content=\"summary_large_image\" \/>\n<meta name=\"twitter:label1\" content=\"Gesch\u00e4tzte Lesezeit\" \/>\n\t<meta name=\"twitter:data1\" content=\"2\u00a0Minuten\" \/>\n<script type=\"application\/ld+json\" class=\"yoast-schema-graph\">{\"@context\":\"https:\/\/schema.org\",\"@graph\":[{\"@type\":\"WebPage\",\"@id\":\"https:\/\/fluterm.eu\/de\/prod\/komplettpaket-rehau-fussbodenheizung-110-mp\/\",\"url\":\"https:\/\/fluterm.eu\/de\/prod\/komplettpaket-rehau-fussbodenheizung-110-mp\/\",\"name\":\"KOMPLETTPAKET REHAU FUSSBODENHEIZUNG - 110 MP\",\"isPartOf\":{\"@id\":\"https:\/\/fluterm.eu\/#website\"},\"datePublished\":\"2023-08-19T19:16:50+00:00\",\"dateModified\":\"2023-09-06T10:34:18+00:00\",\"description\":\"Order KOMPLETTPAKET REHAU FUSSBODENHEIZUNG - 110 MP at a best price.\",\"breadcrumb\":{\"@id\":\"https:\/\/fluterm.eu\/de\/prod\/komplettpaket-rehau-fussbodenheizung-110-mp\/#breadcrumb\"},\"inLanguage\":\"de\",\"potentialAction\":[{\"@type\":\"ReadAction\",\"target\":[\"https:\/\/fluterm.eu\/de\/prod\/komplettpaket-rehau-fussbodenheizung-110-mp\/\"]}]},{\"@type\":\"BreadcrumbList\",\"@id\":\"https:\/\/fluterm.eu\/de\/prod\/komplettpaket-rehau-fussbodenheizung-110-mp\/#breadcrumb\",\"itemListElement\":[{\"@type\":\"ListItem\",\"position\":1,\"name\":\"Home\",\"item\":\"https:\/\/fluterm.eu\/de\/shop\/\"},{\"@type\":\"ListItem\",\"position\":2,\"name\":\"Shop\",\"item\":\"https:\/\/fluterm.eu\/de\/shop\/\"},{\"@type\":\"ListItem\",\"position\":3,\"name\":\"KOMPLETTPAKET REHAU FUSSBODENHEIZUNG &#8211; 110 MP\"}]},{\"@type\":\"WebSite\",\"@id\":\"https:\/\/fluterm.eu\/#website\",\"url\":\"https:\/\/fluterm.eu\/\",\"name\":\"fluterm.eu\",\"description\":\"\",\"potentialAction\":[{\"@type\":\"SearchAction\",\"target\":{\"@type\":\"EntryPoint\",\"urlTemplate\":\"https:\/\/fluterm.eu\/?s={search_term_string}\"},\"query-input\":\"required name=search_term_string\"}],\"inLanguage\":\"de\"}]}<\/script>\n<!-- \/ Yoast SEO plugin. -->","yoast_head_json":{"title":"KOMPLETTPAKET REHAU FUSSBODENHEIZUNG - 110 MP","description":"Order KOMPLETTPAKET REHAU FUSSBODENHEIZUNG - 110 MP at a best price.","robots":{"index":"index","follow":"follow","max-snippet":"max-snippet:-1","max-image-preview":"max-image-preview:large","max-video-preview":"max-video-preview:-1"},"canonical":"https:\/\/fluterm.eu\/de\/prod\/komplettpaket-rehau-fussbodenheizung-110-mp\/","og_locale":"de_DE","og_type":"article","og_title":"KOMPLETTPAKET REHAU FUSSBODENHEIZUNG - 110 MP","og_description":"Order KOMPLETTPAKET REHAU FUSSBODENHEIZUNG - 110 MP at a best price.","og_url":"https:\/\/fluterm.eu\/de\/prod\/komplettpaket-rehau-fussbodenheizung-110-mp\/","og_site_name":"fluterm.eu","article_modified_time":"2023-09-06T10:34:18+00:00","og_image":[{"width":2048,"height":2048,"url":"https:\/\/fluterm.eu\/wp-content\/uploads\/2023\/08\/A28B2B9C-05A3-496B-8E25-2E0C9BC235F6.jpeg","type":"image\/jpeg"}],"twitter_card":"summary_large_image","twitter_misc":{"Gesch\u00e4tzte Lesezeit":"2\u00a0Minuten"},"schema":{"@context":"https:\/\/schema.org","@graph":[{"@type":"WebPage","@id":"https:\/\/fluterm.eu\/de\/prod\/komplettpaket-rehau-fussbodenheizung-110-mp\/","url":"https:\/\/fluterm.eu\/de\/prod\/komplettpaket-rehau-fussbodenheizung-110-mp\/","name":"KOMPLETTPAKET REHAU FUSSBODENHEIZUNG - 110 MP","isPartOf":{"@id":"https:\/\/fluterm.eu\/#website"},"datePublished":"2023-08-19T19:16:50+00:00","dateModified":"2023-09-06T10:34:18+00:00","description":"Order KOMPLETTPAKET REHAU FUSSBODENHEIZUNG - 110 MP at a best price.","breadcrumb":{"@id":"https:\/\/fluterm.eu\/de\/prod\/komplettpaket-rehau-fussbodenheizung-110-mp\/#breadcrumb"},"inLanguage":"de","potentialAction":[{"@type":"ReadAction","target":["https:\/\/fluterm.eu\/de\/prod\/komplettpaket-rehau-fussbodenheizung-110-mp\/"]}]},{"@type":"BreadcrumbList","@id":"https:\/\/fluterm.eu\/de\/prod\/komplettpaket-rehau-fussbodenheizung-110-mp\/#breadcrumb","itemListElement":[{"@type":"ListItem","position":1,"name":"Home","item":"https:\/\/fluterm.eu\/de\/shop\/"},{"@type":"ListItem","position":2,"name":"Shop","item":"https:\/\/fluterm.eu\/de\/shop\/"},{"@type":"ListItem","position":3,"name":"KOMPLETTPAKET REHAU FUSSBODENHEIZUNG &#8211; 110 MP"}]},{"@type":"WebSite","@id":"https:\/\/fluterm.eu\/#website","url":"https:\/\/fluterm.eu\/","name":"fluterm.eu","description":"","potentialAction":[{"@type":"SearchAction","target":{"@type":"EntryPoint","urlTemplate":"https:\/\/fluterm.eu\/?s={search_term_string}"},"query-input":"required name=search_term_string"}],"inLanguage":"de"}]}},"_links":{"self":[{"href":"https:\/\/fluterm.eu\/de\/wp-json\/wp\/v2\/product\/10475","targetHints":{"allow":["GET"]}}],"collection":[{"href":"https:\/\/fluterm.eu\/de\/wp-json\/wp\/v2\/product"}],"about":[{"href":"https:\/\/fluterm.eu\/de\/wp-json\/wp\/v2\/types\/product"}],"replies":[{"embeddable":true,"href":"https:\/\/fluterm.eu\/de\/wp-json\/wp\/v2\/comments?post=10475"}],"version-history":[{"count":1,"href":"https:\/\/fluterm.eu\/de\/wp-json\/wp\/v2\/product\/10475\/revisions"}],"predecessor-version":[{"id":13327,"href":"https:\/\/fluterm.eu\/de\/wp-json\/wp\/v2\/product\/10475\/revisions\/13327"}],"wp:featuredmedia":[{"embeddable":true,"href":"https:\/\/fluterm.eu\/de\/wp-json\/wp\/v2\/media\/10484"}],"wp:attachment":[{"href":"https:\/\/fluterm.eu\/de\/wp-json\/wp\/v2\/media?parent=10475"}],"wp:term":[{"taxonomy":"product_cat","embeddable":true,"href":"https:\/\/fluterm.eu\/de\/wp-json\/wp\/v2\/product_cat?post=10475"},{"taxonomy":"product_tag","embeddable":true,"href":"https:\/\/fluterm.eu\/de\/wp-json\/wp\/v2\/product_tag?post=10475"}],"curies":[{"name":"wp","href":"https:\/\/api.w.org\/{rel}","templated":true}]}}