{"id":14139,"date":"2023-06-10T14:50:40","date_gmt":"2023-06-10T11:50:40","guid":{"rendered":"https:\/\/fluterm.eu\/prod\/clips-taker-clips-fuer-fussbodenheizung-300-stueck-pro-karton\/"},"modified":"2023-06-10T14:50:40","modified_gmt":"2023-06-10T11:50:40","slug":"clips-abnehmer-clips-fur-unterflurheizungen-300-stuck-pro-box","status":"publish","type":"product","link":"https:\/\/fluterm.eu\/de\/prod\/clips-abnehmer-clips-fur-unterflurheizungen-300-stuck-pro-box\/","title":{"rendered":"Clips, Taker-Clips f\u00fcr Fu\u00dfbodenheizung, 300 St\u00fcck pro Karton"},"content":{"rendered":"<p>Unsere 40-mm-Rohrklammern werden in Kartons zu 300 St\u00fcck verkauft und sind f\u00fcr den Einsatz bei der Installation von Rohrleitungen direkt auf der D\u00e4mmung vorgesehen. (Bitte pr\u00fcfen Sie die Isolierungstiefe vor dem Kauf der Klammern)<\/p>\n<p>Die Klammern k\u00f6nnen leicht von Hand oder mit einem Kombitacker befestigt werden. (ideal f\u00fcr den Einsatz auf gro\u00dfen Fl\u00e4chen, auf denen viele Klammern angebracht werden m\u00fcssen)<\/p>\n","protected":false},"excerpt":{"rendered":"<p>Unsere 40-mm-Rohrklammern werden in Kartons zu 300 St\u00fcck verkauft und sind f\u00fcr den Einsatz bei der Installation von Rohrleitungen direkt auf der D\u00e4mmung vorgesehen. (Bitte pr\u00fcfen Sie die Isolierungstiefe vor dem Kauf der Klammern) Die Klammern k\u00f6nnen leicht von Hand oder mit einem Kombitacker befestigt werden. (ideal f\u00fcr den Einsatz auf gro\u00dfen Fl\u00e4chen, auf denen&hellip;<\/p>\n","protected":false},"featured_media":2632,"comment_status":"closed","ping_status":"closed","template":"","meta":[],"product_cat":[814],"product_tag":[],"class_list":{"0":"post-14139","1":"product","2":"type-product","3":"status-publish","4":"has-post-thumbnail","6":"product_cat-verschiedene","8":"first","9":"instock","10":"sale","11":"taxable","12":"shipping-taxable","13":"purchasable","14":"product-type-simple","15":"col-xs-6 col-sm-4","16":"col-md-4 col-lg-4","17":"un-3-cols"},"acf":[],"yoast_head":"<!-- This site is optimized with the Yoast SEO plugin v21.2 - https:\/\/yoast.com\/wordpress\/plugins\/seo\/ -->\n<title>Clips, Taker-Clips f\u00fcr Fu\u00dfbodenheizung, 300 St\u00fcck pro Karton<\/title>\n<meta name=\"description\" content=\"Order Clips, Taker-Clips f\u00fcr Fu\u00dfbodenheizung, 300 St\u00fcck pro Karton at a best price.\" \/>\n<meta name=\"robots\" content=\"index, follow, max-snippet:-1, max-image-preview:large, max-video-preview:-1\" \/>\n<link rel=\"canonical\" href=\"https:\/\/fluterm.eu\/de\/prod\/clips-taker-clips-fuer-fussbodenheizung-300-stueck-pro-karton\/\" \/>\n<meta property=\"og:locale\" content=\"de_DE\" \/>\n<meta property=\"og:type\" content=\"article\" \/>\n<meta property=\"og:title\" content=\"Clips, Taker-Clips f\u00fcr Fu\u00dfbodenheizung, 300 St\u00fcck pro Karton\" \/>\n<meta property=\"og:description\" content=\"Order Clips, Taker-Clips f\u00fcr Fu\u00dfbodenheizung, 300 St\u00fcck pro Karton at a best price.\" \/>\n<meta property=\"og:url\" content=\"https:\/\/fluterm.eu\/de\/prod\/clips-taker-clips-fuer-fussbodenheizung-300-stueck-pro-karton\/\" \/>\n<meta property=\"og:site_name\" content=\"fluterm.eu\" \/>\n<meta property=\"og:image\" content=\"https:\/\/fluterm.eu\/wp-content\/uploads\/2023\/06\/30E97279-C233-4950-B3FF-BFCF725962F4.jpeg\" \/>\n\t<meta property=\"og:image:width\" content=\"432\" \/>\n\t<meta property=\"og:image:height\" content=\"375\" \/>\n\t<meta property=\"og:image:type\" content=\"image\/jpeg\" \/>\n<meta name=\"twitter:card\" content=\"summary_large_image\" \/>\n<script type=\"application\/ld+json\" class=\"yoast-schema-graph\">{\"@context\":\"https:\/\/schema.org\",\"@graph\":[{\"@type\":\"WebPage\",\"@id\":\"https:\/\/fluterm.eu\/de\/prod\/clips-taker-clips-fuer-fussbodenheizung-300-stueck-pro-karton\/\",\"url\":\"https:\/\/fluterm.eu\/de\/prod\/clips-taker-clips-fuer-fussbodenheizung-300-stueck-pro-karton\/\",\"name\":\"Clips, Taker-Clips f\u00fcr Fu\u00dfbodenheizung, 300 St\u00fcck pro Karton\",\"isPartOf\":{\"@id\":\"https:\/\/fluterm.eu\/#website\"},\"datePublished\":\"2023-06-10T11:50:40+00:00\",\"dateModified\":\"2023-06-10T11:50:40+00:00\",\"description\":\"Order Clips, Taker-Clips f\u00fcr Fu\u00dfbodenheizung, 300 St\u00fcck pro Karton at a best price.\",\"breadcrumb\":{\"@id\":\"https:\/\/fluterm.eu\/de\/prod\/clips-taker-clips-fuer-fussbodenheizung-300-stueck-pro-karton\/#breadcrumb\"},\"inLanguage\":\"de\",\"potentialAction\":[{\"@type\":\"ReadAction\",\"target\":[\"https:\/\/fluterm.eu\/de\/prod\/clips-taker-clips-fuer-fussbodenheizung-300-stueck-pro-karton\/\"]}]},{\"@type\":\"BreadcrumbList\",\"@id\":\"https:\/\/fluterm.eu\/de\/prod\/clips-taker-clips-fuer-fussbodenheizung-300-stueck-pro-karton\/#breadcrumb\",\"itemListElement\":[{\"@type\":\"ListItem\",\"position\":1,\"name\":\"Home\",\"item\":\"https:\/\/fluterm.eu\/de\/shop\/\"},{\"@type\":\"ListItem\",\"position\":2,\"name\":\"Shop\",\"item\":\"https:\/\/fluterm.eu\/de\/shop\/\"},{\"@type\":\"ListItem\",\"position\":3,\"name\":\"Clips, Taker-Clips f\u00fcr Fu\u00dfbodenheizung, 300 St\u00fcck pro Karton\"}]},{\"@type\":\"WebSite\",\"@id\":\"https:\/\/fluterm.eu\/#website\",\"url\":\"https:\/\/fluterm.eu\/\",\"name\":\"fluterm.eu\",\"description\":\"\",\"potentialAction\":[{\"@type\":\"SearchAction\",\"target\":{\"@type\":\"EntryPoint\",\"urlTemplate\":\"https:\/\/fluterm.eu\/?s={search_term_string}\"},\"query-input\":\"required name=search_term_string\"}],\"inLanguage\":\"de\"}]}<\/script>\n<!-- \/ Yoast SEO plugin. -->","yoast_head_json":{"title":"Clips, Taker-Clips f\u00fcr Fu\u00dfbodenheizung, 300 St\u00fcck pro Karton","description":"Order Clips, Taker-Clips f\u00fcr Fu\u00dfbodenheizung, 300 St\u00fcck pro Karton at a best price.","robots":{"index":"index","follow":"follow","max-snippet":"max-snippet:-1","max-image-preview":"max-image-preview:large","max-video-preview":"max-video-preview:-1"},"canonical":"https:\/\/fluterm.eu\/de\/prod\/clips-taker-clips-fuer-fussbodenheizung-300-stueck-pro-karton\/","og_locale":"de_DE","og_type":"article","og_title":"Clips, Taker-Clips f\u00fcr Fu\u00dfbodenheizung, 300 St\u00fcck pro Karton","og_description":"Order Clips, Taker-Clips f\u00fcr Fu\u00dfbodenheizung, 300 St\u00fcck pro Karton at a best price.","og_url":"https:\/\/fluterm.eu\/de\/prod\/clips-taker-clips-fuer-fussbodenheizung-300-stueck-pro-karton\/","og_site_name":"fluterm.eu","og_image":[{"width":432,"height":375,"url":"https:\/\/fluterm.eu\/wp-content\/uploads\/2023\/06\/30E97279-C233-4950-B3FF-BFCF725962F4.jpeg","type":"image\/jpeg"}],"twitter_card":"summary_large_image","schema":{"@context":"https:\/\/schema.org","@graph":[{"@type":"WebPage","@id":"https:\/\/fluterm.eu\/de\/prod\/clips-taker-clips-fuer-fussbodenheizung-300-stueck-pro-karton\/","url":"https:\/\/fluterm.eu\/de\/prod\/clips-taker-clips-fuer-fussbodenheizung-300-stueck-pro-karton\/","name":"Clips, Taker-Clips f\u00fcr Fu\u00dfbodenheizung, 300 St\u00fcck pro Karton","isPartOf":{"@id":"https:\/\/fluterm.eu\/#website"},"datePublished":"2023-06-10T11:50:40+00:00","dateModified":"2023-06-10T11:50:40+00:00","description":"Order Clips, Taker-Clips f\u00fcr Fu\u00dfbodenheizung, 300 St\u00fcck pro Karton at a best price.","breadcrumb":{"@id":"https:\/\/fluterm.eu\/de\/prod\/clips-taker-clips-fuer-fussbodenheizung-300-stueck-pro-karton\/#breadcrumb"},"inLanguage":"de","potentialAction":[{"@type":"ReadAction","target":["https:\/\/fluterm.eu\/de\/prod\/clips-taker-clips-fuer-fussbodenheizung-300-stueck-pro-karton\/"]}]},{"@type":"BreadcrumbList","@id":"https:\/\/fluterm.eu\/de\/prod\/clips-taker-clips-fuer-fussbodenheizung-300-stueck-pro-karton\/#breadcrumb","itemListElement":[{"@type":"ListItem","position":1,"name":"Home","item":"https:\/\/fluterm.eu\/de\/shop\/"},{"@type":"ListItem","position":2,"name":"Shop","item":"https:\/\/fluterm.eu\/de\/shop\/"},{"@type":"ListItem","position":3,"name":"Clips, Taker-Clips f\u00fcr Fu\u00dfbodenheizung, 300 St\u00fcck pro Karton"}]},{"@type":"WebSite","@id":"https:\/\/fluterm.eu\/#website","url":"https:\/\/fluterm.eu\/","name":"fluterm.eu","description":"","potentialAction":[{"@type":"SearchAction","target":{"@type":"EntryPoint","urlTemplate":"https:\/\/fluterm.eu\/?s={search_term_string}"},"query-input":"required name=search_term_string"}],"inLanguage":"de"}]}},"_links":{"self":[{"href":"https:\/\/fluterm.eu\/de\/wp-json\/wp\/v2\/product\/14139","targetHints":{"allow":["GET"]}}],"collection":[{"href":"https:\/\/fluterm.eu\/de\/wp-json\/wp\/v2\/product"}],"about":[{"href":"https:\/\/fluterm.eu\/de\/wp-json\/wp\/v2\/types\/product"}],"replies":[{"embeddable":true,"href":"https:\/\/fluterm.eu\/de\/wp-json\/wp\/v2\/comments?post=14139"}],"version-history":[{"count":0,"href":"https:\/\/fluterm.eu\/de\/wp-json\/wp\/v2\/product\/14139\/revisions"}],"wp:featuredmedia":[{"embeddable":true,"href":"https:\/\/fluterm.eu\/de\/wp-json\/wp\/v2\/media\/2632"}],"wp:attachment":[{"href":"https:\/\/fluterm.eu\/de\/wp-json\/wp\/v2\/media?parent=14139"}],"wp:term":[{"taxonomy":"product_cat","embeddable":true,"href":"https:\/\/fluterm.eu\/de\/wp-json\/wp\/v2\/product_cat?post=14139"},{"taxonomy":"product_tag","embeddable":true,"href":"https:\/\/fluterm.eu\/de\/wp-json\/wp\/v2\/product_tag?post=14139"}],"curies":[{"name":"wp","href":"https:\/\/api.w.org\/{rel}","templated":true}]}}