{"id":14684,"date":"2023-06-10T14:51:05","date_gmt":"2023-06-10T11:51:05","guid":{"rendered":"https:\/\/fluterm.eu\/prod\/fussbodenheizungsverteiler-mit-pumpenpaket-und-ventilen-ibo-amg-12-kreislaeufe\/"},"modified":"2023-06-10T14:51:05","modified_gmt":"2023-06-10T11:51:05","slug":"fusbodenheizung-verteiler-mit-pumpen-pack-ventile-ibo-amg-12-ports","status":"publish","type":"product","link":"https:\/\/fluterm.eu\/de\/prod\/fusbodenheizung-verteiler-mit-pumpen-pack-ventile-ibo-amg-12-ports\/","title":{"rendered":"Fu\u00dfbodenheizungsverteiler mit Pumpenpaket und Ventilen \u2013 ibo amg \u2013 12 Kreisl\u00e4ufe"},"content":{"rendered":"<h1>Fu\u00dfbodenheizungs-Verteiler mit Pumpenpaket und Ventilen &#8211; Grundfos A Rated Pump -12 Ports<\/h1>\n<p><strong>Was ist in unseren Pumpen- und Verteilerpaketen enthalten?<\/strong><\/p>\n<p>Fu\u00dfbodenheizung Verteiler kommt mit:<\/p>\n<p>&#8222;A&#8220; Nennwert ibo Pump Pack.<\/p>\n<p>Enthaltene Gegenst\u00e4nde:<\/p>\n<p>1 x vormontierter Verteiler mit Durchflussmessern<\/p>\n<p>1 x Endentl\u00fcftung<\/p>\n<p>1 x Manometer<\/p>\n<p>2 x Kugelh\u00e4hne<\/p>\n<p>2 x Temperaturmesser (an Kugelh\u00e4hnen montiert)<\/p>\n<p>1 x Box<\/p>\n<p>Eurokonen passend 16\/17 24St\u00fcck<\/p>\n<p>Pumpstation (Verschneideventil)<\/p>\n<p>Wird auf einer vormontierten Halterung geliefert.<\/p>\n<p>CMax Arbeitsdruck 3 bar max. Pr\u00fcfdruck 10 bar.<\/p>\n<p>Temperaturbereich: 35C &#8211; 65CMax Arbeitsdruck:<\/p>\n<p>Unsere Verteiler sind f\u00fcr den Einsatz in Wasser-Fu\u00dfbodenheizungsanlagen bestimmt.<\/p>\n<p>Diese bestehen aus zwei Verteilerleisten, eine f\u00fcr den Vorlauf und eine f\u00fcr den R\u00fccklauf, komplett mit Kugelh\u00e4hnen, Entleerungs-\/F\u00fcllventilen und Entl\u00fcftung. Auf dem Durchflussbalken befindet sich an jedem Anschluss ein Hochleistungs-Durchflussanzeiger mit Isolator und leicht ablesbarem Schauglas.<\/p>\n<p>Jeder Anschluss an der R\u00fccklaufleiste ist mit einem integrierten Regelventil und einer Schutzkappe ausgestattet, die es dem Benutzer erm\u00f6glichen, die Wassermenge zu regulieren, oder die entfernt werden k\u00f6nnen, um einen thermoelektrischen Verteilerkopf anzuschlie\u00dfen.<\/p>\n<p>&nbsp;<\/p>\n<p><strong>Abmessungen des Verteilers:<\/strong><\/p>\n<p>Bitte addieren Sie 150 mm zur L\u00e4nge hinzu, wenn die Pumpe und der Mischer montiert sind.<\/p>\n<p>Der Schl\u00fcssel ist in Abbildung 12 zu sehen.<\/p>\n<p>A B C D E<\/p>\n<p>2-Kreis-UFH-Verteilerbausatz 320mm 210mm 50mm 276mm 90mm<\/p>\n<p>3-Kreis-UFH-Verteilerbausatz 320mm 210mm 50mm 326mm 90mm<\/p>\n<p>4-Kreis-UFH-Verteilerbausatz 320mm 210mm 50mm 376mm 90mm<\/p>\n<p>5-Kreis-UFH-Verteilerbausatz 320mm 210mm 50mm 426mm 90mm<\/p>\n<p>6-Kreis-UFH-Verteilerbausatz 320mm 210mm 50mm 476mm 90mm<\/p>\n<p>7-Kreis-UFH-Verteilerbausatz 320mm 210mm 50mm 526mm 90mm<\/p>\n<p>8-Kreis-UFH-Verteilerbausatz 320mm 210mm 50mm 576mm 90mm<\/p>\n<p>UFH-Verteilerbausatz mit 9 Kreisen 320mm 210mm 50mm 626mm 90mm<\/p>\n<p>UFH-Verteilerbausatz mit 10 Kreisen 320mm 210mm 50mm 676mm 90mm<\/p>\n<p>UFH-Verteilerbausatz mit 11 Kreisen 320mm 210mm 50mm 726mm 90mm<\/p>\n<p>UFH-Verteilerbausatz mit 12 Kreisen 320mm 210mm 50mm 776mm 90mm<\/p>\n<p>&nbsp;<\/p>\n<p><strong>Fu\u00dfbodenheizung:<\/strong><\/p>\n<p>The Underfloor Heating Site ist einer der f\u00fchrenden Anbieter von Fu\u00dfbodenheizungen im Vereinigten K\u00f6nigreich, der von branchenf\u00fchrenden Lieferanten mit jahrelangem Know-how in der Fu\u00dfbodenheizungsbranche unterst\u00fctzt wird. Wir haben es uns zur Aufgabe gemacht, Fu\u00dfbodenheizungsprodukte bester Qualit\u00e4t zu erschwinglichen Preisen zu liefern und dies durch erstklassigen Kundenservice und Beratung zu unterst\u00fctzen. Ganz gleich, ob Sie nur ein kleines Bad fliesen wollen oder ein komplettes Heizsystem f\u00fcr Ihr Haus suchen, wir sind sicher, dass wir das richtige System f\u00fcr Sie haben.<\/p>\n<p>Unser Sortiment umfasst Fu\u00dfbodenheizungsbaus\u00e4tze oder nur den Fu\u00dfbodenheizungsverteiler, Fu\u00dfbodenheizungsrohre, beheizte Fu\u00dfmatten, freie Kabel, Isolierung, Spiegel-Demister-Pads und viele weitere Produkte.<\/p>\n<p>&nbsp;<\/p>\n","protected":false},"excerpt":{"rendered":"<p>Fu\u00dfbodenheizungs-Verteiler mit Pumpenpaket und Ventilen &#8211; Grundfos A Rated Pump -12 Ports Was ist in unseren Pumpen- und Verteilerpaketen enthalten? Fu\u00dfbodenheizung Verteiler kommt mit: &#8222;A&#8220; Nennwert ibo Pump Pack. Enthaltene Gegenst\u00e4nde: 1 x vormontierter Verteiler mit Durchflussmessern 1 x Endentl\u00fcftung 1 x Manometer 2 x Kugelh\u00e4hne 2 x Temperaturmesser (an Kugelh\u00e4hnen montiert) 1 x Box&hellip;<\/p>\n","protected":false},"featured_media":3073,"comment_status":"open","ping_status":"closed","template":"","meta":[],"product_cat":[809],"product_tag":[],"class_list":{"0":"post-14684","1":"product","2":"type-product","3":"status-publish","4":"has-post-thumbnail","6":"product_cat-verteiler-fur-fusbodenheizung","8":"first","9":"instock","10":"taxable","11":"shipping-taxable","12":"purchasable","13":"product-type-simple","14":"col-xs-6 col-sm-4","15":"col-md-4 col-lg-4","16":"un-3-cols"},"acf":[],"yoast_head":"<!-- This site is optimized with the Yoast SEO plugin v21.2 - https:\/\/yoast.com\/wordpress\/plugins\/seo\/ -->\n<title>Fu\u00dfbodenheizungsverteiler mit Pumpenpaket und Ventilen \u2013 ibo amg \u2013 12 Kreisl\u00e4ufe<\/title>\n<meta name=\"description\" content=\"Order Fu\u00dfbodenheizungsverteiler mit Pumpenpaket und Ventilen \u2013 ibo amg \u2013 12 Kreisl\u00e4ufe at a best price.\" \/>\n<meta name=\"robots\" content=\"index, follow, max-snippet:-1, max-image-preview:large, max-video-preview:-1\" \/>\n<link rel=\"canonical\" href=\"https:\/\/fluterm.eu\/de\/prod\/fussbodenheizungsverteiler-mit-pumpenpaket-und-ventilen-ibo-amg-12-kreislaeufe\/\" \/>\n<meta property=\"og:locale\" content=\"de_DE\" \/>\n<meta property=\"og:type\" content=\"article\" \/>\n<meta property=\"og:title\" content=\"Fu\u00dfbodenheizungsverteiler mit Pumpenpaket und Ventilen \u2013 ibo amg \u2013 12 Kreisl\u00e4ufe\" \/>\n<meta property=\"og:description\" content=\"Order Fu\u00dfbodenheizungsverteiler mit Pumpenpaket und Ventilen \u2013 ibo amg \u2013 12 Kreisl\u00e4ufe at a best price.\" \/>\n<meta property=\"og:url\" content=\"https:\/\/fluterm.eu\/de\/prod\/fussbodenheizungsverteiler-mit-pumpenpaket-und-ventilen-ibo-amg-12-kreislaeufe\/\" \/>\n<meta property=\"og:site_name\" content=\"fluterm.eu\" \/>\n<meta property=\"og:image\" content=\"https:\/\/fluterm.eu\/wp-content\/uploads\/2023\/06\/PROD-85.jpeg\" \/>\n\t<meta property=\"og:image:width\" content=\"2000\" \/>\n\t<meta property=\"og:image:height\" content=\"2000\" \/>\n\t<meta property=\"og:image:type\" content=\"image\/jpeg\" \/>\n<meta name=\"twitter:card\" content=\"summary_large_image\" \/>\n<meta name=\"twitter:label1\" content=\"Gesch\u00e4tzte Lesezeit\" \/>\n\t<meta name=\"twitter:data1\" content=\"2\u00a0Minuten\" \/>\n<script type=\"application\/ld+json\" class=\"yoast-schema-graph\">{\"@context\":\"https:\/\/schema.org\",\"@graph\":[{\"@type\":\"WebPage\",\"@id\":\"https:\/\/fluterm.eu\/de\/prod\/fussbodenheizungsverteiler-mit-pumpenpaket-und-ventilen-ibo-amg-12-kreislaeufe\/\",\"url\":\"https:\/\/fluterm.eu\/de\/prod\/fussbodenheizungsverteiler-mit-pumpenpaket-und-ventilen-ibo-amg-12-kreislaeufe\/\",\"name\":\"Fu\u00dfbodenheizungsverteiler mit Pumpenpaket und Ventilen \u2013 ibo amg \u2013 12 Kreisl\u00e4ufe\",\"isPartOf\":{\"@id\":\"https:\/\/fluterm.eu\/#website\"},\"datePublished\":\"2023-06-10T11:51:05+00:00\",\"dateModified\":\"2023-06-10T11:51:05+00:00\",\"description\":\"Order Fu\u00dfbodenheizungsverteiler mit Pumpenpaket und Ventilen \u2013 ibo amg \u2013 12 Kreisl\u00e4ufe at a best price.\",\"breadcrumb\":{\"@id\":\"https:\/\/fluterm.eu\/de\/prod\/fussbodenheizungsverteiler-mit-pumpenpaket-und-ventilen-ibo-amg-12-kreislaeufe\/#breadcrumb\"},\"inLanguage\":\"de\",\"potentialAction\":[{\"@type\":\"ReadAction\",\"target\":[\"https:\/\/fluterm.eu\/de\/prod\/fussbodenheizungsverteiler-mit-pumpenpaket-und-ventilen-ibo-amg-12-kreislaeufe\/\"]}]},{\"@type\":\"BreadcrumbList\",\"@id\":\"https:\/\/fluterm.eu\/de\/prod\/fussbodenheizungsverteiler-mit-pumpenpaket-und-ventilen-ibo-amg-12-kreislaeufe\/#breadcrumb\",\"itemListElement\":[{\"@type\":\"ListItem\",\"position\":1,\"name\":\"Home\",\"item\":\"https:\/\/fluterm.eu\/de\/shop\/\"},{\"@type\":\"ListItem\",\"position\":2,\"name\":\"Shop\",\"item\":\"https:\/\/fluterm.eu\/de\/shop\/\"},{\"@type\":\"ListItem\",\"position\":3,\"name\":\"Fu\u00dfbodenheizungsverteiler mit Pumpenpaket und Ventilen \u2013 ibo amg \u2013 12 Kreisl\u00e4ufe\"}]},{\"@type\":\"WebSite\",\"@id\":\"https:\/\/fluterm.eu\/#website\",\"url\":\"https:\/\/fluterm.eu\/\",\"name\":\"fluterm.eu\",\"description\":\"\",\"potentialAction\":[{\"@type\":\"SearchAction\",\"target\":{\"@type\":\"EntryPoint\",\"urlTemplate\":\"https:\/\/fluterm.eu\/?s={search_term_string}\"},\"query-input\":\"required name=search_term_string\"}],\"inLanguage\":\"de\"}]}<\/script>\n<!-- \/ Yoast SEO plugin. -->","yoast_head_json":{"title":"Fu\u00dfbodenheizungsverteiler mit Pumpenpaket und Ventilen \u2013 ibo amg \u2013 12 Kreisl\u00e4ufe","description":"Order Fu\u00dfbodenheizungsverteiler mit Pumpenpaket und Ventilen \u2013 ibo amg \u2013 12 Kreisl\u00e4ufe at a best price.","robots":{"index":"index","follow":"follow","max-snippet":"max-snippet:-1","max-image-preview":"max-image-preview:large","max-video-preview":"max-video-preview:-1"},"canonical":"https:\/\/fluterm.eu\/de\/prod\/fussbodenheizungsverteiler-mit-pumpenpaket-und-ventilen-ibo-amg-12-kreislaeufe\/","og_locale":"de_DE","og_type":"article","og_title":"Fu\u00dfbodenheizungsverteiler mit Pumpenpaket und Ventilen \u2013 ibo amg \u2013 12 Kreisl\u00e4ufe","og_description":"Order Fu\u00dfbodenheizungsverteiler mit Pumpenpaket und Ventilen \u2013 ibo amg \u2013 12 Kreisl\u00e4ufe at a best price.","og_url":"https:\/\/fluterm.eu\/de\/prod\/fussbodenheizungsverteiler-mit-pumpenpaket-und-ventilen-ibo-amg-12-kreislaeufe\/","og_site_name":"fluterm.eu","og_image":[{"width":2000,"height":2000,"url":"https:\/\/fluterm.eu\/wp-content\/uploads\/2023\/06\/PROD-85.jpeg","type":"image\/jpeg"}],"twitter_card":"summary_large_image","twitter_misc":{"Gesch\u00e4tzte Lesezeit":"2\u00a0Minuten"},"schema":{"@context":"https:\/\/schema.org","@graph":[{"@type":"WebPage","@id":"https:\/\/fluterm.eu\/de\/prod\/fussbodenheizungsverteiler-mit-pumpenpaket-und-ventilen-ibo-amg-12-kreislaeufe\/","url":"https:\/\/fluterm.eu\/de\/prod\/fussbodenheizungsverteiler-mit-pumpenpaket-und-ventilen-ibo-amg-12-kreislaeufe\/","name":"Fu\u00dfbodenheizungsverteiler mit Pumpenpaket und Ventilen \u2013 ibo amg \u2013 12 Kreisl\u00e4ufe","isPartOf":{"@id":"https:\/\/fluterm.eu\/#website"},"datePublished":"2023-06-10T11:51:05+00:00","dateModified":"2023-06-10T11:51:05+00:00","description":"Order Fu\u00dfbodenheizungsverteiler mit Pumpenpaket und Ventilen \u2013 ibo amg \u2013 12 Kreisl\u00e4ufe at a best price.","breadcrumb":{"@id":"https:\/\/fluterm.eu\/de\/prod\/fussbodenheizungsverteiler-mit-pumpenpaket-und-ventilen-ibo-amg-12-kreislaeufe\/#breadcrumb"},"inLanguage":"de","potentialAction":[{"@type":"ReadAction","target":["https:\/\/fluterm.eu\/de\/prod\/fussbodenheizungsverteiler-mit-pumpenpaket-und-ventilen-ibo-amg-12-kreislaeufe\/"]}]},{"@type":"BreadcrumbList","@id":"https:\/\/fluterm.eu\/de\/prod\/fussbodenheizungsverteiler-mit-pumpenpaket-und-ventilen-ibo-amg-12-kreislaeufe\/#breadcrumb","itemListElement":[{"@type":"ListItem","position":1,"name":"Home","item":"https:\/\/fluterm.eu\/de\/shop\/"},{"@type":"ListItem","position":2,"name":"Shop","item":"https:\/\/fluterm.eu\/de\/shop\/"},{"@type":"ListItem","position":3,"name":"Fu\u00dfbodenheizungsverteiler mit Pumpenpaket und Ventilen \u2013 ibo amg \u2013 12 Kreisl\u00e4ufe"}]},{"@type":"WebSite","@id":"https:\/\/fluterm.eu\/#website","url":"https:\/\/fluterm.eu\/","name":"fluterm.eu","description":"","potentialAction":[{"@type":"SearchAction","target":{"@type":"EntryPoint","urlTemplate":"https:\/\/fluterm.eu\/?s={search_term_string}"},"query-input":"required name=search_term_string"}],"inLanguage":"de"}]}},"_links":{"self":[{"href":"https:\/\/fluterm.eu\/de\/wp-json\/wp\/v2\/product\/14684","targetHints":{"allow":["GET"]}}],"collection":[{"href":"https:\/\/fluterm.eu\/de\/wp-json\/wp\/v2\/product"}],"about":[{"href":"https:\/\/fluterm.eu\/de\/wp-json\/wp\/v2\/types\/product"}],"replies":[{"embeddable":true,"href":"https:\/\/fluterm.eu\/de\/wp-json\/wp\/v2\/comments?post=14684"}],"version-history":[{"count":0,"href":"https:\/\/fluterm.eu\/de\/wp-json\/wp\/v2\/product\/14684\/revisions"}],"wp:featuredmedia":[{"embeddable":true,"href":"https:\/\/fluterm.eu\/de\/wp-json\/wp\/v2\/media\/3073"}],"wp:attachment":[{"href":"https:\/\/fluterm.eu\/de\/wp-json\/wp\/v2\/media?parent=14684"}],"wp:term":[{"taxonomy":"product_cat","embeddable":true,"href":"https:\/\/fluterm.eu\/de\/wp-json\/wp\/v2\/product_cat?post=14684"},{"taxonomy":"product_tag","embeddable":true,"href":"https:\/\/fluterm.eu\/de\/wp-json\/wp\/v2\/product_tag?post=14684"}],"curies":[{"name":"wp","href":"https:\/\/api.w.org\/{rel}","templated":true}]}}