{"id":14691,"date":"2023-06-10T14:51:05","date_gmt":"2023-06-10T11:51:05","guid":{"rendered":"https:\/\/fluterm.eu\/prod\/fussbodenheizungs-mischset-mit-wilo-pumpe\/"},"modified":"2023-06-10T14:51:05","modified_gmt":"2023-06-10T11:51:05","slug":"fusbodenheizungs-mischset-mit-wilo-pumpe","status":"publish","type":"product","link":"https:\/\/fluterm.eu\/de\/prod\/fusbodenheizungs-mischset-mit-wilo-pumpe\/","title":{"rendered":"Fu\u00dfbodenheizungs-Mischset mit Wilo-Pumpe"},"content":{"rendered":"<p>Unser kompakter und leichter thermostatischer Mischregler f\u00fcr Fu\u00dfbodenheizungen erm\u00f6glicht den direkten Anschluss an unser Sortiment an Fu\u00dfbodenheizungsverteilern und wird komplett montiert im Linksformat mit G1-Drehgelenk-Flachdichtungsanschl\u00fcssen als Standard geliefert.<\/p>\n<p>Das vielseitige Design und die Verschraubungsanschl\u00fcsse machen die Installation am Verteiler einfach, und da keine zus\u00e4tzlichen Halterungen erforderlich sind, entf\u00e4llt das zeitaufw\u00e4ndige Bohren und Befestigen.<\/p>\n<p>Mit dem Mischventil k\u00f6nnen Sie die Vorlauftemperatur zwischen 35 und 65 \u00b0C einstellen, um die Gesamttemperatur der Fu\u00dfbodenheizung pr\u00e4zise zu steuern. Die Fu\u00dfbodenheizung kann mit jeder Art von W\u00e4rmequelle gespeist werden, einschlie\u00dflich \u00d6l- und Gaskesseln, Holz\u00f6fen und umweltfreundlichen Energiequellen wie Solar-, Erd- und Luftw\u00e4rmepumpen.<\/p>\n<p>Jedes Reglerpaket besteht aus dem thermostatischen Mischventil, einer energieeffizienten Umw\u00e4lzpumpe der Klasse A von Wilo, einem Verteileradapter und allen erforderlichen Dichtungen.<\/p>\n<p><strong>Einstellung der Mischregelung  <\/strong><\/p>\n<p>Das thermostatische Mischventil ist werkseitig so eingestellt, dass es den Fu\u00dfbodenheizungsverteiler mit 45\u00b0 C warmem Wasser versorgt. Die Temperatur des Mischwassers kann durch Drehen des Mischventil-Regelknopfes zwischen 35\u00b0c und 65\u00b0c eingestellt werden, und zwar im Uhrzeigersinn, um die Temperatur zu erh\u00f6hen, und gegen den Uhrzeigersinn, um sie zu senken.<\/p>\n<p>wilo Sonos f\u00fcr 15x6x130<\/p>\n","protected":false},"excerpt":{"rendered":"<p>Unser kompakter und leichter thermostatischer Mischregler f\u00fcr Fu\u00dfbodenheizungen erm\u00f6glicht den direkten Anschluss an unser Sortiment an Fu\u00dfbodenheizungsverteilern und wird komplett montiert im Linksformat mit G1-Drehgelenk-Flachdichtungsanschl\u00fcssen als Standard geliefert. Das vielseitige Design und die Verschraubungsanschl\u00fcsse machen die Installation am Verteiler einfach, und da keine zus\u00e4tzlichen Halterungen erforderlich sind, entf\u00e4llt das zeitaufw\u00e4ndige Bohren und Befestigen. Mit dem&hellip;<\/p>\n","protected":false},"featured_media":3115,"comment_status":"closed","ping_status":"closed","template":"","meta":[],"product_cat":[845],"product_tag":[],"class_list":{"0":"post-14691","1":"product","2":"type-product","3":"status-publish","4":"has-post-thumbnail","6":"product_cat-fusbodenheizung-mischgruppen","8":"first","9":"instock","10":"taxable","11":"shipping-taxable","12":"purchasable","13":"product-type-simple","14":"col-xs-6 col-sm-4","15":"col-md-4 col-lg-4","16":"un-3-cols"},"acf":[],"yoast_head":"<!-- This site is optimized with the Yoast SEO plugin v21.2 - https:\/\/yoast.com\/wordpress\/plugins\/seo\/ -->\n<title>Fu\u00dfbodenheizungs-Mischset mit Wilo-Pumpe<\/title>\n<meta name=\"description\" content=\"Order Fu\u00dfbodenheizungs-Mischset mit Wilo-Pumpe at a best price.\" \/>\n<meta name=\"robots\" content=\"index, follow, max-snippet:-1, max-image-preview:large, max-video-preview:-1\" \/>\n<link rel=\"canonical\" href=\"https:\/\/fluterm.eu\/de\/prod\/fussbodenheizungs-mischset-mit-wilo-pumpe\/\" \/>\n<meta property=\"og:locale\" content=\"de_DE\" \/>\n<meta property=\"og:type\" content=\"article\" \/>\n<meta property=\"og:title\" content=\"Fu\u00dfbodenheizungs-Mischset mit Wilo-Pumpe\" \/>\n<meta property=\"og:description\" content=\"Order Fu\u00dfbodenheizungs-Mischset mit Wilo-Pumpe at a best price.\" \/>\n<meta property=\"og:url\" content=\"https:\/\/fluterm.eu\/de\/prod\/fussbodenheizungs-mischset-mit-wilo-pumpe\/\" \/>\n<meta property=\"og:site_name\" content=\"fluterm.eu\" \/>\n<meta property=\"og:image\" content=\"https:\/\/fluterm.eu\/wp-content\/uploads\/2023\/06\/10BE33BF-D06D-41CB-AE24-1597A1282835_4_5005_c.jpeg\" \/>\n\t<meta property=\"og:image:width\" content=\"298\" \/>\n\t<meta property=\"og:image:height\" content=\"263\" \/>\n\t<meta property=\"og:image:type\" content=\"image\/jpeg\" \/>\n<meta name=\"twitter:card\" content=\"summary_large_image\" \/>\n<meta name=\"twitter:label1\" content=\"Gesch\u00e4tzte Lesezeit\" \/>\n\t<meta name=\"twitter:data1\" content=\"1\u00a0Minute\" \/>\n<script type=\"application\/ld+json\" class=\"yoast-schema-graph\">{\"@context\":\"https:\/\/schema.org\",\"@graph\":[{\"@type\":\"WebPage\",\"@id\":\"https:\/\/fluterm.eu\/de\/prod\/fussbodenheizungs-mischset-mit-wilo-pumpe\/\",\"url\":\"https:\/\/fluterm.eu\/de\/prod\/fussbodenheizungs-mischset-mit-wilo-pumpe\/\",\"name\":\"Fu\u00dfbodenheizungs-Mischset mit Wilo-Pumpe\",\"isPartOf\":{\"@id\":\"https:\/\/fluterm.eu\/#website\"},\"datePublished\":\"2023-06-10T11:51:05+00:00\",\"dateModified\":\"2023-06-10T11:51:05+00:00\",\"description\":\"Order Fu\u00dfbodenheizungs-Mischset mit Wilo-Pumpe at a best price.\",\"breadcrumb\":{\"@id\":\"https:\/\/fluterm.eu\/de\/prod\/fussbodenheizungs-mischset-mit-wilo-pumpe\/#breadcrumb\"},\"inLanguage\":\"de\",\"potentialAction\":[{\"@type\":\"ReadAction\",\"target\":[\"https:\/\/fluterm.eu\/de\/prod\/fussbodenheizungs-mischset-mit-wilo-pumpe\/\"]}]},{\"@type\":\"BreadcrumbList\",\"@id\":\"https:\/\/fluterm.eu\/de\/prod\/fussbodenheizungs-mischset-mit-wilo-pumpe\/#breadcrumb\",\"itemListElement\":[{\"@type\":\"ListItem\",\"position\":1,\"name\":\"Home\",\"item\":\"https:\/\/fluterm.eu\/de\/shop\/\"},{\"@type\":\"ListItem\",\"position\":2,\"name\":\"Shop\",\"item\":\"https:\/\/fluterm.eu\/de\/shop\/\"},{\"@type\":\"ListItem\",\"position\":3,\"name\":\"Fu\u00dfbodenheizungs-Mischset mit Wilo-Pumpe\"}]},{\"@type\":\"WebSite\",\"@id\":\"https:\/\/fluterm.eu\/#website\",\"url\":\"https:\/\/fluterm.eu\/\",\"name\":\"fluterm.eu\",\"description\":\"\",\"potentialAction\":[{\"@type\":\"SearchAction\",\"target\":{\"@type\":\"EntryPoint\",\"urlTemplate\":\"https:\/\/fluterm.eu\/?s={search_term_string}\"},\"query-input\":\"required name=search_term_string\"}],\"inLanguage\":\"de\"}]}<\/script>\n<!-- \/ Yoast SEO plugin. -->","yoast_head_json":{"title":"Fu\u00dfbodenheizungs-Mischset mit Wilo-Pumpe","description":"Order Fu\u00dfbodenheizungs-Mischset mit Wilo-Pumpe at a best price.","robots":{"index":"index","follow":"follow","max-snippet":"max-snippet:-1","max-image-preview":"max-image-preview:large","max-video-preview":"max-video-preview:-1"},"canonical":"https:\/\/fluterm.eu\/de\/prod\/fussbodenheizungs-mischset-mit-wilo-pumpe\/","og_locale":"de_DE","og_type":"article","og_title":"Fu\u00dfbodenheizungs-Mischset mit Wilo-Pumpe","og_description":"Order Fu\u00dfbodenheizungs-Mischset mit Wilo-Pumpe at a best price.","og_url":"https:\/\/fluterm.eu\/de\/prod\/fussbodenheizungs-mischset-mit-wilo-pumpe\/","og_site_name":"fluterm.eu","og_image":[{"width":298,"height":263,"url":"https:\/\/fluterm.eu\/wp-content\/uploads\/2023\/06\/10BE33BF-D06D-41CB-AE24-1597A1282835_4_5005_c.jpeg","type":"image\/jpeg"}],"twitter_card":"summary_large_image","twitter_misc":{"Gesch\u00e4tzte Lesezeit":"1\u00a0Minute"},"schema":{"@context":"https:\/\/schema.org","@graph":[{"@type":"WebPage","@id":"https:\/\/fluterm.eu\/de\/prod\/fussbodenheizungs-mischset-mit-wilo-pumpe\/","url":"https:\/\/fluterm.eu\/de\/prod\/fussbodenheizungs-mischset-mit-wilo-pumpe\/","name":"Fu\u00dfbodenheizungs-Mischset mit Wilo-Pumpe","isPartOf":{"@id":"https:\/\/fluterm.eu\/#website"},"datePublished":"2023-06-10T11:51:05+00:00","dateModified":"2023-06-10T11:51:05+00:00","description":"Order Fu\u00dfbodenheizungs-Mischset mit Wilo-Pumpe at a best price.","breadcrumb":{"@id":"https:\/\/fluterm.eu\/de\/prod\/fussbodenheizungs-mischset-mit-wilo-pumpe\/#breadcrumb"},"inLanguage":"de","potentialAction":[{"@type":"ReadAction","target":["https:\/\/fluterm.eu\/de\/prod\/fussbodenheizungs-mischset-mit-wilo-pumpe\/"]}]},{"@type":"BreadcrumbList","@id":"https:\/\/fluterm.eu\/de\/prod\/fussbodenheizungs-mischset-mit-wilo-pumpe\/#breadcrumb","itemListElement":[{"@type":"ListItem","position":1,"name":"Home","item":"https:\/\/fluterm.eu\/de\/shop\/"},{"@type":"ListItem","position":2,"name":"Shop","item":"https:\/\/fluterm.eu\/de\/shop\/"},{"@type":"ListItem","position":3,"name":"Fu\u00dfbodenheizungs-Mischset mit Wilo-Pumpe"}]},{"@type":"WebSite","@id":"https:\/\/fluterm.eu\/#website","url":"https:\/\/fluterm.eu\/","name":"fluterm.eu","description":"","potentialAction":[{"@type":"SearchAction","target":{"@type":"EntryPoint","urlTemplate":"https:\/\/fluterm.eu\/?s={search_term_string}"},"query-input":"required name=search_term_string"}],"inLanguage":"de"}]}},"_links":{"self":[{"href":"https:\/\/fluterm.eu\/de\/wp-json\/wp\/v2\/product\/14691","targetHints":{"allow":["GET"]}}],"collection":[{"href":"https:\/\/fluterm.eu\/de\/wp-json\/wp\/v2\/product"}],"about":[{"href":"https:\/\/fluterm.eu\/de\/wp-json\/wp\/v2\/types\/product"}],"replies":[{"embeddable":true,"href":"https:\/\/fluterm.eu\/de\/wp-json\/wp\/v2\/comments?post=14691"}],"version-history":[{"count":0,"href":"https:\/\/fluterm.eu\/de\/wp-json\/wp\/v2\/product\/14691\/revisions"}],"wp:featuredmedia":[{"embeddable":true,"href":"https:\/\/fluterm.eu\/de\/wp-json\/wp\/v2\/media\/3115"}],"wp:attachment":[{"href":"https:\/\/fluterm.eu\/de\/wp-json\/wp\/v2\/media?parent=14691"}],"wp:term":[{"taxonomy":"product_cat","embeddable":true,"href":"https:\/\/fluterm.eu\/de\/wp-json\/wp\/v2\/product_cat?post=14691"},{"taxonomy":"product_tag","embeddable":true,"href":"https:\/\/fluterm.eu\/de\/wp-json\/wp\/v2\/product_tag?post=14691"}],"curies":[{"name":"wp","href":"https:\/\/api.w.org\/{rel}","templated":true}]}}