{"id":14800,"date":"2023-06-10T14:51:05","date_gmt":"2023-06-10T11:51:05","guid":{"rendered":"https:\/\/fluterm.eu\/prod\/fussbodenheizung-paket-60m2\/"},"modified":"2023-06-10T14:51:05","modified_gmt":"2023-06-10T11:51:05","slug":"fusbodenheizungs-paket-60-80m2","status":"publish","type":"product","link":"https:\/\/fluterm.eu\/de\/prod\/fusbodenheizungs-paket-60-80m2\/","title":{"rendered":"Fu\u00dfbodenheizung Paket 60m2"},"content":{"rendered":"<div>Mit unserem kompletten Warmwasser-Fu\u00dfbodenheizungssystem ist es nur ein kleiner Schritt zur perfekten Fu\u00dfbodenheizung f\u00fcr Ihr Haus oder Ihre Gesch\u00e4ftsr\u00e4ume. Mit einer ausreichenden Rohrl\u00e4nge, um 60m\u00b2 abzudecken, hat alle hochwertigen Produkte und Teile, die Sie erwarten w\u00fcrden.<\/div>\n<div><\/div>\n<p>Das Pipe &amp; Clip-Fu\u00dfbodenheizungssystem ist einfach zu verlegen. Das Pex-Schichtrohr wird in die D\u00e4mmschicht geklemmt, bevor der Estrich entweder mit der Kelle aufgetragen oder der Flie\u00dfestrich gegossen wird.<\/p>\n<div>Wir empfehlen immer, das Rohr genau abzuschneiden und aufzur\u00e4umen, um eine gute Verbindung mit den Fittings zu gew\u00e4hrleisten und Lecks zu vermeiden.<\/div>\n<div><\/div>\n<div><b>Heizungsbausatz &#8211; 60,0m\u00b2:<\/b><\/div>\n<div><\/div>\n<div>\n<ul>\n<li>600 Meter 16x2mm pex a Rohr lebenslange Garantie<\/li>\n<li>Niedrig-Energie-Pumpe &#8222;A&#8220; von bio amg und automatisches Mischventil des Thermomix<\/li>\n<li>6-fach Verteiler &#8211; Hochwertiges vernickeltes Messing mit Dualmix Verteilerbaugruppe<\/li>\n<li>2 x Wasserablass-\/F\u00fcllventile<\/li>\n<li>2 x Thermometer-Kugelh\u00e4hne<\/li>\n<li>2 x Automatische Entl\u00fcftungsventile<\/li>\n<li>12 x 16mm Rohrverbinder (Eurokonus)<\/li>\n<li>1500 Rohrschellen mit hoher Griffigkeit<\/li>\n<li>50m Kantenisolierung<\/li>\n<li>Aluminiumfolie 60m2<\/li>\n<\/ul>\n<p>Bodenabdeckung: 60.0m\u00b2 &#8211; 80.0m\u00b2<br \/>\n&#8211; 60,0m\u00b2 @ 100mm Abstand f\u00fcr Bereiche mit hohem W\u00e4rmeverlust (Winterg\u00e4rten)<br \/>\n&#8211; 80,0m\u00b2 @ 150mm Abstand f\u00fcr Prim\u00e4rheizung (Wohnzimmer, Bad, Schlafzimmer)<\/p>\n<p>F\u00fcr weitere Informationen oder \u00c4nderungen, schreiben Sie uns bitte per Whatsapp<\/p>\n<p>Wir bieten kostenlose Unterst\u00fctzung bei der Installation oder kostenpflichtige Installationsdienste.<\/p>\n<\/div>\n","protected":false},"excerpt":{"rendered":"<p>Bausatz Fu\u00dfbodenheizung 60-80m2<\/p>\n","protected":false},"featured_media":2716,"comment_status":"open","ping_status":"closed","template":"","meta":[],"product_cat":[884],"product_tag":[],"class_list":{"0":"post-14800","1":"product","2":"type-product","3":"status-publish","4":"has-post-thumbnail","6":"product_cat-komplettpakete-fur-fusbodenheizung","8":"first","9":"instock","10":"sale","11":"taxable","12":"shipping-taxable","13":"purchasable","14":"product-type-simple","15":"col-xs-6 col-sm-4","16":"col-md-4 col-lg-4","17":"un-3-cols"},"acf":[],"yoast_head":"<!-- This site is optimized with the Yoast SEO plugin v21.2 - https:\/\/yoast.com\/wordpress\/plugins\/seo\/ -->\n<title>Fu\u00dfbodenheizung Paket 60m2<\/title>\n<meta name=\"description\" content=\"Order Fu\u00dfbodenheizung Paket 60m2 at a best price.\" \/>\n<meta name=\"robots\" content=\"index, follow, max-snippet:-1, max-image-preview:large, max-video-preview:-1\" \/>\n<link rel=\"canonical\" href=\"https:\/\/fluterm.eu\/de\/prod\/fussbodenheizung-paket-60m2\/\" \/>\n<meta property=\"og:locale\" content=\"de_DE\" \/>\n<meta property=\"og:type\" content=\"article\" \/>\n<meta property=\"og:title\" content=\"Fu\u00dfbodenheizung Paket 60m2\" \/>\n<meta property=\"og:description\" content=\"Order Fu\u00dfbodenheizung Paket 60m2 at a best price.\" \/>\n<meta property=\"og:url\" content=\"https:\/\/fluterm.eu\/de\/prod\/fussbodenheizung-paket-60m2\/\" \/>\n<meta property=\"og:site_name\" content=\"fluterm.eu\" \/>\n<meta property=\"og:image\" content=\"https:\/\/fluterm.eu\/wp-content\/uploads\/2023\/06\/D72BC663-54AE-4196-8110-C389DC35D32C.jpeg\" \/>\n\t<meta property=\"og:image:width\" content=\"2048\" \/>\n\t<meta property=\"og:image:height\" content=\"2048\" \/>\n\t<meta property=\"og:image:type\" content=\"image\/jpeg\" \/>\n<meta name=\"twitter:card\" content=\"summary_large_image\" \/>\n<meta name=\"twitter:label1\" content=\"Gesch\u00e4tzte Lesezeit\" \/>\n\t<meta name=\"twitter:data1\" content=\"1\u00a0Minute\" \/>\n<script type=\"application\/ld+json\" class=\"yoast-schema-graph\">{\"@context\":\"https:\/\/schema.org\",\"@graph\":[{\"@type\":\"WebPage\",\"@id\":\"https:\/\/fluterm.eu\/de\/prod\/fussbodenheizung-paket-60m2\/\",\"url\":\"https:\/\/fluterm.eu\/de\/prod\/fussbodenheizung-paket-60m2\/\",\"name\":\"Fu\u00dfbodenheizung Paket 60m2\",\"isPartOf\":{\"@id\":\"https:\/\/fluterm.eu\/#website\"},\"datePublished\":\"2023-06-10T11:51:05+00:00\",\"dateModified\":\"2023-06-10T11:51:05+00:00\",\"description\":\"Order Fu\u00dfbodenheizung Paket 60m2 at a best price.\",\"breadcrumb\":{\"@id\":\"https:\/\/fluterm.eu\/de\/prod\/fussbodenheizung-paket-60m2\/#breadcrumb\"},\"inLanguage\":\"de\",\"potentialAction\":[{\"@type\":\"ReadAction\",\"target\":[\"https:\/\/fluterm.eu\/de\/prod\/fussbodenheizung-paket-60m2\/\"]}]},{\"@type\":\"BreadcrumbList\",\"@id\":\"https:\/\/fluterm.eu\/de\/prod\/fussbodenheizung-paket-60m2\/#breadcrumb\",\"itemListElement\":[{\"@type\":\"ListItem\",\"position\":1,\"name\":\"Home\",\"item\":\"https:\/\/fluterm.eu\/de\/shop\/\"},{\"@type\":\"ListItem\",\"position\":2,\"name\":\"Shop\",\"item\":\"https:\/\/fluterm.eu\/de\/shop\/\"},{\"@type\":\"ListItem\",\"position\":3,\"name\":\"Fu\u00dfbodenheizung Paket 60m2\"}]},{\"@type\":\"WebSite\",\"@id\":\"https:\/\/fluterm.eu\/#website\",\"url\":\"https:\/\/fluterm.eu\/\",\"name\":\"fluterm.eu\",\"description\":\"\",\"potentialAction\":[{\"@type\":\"SearchAction\",\"target\":{\"@type\":\"EntryPoint\",\"urlTemplate\":\"https:\/\/fluterm.eu\/?s={search_term_string}\"},\"query-input\":\"required name=search_term_string\"}],\"inLanguage\":\"de\"}]}<\/script>\n<!-- \/ Yoast SEO plugin. -->","yoast_head_json":{"title":"Fu\u00dfbodenheizung Paket 60m2","description":"Order Fu\u00dfbodenheizung Paket 60m2 at a best price.","robots":{"index":"index","follow":"follow","max-snippet":"max-snippet:-1","max-image-preview":"max-image-preview:large","max-video-preview":"max-video-preview:-1"},"canonical":"https:\/\/fluterm.eu\/de\/prod\/fussbodenheizung-paket-60m2\/","og_locale":"de_DE","og_type":"article","og_title":"Fu\u00dfbodenheizung Paket 60m2","og_description":"Order Fu\u00dfbodenheizung Paket 60m2 at a best price.","og_url":"https:\/\/fluterm.eu\/de\/prod\/fussbodenheizung-paket-60m2\/","og_site_name":"fluterm.eu","og_image":[{"width":2048,"height":2048,"url":"https:\/\/fluterm.eu\/wp-content\/uploads\/2023\/06\/D72BC663-54AE-4196-8110-C389DC35D32C.jpeg","type":"image\/jpeg"}],"twitter_card":"summary_large_image","twitter_misc":{"Gesch\u00e4tzte Lesezeit":"1\u00a0Minute"},"schema":{"@context":"https:\/\/schema.org","@graph":[{"@type":"WebPage","@id":"https:\/\/fluterm.eu\/de\/prod\/fussbodenheizung-paket-60m2\/","url":"https:\/\/fluterm.eu\/de\/prod\/fussbodenheizung-paket-60m2\/","name":"Fu\u00dfbodenheizung Paket 60m2","isPartOf":{"@id":"https:\/\/fluterm.eu\/#website"},"datePublished":"2023-06-10T11:51:05+00:00","dateModified":"2023-06-10T11:51:05+00:00","description":"Order Fu\u00dfbodenheizung Paket 60m2 at a best price.","breadcrumb":{"@id":"https:\/\/fluterm.eu\/de\/prod\/fussbodenheizung-paket-60m2\/#breadcrumb"},"inLanguage":"de","potentialAction":[{"@type":"ReadAction","target":["https:\/\/fluterm.eu\/de\/prod\/fussbodenheizung-paket-60m2\/"]}]},{"@type":"BreadcrumbList","@id":"https:\/\/fluterm.eu\/de\/prod\/fussbodenheizung-paket-60m2\/#breadcrumb","itemListElement":[{"@type":"ListItem","position":1,"name":"Home","item":"https:\/\/fluterm.eu\/de\/shop\/"},{"@type":"ListItem","position":2,"name":"Shop","item":"https:\/\/fluterm.eu\/de\/shop\/"},{"@type":"ListItem","position":3,"name":"Fu\u00dfbodenheizung Paket 60m2"}]},{"@type":"WebSite","@id":"https:\/\/fluterm.eu\/#website","url":"https:\/\/fluterm.eu\/","name":"fluterm.eu","description":"","potentialAction":[{"@type":"SearchAction","target":{"@type":"EntryPoint","urlTemplate":"https:\/\/fluterm.eu\/?s={search_term_string}"},"query-input":"required name=search_term_string"}],"inLanguage":"de"}]}},"_links":{"self":[{"href":"https:\/\/fluterm.eu\/de\/wp-json\/wp\/v2\/product\/14800","targetHints":{"allow":["GET"]}}],"collection":[{"href":"https:\/\/fluterm.eu\/de\/wp-json\/wp\/v2\/product"}],"about":[{"href":"https:\/\/fluterm.eu\/de\/wp-json\/wp\/v2\/types\/product"}],"replies":[{"embeddable":true,"href":"https:\/\/fluterm.eu\/de\/wp-json\/wp\/v2\/comments?post=14800"}],"version-history":[{"count":0,"href":"https:\/\/fluterm.eu\/de\/wp-json\/wp\/v2\/product\/14800\/revisions"}],"wp:featuredmedia":[{"embeddable":true,"href":"https:\/\/fluterm.eu\/de\/wp-json\/wp\/v2\/media\/2716"}],"wp:attachment":[{"href":"https:\/\/fluterm.eu\/de\/wp-json\/wp\/v2\/media?parent=14800"}],"wp:term":[{"taxonomy":"product_cat","embeddable":true,"href":"https:\/\/fluterm.eu\/de\/wp-json\/wp\/v2\/product_cat?post=14800"},{"taxonomy":"product_tag","embeddable":true,"href":"https:\/\/fluterm.eu\/de\/wp-json\/wp\/v2\/product_tag?post=14800"}],"curies":[{"name":"wp","href":"https:\/\/api.w.org\/{rel}","templated":true}]}}