{"id":14927,"date":"2023-07-16T17:19:26","date_gmt":"2023-07-16T14:19:26","guid":{"rendered":"https:\/\/fluterm.eu\/prod\/mischeinheit-mit-wilo-pumpe-und-verteiler-mit-4-kreis-fussbodenheizung\/"},"modified":"2024-09-22T16:41:11","modified_gmt":"2024-09-22T13:41:11","slug":"mischanlage-mit-wilo-pumpe-und-verteiler-mit-4-wege-bodenheizung","status":"publish","type":"product","link":"https:\/\/fluterm.eu\/de\/prod\/mischanlage-mit-wilo-pumpe-und-verteiler-mit-4-wege-bodenheizung\/","title":{"rendered":"Mischeinheit mit Wilo-Pumpe und Verteiler mit 4-Kreis-Fu\u00dfbodenheizung"},"content":{"rendered":"<p><span class=\"Y2IQFc\" lang=\"en\">Beschreibung Komplexes System zum Mischen des f\u00fcr die Fu\u00dfbodenheizung ben\u00f6tigten W\u00e4rmetr\u00e4gers mit 4 Kreisl\u00e4ufen, ideal f\u00fcr 70-85 Quadratmeter,  <\/span><\/p>\n<p><span class=\"Y2IQFc\" lang=\"en\">Maximale L\u00e4nge der Rohrleitung auf der Trasse 90 Meter. Berechnung erfolgt in Schritten von 10 cm. Bestehend aus :  <\/span><\/p>\n<p><span class=\"Y2IQFc\" lang=\"en\">1 x Verteilerset 4 Kreise mit Durchflussmessern  <\/span><\/p>\n<p><span class=\"Y2IQFc\" lang=\"en\">1 x Verteilerset 4 Kreise mit Ventilen (M\u00f6glichkeit, den Stellantrieb mit der Steuerung an den Raumthermostat anzuschlie\u00dfen)  <\/span><\/p>\n<p><span class=\"Y2IQFc\" lang=\"en\">1 x Verteilerschellensatz 8 x Eurokonusmutter f\u00fcr PEX-Rohr 16 mm x 2 mm dick (PE-XA, PE-XB, PE-XC, PE-RT)  <\/span><\/p>\n<p><span class=\"Y2IQFc\" lang=\"en\">2 x Verteilerend-T-St\u00fcck mit automatischer Entl\u00fcftung und Entleerung  <\/span><\/p>\n<p><span class=\"Y2IQFc\" lang=\"en\">1 x Mischgruppe f\u00fcr Fu\u00dfbodenheizung  <\/span><\/p>\n<p><span class=\"Y2IQFc\" lang=\"en\">1 x Wilo Yonos Para 25\/6 Pumpe Technische Details: Verteiler mit Durchflussmesser 1&#8243;x 8 Wege + Eurokonusmuttern 16mm + Verteilerend-T-St\u00fcck mit automatischem Bel\u00fcfter und Entleerung  <\/span><\/p>\n<p><span class=\"Y2IQFc\" lang=\"en\">1 x 1&#8243; x 4-Wege-Verteilerset aus Edelstahl mit Thermostatventilen (Vorbereitung f\u00fcr die Montage eines thermoelektrischen Kopfes (Aktuator) zur Automatisierung in jedem Kreislauf)  <\/span><\/p>\n<p><span class=\"Y2IQFc\" lang=\"en\">1 x 1&#8243; x 4 Edelstahl-Verteilerset mit Durchflussmesser (zur Einstellung des Durchflusses in jedem Kreislauf abh\u00e4ngig von der L\u00e4nge des im Kreislauf verwendeten Rohrs)  <\/span><\/p>\n<p><span class=\"Y2IQFc\" lang=\"en\">1 x Verteilermontageset bestehend aus 2 Konsolen 8 x Eurokonusmutter 16\u00d73\/4 (zur Herstellung der Verbindung vom Verteiler zum pe-xa, pe-xb, pe-xc, pe-rt von 16 mm mit 2 mm Dicke 16 \u00d7 2) 2 x Verteilerend-T-St\u00fcck 1&#8243; (automatischer Entl\u00fcfter zum Entfernen der Luft aus den Verteilern, Entleerungsventil)  <\/span><\/p>\n<p><span class=\"Y2IQFc\" lang=\"en\">Maximaler Druck 10 bar Maximale Temperatur 90 Grad C Fu\u00dfbodenheizung ausgestattet mit Wilo Yonos Para 25\/6 Pumpe  <\/span><\/p>\n<p><span class=\"Y2IQFc\" lang=\"en\">Erh\u00e4ltlich mit fester Einstellung \u00fcber den Thermostatkopf mit Sonde: Einstellbereich 20 &#8211; 60 \u00b0C. Das vom Thermostatkopf gesteuerte Einlassventil erm\u00f6glicht die Einstellung der Einlasstemperatur des vom Kessel gelieferten Heizmittels, um eine konstante Temperatur im Boden aufrechtzuerhalten Mischen zwischen dem vom Kessel gelieferten Heizmedium und dem im Bodenr\u00fccklauf.<\/span><\/p>\n","protected":false},"excerpt":{"rendered":"<p>Beschreibung Komplexes System zum Mischen des f\u00fcr die Fu\u00dfbodenheizung ben\u00f6tigten W\u00e4rmetr\u00e4gers mit 4 Kreisl\u00e4ufen, ideal f\u00fcr 70-85 Quadratmeter, Maximale L\u00e4nge der Rohrleitung auf der Trasse 90 Meter. Berechnung erfolgt in Schritten von 10 cm. Bestehend aus : 1 x Verteilerset 4 Kreise mit Durchflussmessern 1 x Verteilerset 4 Kreise mit Ventilen (M\u00f6glichkeit, den Stellantrieb mit&hellip;<\/p>\n","protected":false},"featured_media":3976,"comment_status":"open","ping_status":"closed","template":"","meta":[],"product_cat":[809],"product_tag":[],"class_list":{"0":"post-14927","1":"product","2":"type-product","3":"status-publish","4":"has-post-thumbnail","6":"product_cat-verteiler-fur-fusbodenheizung","8":"first","9":"instock","10":"taxable","11":"shipping-taxable","12":"purchasable","13":"product-type-simple","14":"col-xs-6 col-sm-4","15":"col-md-4 col-lg-4","16":"un-3-cols"},"acf":[],"yoast_head":"<!-- This site is optimized with the Yoast SEO plugin v21.2 - https:\/\/yoast.com\/wordpress\/plugins\/seo\/ -->\n<title>Mischeinheit mit Wilo-Pumpe und Verteiler mit 4-Kreis-Fu\u00dfbodenheizung<\/title>\n<meta name=\"description\" content=\"Order Mischeinheit mit Wilo-Pumpe und Verteiler mit 4-Kreis-Fu\u00dfbodenheizung at a best price.\" \/>\n<meta name=\"robots\" content=\"index, follow, max-snippet:-1, max-image-preview:large, max-video-preview:-1\" \/>\n<link rel=\"canonical\" href=\"https:\/\/fluterm.eu\/de\/prod\/mischeinheit-mit-wilo-pumpe-und-verteiler-mit-4-kreis-fussbodenheizung\/\" \/>\n<meta property=\"og:locale\" content=\"de_DE\" \/>\n<meta property=\"og:type\" content=\"article\" \/>\n<meta property=\"og:title\" content=\"Mischeinheit mit Wilo-Pumpe und Verteiler mit 4-Kreis-Fu\u00dfbodenheizung\" \/>\n<meta property=\"og:description\" content=\"Order Mischeinheit mit Wilo-Pumpe und Verteiler mit 4-Kreis-Fu\u00dfbodenheizung at a best price.\" \/>\n<meta property=\"og:url\" content=\"https:\/\/fluterm.eu\/de\/prod\/mischeinheit-mit-wilo-pumpe-und-verteiler-mit-4-kreis-fussbodenheizung\/\" \/>\n<meta property=\"og:site_name\" content=\"fluterm.eu\" \/>\n<meta property=\"article:modified_time\" content=\"2024-09-22T13:41:11+00:00\" \/>\n<meta property=\"og:image\" content=\"https:\/\/fluterm.eu\/wp-content\/uploads\/2023\/07\/sistem-complex-de-amestec-a-agentului-termic-neces_4225_1_1615571838.jpeg\" \/>\n\t<meta property=\"og:image:width\" content=\"1500\" \/>\n\t<meta property=\"og:image:height\" content=\"1500\" \/>\n\t<meta property=\"og:image:type\" content=\"image\/jpeg\" \/>\n<meta name=\"twitter:card\" content=\"summary_large_image\" \/>\n<meta name=\"twitter:label1\" content=\"Gesch\u00e4tzte Lesezeit\" \/>\n\t<meta name=\"twitter:data1\" content=\"1\u00a0Minute\" \/>\n<script type=\"application\/ld+json\" class=\"yoast-schema-graph\">{\"@context\":\"https:\/\/schema.org\",\"@graph\":[{\"@type\":\"WebPage\",\"@id\":\"https:\/\/fluterm.eu\/de\/prod\/mischeinheit-mit-wilo-pumpe-und-verteiler-mit-4-kreis-fussbodenheizung\/\",\"url\":\"https:\/\/fluterm.eu\/de\/prod\/mischeinheit-mit-wilo-pumpe-und-verteiler-mit-4-kreis-fussbodenheizung\/\",\"name\":\"Mischeinheit mit Wilo-Pumpe und Verteiler mit 4-Kreis-Fu\u00dfbodenheizung\",\"isPartOf\":{\"@id\":\"https:\/\/fluterm.eu\/#website\"},\"datePublished\":\"2023-07-16T14:19:26+00:00\",\"dateModified\":\"2024-09-22T13:41:11+00:00\",\"description\":\"Order Mischeinheit mit Wilo-Pumpe und Verteiler mit 4-Kreis-Fu\u00dfbodenheizung at a best price.\",\"breadcrumb\":{\"@id\":\"https:\/\/fluterm.eu\/de\/prod\/mischeinheit-mit-wilo-pumpe-und-verteiler-mit-4-kreis-fussbodenheizung\/#breadcrumb\"},\"inLanguage\":\"de\",\"potentialAction\":[{\"@type\":\"ReadAction\",\"target\":[\"https:\/\/fluterm.eu\/de\/prod\/mischeinheit-mit-wilo-pumpe-und-verteiler-mit-4-kreis-fussbodenheizung\/\"]}]},{\"@type\":\"BreadcrumbList\",\"@id\":\"https:\/\/fluterm.eu\/de\/prod\/mischeinheit-mit-wilo-pumpe-und-verteiler-mit-4-kreis-fussbodenheizung\/#breadcrumb\",\"itemListElement\":[{\"@type\":\"ListItem\",\"position\":1,\"name\":\"Home\",\"item\":\"https:\/\/fluterm.eu\/de\/shop\/\"},{\"@type\":\"ListItem\",\"position\":2,\"name\":\"Shop\",\"item\":\"https:\/\/fluterm.eu\/de\/shop\/\"},{\"@type\":\"ListItem\",\"position\":3,\"name\":\"Mischeinheit mit Wilo-Pumpe und Verteiler mit 4-Kreis-Fu\u00dfbodenheizung\"}]},{\"@type\":\"WebSite\",\"@id\":\"https:\/\/fluterm.eu\/#website\",\"url\":\"https:\/\/fluterm.eu\/\",\"name\":\"fluterm.eu\",\"description\":\"\",\"potentialAction\":[{\"@type\":\"SearchAction\",\"target\":{\"@type\":\"EntryPoint\",\"urlTemplate\":\"https:\/\/fluterm.eu\/?s={search_term_string}\"},\"query-input\":\"required name=search_term_string\"}],\"inLanguage\":\"de\"}]}<\/script>\n<!-- \/ Yoast SEO plugin. -->","yoast_head_json":{"title":"Mischeinheit mit Wilo-Pumpe und Verteiler mit 4-Kreis-Fu\u00dfbodenheizung","description":"Order Mischeinheit mit Wilo-Pumpe und Verteiler mit 4-Kreis-Fu\u00dfbodenheizung at a best price.","robots":{"index":"index","follow":"follow","max-snippet":"max-snippet:-1","max-image-preview":"max-image-preview:large","max-video-preview":"max-video-preview:-1"},"canonical":"https:\/\/fluterm.eu\/de\/prod\/mischeinheit-mit-wilo-pumpe-und-verteiler-mit-4-kreis-fussbodenheizung\/","og_locale":"de_DE","og_type":"article","og_title":"Mischeinheit mit Wilo-Pumpe und Verteiler mit 4-Kreis-Fu\u00dfbodenheizung","og_description":"Order Mischeinheit mit Wilo-Pumpe und Verteiler mit 4-Kreis-Fu\u00dfbodenheizung at a best price.","og_url":"https:\/\/fluterm.eu\/de\/prod\/mischeinheit-mit-wilo-pumpe-und-verteiler-mit-4-kreis-fussbodenheizung\/","og_site_name":"fluterm.eu","article_modified_time":"2024-09-22T13:41:11+00:00","og_image":[{"width":1500,"height":1500,"url":"https:\/\/fluterm.eu\/wp-content\/uploads\/2023\/07\/sistem-complex-de-amestec-a-agentului-termic-neces_4225_1_1615571838.jpeg","type":"image\/jpeg"}],"twitter_card":"summary_large_image","twitter_misc":{"Gesch\u00e4tzte Lesezeit":"1\u00a0Minute"},"schema":{"@context":"https:\/\/schema.org","@graph":[{"@type":"WebPage","@id":"https:\/\/fluterm.eu\/de\/prod\/mischeinheit-mit-wilo-pumpe-und-verteiler-mit-4-kreis-fussbodenheizung\/","url":"https:\/\/fluterm.eu\/de\/prod\/mischeinheit-mit-wilo-pumpe-und-verteiler-mit-4-kreis-fussbodenheizung\/","name":"Mischeinheit mit Wilo-Pumpe und Verteiler mit 4-Kreis-Fu\u00dfbodenheizung","isPartOf":{"@id":"https:\/\/fluterm.eu\/#website"},"datePublished":"2023-07-16T14:19:26+00:00","dateModified":"2024-09-22T13:41:11+00:00","description":"Order Mischeinheit mit Wilo-Pumpe und Verteiler mit 4-Kreis-Fu\u00dfbodenheizung at a best price.","breadcrumb":{"@id":"https:\/\/fluterm.eu\/de\/prod\/mischeinheit-mit-wilo-pumpe-und-verteiler-mit-4-kreis-fussbodenheizung\/#breadcrumb"},"inLanguage":"de","potentialAction":[{"@type":"ReadAction","target":["https:\/\/fluterm.eu\/de\/prod\/mischeinheit-mit-wilo-pumpe-und-verteiler-mit-4-kreis-fussbodenheizung\/"]}]},{"@type":"BreadcrumbList","@id":"https:\/\/fluterm.eu\/de\/prod\/mischeinheit-mit-wilo-pumpe-und-verteiler-mit-4-kreis-fussbodenheizung\/#breadcrumb","itemListElement":[{"@type":"ListItem","position":1,"name":"Home","item":"https:\/\/fluterm.eu\/de\/shop\/"},{"@type":"ListItem","position":2,"name":"Shop","item":"https:\/\/fluterm.eu\/de\/shop\/"},{"@type":"ListItem","position":3,"name":"Mischeinheit mit Wilo-Pumpe und Verteiler mit 4-Kreis-Fu\u00dfbodenheizung"}]},{"@type":"WebSite","@id":"https:\/\/fluterm.eu\/#website","url":"https:\/\/fluterm.eu\/","name":"fluterm.eu","description":"","potentialAction":[{"@type":"SearchAction","target":{"@type":"EntryPoint","urlTemplate":"https:\/\/fluterm.eu\/?s={search_term_string}"},"query-input":"required name=search_term_string"}],"inLanguage":"de"}]}},"_links":{"self":[{"href":"https:\/\/fluterm.eu\/de\/wp-json\/wp\/v2\/product\/14927","targetHints":{"allow":["GET"]}}],"collection":[{"href":"https:\/\/fluterm.eu\/de\/wp-json\/wp\/v2\/product"}],"about":[{"href":"https:\/\/fluterm.eu\/de\/wp-json\/wp\/v2\/types\/product"}],"replies":[{"embeddable":true,"href":"https:\/\/fluterm.eu\/de\/wp-json\/wp\/v2\/comments?post=14927"}],"version-history":[{"count":0,"href":"https:\/\/fluterm.eu\/de\/wp-json\/wp\/v2\/product\/14927\/revisions"}],"wp:featuredmedia":[{"embeddable":true,"href":"https:\/\/fluterm.eu\/de\/wp-json\/wp\/v2\/media\/3976"}],"wp:attachment":[{"href":"https:\/\/fluterm.eu\/de\/wp-json\/wp\/v2\/media?parent=14927"}],"wp:term":[{"taxonomy":"product_cat","embeddable":true,"href":"https:\/\/fluterm.eu\/de\/wp-json\/wp\/v2\/product_cat?post=14927"},{"taxonomy":"product_tag","embeddable":true,"href":"https:\/\/fluterm.eu\/de\/wp-json\/wp\/v2\/product_tag?post=14927"}],"curies":[{"name":"wp","href":"https:\/\/api.w.org\/{rel}","templated":true}]}}