{"id":15056,"date":"2023-07-17T20:26:30","date_gmt":"2023-07-17T17:26:30","guid":{"rendered":"https:\/\/fluterm.eu\/prod\/uponor-smatrix-wave-pulse-l-einsteigerset-typ-l-1093287\/"},"modified":"2023-07-17T20:26:30","modified_gmt":"2023-07-17T17:26:30","slug":"uponor-smatrix-wave-pulse-l-starter-kit-type-l-1093287","status":"publish","type":"product","link":"https:\/\/fluterm.eu\/de\/prod\/uponor-smatrix-wave-pulse-l-starter-kit-type-l-1093287\/","title":{"rendered":"UPONOR SMATRIX WAVE PULSE L &#8211; Einsteigerset Typ L &#8211; 1093287"},"content":{"rendered":"<pre id=\"tw-target-text\" class=\"tw-data-text tw-text-large tw-ta\" dir=\"ltr\" data-placeholder=\"Translation\"><span class=\"Y2IQFc\" lang=\"en\">Uponor Smatrix is \u200b\u200ba fully integrated control system for radiant heating and cooling. Being intelligent and \nable to adapt, Uponor Smatrix is \u200b\u200bequipped with self-balancing technology, which constantly anticipates and \nadjusts the exact amount of energy needed to ensure optimal comfort at all times.<\/span><\/pre>\n<p><img loading=\"lazy\" decoding=\"async\" class=\" lazyloaded\" src=\"https:\/\/s.cdnmpro.com\/499367508\/content\/smatrix%20pulse.png\" alt=\"\" width=\"750\" height=\"473\" data-src=\"https:\/\/s.cdnmpro.com\/499367508\/content\/smatrix%20pulse.png\"><\/p>\n<p>Intelligentes Automatisierungssystem f\u00fcr Strahlungssysteme<\/p>\n<p>&#8211; Bis zu 4 Steuerger\u00e4te k\u00f6nnen in einem System angeschlossen werden<br \/>\n&#8211; Versorgungsspannung: 230V<br \/>\n&#8211; Selbstbalancierung verbessert Energieverbrauch und Komfort<br \/>\n&#8211; Elektrische Steuerung<br \/>\n&#8211; Bis zu 6 Thermostate und 8 Stellantriebe (24V) k\u00f6nnen an ein Steuerger\u00e4t angeschlossen werden<br \/>\n&#8211; Pumpen- und Kesselrelais<br \/>\n&#8211; Anti-Seize-Funktion f\u00fcr Pumpe und Stellantrieb<br \/>\n&#8211; Kontrolle der relativen Luftfeuchtigkeit<br \/>\n&#8211; Mehrere Anschlussm\u00f6glichkeiten (Reihe\/Stern)<br \/>\n&#8211; Versorgung mit 4-adrigem, doppelt geschirmtem BUS-Kabel<br \/>\n&#8211; Kommunikationsprotokoll: RS485 serieller BUS<br \/>\n&#8211; Maximale Eingangsleistung des Stellantriebs: 24VAC \/ 0,2A (0,4A in der Spitze)<\/p>\n<p>&#8211; Lokaler Zugriff (Wi-Fi) oder Fernzugriff (erfordert eine Internetverbindung) mit der Uponor Smatrix Pulse App (mit R-208)<br \/>\n&#8211; Vor\u00fcbergehender Wi-Fi-Zugangspunkt f\u00fcr direkten Zugang (wenn keine Wi-Fi-Verbindung verf\u00fcgbar ist (mit R-208)<br \/>\n&#8211; Integration in ein Smart Home System (Amazon Alexa, Google Home, IFTTT) (mit R-208)<br \/>\n&#8211; Kontrolle von mehreren H\u00e4usern<br \/>\n&#8211; Zugriff durch Dritte f\u00fcr Fernsupport (erfordert Zustimmung des Kunden) (mit R-208)<br \/>\n&#8211; Historische Trendanalyse mit der Uponor Smatrix Pulse App (mit R-208)<br \/>\n&#8211; St\u00fcndliche Programmierung (mit R-208)<br \/>\n&#8211; Komfort-Einstellungen (mit R-208)<br \/>\n&#8211; \u00dcberpr\u00fcfung der Agententemperatur (mit R-208)<\/p>\n","protected":false},"excerpt":{"rendered":"<p>Uponor Smatrix is \u200b\u200ba fully integrated control system for radiant heating and cooling. Being intelligent and able to adapt, Uponor Smatrix is \u200b\u200bequipped with self-balancing technology, which constantly anticipates and adjusts the exact amount of energy needed to ensure optimal comfort at all times. Intelligentes Automatisierungssystem f\u00fcr Strahlungssysteme &#8211; Bis zu 4 Steuerger\u00e4te k\u00f6nnen in&hellip;<\/p>\n","protected":false},"featured_media":4249,"comment_status":"open","ping_status":"closed","template":"","meta":[],"product_cat":[979],"product_tag":[],"class_list":{"0":"post-15056","1":"product","2":"type-product","3":"status-publish","4":"has-post-thumbnail","6":"product_cat-automatisierung-der-fusbodenheizung","8":"first","9":"instock","10":"taxable","11":"shipping-taxable","12":"purchasable","13":"product-type-simple","14":"col-xs-6 col-sm-4","15":"col-md-4 col-lg-4","16":"un-3-cols"},"acf":[],"yoast_head":"<!-- This site is optimized with the Yoast SEO plugin v21.2 - https:\/\/yoast.com\/wordpress\/plugins\/seo\/ -->\n<title>UPONOR SMATRIX WAVE PULSE L - Einsteigerset Typ L - 1093287<\/title>\n<meta name=\"description\" content=\"Order UPONOR SMATRIX WAVE PULSE L - Einsteigerset Typ L - 1093287 at a best price.\" \/>\n<meta name=\"robots\" content=\"index, follow, max-snippet:-1, max-image-preview:large, max-video-preview:-1\" \/>\n<link rel=\"canonical\" href=\"https:\/\/fluterm.eu\/de\/prod\/uponor-smatrix-wave-pulse-l-einsteigerset-typ-l-1093287\/\" \/>\n<meta property=\"og:locale\" content=\"de_DE\" \/>\n<meta property=\"og:type\" content=\"article\" \/>\n<meta property=\"og:title\" content=\"UPONOR SMATRIX WAVE PULSE L - Einsteigerset Typ L - 1093287\" \/>\n<meta property=\"og:description\" content=\"Order UPONOR SMATRIX WAVE PULSE L - Einsteigerset Typ L - 1093287 at a best price.\" \/>\n<meta property=\"og:url\" content=\"https:\/\/fluterm.eu\/de\/prod\/uponor-smatrix-wave-pulse-l-einsteigerset-typ-l-1093287\/\" \/>\n<meta property=\"og:site_name\" content=\"fluterm.eu\" \/>\n<meta property=\"og:image\" content=\"https:\/\/fluterm.eu\/wp-content\/uploads\/2023\/07\/16FABFBB-5D15-4216-9483-0400BFD6BCF9.jpeg\" \/>\n\t<meta property=\"og:image:width\" content=\"600\" \/>\n\t<meta property=\"og:image:height\" content=\"600\" \/>\n\t<meta property=\"og:image:type\" content=\"image\/jpeg\" \/>\n<meta name=\"twitter:card\" content=\"summary_large_image\" \/>\n<meta name=\"twitter:label1\" content=\"Gesch\u00e4tzte Lesezeit\" \/>\n\t<meta name=\"twitter:data1\" content=\"1\u00a0Minute\" \/>\n<script type=\"application\/ld+json\" class=\"yoast-schema-graph\">{\"@context\":\"https:\/\/schema.org\",\"@graph\":[{\"@type\":\"WebPage\",\"@id\":\"https:\/\/fluterm.eu\/de\/prod\/uponor-smatrix-wave-pulse-l-einsteigerset-typ-l-1093287\/\",\"url\":\"https:\/\/fluterm.eu\/de\/prod\/uponor-smatrix-wave-pulse-l-einsteigerset-typ-l-1093287\/\",\"name\":\"UPONOR SMATRIX WAVE PULSE L - Einsteigerset Typ L - 1093287\",\"isPartOf\":{\"@id\":\"https:\/\/fluterm.eu\/#website\"},\"datePublished\":\"2023-07-17T17:26:30+00:00\",\"dateModified\":\"2023-07-17T17:26:30+00:00\",\"description\":\"Order UPONOR SMATRIX WAVE PULSE L - Einsteigerset Typ L - 1093287 at a best price.\",\"breadcrumb\":{\"@id\":\"https:\/\/fluterm.eu\/de\/prod\/uponor-smatrix-wave-pulse-l-einsteigerset-typ-l-1093287\/#breadcrumb\"},\"inLanguage\":\"de\",\"potentialAction\":[{\"@type\":\"ReadAction\",\"target\":[\"https:\/\/fluterm.eu\/de\/prod\/uponor-smatrix-wave-pulse-l-einsteigerset-typ-l-1093287\/\"]}]},{\"@type\":\"BreadcrumbList\",\"@id\":\"https:\/\/fluterm.eu\/de\/prod\/uponor-smatrix-wave-pulse-l-einsteigerset-typ-l-1093287\/#breadcrumb\",\"itemListElement\":[{\"@type\":\"ListItem\",\"position\":1,\"name\":\"Home\",\"item\":\"https:\/\/fluterm.eu\/de\/shop\/\"},{\"@type\":\"ListItem\",\"position\":2,\"name\":\"Shop\",\"item\":\"https:\/\/fluterm.eu\/de\/shop\/\"},{\"@type\":\"ListItem\",\"position\":3,\"name\":\"UPONOR SMATRIX WAVE PULSE L &#8211; Einsteigerset Typ L &#8211; 1093287\"}]},{\"@type\":\"WebSite\",\"@id\":\"https:\/\/fluterm.eu\/#website\",\"url\":\"https:\/\/fluterm.eu\/\",\"name\":\"fluterm.eu\",\"description\":\"\",\"potentialAction\":[{\"@type\":\"SearchAction\",\"target\":{\"@type\":\"EntryPoint\",\"urlTemplate\":\"https:\/\/fluterm.eu\/?s={search_term_string}\"},\"query-input\":\"required name=search_term_string\"}],\"inLanguage\":\"de\"}]}<\/script>\n<!-- \/ Yoast SEO plugin. -->","yoast_head_json":{"title":"UPONOR SMATRIX WAVE PULSE L - Einsteigerset Typ L - 1093287","description":"Order UPONOR SMATRIX WAVE PULSE L - Einsteigerset Typ L - 1093287 at a best price.","robots":{"index":"index","follow":"follow","max-snippet":"max-snippet:-1","max-image-preview":"max-image-preview:large","max-video-preview":"max-video-preview:-1"},"canonical":"https:\/\/fluterm.eu\/de\/prod\/uponor-smatrix-wave-pulse-l-einsteigerset-typ-l-1093287\/","og_locale":"de_DE","og_type":"article","og_title":"UPONOR SMATRIX WAVE PULSE L - Einsteigerset Typ L - 1093287","og_description":"Order UPONOR SMATRIX WAVE PULSE L - Einsteigerset Typ L - 1093287 at a best price.","og_url":"https:\/\/fluterm.eu\/de\/prod\/uponor-smatrix-wave-pulse-l-einsteigerset-typ-l-1093287\/","og_site_name":"fluterm.eu","og_image":[{"width":600,"height":600,"url":"https:\/\/fluterm.eu\/wp-content\/uploads\/2023\/07\/16FABFBB-5D15-4216-9483-0400BFD6BCF9.jpeg","type":"image\/jpeg"}],"twitter_card":"summary_large_image","twitter_misc":{"Gesch\u00e4tzte Lesezeit":"1\u00a0Minute"},"schema":{"@context":"https:\/\/schema.org","@graph":[{"@type":"WebPage","@id":"https:\/\/fluterm.eu\/de\/prod\/uponor-smatrix-wave-pulse-l-einsteigerset-typ-l-1093287\/","url":"https:\/\/fluterm.eu\/de\/prod\/uponor-smatrix-wave-pulse-l-einsteigerset-typ-l-1093287\/","name":"UPONOR SMATRIX WAVE PULSE L - Einsteigerset Typ L - 1093287","isPartOf":{"@id":"https:\/\/fluterm.eu\/#website"},"datePublished":"2023-07-17T17:26:30+00:00","dateModified":"2023-07-17T17:26:30+00:00","description":"Order UPONOR SMATRIX WAVE PULSE L - Einsteigerset Typ L - 1093287 at a best price.","breadcrumb":{"@id":"https:\/\/fluterm.eu\/de\/prod\/uponor-smatrix-wave-pulse-l-einsteigerset-typ-l-1093287\/#breadcrumb"},"inLanguage":"de","potentialAction":[{"@type":"ReadAction","target":["https:\/\/fluterm.eu\/de\/prod\/uponor-smatrix-wave-pulse-l-einsteigerset-typ-l-1093287\/"]}]},{"@type":"BreadcrumbList","@id":"https:\/\/fluterm.eu\/de\/prod\/uponor-smatrix-wave-pulse-l-einsteigerset-typ-l-1093287\/#breadcrumb","itemListElement":[{"@type":"ListItem","position":1,"name":"Home","item":"https:\/\/fluterm.eu\/de\/shop\/"},{"@type":"ListItem","position":2,"name":"Shop","item":"https:\/\/fluterm.eu\/de\/shop\/"},{"@type":"ListItem","position":3,"name":"UPONOR SMATRIX WAVE PULSE L &#8211; Einsteigerset Typ L &#8211; 1093287"}]},{"@type":"WebSite","@id":"https:\/\/fluterm.eu\/#website","url":"https:\/\/fluterm.eu\/","name":"fluterm.eu","description":"","potentialAction":[{"@type":"SearchAction","target":{"@type":"EntryPoint","urlTemplate":"https:\/\/fluterm.eu\/?s={search_term_string}"},"query-input":"required name=search_term_string"}],"inLanguage":"de"}]}},"_links":{"self":[{"href":"https:\/\/fluterm.eu\/de\/wp-json\/wp\/v2\/product\/15056","targetHints":{"allow":["GET"]}}],"collection":[{"href":"https:\/\/fluterm.eu\/de\/wp-json\/wp\/v2\/product"}],"about":[{"href":"https:\/\/fluterm.eu\/de\/wp-json\/wp\/v2\/types\/product"}],"replies":[{"embeddable":true,"href":"https:\/\/fluterm.eu\/de\/wp-json\/wp\/v2\/comments?post=15056"}],"version-history":[{"count":0,"href":"https:\/\/fluterm.eu\/de\/wp-json\/wp\/v2\/product\/15056\/revisions"}],"wp:featuredmedia":[{"embeddable":true,"href":"https:\/\/fluterm.eu\/de\/wp-json\/wp\/v2\/media\/4249"}],"wp:attachment":[{"href":"https:\/\/fluterm.eu\/de\/wp-json\/wp\/v2\/media?parent=15056"}],"wp:term":[{"taxonomy":"product_cat","embeddable":true,"href":"https:\/\/fluterm.eu\/de\/wp-json\/wp\/v2\/product_cat?post=15056"},{"taxonomy":"product_tag","embeddable":true,"href":"https:\/\/fluterm.eu\/de\/wp-json\/wp\/v2\/product_tag?post=15056"}],"curies":[{"name":"wp","href":"https:\/\/api.w.org\/{rel}","templated":true}]}}