{"id":15114,"date":"2023-07-17T20:54:27","date_gmt":"2023-07-17T17:54:27","guid":{"rendered":"https:\/\/fluterm.eu\/prod\/uponor-paket-90m2-komplette-fussbodenheizung\/"},"modified":"2023-07-17T20:54:27","modified_gmt":"2023-07-17T17:54:27","slug":"uponor-package-90m2-komplett-unterflur-heizung","status":"publish","type":"product","link":"https:\/\/fluterm.eu\/de\/prod\/uponor-package-90m2-komplett-unterflur-heizung\/","title":{"rendered":"UPONOR Paket 90m2 Komplette Fu\u00dfbodenheizung"},"content":{"rendered":"<p>Dieses Fu\u00dfbodenheizungspaket ist die ideale L\u00f6sung f\u00fcr die Beheizung eines Hauses mit einer Fl\u00e4che von 90 m2. Das Paket wird komplett geliefert und enth\u00e4lt alles Notwendige, um von jedem Installateur leicht installiert werden zu k\u00f6nnen.<\/p>\n<p>Das Paket besteht aus den folgenden Produkten:<\/p>\n<p>640m \u00d7 Sauerstoffsperrrohr pro-xA DN 16\u00d72 uponor<\/p>\n<p>100m2 \u00d7 Folie<\/p>\n<p>1 \u00d7 1&#8243; x 3\/4&#8243; EK 9-fach UPONOR R\u00fccklauf-\/R\u00fccklaufverteiler-Set mit Durchflussmessern<\/p>\n<p>1 \u00d7 Verteilertr\u00e4ger-Set 1<\/p>\n<p>3 x Raumthermostat uponor smatrix<\/p>\n<p>1 x Kontrolleinheit<\/p>\n<p>9 x Servomotor auf Motor<\/p>\n<p>18 \u00d7 Verbinder f\u00fcr Pex 16\u00d73\/4 EK<\/p>\n<p>2 \u00d7 Verteilerendst\u00fcck mit Entleerungsventil und automatischer Entl\u00fcftung<\/p>\n<p>1 \u00d7 Einstellbarer Verteilerkasten<\/p>\n<p>2\u00d7 PERIMETER STRIP 25m<\/p>\n<p>16\u00d7 Leitende Kurven 16-18<\/p>\n<p>2000 St\u00fcck Taker-Klemme<\/p>\n","protected":false},"excerpt":{"rendered":"<p>Dieses Fu\u00dfbodenheizungspaket ist die ideale L\u00f6sung f\u00fcr die Beheizung eines Hauses mit einer Fl\u00e4che von 90 m2. Das Paket wird komplett geliefert und enth\u00e4lt alles Notwendige, um von jedem Installateur leicht installiert werden zu k\u00f6nnen. Das Paket besteht aus den folgenden Produkten: 640m \u00d7 Sauerstoffsperrrohr pro-xA DN 16\u00d72 uponor 100m2 \u00d7 Folie 1 \u00d7 1&#8243;&hellip;<\/p>\n","protected":false},"featured_media":4123,"comment_status":"open","ping_status":"closed","template":"","meta":[],"product_cat":[884],"product_tag":[],"class_list":{"0":"post-15114","1":"product","2":"type-product","3":"status-publish","4":"has-post-thumbnail","6":"product_cat-komplettpakete-fur-fusbodenheizung","8":"first","9":"instock","10":"taxable","11":"shipping-taxable","12":"purchasable","13":"product-type-simple","14":"col-xs-6 col-sm-4","15":"col-md-4 col-lg-4","16":"un-3-cols"},"acf":[],"yoast_head":"<!-- This site is optimized with the Yoast SEO plugin v21.2 - https:\/\/yoast.com\/wordpress\/plugins\/seo\/ -->\n<title>UPONOR Paket 90m2 Komplette Fu\u00dfbodenheizung<\/title>\n<meta name=\"description\" content=\"Order UPONOR Paket 90m2 Komplette Fu\u00dfbodenheizung at a best price.\" \/>\n<meta name=\"robots\" content=\"index, follow, max-snippet:-1, max-image-preview:large, max-video-preview:-1\" \/>\n<link rel=\"canonical\" href=\"https:\/\/fluterm.eu\/de\/prod\/uponor-paket-90m2-komplette-fussbodenheizung\/\" \/>\n<meta property=\"og:locale\" content=\"de_DE\" \/>\n<meta property=\"og:type\" content=\"article\" \/>\n<meta property=\"og:title\" content=\"UPONOR Paket 90m2 Komplette Fu\u00dfbodenheizung\" \/>\n<meta property=\"og:description\" content=\"Order UPONOR Paket 90m2 Komplette Fu\u00dfbodenheizung at a best price.\" \/>\n<meta property=\"og:url\" content=\"https:\/\/fluterm.eu\/de\/prod\/uponor-paket-90m2-komplette-fussbodenheizung\/\" \/>\n<meta property=\"og:site_name\" content=\"fluterm.eu\" \/>\n<meta property=\"og:image\" content=\"https:\/\/fluterm.eu\/wp-content\/uploads\/2023\/07\/5901D08D-73C0-47DD-904D-0D339658FBA6.jpeg\" \/>\n\t<meta property=\"og:image:width\" content=\"2048\" \/>\n\t<meta property=\"og:image:height\" content=\"2048\" \/>\n\t<meta property=\"og:image:type\" content=\"image\/jpeg\" \/>\n<meta name=\"twitter:card\" content=\"summary_large_image\" \/>\n<meta name=\"twitter:label1\" content=\"Gesch\u00e4tzte Lesezeit\" \/>\n\t<meta name=\"twitter:data1\" content=\"1\u00a0Minute\" \/>\n<script type=\"application\/ld+json\" class=\"yoast-schema-graph\">{\"@context\":\"https:\/\/schema.org\",\"@graph\":[{\"@type\":\"WebPage\",\"@id\":\"https:\/\/fluterm.eu\/de\/prod\/uponor-paket-90m2-komplette-fussbodenheizung\/\",\"url\":\"https:\/\/fluterm.eu\/de\/prod\/uponor-paket-90m2-komplette-fussbodenheizung\/\",\"name\":\"UPONOR Paket 90m2 Komplette Fu\u00dfbodenheizung\",\"isPartOf\":{\"@id\":\"https:\/\/fluterm.eu\/#website\"},\"datePublished\":\"2023-07-17T17:54:27+00:00\",\"dateModified\":\"2023-07-17T17:54:27+00:00\",\"description\":\"Order UPONOR Paket 90m2 Komplette Fu\u00dfbodenheizung at a best price.\",\"breadcrumb\":{\"@id\":\"https:\/\/fluterm.eu\/de\/prod\/uponor-paket-90m2-komplette-fussbodenheizung\/#breadcrumb\"},\"inLanguage\":\"de\",\"potentialAction\":[{\"@type\":\"ReadAction\",\"target\":[\"https:\/\/fluterm.eu\/de\/prod\/uponor-paket-90m2-komplette-fussbodenheizung\/\"]}]},{\"@type\":\"BreadcrumbList\",\"@id\":\"https:\/\/fluterm.eu\/de\/prod\/uponor-paket-90m2-komplette-fussbodenheizung\/#breadcrumb\",\"itemListElement\":[{\"@type\":\"ListItem\",\"position\":1,\"name\":\"Home\",\"item\":\"https:\/\/fluterm.eu\/de\/shop\/\"},{\"@type\":\"ListItem\",\"position\":2,\"name\":\"Shop\",\"item\":\"https:\/\/fluterm.eu\/de\/shop\/\"},{\"@type\":\"ListItem\",\"position\":3,\"name\":\"UPONOR Paket 90m2 Komplette Fu\u00dfbodenheizung\"}]},{\"@type\":\"WebSite\",\"@id\":\"https:\/\/fluterm.eu\/#website\",\"url\":\"https:\/\/fluterm.eu\/\",\"name\":\"fluterm.eu\",\"description\":\"\",\"potentialAction\":[{\"@type\":\"SearchAction\",\"target\":{\"@type\":\"EntryPoint\",\"urlTemplate\":\"https:\/\/fluterm.eu\/?s={search_term_string}\"},\"query-input\":\"required name=search_term_string\"}],\"inLanguage\":\"de\"}]}<\/script>\n<!-- \/ Yoast SEO plugin. -->","yoast_head_json":{"title":"UPONOR Paket 90m2 Komplette Fu\u00dfbodenheizung","description":"Order UPONOR Paket 90m2 Komplette Fu\u00dfbodenheizung at a best price.","robots":{"index":"index","follow":"follow","max-snippet":"max-snippet:-1","max-image-preview":"max-image-preview:large","max-video-preview":"max-video-preview:-1"},"canonical":"https:\/\/fluterm.eu\/de\/prod\/uponor-paket-90m2-komplette-fussbodenheizung\/","og_locale":"de_DE","og_type":"article","og_title":"UPONOR Paket 90m2 Komplette Fu\u00dfbodenheizung","og_description":"Order UPONOR Paket 90m2 Komplette Fu\u00dfbodenheizung at a best price.","og_url":"https:\/\/fluterm.eu\/de\/prod\/uponor-paket-90m2-komplette-fussbodenheizung\/","og_site_name":"fluterm.eu","og_image":[{"width":2048,"height":2048,"url":"https:\/\/fluterm.eu\/wp-content\/uploads\/2023\/07\/5901D08D-73C0-47DD-904D-0D339658FBA6.jpeg","type":"image\/jpeg"}],"twitter_card":"summary_large_image","twitter_misc":{"Gesch\u00e4tzte Lesezeit":"1\u00a0Minute"},"schema":{"@context":"https:\/\/schema.org","@graph":[{"@type":"WebPage","@id":"https:\/\/fluterm.eu\/de\/prod\/uponor-paket-90m2-komplette-fussbodenheizung\/","url":"https:\/\/fluterm.eu\/de\/prod\/uponor-paket-90m2-komplette-fussbodenheizung\/","name":"UPONOR Paket 90m2 Komplette Fu\u00dfbodenheizung","isPartOf":{"@id":"https:\/\/fluterm.eu\/#website"},"datePublished":"2023-07-17T17:54:27+00:00","dateModified":"2023-07-17T17:54:27+00:00","description":"Order UPONOR Paket 90m2 Komplette Fu\u00dfbodenheizung at a best price.","breadcrumb":{"@id":"https:\/\/fluterm.eu\/de\/prod\/uponor-paket-90m2-komplette-fussbodenheizung\/#breadcrumb"},"inLanguage":"de","potentialAction":[{"@type":"ReadAction","target":["https:\/\/fluterm.eu\/de\/prod\/uponor-paket-90m2-komplette-fussbodenheizung\/"]}]},{"@type":"BreadcrumbList","@id":"https:\/\/fluterm.eu\/de\/prod\/uponor-paket-90m2-komplette-fussbodenheizung\/#breadcrumb","itemListElement":[{"@type":"ListItem","position":1,"name":"Home","item":"https:\/\/fluterm.eu\/de\/shop\/"},{"@type":"ListItem","position":2,"name":"Shop","item":"https:\/\/fluterm.eu\/de\/shop\/"},{"@type":"ListItem","position":3,"name":"UPONOR Paket 90m2 Komplette Fu\u00dfbodenheizung"}]},{"@type":"WebSite","@id":"https:\/\/fluterm.eu\/#website","url":"https:\/\/fluterm.eu\/","name":"fluterm.eu","description":"","potentialAction":[{"@type":"SearchAction","target":{"@type":"EntryPoint","urlTemplate":"https:\/\/fluterm.eu\/?s={search_term_string}"},"query-input":"required name=search_term_string"}],"inLanguage":"de"}]}},"_links":{"self":[{"href":"https:\/\/fluterm.eu\/de\/wp-json\/wp\/v2\/product\/15114","targetHints":{"allow":["GET"]}}],"collection":[{"href":"https:\/\/fluterm.eu\/de\/wp-json\/wp\/v2\/product"}],"about":[{"href":"https:\/\/fluterm.eu\/de\/wp-json\/wp\/v2\/types\/product"}],"replies":[{"embeddable":true,"href":"https:\/\/fluterm.eu\/de\/wp-json\/wp\/v2\/comments?post=15114"}],"version-history":[{"count":0,"href":"https:\/\/fluterm.eu\/de\/wp-json\/wp\/v2\/product\/15114\/revisions"}],"wp:featuredmedia":[{"embeddable":true,"href":"https:\/\/fluterm.eu\/de\/wp-json\/wp\/v2\/media\/4123"}],"wp:attachment":[{"href":"https:\/\/fluterm.eu\/de\/wp-json\/wp\/v2\/media?parent=15114"}],"wp:term":[{"taxonomy":"product_cat","embeddable":true,"href":"https:\/\/fluterm.eu\/de\/wp-json\/wp\/v2\/product_cat?post=15114"},{"taxonomy":"product_tag","embeddable":true,"href":"https:\/\/fluterm.eu\/de\/wp-json\/wp\/v2\/product_tag?post=15114"}],"curies":[{"name":"wp","href":"https:\/\/api.w.org\/{rel}","templated":true}]}}