{"id":15256,"date":"2023-07-12T19:44:16","date_gmt":"2023-07-12T16:44:16","guid":{"rendered":"https:\/\/fluterm.eu\/prod\/rohr-fuer-fussbodenheizung-mit-sauerstoffsperre-giacomini-pe-xb-extra-flex-16x2mm\/"},"modified":"2025-05-01T00:23:01","modified_gmt":"2025-04-30T21:23:01","slug":"rohr-fur-bodenheizung-mit-sauerstoffbarriere-giacomini-pe-xb-extra-flex-16x2mm","status":"publish","type":"product","link":"https:\/\/fluterm.eu\/de\/prod\/rohr-fur-bodenheizung-mit-sauerstoffbarriere-giacomini-pe-xb-extra-flex-16x2mm\/","title":{"rendered":"Rohr f\u00fcr Fu\u00dfbodenheizung mit Sauerstoffsperre Giacomini PE-Xb Extra Flex 16x2mm"},"content":{"rendered":"<div class=\"page\" title=\"Seite 1\">\n<div class=\"layoutArea\">\n<div class=\"column\">\n<p>                         <strong>50 Jahre Garantie<\/strong><\/p>\n<p>Die PE-Xb-Rohre mit Sauerstoffsperre R996T von Giacomini sind f\u00fcr Heiz- oder K\u00fchlsysteme bestimmt.<\/p>\n<p>Sie haben einen Vernetzungsgrad von \u00fcber 70 % und dank einer speziell f\u00fcr diese Rohre entwickelten Mischung weisen sie eine hohe Flexibilit\u00e4t auf, die eine einfache Verlegung auf der Platte mit Knoten oder auf einem anderen Tr\u00e4ger f\u00fcr die Fu\u00dfbodenheizung erm\u00f6glicht.<\/p>\n<p>Sie bietet eine Sauerstoffbarriere gem\u00e4\u00df den Normen RN ISO 15875 und DIN 4726 und eine Lebensdauer von \u00fcber 50 Jahren.<\/p>\n<p>Technische Daten:<br \/>\nAnwendungsbereich: Klasse 4 (Fu\u00dfbodenheizungen) und Klasse 5 (Radiatorenheizungen)<br \/>\nDas Rohr ist nicht f\u00fcr die Verwendung in Trinkwassersystemen vorgesehen.<\/p>\n<p>&#8211; Dichte: 0,939 g \/ cm3<br \/>\n&#8211; W\u00e4rmeleitf\u00e4higkeit: 0,38 W \/ (m K)<br \/>\n&#8211; Koeffizient der linearen Ausdehnung: (1,9 x 10-4) \/ K<br \/>\n&#8211; Dehnung bei Bruch: 520%<br \/>\n&#8211; Elastizit\u00e4tsmodul bei 23 \u00b0 C: 540 MPa<br \/>\nVerwendung: Fu\u00dfbodenheizung<\/p>\n<p>Durchmesser des Rohrs: 16 mm<\/p>\n<p>Rohrtyp: PE-Xb<\/p>\n<p>jedes Filmmaterial kann geschnitten werden<\/p>\n<\/div>\n<\/div>\n<\/div>\n<div id=\"jp-relatedposts\" class=\"jp-relatedposts\">\n<h3 class=\"jp-relatedposts-headline\"><\/h3>\n<div class=\"jp-relatedposts-items jp-relatedposts-items-minimal jp-relatedposts-grid \">\n<p class=\"jp-relatedposts-post jp-relatedposts-post0\" data-post-id=\"122\" data-post-format=\"false\">\n<\/div>\n<\/div>\n","protected":false},"excerpt":{"rendered":"<p>Rohr f\u00fcr Fu\u00dfbodenheizung<\/p>\n","protected":false},"featured_media":3325,"comment_status":"open","ping_status":"closed","template":"","meta":[],"product_cat":[867],"product_tag":[],"class_list":{"0":"post-15256","1":"product","2":"type-product","3":"status-publish","4":"has-post-thumbnail","6":"product_cat-fusbodenheizung-rohr","8":"first","9":"instock","10":"taxable","11":"shipping-taxable","12":"purchasable","13":"product-type-simple","14":"col-xs-6 col-sm-4","15":"col-md-4 col-lg-4","16":"un-3-cols"},"acf":[],"yoast_head":"<!-- This site is optimized with the Yoast SEO plugin v21.2 - https:\/\/yoast.com\/wordpress\/plugins\/seo\/ -->\n<title>Rohr f\u00fcr Fu\u00dfbodenheizung mit Sauerstoffsperre Giacomini PE-Xb Extra Flex 16x2mm<\/title>\n<meta name=\"description\" content=\"Order Rohr f\u00fcr Fu\u00dfbodenheizung mit Sauerstoffsperre Giacomini PE-Xb Extra Flex 16x2mm at a best price.\" \/>\n<meta name=\"robots\" content=\"index, follow, max-snippet:-1, max-image-preview:large, max-video-preview:-1\" \/>\n<link rel=\"canonical\" href=\"https:\/\/fluterm.eu\/de\/prod\/rohr-fur-bodenheizung-mit-sauerstoffbarriere-giacomini-pe-xb-extra-flex-16x2mm\/\" \/>\n<meta property=\"og:locale\" content=\"de_DE\" \/>\n<meta property=\"og:type\" content=\"article\" \/>\n<meta property=\"og:title\" content=\"Rohr f\u00fcr Fu\u00dfbodenheizung mit Sauerstoffsperre Giacomini PE-Xb Extra Flex 16x2mm\" \/>\n<meta property=\"og:description\" content=\"Order Rohr f\u00fcr Fu\u00dfbodenheizung mit Sauerstoffsperre Giacomini PE-Xb Extra Flex 16x2mm at a best price.\" \/>\n<meta property=\"og:url\" content=\"https:\/\/fluterm.eu\/de\/prod\/rohr-fur-bodenheizung-mit-sauerstoffbarriere-giacomini-pe-xb-extra-flex-16x2mm\/\" \/>\n<meta property=\"og:site_name\" content=\"fluterm.eu\" \/>\n<meta property=\"article:modified_time\" content=\"2025-04-30T21:23:01+00:00\" \/>\n<meta property=\"og:image\" content=\"https:\/\/fluterm.eu\/wp-content\/uploads\/2023\/07\/12A5F521-8C25-422C-B15B-8035068EDE3C_4_5005_c.jpeg\" \/>\n\t<meta property=\"og:image:width\" content=\"224\" \/>\n\t<meta property=\"og:image:height\" content=\"224\" \/>\n\t<meta property=\"og:image:type\" content=\"image\/jpeg\" \/>\n<meta name=\"twitter:card\" content=\"summary_large_image\" \/>\n<meta name=\"twitter:label1\" content=\"Gesch\u00e4tzte Lesezeit\" \/>\n\t<meta name=\"twitter:data1\" content=\"1\u00a0Minute\" \/>\n<script type=\"application\/ld+json\" class=\"yoast-schema-graph\">{\"@context\":\"https:\/\/schema.org\",\"@graph\":[{\"@type\":\"WebPage\",\"@id\":\"https:\/\/fluterm.eu\/de\/prod\/rohr-fur-bodenheizung-mit-sauerstoffbarriere-giacomini-pe-xb-extra-flex-16x2mm\/\",\"url\":\"https:\/\/fluterm.eu\/de\/prod\/rohr-fur-bodenheizung-mit-sauerstoffbarriere-giacomini-pe-xb-extra-flex-16x2mm\/\",\"name\":\"Rohr f\u00fcr Fu\u00dfbodenheizung mit Sauerstoffsperre Giacomini PE-Xb Extra Flex 16x2mm\",\"isPartOf\":{\"@id\":\"https:\/\/fluterm.eu\/#website\"},\"datePublished\":\"2023-07-12T16:44:16+00:00\",\"dateModified\":\"2025-04-30T21:23:01+00:00\",\"description\":\"Order Rohr f\u00fcr Fu\u00dfbodenheizung mit Sauerstoffsperre Giacomini PE-Xb Extra Flex 16x2mm at a best price.\",\"breadcrumb\":{\"@id\":\"https:\/\/fluterm.eu\/de\/prod\/rohr-fur-bodenheizung-mit-sauerstoffbarriere-giacomini-pe-xb-extra-flex-16x2mm\/#breadcrumb\"},\"inLanguage\":\"de\",\"potentialAction\":[{\"@type\":\"ReadAction\",\"target\":[\"https:\/\/fluterm.eu\/de\/prod\/rohr-fur-bodenheizung-mit-sauerstoffbarriere-giacomini-pe-xb-extra-flex-16x2mm\/\"]}]},{\"@type\":\"BreadcrumbList\",\"@id\":\"https:\/\/fluterm.eu\/de\/prod\/rohr-fur-bodenheizung-mit-sauerstoffbarriere-giacomini-pe-xb-extra-flex-16x2mm\/#breadcrumb\",\"itemListElement\":[{\"@type\":\"ListItem\",\"position\":1,\"name\":\"Home\",\"item\":\"https:\/\/fluterm.eu\/de\/shop\/\"},{\"@type\":\"ListItem\",\"position\":2,\"name\":\"Shop\",\"item\":\"https:\/\/fluterm.eu\/de\/shop\/\"},{\"@type\":\"ListItem\",\"position\":3,\"name\":\"Rohr f\u00fcr Fu\u00dfbodenheizung mit Sauerstoffsperre Giacomini PE-Xb Extra Flex 16x2mm\"}]},{\"@type\":\"WebSite\",\"@id\":\"https:\/\/fluterm.eu\/#website\",\"url\":\"https:\/\/fluterm.eu\/\",\"name\":\"fluterm.eu\",\"description\":\"\",\"potentialAction\":[{\"@type\":\"SearchAction\",\"target\":{\"@type\":\"EntryPoint\",\"urlTemplate\":\"https:\/\/fluterm.eu\/?s={search_term_string}\"},\"query-input\":\"required name=search_term_string\"}],\"inLanguage\":\"de\"}]}<\/script>\n<!-- \/ Yoast SEO plugin. -->","yoast_head_json":{"title":"Rohr f\u00fcr Fu\u00dfbodenheizung mit Sauerstoffsperre Giacomini PE-Xb Extra Flex 16x2mm","description":"Order Rohr f\u00fcr Fu\u00dfbodenheizung mit Sauerstoffsperre Giacomini PE-Xb Extra Flex 16x2mm at a best price.","robots":{"index":"index","follow":"follow","max-snippet":"max-snippet:-1","max-image-preview":"max-image-preview:large","max-video-preview":"max-video-preview:-1"},"canonical":"https:\/\/fluterm.eu\/de\/prod\/rohr-fur-bodenheizung-mit-sauerstoffbarriere-giacomini-pe-xb-extra-flex-16x2mm\/","og_locale":"de_DE","og_type":"article","og_title":"Rohr f\u00fcr Fu\u00dfbodenheizung mit Sauerstoffsperre Giacomini PE-Xb Extra Flex 16x2mm","og_description":"Order Rohr f\u00fcr Fu\u00dfbodenheizung mit Sauerstoffsperre Giacomini PE-Xb Extra Flex 16x2mm at a best price.","og_url":"https:\/\/fluterm.eu\/de\/prod\/rohr-fur-bodenheizung-mit-sauerstoffbarriere-giacomini-pe-xb-extra-flex-16x2mm\/","og_site_name":"fluterm.eu","article_modified_time":"2025-04-30T21:23:01+00:00","og_image":[{"width":224,"height":224,"url":"https:\/\/fluterm.eu\/wp-content\/uploads\/2023\/07\/12A5F521-8C25-422C-B15B-8035068EDE3C_4_5005_c.jpeg","type":"image\/jpeg"}],"twitter_card":"summary_large_image","twitter_misc":{"Gesch\u00e4tzte Lesezeit":"1\u00a0Minute"},"schema":{"@context":"https:\/\/schema.org","@graph":[{"@type":"WebPage","@id":"https:\/\/fluterm.eu\/de\/prod\/rohr-fur-bodenheizung-mit-sauerstoffbarriere-giacomini-pe-xb-extra-flex-16x2mm\/","url":"https:\/\/fluterm.eu\/de\/prod\/rohr-fur-bodenheizung-mit-sauerstoffbarriere-giacomini-pe-xb-extra-flex-16x2mm\/","name":"Rohr f\u00fcr Fu\u00dfbodenheizung mit Sauerstoffsperre Giacomini PE-Xb Extra Flex 16x2mm","isPartOf":{"@id":"https:\/\/fluterm.eu\/#website"},"datePublished":"2023-07-12T16:44:16+00:00","dateModified":"2025-04-30T21:23:01+00:00","description":"Order Rohr f\u00fcr Fu\u00dfbodenheizung mit Sauerstoffsperre Giacomini PE-Xb Extra Flex 16x2mm at a best price.","breadcrumb":{"@id":"https:\/\/fluterm.eu\/de\/prod\/rohr-fur-bodenheizung-mit-sauerstoffbarriere-giacomini-pe-xb-extra-flex-16x2mm\/#breadcrumb"},"inLanguage":"de","potentialAction":[{"@type":"ReadAction","target":["https:\/\/fluterm.eu\/de\/prod\/rohr-fur-bodenheizung-mit-sauerstoffbarriere-giacomini-pe-xb-extra-flex-16x2mm\/"]}]},{"@type":"BreadcrumbList","@id":"https:\/\/fluterm.eu\/de\/prod\/rohr-fur-bodenheizung-mit-sauerstoffbarriere-giacomini-pe-xb-extra-flex-16x2mm\/#breadcrumb","itemListElement":[{"@type":"ListItem","position":1,"name":"Home","item":"https:\/\/fluterm.eu\/de\/shop\/"},{"@type":"ListItem","position":2,"name":"Shop","item":"https:\/\/fluterm.eu\/de\/shop\/"},{"@type":"ListItem","position":3,"name":"Rohr f\u00fcr Fu\u00dfbodenheizung mit Sauerstoffsperre Giacomini PE-Xb Extra Flex 16x2mm"}]},{"@type":"WebSite","@id":"https:\/\/fluterm.eu\/#website","url":"https:\/\/fluterm.eu\/","name":"fluterm.eu","description":"","potentialAction":[{"@type":"SearchAction","target":{"@type":"EntryPoint","urlTemplate":"https:\/\/fluterm.eu\/?s={search_term_string}"},"query-input":"required name=search_term_string"}],"inLanguage":"de"}]}},"_links":{"self":[{"href":"https:\/\/fluterm.eu\/de\/wp-json\/wp\/v2\/product\/15256","targetHints":{"allow":["GET"]}}],"collection":[{"href":"https:\/\/fluterm.eu\/de\/wp-json\/wp\/v2\/product"}],"about":[{"href":"https:\/\/fluterm.eu\/de\/wp-json\/wp\/v2\/types\/product"}],"replies":[{"embeddable":true,"href":"https:\/\/fluterm.eu\/de\/wp-json\/wp\/v2\/comments?post=15256"}],"version-history":[{"count":0,"href":"https:\/\/fluterm.eu\/de\/wp-json\/wp\/v2\/product\/15256\/revisions"}],"wp:featuredmedia":[{"embeddable":true,"href":"https:\/\/fluterm.eu\/de\/wp-json\/wp\/v2\/media\/3325"}],"wp:attachment":[{"href":"https:\/\/fluterm.eu\/de\/wp-json\/wp\/v2\/media?parent=15256"}],"wp:term":[{"taxonomy":"product_cat","embeddable":true,"href":"https:\/\/fluterm.eu\/de\/wp-json\/wp\/v2\/product_cat?post=15256"},{"taxonomy":"product_tag","embeddable":true,"href":"https:\/\/fluterm.eu\/de\/wp-json\/wp\/v2\/product_tag?post=15256"}],"curies":[{"name":"wp","href":"https:\/\/api.w.org\/{rel}","templated":true}]}}