{"id":15499,"date":"2023-06-10T14:51:29","date_gmt":"2023-06-10T11:51:29","guid":{"rendered":"https:\/\/fluterm.eu\/prod\/fussbodenheizungs-mischset-mit-pumpe\/"},"modified":"2024-12-18T10:05:06","modified_gmt":"2024-12-18T08:05:06","slug":"fusbodenheizungs-mischset-mit-pumpe","status":"publish","type":"product","link":"https:\/\/fluterm.eu\/de\/prod\/fusbodenheizungs-mischset-mit-pumpe\/","title":{"rendered":"Fu\u00dfbodenheizungs-Mischset mit Pumpe"},"content":{"rendered":"<p>Unser kompakter und leichter thermostatischer Mischregler f\u00fcr Fu\u00dfbodenheizungen erm\u00f6glicht den direkten Anschluss an unser Sortiment an Fu\u00dfbodenheizungsverteilern und wird komplett montiert im Linksformat mit G1-Drehgelenk-Flachdichtungsanschl\u00fcssen als Standard geliefert.<\/p>\n<p>Das vielseitige Design und die Verschraubungsanschl\u00fcsse machen die Installation am Verteiler einfach, und da keine zus\u00e4tzlichen Halterungen erforderlich sind, entf\u00e4llt das zeitaufw\u00e4ndige Bohren und Befestigen.<\/p>\n<p>Mit dem Mischventil k\u00f6nnen Sie die Vorlauftemperatur zwischen 35 und 65 \u00b0C einstellen, um die Gesamttemperatur der Fu\u00dfbodenheizung pr\u00e4zise zu steuern. Die Fu\u00dfbodenheizung kann mit jeder Art von W\u00e4rmequelle gespeist werden, einschlie\u00dflich \u00d6l- und Gaskesseln, Holz\u00f6fen und umweltfreundlichen Energiequellen wie Solar-, Erd- und Luftw\u00e4rmepumpen.<\/p>\n<p>Jedes Reglerpaket besteht aus dem thermostatischen Mischventil, einer energieeffizienten Umw\u00e4lzpumpe der Klasse A von Wilo, einem Verteileradapter und allen erforderlichen Dichtungen.<\/p>\n<p><strong>Einstellung der Mischregelung  <\/strong><\/p>\n<p>Das thermostatische Mischventil ist werkseitig so eingestellt, dass es den Fu\u00dfbodenheizungsverteiler mit 45\u00b0 C warmem Wasser versorgt. Die Temperatur des Mischwassers kann durch Drehen des Mischventil-Regelknopfes zwischen 35\u00b0c und 65\u00b0c eingestellt werden, und zwar im Uhrzeigersinn, um die Temperatur zu erh\u00f6hen, und gegen den Uhrzeigersinn, um sie zu senken.<\/p>\n<p>ibo amg A-Klasse Pumpe mit 3 Jahren Garantie<\/p>\n","protected":false},"excerpt":{"rendered":"<p>Unser kompakter und leichter thermostatischer Mischregler f\u00fcr Fu\u00dfbodenheizungen erm\u00f6glicht den direkten Anschluss an unser Sortiment an Fu\u00dfbodenheizungsverteilern und wird komplett montiert im Linksformat mit G1-Drehgelenk-Flachdichtungsanschl\u00fcssen als Standard geliefert. Das vielseitige Design und die Verschraubungsanschl\u00fcsse machen die Installation am Verteiler einfach, und da keine zus\u00e4tzlichen Halterungen erforderlich sind, entf\u00e4llt das zeitaufw\u00e4ndige Bohren und Befestigen. Mit dem&hellip;<\/p>\n","protected":false},"featured_media":3220,"comment_status":"open","ping_status":"closed","template":"","meta":[],"product_cat":[845],"product_tag":[],"class_list":{"0":"post-15499","1":"product","2":"type-product","3":"status-publish","4":"has-post-thumbnail","6":"product_cat-fusbodenheizung-mischgruppen","8":"first","9":"instock","10":"sale","11":"taxable","12":"shipping-taxable","13":"purchasable","14":"product-type-simple","15":"col-xs-6 col-sm-4","16":"col-md-4 col-lg-4","17":"un-3-cols"},"acf":[],"yoast_head":"<!-- This site is optimized with the Yoast SEO plugin v21.2 - https:\/\/yoast.com\/wordpress\/plugins\/seo\/ -->\n<title>Fu\u00dfbodenheizungs-Mischset mit Pumpe<\/title>\n<meta name=\"description\" content=\"Order Fu\u00dfbodenheizungs-Mischset mit Pumpe at a best price.\" \/>\n<meta name=\"robots\" content=\"index, follow, max-snippet:-1, max-image-preview:large, max-video-preview:-1\" \/>\n<link rel=\"canonical\" href=\"https:\/\/fluterm.eu\/de\/prod\/fusbodenheizungs-mischset-mit-pumpe\/\" \/>\n<meta property=\"og:locale\" content=\"de_DE\" \/>\n<meta property=\"og:type\" content=\"article\" \/>\n<meta property=\"og:title\" content=\"Fu\u00dfbodenheizungs-Mischset mit Pumpe\" \/>\n<meta property=\"og:description\" content=\"Order Fu\u00dfbodenheizungs-Mischset mit Pumpe at a best price.\" \/>\n<meta property=\"og:url\" content=\"https:\/\/fluterm.eu\/de\/prod\/fusbodenheizungs-mischset-mit-pumpe\/\" \/>\n<meta property=\"og:site_name\" content=\"fluterm.eu\" \/>\n<meta property=\"article:modified_time\" content=\"2024-12-18T08:05:06+00:00\" \/>\n<meta property=\"og:image\" content=\"https:\/\/fluterm.eu\/wp-content\/uploads\/2023\/06\/2928A4CC-4987-46F4-B58E-9B651F4546DE.jpeg\" \/>\n\t<meta property=\"og:image:width\" content=\"2000\" \/>\n\t<meta property=\"og:image:height\" content=\"2000\" \/>\n\t<meta property=\"og:image:type\" content=\"image\/jpeg\" \/>\n<meta name=\"twitter:card\" content=\"summary_large_image\" \/>\n<meta name=\"twitter:label1\" content=\"Gesch\u00e4tzte Lesezeit\" \/>\n\t<meta name=\"twitter:data1\" content=\"1\u00a0Minute\" \/>\n<script type=\"application\/ld+json\" class=\"yoast-schema-graph\">{\"@context\":\"https:\/\/schema.org\",\"@graph\":[{\"@type\":\"WebPage\",\"@id\":\"https:\/\/fluterm.eu\/de\/prod\/fusbodenheizungs-mischset-mit-pumpe\/\",\"url\":\"https:\/\/fluterm.eu\/de\/prod\/fusbodenheizungs-mischset-mit-pumpe\/\",\"name\":\"Fu\u00dfbodenheizungs-Mischset mit Pumpe\",\"isPartOf\":{\"@id\":\"https:\/\/fluterm.eu\/#website\"},\"datePublished\":\"2023-06-10T11:51:29+00:00\",\"dateModified\":\"2024-12-18T08:05:06+00:00\",\"description\":\"Order Fu\u00dfbodenheizungs-Mischset mit Pumpe at a best price.\",\"breadcrumb\":{\"@id\":\"https:\/\/fluterm.eu\/de\/prod\/fusbodenheizungs-mischset-mit-pumpe\/#breadcrumb\"},\"inLanguage\":\"de\",\"potentialAction\":[{\"@type\":\"ReadAction\",\"target\":[\"https:\/\/fluterm.eu\/de\/prod\/fusbodenheizungs-mischset-mit-pumpe\/\"]}]},{\"@type\":\"BreadcrumbList\",\"@id\":\"https:\/\/fluterm.eu\/de\/prod\/fusbodenheizungs-mischset-mit-pumpe\/#breadcrumb\",\"itemListElement\":[{\"@type\":\"ListItem\",\"position\":1,\"name\":\"Home\",\"item\":\"https:\/\/fluterm.eu\/de\/shop\/\"},{\"@type\":\"ListItem\",\"position\":2,\"name\":\"Shop\",\"item\":\"https:\/\/fluterm.eu\/de\/shop\/\"},{\"@type\":\"ListItem\",\"position\":3,\"name\":\"Fu\u00dfbodenheizungs-Mischset mit Pumpe\"}]},{\"@type\":\"WebSite\",\"@id\":\"https:\/\/fluterm.eu\/#website\",\"url\":\"https:\/\/fluterm.eu\/\",\"name\":\"fluterm.eu\",\"description\":\"\",\"potentialAction\":[{\"@type\":\"SearchAction\",\"target\":{\"@type\":\"EntryPoint\",\"urlTemplate\":\"https:\/\/fluterm.eu\/?s={search_term_string}\"},\"query-input\":\"required name=search_term_string\"}],\"inLanguage\":\"de\"}]}<\/script>\n<!-- \/ Yoast SEO plugin. -->","yoast_head_json":{"title":"Fu\u00dfbodenheizungs-Mischset mit Pumpe","description":"Order Fu\u00dfbodenheizungs-Mischset mit Pumpe at a best price.","robots":{"index":"index","follow":"follow","max-snippet":"max-snippet:-1","max-image-preview":"max-image-preview:large","max-video-preview":"max-video-preview:-1"},"canonical":"https:\/\/fluterm.eu\/de\/prod\/fusbodenheizungs-mischset-mit-pumpe\/","og_locale":"de_DE","og_type":"article","og_title":"Fu\u00dfbodenheizungs-Mischset mit Pumpe","og_description":"Order Fu\u00dfbodenheizungs-Mischset mit Pumpe at a best price.","og_url":"https:\/\/fluterm.eu\/de\/prod\/fusbodenheizungs-mischset-mit-pumpe\/","og_site_name":"fluterm.eu","article_modified_time":"2024-12-18T08:05:06+00:00","og_image":[{"width":2000,"height":2000,"url":"https:\/\/fluterm.eu\/wp-content\/uploads\/2023\/06\/2928A4CC-4987-46F4-B58E-9B651F4546DE.jpeg","type":"image\/jpeg"}],"twitter_card":"summary_large_image","twitter_misc":{"Gesch\u00e4tzte Lesezeit":"1\u00a0Minute"},"schema":{"@context":"https:\/\/schema.org","@graph":[{"@type":"WebPage","@id":"https:\/\/fluterm.eu\/de\/prod\/fusbodenheizungs-mischset-mit-pumpe\/","url":"https:\/\/fluterm.eu\/de\/prod\/fusbodenheizungs-mischset-mit-pumpe\/","name":"Fu\u00dfbodenheizungs-Mischset mit Pumpe","isPartOf":{"@id":"https:\/\/fluterm.eu\/#website"},"datePublished":"2023-06-10T11:51:29+00:00","dateModified":"2024-12-18T08:05:06+00:00","description":"Order Fu\u00dfbodenheizungs-Mischset mit Pumpe at a best price.","breadcrumb":{"@id":"https:\/\/fluterm.eu\/de\/prod\/fusbodenheizungs-mischset-mit-pumpe\/#breadcrumb"},"inLanguage":"de","potentialAction":[{"@type":"ReadAction","target":["https:\/\/fluterm.eu\/de\/prod\/fusbodenheizungs-mischset-mit-pumpe\/"]}]},{"@type":"BreadcrumbList","@id":"https:\/\/fluterm.eu\/de\/prod\/fusbodenheizungs-mischset-mit-pumpe\/#breadcrumb","itemListElement":[{"@type":"ListItem","position":1,"name":"Home","item":"https:\/\/fluterm.eu\/de\/shop\/"},{"@type":"ListItem","position":2,"name":"Shop","item":"https:\/\/fluterm.eu\/de\/shop\/"},{"@type":"ListItem","position":3,"name":"Fu\u00dfbodenheizungs-Mischset mit Pumpe"}]},{"@type":"WebSite","@id":"https:\/\/fluterm.eu\/#website","url":"https:\/\/fluterm.eu\/","name":"fluterm.eu","description":"","potentialAction":[{"@type":"SearchAction","target":{"@type":"EntryPoint","urlTemplate":"https:\/\/fluterm.eu\/?s={search_term_string}"},"query-input":"required name=search_term_string"}],"inLanguage":"de"}]}},"_links":{"self":[{"href":"https:\/\/fluterm.eu\/de\/wp-json\/wp\/v2\/product\/15499","targetHints":{"allow":["GET"]}}],"collection":[{"href":"https:\/\/fluterm.eu\/de\/wp-json\/wp\/v2\/product"}],"about":[{"href":"https:\/\/fluterm.eu\/de\/wp-json\/wp\/v2\/types\/product"}],"replies":[{"embeddable":true,"href":"https:\/\/fluterm.eu\/de\/wp-json\/wp\/v2\/comments?post=15499"}],"version-history":[{"count":0,"href":"https:\/\/fluterm.eu\/de\/wp-json\/wp\/v2\/product\/15499\/revisions"}],"wp:featuredmedia":[{"embeddable":true,"href":"https:\/\/fluterm.eu\/de\/wp-json\/wp\/v2\/media\/3220"}],"wp:attachment":[{"href":"https:\/\/fluterm.eu\/de\/wp-json\/wp\/v2\/media?parent=15499"}],"wp:term":[{"taxonomy":"product_cat","embeddable":true,"href":"https:\/\/fluterm.eu\/de\/wp-json\/wp\/v2\/product_cat?post=15499"},{"taxonomy":"product_tag","embeddable":true,"href":"https:\/\/fluterm.eu\/de\/wp-json\/wp\/v2\/product_tag?post=15499"}],"curies":[{"name":"wp","href":"https:\/\/api.w.org\/{rel}","templated":true}]}}