{"id":15550,"date":"2023-07-02T18:50:13","date_gmt":"2023-07-02T15:50:13","guid":{"rendered":"https:\/\/fluterm.eu\/prod\/rehau-rautherm-s-rohr-fussbodenheizung-17mm\/"},"modified":"2023-07-02T18:50:13","modified_gmt":"2023-07-02T15:50:13","slug":"rehau-rautherm-s-rohr-17mm","status":"publish","type":"product","link":"https:\/\/fluterm.eu\/de\/prod\/rehau-rautherm-s-rohr-17mm\/","title":{"rendered":"Rehau Rautherm-S Rohr Fu\u00dfbodenheizung 17mm"},"content":{"rendered":"<h2>Rehau Rautherm-S Rohr 17 mm<\/h2>\n<p>Das RAUTHERM S Heizungsrohr und die Schiebemuffen-Verbindungstechnik sind die zentralen Komponenten der Montagesysteme f\u00fcr nahezu alle Nutzungsvarianten.<\/p>\n<ul>\n<li>Ausgezeichnete Best\u00e4ndigkeit gegen hohe Temperaturen, bis zu 110 Grad Celsius<\/li>\n<li>Es rei\u00dft nicht unter Last<\/li>\n<li>Sie hat eine stabile Form<\/li>\n<li>Optimales Verh\u00e4ltnis von Flexibilit\u00e4t \/ Druckbedarf<\/li>\n<li>Ausgezeichnete Best\u00e4ndigkeit gegen W\u00e4rmealterung<\/li>\n<li>Sehr gute Best\u00e4ndigkeit bis unter -50\u00b0C<\/li>\n<li>Sehr gute Best\u00e4ndigkeit gegen Verschlei\u00df durch Reibung und mechanische Einwirkungen<\/li>\n<li>Keine Biegesch\u00e4den am Material<\/li>\n<li>Der Memory-Effekt (das Rohr neigt dazu, die Form des urspr\u00fcnglichen Abschnitts wieder anzunehmen)<\/li>\n<li>Sehr gute Best\u00e4ndigkeit gegen chemische Stoffe<\/li>\n<li>Dicht f\u00fcr die Sauerstoffdiffusion durch die Schutzschicht von eval<\/li>\n<li>Geringes Abflussger\u00e4usch<\/li>\n<li>Geringerer Schwangerschaftsverlust<\/li>\n<li>Es enth\u00e4lt keine Schwermetall-Ionen<\/li>\n<li>Korrosionsbest\u00e4ndigkeit<\/li>\n<li>Verkrustungen werden auch nach Jahren der Nutzung nicht abgelagert<\/li>\n<\/ul>\n<p>* Der angezeigte Preis gilt f\u00fcr einen laufenden Meter.<\/p>\n<p>Material: vernetztes Polyethylen Typ &#8222;a&#8220; mit Formged\u00e4chtnis.<\/p>\n<p>Betriebsdruck (max): 6 bar<\/p>\n<p>Arbeitstemperatur (max): 90 gr.C. Kurzfristig zul\u00e4ssige H\u00f6chsttemperatur: 115 grd.C<\/p>\n<p>Schutz vor Sauerstoffdiffusion<\/p>\n<p>Dichte (vgl. DIN 53497): 0,93 g\/cmc<\/p>\n<p>Elastizit\u00e4tsmodul (vgl. DIN 53497): ca. 600 N\/m\u00b2<\/p>\n<p>Widerstandsf\u00e4hig bis +20 grd.C ohne zu brechen. Widerstandsf\u00e4higkeit bis -20 Grad C ohne Bruch<\/p>\n<p>Koeffizient der L\u00e4ngsausdehnung bei 20 grd.C: 1,4 x 10-4K-1, Koeffizient der L\u00e4ngsausdehnung bei 100 grd.C: 2,0 x 10-4K-1<\/p>\n<p>W\u00e4rmeleitf\u00e4higkeitskoeffizient: 0,35 W\/mK<\/p>\n<p>Durchl\u00e4ssigkeit f\u00fcr O2 bei 40 C: &lt;\/= 0,1 mg\/lxd<\/p>\n<p>Rohrrauhigkeit k: 0,007 mm<\/p>\n","protected":false},"excerpt":{"rendered":"<p>Rehau Rautherm-S Rohr 17 mm Das RAUTHERM S Heizungsrohr und die Schiebemuffen-Verbindungstechnik sind die zentralen Komponenten der Montagesysteme f\u00fcr nahezu alle Nutzungsvarianten. Ausgezeichnete Best\u00e4ndigkeit gegen hohe Temperaturen, bis zu 110 Grad Celsius Es rei\u00dft nicht unter Last Sie hat eine stabile Form Optimales Verh\u00e4ltnis von Flexibilit\u00e4t \/ Druckbedarf Ausgezeichnete Best\u00e4ndigkeit gegen W\u00e4rmealterung Sehr gute Best\u00e4ndigkeit&hellip;<\/p>\n","protected":false},"featured_media":3325,"comment_status":"open","ping_status":"closed","template":"","meta":[],"product_cat":[867],"product_tag":[],"class_list":{"0":"post-15550","1":"product","2":"type-product","3":"status-publish","4":"has-post-thumbnail","6":"product_cat-fusbodenheizung-rohr","8":"first","9":"instock","10":"sale","11":"taxable","12":"shipping-taxable","13":"purchasable","14":"product-type-simple","15":"col-xs-6 col-sm-4","16":"col-md-4 col-lg-4","17":"un-3-cols"},"acf":[],"yoast_head":"<!-- This site is optimized with the Yoast SEO plugin v21.2 - https:\/\/yoast.com\/wordpress\/plugins\/seo\/ -->\n<title>Rehau Rautherm-S Rohr Fu\u00dfbodenheizung 17mm<\/title>\n<meta name=\"description\" content=\"Order Rehau Rautherm-S Rohr Fu\u00dfbodenheizung 17mm at a best price.\" \/>\n<meta name=\"robots\" content=\"index, follow, max-snippet:-1, max-image-preview:large, max-video-preview:-1\" \/>\n<link rel=\"canonical\" href=\"https:\/\/fluterm.eu\/de\/prod\/rehau-rautherm-s-rohr-fussbodenheizung-17mm\/\" \/>\n<meta property=\"og:locale\" content=\"de_DE\" \/>\n<meta property=\"og:type\" content=\"article\" \/>\n<meta property=\"og:title\" content=\"Rehau Rautherm-S Rohr Fu\u00dfbodenheizung 17mm\" \/>\n<meta property=\"og:description\" content=\"Order Rehau Rautherm-S Rohr Fu\u00dfbodenheizung 17mm at a best price.\" \/>\n<meta property=\"og:url\" content=\"https:\/\/fluterm.eu\/de\/prod\/rehau-rautherm-s-rohr-fussbodenheizung-17mm\/\" \/>\n<meta property=\"og:site_name\" content=\"fluterm.eu\" \/>\n<meta property=\"og:image\" content=\"https:\/\/fluterm.eu\/wp-content\/uploads\/2023\/07\/12A5F521-8C25-422C-B15B-8035068EDE3C_4_5005_c.jpeg\" \/>\n\t<meta property=\"og:image:width\" content=\"224\" \/>\n\t<meta property=\"og:image:height\" content=\"224\" \/>\n\t<meta property=\"og:image:type\" content=\"image\/jpeg\" \/>\n<meta name=\"twitter:card\" content=\"summary_large_image\" \/>\n<meta name=\"twitter:label1\" content=\"Gesch\u00e4tzte Lesezeit\" \/>\n\t<meta name=\"twitter:data1\" content=\"1\u00a0Minute\" \/>\n<script type=\"application\/ld+json\" class=\"yoast-schema-graph\">{\"@context\":\"https:\/\/schema.org\",\"@graph\":[{\"@type\":\"WebPage\",\"@id\":\"https:\/\/fluterm.eu\/de\/prod\/rehau-rautherm-s-rohr-fussbodenheizung-17mm\/\",\"url\":\"https:\/\/fluterm.eu\/de\/prod\/rehau-rautherm-s-rohr-fussbodenheizung-17mm\/\",\"name\":\"Rehau Rautherm-S Rohr Fu\u00dfbodenheizung 17mm\",\"isPartOf\":{\"@id\":\"https:\/\/fluterm.eu\/#website\"},\"datePublished\":\"2023-07-02T15:50:13+00:00\",\"dateModified\":\"2023-07-02T15:50:13+00:00\",\"description\":\"Order Rehau Rautherm-S Rohr Fu\u00dfbodenheizung 17mm at a best price.\",\"breadcrumb\":{\"@id\":\"https:\/\/fluterm.eu\/de\/prod\/rehau-rautherm-s-rohr-fussbodenheizung-17mm\/#breadcrumb\"},\"inLanguage\":\"de\",\"potentialAction\":[{\"@type\":\"ReadAction\",\"target\":[\"https:\/\/fluterm.eu\/de\/prod\/rehau-rautherm-s-rohr-fussbodenheizung-17mm\/\"]}]},{\"@type\":\"BreadcrumbList\",\"@id\":\"https:\/\/fluterm.eu\/de\/prod\/rehau-rautherm-s-rohr-fussbodenheizung-17mm\/#breadcrumb\",\"itemListElement\":[{\"@type\":\"ListItem\",\"position\":1,\"name\":\"Home\",\"item\":\"https:\/\/fluterm.eu\/de\/shop\/\"},{\"@type\":\"ListItem\",\"position\":2,\"name\":\"Shop\",\"item\":\"https:\/\/fluterm.eu\/de\/shop\/\"},{\"@type\":\"ListItem\",\"position\":3,\"name\":\"Rehau Rautherm-S Rohr Fu\u00dfbodenheizung 17mm\"}]},{\"@type\":\"WebSite\",\"@id\":\"https:\/\/fluterm.eu\/#website\",\"url\":\"https:\/\/fluterm.eu\/\",\"name\":\"fluterm.eu\",\"description\":\"\",\"potentialAction\":[{\"@type\":\"SearchAction\",\"target\":{\"@type\":\"EntryPoint\",\"urlTemplate\":\"https:\/\/fluterm.eu\/?s={search_term_string}\"},\"query-input\":\"required name=search_term_string\"}],\"inLanguage\":\"de\"}]}<\/script>\n<!-- \/ Yoast SEO plugin. -->","yoast_head_json":{"title":"Rehau Rautherm-S Rohr Fu\u00dfbodenheizung 17mm","description":"Order Rehau Rautherm-S Rohr Fu\u00dfbodenheizung 17mm at a best price.","robots":{"index":"index","follow":"follow","max-snippet":"max-snippet:-1","max-image-preview":"max-image-preview:large","max-video-preview":"max-video-preview:-1"},"canonical":"https:\/\/fluterm.eu\/de\/prod\/rehau-rautherm-s-rohr-fussbodenheizung-17mm\/","og_locale":"de_DE","og_type":"article","og_title":"Rehau Rautherm-S Rohr Fu\u00dfbodenheizung 17mm","og_description":"Order Rehau Rautherm-S Rohr Fu\u00dfbodenheizung 17mm at a best price.","og_url":"https:\/\/fluterm.eu\/de\/prod\/rehau-rautherm-s-rohr-fussbodenheizung-17mm\/","og_site_name":"fluterm.eu","og_image":[{"width":224,"height":224,"url":"https:\/\/fluterm.eu\/wp-content\/uploads\/2023\/07\/12A5F521-8C25-422C-B15B-8035068EDE3C_4_5005_c.jpeg","type":"image\/jpeg"}],"twitter_card":"summary_large_image","twitter_misc":{"Gesch\u00e4tzte Lesezeit":"1\u00a0Minute"},"schema":{"@context":"https:\/\/schema.org","@graph":[{"@type":"WebPage","@id":"https:\/\/fluterm.eu\/de\/prod\/rehau-rautherm-s-rohr-fussbodenheizung-17mm\/","url":"https:\/\/fluterm.eu\/de\/prod\/rehau-rautherm-s-rohr-fussbodenheizung-17mm\/","name":"Rehau Rautherm-S Rohr Fu\u00dfbodenheizung 17mm","isPartOf":{"@id":"https:\/\/fluterm.eu\/#website"},"datePublished":"2023-07-02T15:50:13+00:00","dateModified":"2023-07-02T15:50:13+00:00","description":"Order Rehau Rautherm-S Rohr Fu\u00dfbodenheizung 17mm at a best price.","breadcrumb":{"@id":"https:\/\/fluterm.eu\/de\/prod\/rehau-rautherm-s-rohr-fussbodenheizung-17mm\/#breadcrumb"},"inLanguage":"de","potentialAction":[{"@type":"ReadAction","target":["https:\/\/fluterm.eu\/de\/prod\/rehau-rautherm-s-rohr-fussbodenheizung-17mm\/"]}]},{"@type":"BreadcrumbList","@id":"https:\/\/fluterm.eu\/de\/prod\/rehau-rautherm-s-rohr-fussbodenheizung-17mm\/#breadcrumb","itemListElement":[{"@type":"ListItem","position":1,"name":"Home","item":"https:\/\/fluterm.eu\/de\/shop\/"},{"@type":"ListItem","position":2,"name":"Shop","item":"https:\/\/fluterm.eu\/de\/shop\/"},{"@type":"ListItem","position":3,"name":"Rehau Rautherm-S Rohr Fu\u00dfbodenheizung 17mm"}]},{"@type":"WebSite","@id":"https:\/\/fluterm.eu\/#website","url":"https:\/\/fluterm.eu\/","name":"fluterm.eu","description":"","potentialAction":[{"@type":"SearchAction","target":{"@type":"EntryPoint","urlTemplate":"https:\/\/fluterm.eu\/?s={search_term_string}"},"query-input":"required name=search_term_string"}],"inLanguage":"de"}]}},"_links":{"self":[{"href":"https:\/\/fluterm.eu\/de\/wp-json\/wp\/v2\/product\/15550","targetHints":{"allow":["GET"]}}],"collection":[{"href":"https:\/\/fluterm.eu\/de\/wp-json\/wp\/v2\/product"}],"about":[{"href":"https:\/\/fluterm.eu\/de\/wp-json\/wp\/v2\/types\/product"}],"replies":[{"embeddable":true,"href":"https:\/\/fluterm.eu\/de\/wp-json\/wp\/v2\/comments?post=15550"}],"version-history":[{"count":0,"href":"https:\/\/fluterm.eu\/de\/wp-json\/wp\/v2\/product\/15550\/revisions"}],"wp:featuredmedia":[{"embeddable":true,"href":"https:\/\/fluterm.eu\/de\/wp-json\/wp\/v2\/media\/3325"}],"wp:attachment":[{"href":"https:\/\/fluterm.eu\/de\/wp-json\/wp\/v2\/media?parent=15550"}],"wp:term":[{"taxonomy":"product_cat","embeddable":true,"href":"https:\/\/fluterm.eu\/de\/wp-json\/wp\/v2\/product_cat?post=15550"},{"taxonomy":"product_tag","embeddable":true,"href":"https:\/\/fluterm.eu\/de\/wp-json\/wp\/v2\/product_tag?post=15550"}],"curies":[{"name":"wp","href":"https:\/\/api.w.org\/{rel}","templated":true}]}}