{"id":9174,"date":"2023-09-03T13:57:55","date_gmt":"2023-09-03T10:57:55","guid":{"rendered":"https:\/\/fluterm.eu\/prod\/growatt-sph6000tl3-bh-up-6kw-hybrid-wechselrichter-mit-76kwh-solarspeicher-set\/"},"modified":"2023-09-06T13:34:07","modified_gmt":"2023-09-06T10:34:07","slug":"growatt-sph6000tl3-bh-up-6kw-hybrid-wechselrichter-mit-76kwh-solarspeicher-set","status":"publish","type":"product","link":"https:\/\/fluterm.eu\/de\/prod\/growatt-sph6000tl3-bh-up-6kw-hybrid-wechselrichter-mit-76kwh-solarspeicher-set\/","title":{"rendered":"Growatt SPH6000TL3-BH-UP 6kW Hybrid-Wechselrichter mit 7,6kWh Solarspeicher-Set"},"content":{"rendered":"<div class=\"product-properties-description-title\">\n<h2>Produktangaben<\/h2>\n<\/div>\n<div class=\"product-detail-properties\">\n<div class=\"row product-detail-properties-container\">\n<div class=\"col-12\">\n<table class=\"table table-striped product-detail-properties-table\">\n<tbody>\n<tr class=\"properties-row clickable\" data-toggle=\"collapse\">\n<th class=\"properties-label\">Abmessungen (LxBxH):<\/th>\n<td class=\"properties-value\">610x250x770mm<\/td>\n<\/tr>\n<tr class=\"properties-row\">\n<th class=\"properties-label\">Ausbauf\u00e4hig:<\/th>\n<td class=\"properties-value\">Ja<\/td>\n<\/tr>\n<tr class=\"properties-row\">\n<th class=\"properties-label\">Kapazit\u00e4t in Wh:<\/th>\n<td class=\"properties-value\">7680<\/td>\n<\/tr>\n<tr class=\"properties-row\">\n<th class=\"properties-label\">Leistung in W:<\/th>\n<td class=\"properties-value\">6000<\/td>\n<\/tr>\n<\/tbody>\n<\/table>\n<\/div>\n<\/div>\n<\/div>\n<div class=\"twt-product-detail-properties-info\">Informationen nach Angaben des Herstellers. Irrt\u00fcmer und \u00c4nderungen vorbehalten.<\/div>\n<div class=\"product-detail-description-text\">\n<h2>Growatt SPH6000TL3-BH-UP 6kW Hybrid-Wechselrichter mit 7,6kWh Solarspeicher-Set<\/h2>\n<p>Diese Produkte erwarten Sie in diesem Bundle:<\/p>\n<ul>\n<li>1 Growatt SPH6000TL3-BH-UP 6kW Solar-Hybrid-Wechselrichter 3-phasig<\/li>\n<li>3 Growatt ARK 2.5H-A1 Hochspannungsakku f\u00fcr SPH und MOD<\/li>\n<li>1 Growatt Smart Meter TPM-E 3-phasig<\/li>\n<li>1 Growatt HVC 60050-A1 Hochspannungs-Batterie-Management-System f\u00fcr ARK HV-System<\/li>\n<li>1 Growatt ARK-2.5H-A1 Sockel f\u00fcr Hochvoltbatterien<\/li>\n<li>1 Growatt ARK-2.5H-A1 Hochspannungsanschlusskabel-Set f\u00fcr SPH<\/li>\n<li>1 Growatt Shine-Wifi-X WiFi-Stick<\/li>\n<\/ul>\n<h3>So wird Ihr neuer Hybrid-Wechselrichter \u00fcberzeugen<\/h3>\n<p>Der Growatt SPH6000TL3-BH-UP Hybrid-Wechselrichter sorgt f\u00fcr einen erh\u00f6hten Eigenverbrauch von Solarstrom und macht Sie unabh\u00e4ngiger vom Stromnetz. Das Produkt hat eine maximale Ausgangsleistung von 6.000 W. Der europ\u00e4ische Wirkungsgrad und damit die Effizienz liegt bei 97,3 %. Das Produkt ist f\u00fcr eine Anlage mit maximal 7,8 kWp geeignet. Auch wenn Ihre Solaranlage aus unterschiedlich dicken Fl\u00e4chen besteht, wird deren optimale Leistung durch 2 MPP-Tracker im SPH6000TL3-BH-UP unterst\u00fctzt.<\/p>\n<h3>ARK 7.6H: Ihr neuer Solarspeicher auf einen Blick<\/h3>\n<p>Der mitgelieferte Batteriespeicher von Growatt hat eine Kapazit\u00e4t von 7.680 Wh. Dieser Speicher passt zu Ihrer Solaranlage. Der ARK 7.6H deckt den Energiebedarf einer vierk\u00f6pfigen Familie mit einem Elektroauto oder einer W\u00e4rmepumpe. Es wird mit weniger als 9.000 kWh pro Jahr gerechnet.<\/p>\n<h3>Schnittstellen: So kommuniziert Ihr Solar-Set<\/h3>\n<p>Ausreichende Schnittstellen gew\u00e4hrleisten die Verbindung des Solarsets mit anderen Ger\u00e4ten. Das B\u00fcndel arbeitet mit diesen Schnittstellen:<\/p>\n<ul>\n<li>RS232, RS485, CAN, USB, WLAN<\/li>\n<\/ul>\n<\/div>\n<div class=\"h4 twt-product-properties-description-title\">Technische Daten<\/div>\n<div class=\"product-detail-properties\">\n<div class=\"row product-detail-properties-container\">\n<div class=\"col-12\">\n<table class=\"table table-striped product-detail-properties-table\">\n<tbody>\n<tr class=\"properties-row\">\n<th class=\"properties-label\">Anzahl der MPPT:<\/th>\n<td class=\"properties-value\">2<\/td>\n<\/tr>\n<tr class=\"properties-row\">\n<th class=\"properties-label\">Ausbauf\u00e4hig:<\/th>\n<td class=\"properties-value\">Ja<\/td>\n<\/tr>\n<tr class=\"properties-row\">\n<th class=\"properties-label\">Kapazit\u00e4t in Wh:<\/th>\n<td class=\"properties-value\">7680<\/td>\n<\/tr>\n<tr class=\"properties-row\">\n<th class=\"properties-label\">Leistung in W:<\/th>\n<td class=\"properties-value\">6000<\/td>\n<\/tr>\n<tr class=\"properties-row\">\n<th class=\"properties-label\">Maximale Systemgr\u00f6\u00dfe KWp:<\/th>\n<td class=\"properties-value\">7.8<\/td>\n<\/tr>\n<tr class=\"properties-row\">\n<th class=\"properties-label\">Phasen:<\/th>\n<td class=\"properties-value\">3<\/td>\n<\/tr>\n<tr class=\"properties-row\">\n<th class=\"properties-label\">Schnittstellen:<\/th>\n<td class=\"properties-value\">RS232, RS485, CAN, USB, WLAN<\/td>\n<\/tr>\n<tr class=\"properties-row\">\n<th class=\"properties-label\">Schutzklasse:<\/th>\n<td class=\"properties-value\">IP65<\/td>\n<\/tr>\n<tr class=\"properties-row\">\n<th class=\"properties-label\">Umschaltzeit in ms:<\/th>\n<td class=\"properties-value\">10<\/td>\n<\/tr>\n<tr class=\"properties-row\">\n<th class=\"properties-label\">Wirkungsgrad in Prozent:<\/th>\n<td class=\"properties-value\">97.3<\/td>\n<\/tr>\n<\/tbody>\n<\/table>\n<\/div>\n<\/div>\n<\/div>\n","protected":false},"excerpt":{"rendered":"<p>Produktangaben Abmessungen (LxBxH): 610x250x770mm Ausbauf\u00e4hig: Ja Kapazit\u00e4t in Wh: 7680 Leistung in W: 6000 Informationen nach Angaben des Herstellers. Irrt\u00fcmer und \u00c4nderungen vorbehalten. Growatt SPH6000TL3-BH-UP 6kW Hybrid-Wechselrichter mit 7,6kWh Solarspeicher-Set Diese Produkte erwarten Sie in diesem Bundle: 1 Growatt SPH6000TL3-BH-UP 6kW Solar-Hybrid-Wechselrichter 3-phasig 3 Growatt ARK 2.5H-A1 Hochspannungsakku f\u00fcr SPH und MOD 1 Growatt Smart&hellip;<\/p>\n","protected":false},"featured_media":9037,"comment_status":"open","ping_status":"closed","template":"","meta":[],"product_cat":[780],"product_tag":[],"class_list":{"0":"post-9174","1":"product","2":"type-product","3":"status-publish","4":"has-post-thumbnail","6":"product_cat-fotovoltaik-bausatze","8":"first","9":"instock","10":"taxable","11":"shipping-taxable","12":"purchasable","13":"product-type-simple","14":"col-xs-6 col-sm-4","15":"col-md-4 col-lg-4","16":"un-3-cols"},"acf":[],"yoast_head":"<!-- This site is optimized with the Yoast SEO plugin v21.2 - https:\/\/yoast.com\/wordpress\/plugins\/seo\/ -->\n<title>Growatt SPH6000TL3-BH-UP 6kW Hybrid-Wechselrichter mit 7,6kWh Solarspeicher-Set<\/title>\n<meta name=\"description\" content=\"Order Growatt SPH6000TL3-BH-UP 6kW Hybrid-Wechselrichter mit 7,6kWh Solarspeicher-Set at a best price.\" \/>\n<meta name=\"robots\" content=\"index, follow, max-snippet:-1, max-image-preview:large, max-video-preview:-1\" \/>\n<link rel=\"canonical\" href=\"https:\/\/fluterm.eu\/de\/prod\/growatt-sph6000tl3-bh-up-6kw-hybrid-wechselrichter-mit-76kwh-solarspeicher-set\/\" \/>\n<meta property=\"og:locale\" content=\"de_DE\" \/>\n<meta property=\"og:type\" content=\"article\" \/>\n<meta property=\"og:title\" content=\"Growatt SPH6000TL3-BH-UP 6kW Hybrid-Wechselrichter mit 7,6kWh Solarspeicher-Set\" \/>\n<meta property=\"og:description\" content=\"Order Growatt SPH6000TL3-BH-UP 6kW Hybrid-Wechselrichter mit 7,6kWh Solarspeicher-Set at a best price.\" \/>\n<meta property=\"og:url\" content=\"https:\/\/fluterm.eu\/de\/prod\/growatt-sph6000tl3-bh-up-6kw-hybrid-wechselrichter-mit-76kwh-solarspeicher-set\/\" \/>\n<meta property=\"og:site_name\" content=\"fluterm.eu\" \/>\n<meta property=\"article:modified_time\" content=\"2023-09-06T10:34:07+00:00\" \/>\n<meta property=\"og:image\" content=\"https:\/\/fluterm.eu\/wp-content\/uploads\/2023\/08\/8C2F61C0-EFAD-4C01-9428-CD91962D0463.jpeg\" \/>\n\t<meta property=\"og:image:width\" content=\"560\" \/>\n\t<meta property=\"og:image:height\" content=\"560\" \/>\n\t<meta property=\"og:image:type\" content=\"image\/jpeg\" \/>\n<meta name=\"twitter:card\" content=\"summary_large_image\" \/>\n<meta name=\"twitter:label1\" content=\"Gesch\u00e4tzte Lesezeit\" \/>\n\t<meta name=\"twitter:data1\" content=\"1\u00a0Minute\" \/>\n<script type=\"application\/ld+json\" class=\"yoast-schema-graph\">{\"@context\":\"https:\/\/schema.org\",\"@graph\":[{\"@type\":\"WebPage\",\"@id\":\"https:\/\/fluterm.eu\/de\/prod\/growatt-sph6000tl3-bh-up-6kw-hybrid-wechselrichter-mit-76kwh-solarspeicher-set\/\",\"url\":\"https:\/\/fluterm.eu\/de\/prod\/growatt-sph6000tl3-bh-up-6kw-hybrid-wechselrichter-mit-76kwh-solarspeicher-set\/\",\"name\":\"Growatt SPH6000TL3-BH-UP 6kW Hybrid-Wechselrichter mit 7,6kWh Solarspeicher-Set\",\"isPartOf\":{\"@id\":\"https:\/\/fluterm.eu\/#website\"},\"datePublished\":\"2023-09-03T10:57:55+00:00\",\"dateModified\":\"2023-09-06T10:34:07+00:00\",\"description\":\"Order Growatt SPH6000TL3-BH-UP 6kW Hybrid-Wechselrichter mit 7,6kWh Solarspeicher-Set at a best price.\",\"breadcrumb\":{\"@id\":\"https:\/\/fluterm.eu\/de\/prod\/growatt-sph6000tl3-bh-up-6kw-hybrid-wechselrichter-mit-76kwh-solarspeicher-set\/#breadcrumb\"},\"inLanguage\":\"de\",\"potentialAction\":[{\"@type\":\"ReadAction\",\"target\":[\"https:\/\/fluterm.eu\/de\/prod\/growatt-sph6000tl3-bh-up-6kw-hybrid-wechselrichter-mit-76kwh-solarspeicher-set\/\"]}]},{\"@type\":\"BreadcrumbList\",\"@id\":\"https:\/\/fluterm.eu\/de\/prod\/growatt-sph6000tl3-bh-up-6kw-hybrid-wechselrichter-mit-76kwh-solarspeicher-set\/#breadcrumb\",\"itemListElement\":[{\"@type\":\"ListItem\",\"position\":1,\"name\":\"Home\",\"item\":\"https:\/\/fluterm.eu\/de\/shop\/\"},{\"@type\":\"ListItem\",\"position\":2,\"name\":\"Shop\",\"item\":\"https:\/\/fluterm.eu\/de\/shop\/\"},{\"@type\":\"ListItem\",\"position\":3,\"name\":\"Growatt SPH6000TL3-BH-UP 6kW Hybrid-Wechselrichter mit 7,6kWh Solarspeicher-Set\"}]},{\"@type\":\"WebSite\",\"@id\":\"https:\/\/fluterm.eu\/#website\",\"url\":\"https:\/\/fluterm.eu\/\",\"name\":\"fluterm.eu\",\"description\":\"\",\"potentialAction\":[{\"@type\":\"SearchAction\",\"target\":{\"@type\":\"EntryPoint\",\"urlTemplate\":\"https:\/\/fluterm.eu\/?s={search_term_string}\"},\"query-input\":\"required name=search_term_string\"}],\"inLanguage\":\"de\"}]}<\/script>\n<!-- \/ Yoast SEO plugin. -->","yoast_head_json":{"title":"Growatt SPH6000TL3-BH-UP 6kW Hybrid-Wechselrichter mit 7,6kWh Solarspeicher-Set","description":"Order Growatt SPH6000TL3-BH-UP 6kW Hybrid-Wechselrichter mit 7,6kWh Solarspeicher-Set at a best price.","robots":{"index":"index","follow":"follow","max-snippet":"max-snippet:-1","max-image-preview":"max-image-preview:large","max-video-preview":"max-video-preview:-1"},"canonical":"https:\/\/fluterm.eu\/de\/prod\/growatt-sph6000tl3-bh-up-6kw-hybrid-wechselrichter-mit-76kwh-solarspeicher-set\/","og_locale":"de_DE","og_type":"article","og_title":"Growatt SPH6000TL3-BH-UP 6kW Hybrid-Wechselrichter mit 7,6kWh Solarspeicher-Set","og_description":"Order Growatt SPH6000TL3-BH-UP 6kW Hybrid-Wechselrichter mit 7,6kWh Solarspeicher-Set at a best price.","og_url":"https:\/\/fluterm.eu\/de\/prod\/growatt-sph6000tl3-bh-up-6kw-hybrid-wechselrichter-mit-76kwh-solarspeicher-set\/","og_site_name":"fluterm.eu","article_modified_time":"2023-09-06T10:34:07+00:00","og_image":[{"width":560,"height":560,"url":"https:\/\/fluterm.eu\/wp-content\/uploads\/2023\/08\/8C2F61C0-EFAD-4C01-9428-CD91962D0463.jpeg","type":"image\/jpeg"}],"twitter_card":"summary_large_image","twitter_misc":{"Gesch\u00e4tzte Lesezeit":"1\u00a0Minute"},"schema":{"@context":"https:\/\/schema.org","@graph":[{"@type":"WebPage","@id":"https:\/\/fluterm.eu\/de\/prod\/growatt-sph6000tl3-bh-up-6kw-hybrid-wechselrichter-mit-76kwh-solarspeicher-set\/","url":"https:\/\/fluterm.eu\/de\/prod\/growatt-sph6000tl3-bh-up-6kw-hybrid-wechselrichter-mit-76kwh-solarspeicher-set\/","name":"Growatt SPH6000TL3-BH-UP 6kW Hybrid-Wechselrichter mit 7,6kWh Solarspeicher-Set","isPartOf":{"@id":"https:\/\/fluterm.eu\/#website"},"datePublished":"2023-09-03T10:57:55+00:00","dateModified":"2023-09-06T10:34:07+00:00","description":"Order Growatt SPH6000TL3-BH-UP 6kW Hybrid-Wechselrichter mit 7,6kWh Solarspeicher-Set at a best price.","breadcrumb":{"@id":"https:\/\/fluterm.eu\/de\/prod\/growatt-sph6000tl3-bh-up-6kw-hybrid-wechselrichter-mit-76kwh-solarspeicher-set\/#breadcrumb"},"inLanguage":"de","potentialAction":[{"@type":"ReadAction","target":["https:\/\/fluterm.eu\/de\/prod\/growatt-sph6000tl3-bh-up-6kw-hybrid-wechselrichter-mit-76kwh-solarspeicher-set\/"]}]},{"@type":"BreadcrumbList","@id":"https:\/\/fluterm.eu\/de\/prod\/growatt-sph6000tl3-bh-up-6kw-hybrid-wechselrichter-mit-76kwh-solarspeicher-set\/#breadcrumb","itemListElement":[{"@type":"ListItem","position":1,"name":"Home","item":"https:\/\/fluterm.eu\/de\/shop\/"},{"@type":"ListItem","position":2,"name":"Shop","item":"https:\/\/fluterm.eu\/de\/shop\/"},{"@type":"ListItem","position":3,"name":"Growatt SPH6000TL3-BH-UP 6kW Hybrid-Wechselrichter mit 7,6kWh Solarspeicher-Set"}]},{"@type":"WebSite","@id":"https:\/\/fluterm.eu\/#website","url":"https:\/\/fluterm.eu\/","name":"fluterm.eu","description":"","potentialAction":[{"@type":"SearchAction","target":{"@type":"EntryPoint","urlTemplate":"https:\/\/fluterm.eu\/?s={search_term_string}"},"query-input":"required name=search_term_string"}],"inLanguage":"de"}]}},"_links":{"self":[{"href":"https:\/\/fluterm.eu\/de\/wp-json\/wp\/v2\/product\/9174","targetHints":{"allow":["GET"]}}],"collection":[{"href":"https:\/\/fluterm.eu\/de\/wp-json\/wp\/v2\/product"}],"about":[{"href":"https:\/\/fluterm.eu\/de\/wp-json\/wp\/v2\/types\/product"}],"replies":[{"embeddable":true,"href":"https:\/\/fluterm.eu\/de\/wp-json\/wp\/v2\/comments?post=9174"}],"version-history":[{"count":1,"href":"https:\/\/fluterm.eu\/de\/wp-json\/wp\/v2\/product\/9174\/revisions"}],"predecessor-version":[{"id":9183,"href":"https:\/\/fluterm.eu\/de\/wp-json\/wp\/v2\/product\/9174\/revisions\/9183"}],"wp:featuredmedia":[{"embeddable":true,"href":"https:\/\/fluterm.eu\/de\/wp-json\/wp\/v2\/media\/9037"}],"wp:attachment":[{"href":"https:\/\/fluterm.eu\/de\/wp-json\/wp\/v2\/media?parent=9174"}],"wp:term":[{"taxonomy":"product_cat","embeddable":true,"href":"https:\/\/fluterm.eu\/de\/wp-json\/wp\/v2\/product_cat?post=9174"},{"taxonomy":"product_tag","embeddable":true,"href":"https:\/\/fluterm.eu\/de\/wp-json\/wp\/v2\/product_tag?post=9174"}],"curies":[{"name":"wp","href":"https:\/\/api.w.org\/{rel}","templated":true}]}}