{"id":9773,"date":"2023-08-27T13:27:28","date_gmt":"2023-08-27T10:27:28","guid":{"rendered":"https:\/\/fluterm.eu\/prod\/uponor-vario-s-manifold-14x3-4-kreise-fusbodenheizung\/"},"modified":"2023-09-06T13:34:08","modified_gmt":"2023-09-06T10:34:08","slug":"uponor-vario-s-manifold-14x3-4-kreise-fusbodenheizung","status":"publish","type":"product","link":"https:\/\/fluterm.eu\/de\/prod\/uponor-vario-s-manifold-14x3-4-kreise-fusbodenheizung\/","title":{"rendered":"Uponor Vario S-Manifold 14&#215;3\/4 Kreise Fu\u00dfbodenheizung"},"content":{"rendered":"<div id=\"react_0HMSVJBJDBJ05\" data-widget-id=\"Tabs\" data-config-id=\"tabs_b58c93daa5df4d1fa2f75fe992b299a1\">\n<div class=\"StyledSection-sc-1thpi8z lnqQuT\">\n<div>\n<div class=\"react-tabs\" data-tabs=\"true\">\n<div id=\"react-tabs-229\" class=\"StyledTabPanel-sc-23fmil jTCKmi custom-tab-tab-27629 react-tabs__tab-panel--selected\" role=\"tabpanel\" aria-labelledby=\"react-tabs-228\">\n<div id=\"tabContent-27629\">\n<div id=\"react_0HMSVJBJDBIUI\" data-widget-id=\"Headline\" data-config-id=\"headline_182133f1b5274cb7a00beeb3f7ea60fb\">\n<div class=\"StyledContainer-sc-cda6kx fecbnE\">\n<h3 class=\"StyledH3-sc-152pfa2 gHYYiD\">Vario S Verteiler &#8211; Edelstahlverteiler f\u00fcr einfache und kosteneffiziente Installation<\/h3>\n<\/div>\n<\/div>\n<div id=\"react_0HMSVJBJDBIUJ\" data-widget-id=\"TwoColumnContent\" data-config-id=\"twocolumncontent_5a49c041efdd4a3caec20efbcc0aaa48\">\n<div class=\"StyledSection-sc-1thpi8z lnqQuT\">\n<div class=\"StyledContainer-sc-cda6kx fecbnE\">\n<div class=\"StyledRow-sc-g65wft laBHjh\">\n<div class=\"StyledCol-sc-1p7ryf jmQMSC\">\n<div class=\"StyledContent-sc-f0e1o4 dXdDxC\">\n<div class=\"StyledText-sc-1y8w1u9 hJWpvE\">\n<div class=\"StyledRichText-sc-1dnstbl bmohoz\"><img decoding=\"async\" src=\"https:\/\/www.uponor.com\/getmedia\/6d04b7c7-78d4-4279-b026-5dffee252a08\/uponor%20vario%20s%20linkbox%20desktop.jpg?sitename=Global&amp;uh=29f3df77bb3ca1d1e2e7fb8d1473e8f1f9795d436a6cc9f9c4e989c98b483666\" alt=\"Onor-Vario s\"><\/div>\n<\/div>\n<\/div>\n<\/div>\n<div class=\"StyledCol-sc-1p7ryf jmQMSC\">\n<div class=\"StyledContent-sc-f0e1o4 dXdDxC\">\n<div class=\"StyledText-sc-1y8w1u9 hJWpvE\">\n<div class=\"StyledRichText-sc-1dnstbl bmohoz\">\n<p><strong>Vorteile<\/strong><\/p>\n<ul>\n<li>Einteiliger Verteiler mit 2-16 Heizkreisen<\/li>\n<li>Schleifenanschluss G3\/4&#8243; Eurokonus<\/li>\n<li>Schleifenabstand 50 mm<\/li>\n<li>Abstand der Kopfzeile 225 mm<\/li>\n<li>Optional mit Durchflussmessern oder mit Durchflusseinstellung \u00fcber Schraubventil erh\u00e4ltlich<\/li>\n<\/ul>\n<p><strong>Anwendungsbereich:<\/strong><\/p>\n<ul>\n<li>Strahlungsheizung und -k\u00fchlung<\/li>\n<li>Geeignet f\u00fcr gro\u00dfe Heiz-\/K\u00fchlbereiche<\/li>\n<li>Wohnen und Gewerbe<\/li>\n<li>Kompakte Installation kombiniert mit Pumpengruppen, Differenzdruckregler und Dosiers\u00e4tzen Anschluss-Set in Uponor Verteilerschr\u00e4nken<\/li>\n<\/ul>\n<\/div>\n<\/div>\n<div class=\"StyledButtonsContainer-sc-8mywb0 ZGHkf\"><a class=\"StyledButton-sc-3gr1eh ilsdRH StyledButton-sc-e8i15b ccLhhP\" href=\"https:\/\/www.uponor.com\/en-en\/product-online-catalogue\/radiant-heating-cooling\/distribution\/uponor-vario-s\" target=\"_self\" rel=\"noopener\"><span class=\"btn__text \">Produktkatalog<\/span><\/a><\/div>\n<\/div>\n<\/div>\n<\/div>\n<\/div>\n<\/div>\n<\/div>\n<\/div>\n<\/div>\n<div id=\"react-tabs-231\" class=\"StyledTabPanel-sc-23fmil jTCKmi custom-tab-tab-27627\" role=\"tabpanel\" aria-labelledby=\"react-tabs-230\"><\/div>\n<div id=\"react-tabs-233\" class=\"StyledTabPanel-sc-23fmil jTCKmi custom-tab-tab-27626\" role=\"tabpanel\" aria-labelledby=\"react-tabs-232\"><\/div>\n<div id=\"react-tabs-235\" class=\"StyledTabPanel-sc-23fmil jTCKmi custom-tab-tab-27628\" role=\"tabpanel\" aria-labelledby=\"react-tabs-234\"><\/div>\n<div id=\"react-tabs-237\" class=\"StyledTabPanel-sc-23fmil jTCKmi custom-tab-tab-369384\" role=\"tabpanel\" aria-labelledby=\"react-tabs-236\"><\/div>\n<div id=\"react-tabs-239\" class=\"StyledTabPanel-sc-23fmil jTCKmi custom-tab-tab-27630\" role=\"tabpanel\" aria-labelledby=\"react-tabs-238\"><\/div>\n<div id=\"react-tabs-241\" class=\"StyledTabPanel-sc-23fmil jTCKmi custom-tab-tab-369485\" role=\"tabpanel\" aria-labelledby=\"react-tabs-240\"><\/div>\n<\/div>\n<\/div>\n<\/div>\n<\/div>\n<div id=\"react_0HMSVJBJDBJ07\" data-widget-id=\"Headline\" data-config-id=\"headline_60dc5e6570d44c41a1c3ac086ed4d3ca\">\n<div class=\"StyledContainer-sc-cda6kx fecbnE\"><\/div>\n<\/div>\n","protected":false},"excerpt":{"rendered":"<p>Vario S Verteiler &#8211; Edelstahlverteiler f\u00fcr einfache und kosteneffiziente Installation Vorteile Einteiliger Verteiler mit 2-16 Heizkreisen Schleifenanschluss G3\/4&#8243; Eurokonus Schleifenabstand 50 mm Abstand der Kopfzeile 225 mm Optional mit Durchflussmessern oder mit Durchflusseinstellung \u00fcber Schraubventil erh\u00e4ltlich Anwendungsbereich: Strahlungsheizung und -k\u00fchlung Geeignet f\u00fcr gro\u00dfe Heiz-\/K\u00fchlbereiche Wohnen und Gewerbe Kompakte Installation kombiniert mit Pumpengruppen, Differenzdruckregler und Dosiers\u00e4tzen&hellip;<\/p>\n","protected":false},"featured_media":9460,"comment_status":"open","ping_status":"closed","template":"","meta":[],"product_cat":[809],"product_tag":[],"class_list":{"0":"post-9773","1":"product","2":"type-product","3":"status-publish","4":"has-post-thumbnail","6":"product_cat-verteiler-fur-fusbodenheizung","8":"first","9":"instock","10":"taxable","11":"shipping-taxable","12":"purchasable","13":"product-type-simple","14":"col-xs-6 col-sm-4","15":"col-md-4 col-lg-4","16":"un-3-cols"},"acf":[],"yoast_head":"<!-- This site is optimized with the Yoast SEO plugin v21.2 - https:\/\/yoast.com\/wordpress\/plugins\/seo\/ -->\n<title>Uponor Vario S-Manifold 14x3\/4 Kreise Fu\u00dfbodenheizung<\/title>\n<meta name=\"description\" content=\"Order Uponor Vario S-Manifold 14x3\/4 Kreise Fu\u00dfbodenheizung at a best price.\" \/>\n<meta name=\"robots\" content=\"index, follow, max-snippet:-1, max-image-preview:large, max-video-preview:-1\" \/>\n<link rel=\"canonical\" href=\"https:\/\/fluterm.eu\/de\/prod\/uponor-vario-s-manifold-14x3-4-kreise-fusbodenheizung\/\" \/>\n<meta property=\"og:locale\" content=\"de_DE\" \/>\n<meta property=\"og:type\" content=\"article\" \/>\n<meta property=\"og:title\" content=\"Uponor Vario S-Manifold 14x3\/4 Kreise Fu\u00dfbodenheizung\" \/>\n<meta property=\"og:description\" content=\"Order Uponor Vario S-Manifold 14x3\/4 Kreise Fu\u00dfbodenheizung at a best price.\" \/>\n<meta property=\"og:url\" content=\"https:\/\/fluterm.eu\/de\/prod\/uponor-vario-s-manifold-14x3-4-kreise-fusbodenheizung\/\" \/>\n<meta property=\"og:site_name\" content=\"fluterm.eu\" \/>\n<meta property=\"article:modified_time\" content=\"2023-09-06T10:34:08+00:00\" \/>\n<meta property=\"og:image\" content=\"https:\/\/fluterm.eu\/wp-content\/uploads\/2023\/08\/4D28C38E-B55C-4890-9019-8D0B23322453.jpeg\" \/>\n\t<meta property=\"og:image:width\" content=\"1080\" \/>\n\t<meta property=\"og:image:height\" content=\"800\" \/>\n\t<meta property=\"og:image:type\" content=\"image\/jpeg\" \/>\n<meta name=\"twitter:card\" content=\"summary_large_image\" \/>\n<script type=\"application\/ld+json\" class=\"yoast-schema-graph\">{\"@context\":\"https:\/\/schema.org\",\"@graph\":[{\"@type\":\"WebPage\",\"@id\":\"https:\/\/fluterm.eu\/de\/prod\/uponor-vario-s-manifold-14x3-4-kreise-fusbodenheizung\/\",\"url\":\"https:\/\/fluterm.eu\/de\/prod\/uponor-vario-s-manifold-14x3-4-kreise-fusbodenheizung\/\",\"name\":\"Uponor Vario S-Manifold 14x3\/4 Kreise Fu\u00dfbodenheizung\",\"isPartOf\":{\"@id\":\"https:\/\/fluterm.eu\/#website\"},\"datePublished\":\"2023-08-27T10:27:28+00:00\",\"dateModified\":\"2023-09-06T10:34:08+00:00\",\"description\":\"Order Uponor Vario S-Manifold 14x3\/4 Kreise Fu\u00dfbodenheizung at a best price.\",\"breadcrumb\":{\"@id\":\"https:\/\/fluterm.eu\/de\/prod\/uponor-vario-s-manifold-14x3-4-kreise-fusbodenheizung\/#breadcrumb\"},\"inLanguage\":\"de\",\"potentialAction\":[{\"@type\":\"ReadAction\",\"target\":[\"https:\/\/fluterm.eu\/de\/prod\/uponor-vario-s-manifold-14x3-4-kreise-fusbodenheizung\/\"]}]},{\"@type\":\"BreadcrumbList\",\"@id\":\"https:\/\/fluterm.eu\/de\/prod\/uponor-vario-s-manifold-14x3-4-kreise-fusbodenheizung\/#breadcrumb\",\"itemListElement\":[{\"@type\":\"ListItem\",\"position\":1,\"name\":\"Home\",\"item\":\"https:\/\/fluterm.eu\/de\/shop\/\"},{\"@type\":\"ListItem\",\"position\":2,\"name\":\"Shop\",\"item\":\"https:\/\/fluterm.eu\/de\/shop\/\"},{\"@type\":\"ListItem\",\"position\":3,\"name\":\"Uponor Vario S-Manifold 14&#215;3\/4 Kreise Fu\u00dfbodenheizung\"}]},{\"@type\":\"WebSite\",\"@id\":\"https:\/\/fluterm.eu\/#website\",\"url\":\"https:\/\/fluterm.eu\/\",\"name\":\"fluterm.eu\",\"description\":\"\",\"potentialAction\":[{\"@type\":\"SearchAction\",\"target\":{\"@type\":\"EntryPoint\",\"urlTemplate\":\"https:\/\/fluterm.eu\/?s={search_term_string}\"},\"query-input\":\"required name=search_term_string\"}],\"inLanguage\":\"de\"}]}<\/script>\n<!-- \/ Yoast SEO plugin. -->","yoast_head_json":{"title":"Uponor Vario S-Manifold 14x3\/4 Kreise Fu\u00dfbodenheizung","description":"Order Uponor Vario S-Manifold 14x3\/4 Kreise Fu\u00dfbodenheizung at a best price.","robots":{"index":"index","follow":"follow","max-snippet":"max-snippet:-1","max-image-preview":"max-image-preview:large","max-video-preview":"max-video-preview:-1"},"canonical":"https:\/\/fluterm.eu\/de\/prod\/uponor-vario-s-manifold-14x3-4-kreise-fusbodenheizung\/","og_locale":"de_DE","og_type":"article","og_title":"Uponor Vario S-Manifold 14x3\/4 Kreise Fu\u00dfbodenheizung","og_description":"Order Uponor Vario S-Manifold 14x3\/4 Kreise Fu\u00dfbodenheizung at a best price.","og_url":"https:\/\/fluterm.eu\/de\/prod\/uponor-vario-s-manifold-14x3-4-kreise-fusbodenheizung\/","og_site_name":"fluterm.eu","article_modified_time":"2023-09-06T10:34:08+00:00","og_image":[{"width":1080,"height":800,"url":"https:\/\/fluterm.eu\/wp-content\/uploads\/2023\/08\/4D28C38E-B55C-4890-9019-8D0B23322453.jpeg","type":"image\/jpeg"}],"twitter_card":"summary_large_image","schema":{"@context":"https:\/\/schema.org","@graph":[{"@type":"WebPage","@id":"https:\/\/fluterm.eu\/de\/prod\/uponor-vario-s-manifold-14x3-4-kreise-fusbodenheizung\/","url":"https:\/\/fluterm.eu\/de\/prod\/uponor-vario-s-manifold-14x3-4-kreise-fusbodenheizung\/","name":"Uponor Vario S-Manifold 14x3\/4 Kreise Fu\u00dfbodenheizung","isPartOf":{"@id":"https:\/\/fluterm.eu\/#website"},"datePublished":"2023-08-27T10:27:28+00:00","dateModified":"2023-09-06T10:34:08+00:00","description":"Order Uponor Vario S-Manifold 14x3\/4 Kreise Fu\u00dfbodenheizung at a best price.","breadcrumb":{"@id":"https:\/\/fluterm.eu\/de\/prod\/uponor-vario-s-manifold-14x3-4-kreise-fusbodenheizung\/#breadcrumb"},"inLanguage":"de","potentialAction":[{"@type":"ReadAction","target":["https:\/\/fluterm.eu\/de\/prod\/uponor-vario-s-manifold-14x3-4-kreise-fusbodenheizung\/"]}]},{"@type":"BreadcrumbList","@id":"https:\/\/fluterm.eu\/de\/prod\/uponor-vario-s-manifold-14x3-4-kreise-fusbodenheizung\/#breadcrumb","itemListElement":[{"@type":"ListItem","position":1,"name":"Home","item":"https:\/\/fluterm.eu\/de\/shop\/"},{"@type":"ListItem","position":2,"name":"Shop","item":"https:\/\/fluterm.eu\/de\/shop\/"},{"@type":"ListItem","position":3,"name":"Uponor Vario S-Manifold 14&#215;3\/4 Kreise Fu\u00dfbodenheizung"}]},{"@type":"WebSite","@id":"https:\/\/fluterm.eu\/#website","url":"https:\/\/fluterm.eu\/","name":"fluterm.eu","description":"","potentialAction":[{"@type":"SearchAction","target":{"@type":"EntryPoint","urlTemplate":"https:\/\/fluterm.eu\/?s={search_term_string}"},"query-input":"required name=search_term_string"}],"inLanguage":"de"}]}},"_links":{"self":[{"href":"https:\/\/fluterm.eu\/de\/wp-json\/wp\/v2\/product\/9773","targetHints":{"allow":["GET"]}}],"collection":[{"href":"https:\/\/fluterm.eu\/de\/wp-json\/wp\/v2\/product"}],"about":[{"href":"https:\/\/fluterm.eu\/de\/wp-json\/wp\/v2\/types\/product"}],"replies":[{"embeddable":true,"href":"https:\/\/fluterm.eu\/de\/wp-json\/wp\/v2\/comments?post=9773"}],"version-history":[{"count":1,"href":"https:\/\/fluterm.eu\/de\/wp-json\/wp\/v2\/product\/9773\/revisions"}],"predecessor-version":[{"id":13296,"href":"https:\/\/fluterm.eu\/de\/wp-json\/wp\/v2\/product\/9773\/revisions\/13296"}],"wp:featuredmedia":[{"embeddable":true,"href":"https:\/\/fluterm.eu\/de\/wp-json\/wp\/v2\/media\/9460"}],"wp:attachment":[{"href":"https:\/\/fluterm.eu\/de\/wp-json\/wp\/v2\/media?parent=9773"}],"wp:term":[{"taxonomy":"product_cat","embeddable":true,"href":"https:\/\/fluterm.eu\/de\/wp-json\/wp\/v2\/product_cat?post=9773"},{"taxonomy":"product_tag","embeddable":true,"href":"https:\/\/fluterm.eu\/de\/wp-json\/wp\/v2\/product_tag?post=9773"}],"curies":[{"name":"wp","href":"https:\/\/api.w.org\/{rel}","templated":true}]}}