{"id":9787,"date":"2023-08-23T10:57:14","date_gmt":"2023-08-23T07:57:14","guid":{"rendered":"https:\/\/fluterm.eu\/prod\/huawei-hybrid-sun2000-3ktl-l1-wechselrichter-3-000w-einphasig\/"},"modified":"2023-09-16T00:56:30","modified_gmt":"2023-09-15T21:56:30","slug":"huawei-hybrid-sun2000-3ktl-l1-invertes-3-000w-single-phase","status":"publish","type":"product","link":"https:\/\/fluterm.eu\/de\/prod\/huawei-hybrid-sun2000-3ktl-l1-invertes-3-000w-single-phase\/","title":{"rendered":"Huawei Hybrid SUN2000-3KTL-L1 Wechselrichter &#8211; 3.000W Einphasig"},"content":{"rendered":"<p>Der Hybrid-Wechselrichter <strong>SUN2000L-3KTL-L1<\/strong> von Huawei ist Teil der innovativen neuen Wechselrichterreihe von Huawei f\u00fcr Wohngeb\u00e4ude. Dieser intelligente Wechselrichter von Huawei verf\u00fcgt \u00fcber einen aktiven Schutz gegen St\u00f6rlichtb\u00f6gen, einen h\u00f6heren Wirkungsgrad mit bis zu 30 % mehr Energie dank des neuen SUN2000-450W-P-Optimierers und bietet zudem die M\u00f6glichkeit, Lithium-Akkus wie den lg 10 charm oder den neuen modularen Akku von Huawei LUNA2000-SO anzuschlie\u00dfen.<\/p>\n","protected":false},"excerpt":{"rendered":"<p>Der Hybrid-Wechselrichter SUN2000L-3KTL-L1 von Huawei ist Teil der innovativen neuen Wechselrichterreihe von Huawei f\u00fcr Wohngeb\u00e4ude. Dieser intelligente Wechselrichter von Huawei verf\u00fcgt \u00fcber einen aktiven Schutz gegen St\u00f6rlichtb\u00f6gen, einen h\u00f6heren Wirkungsgrad mit bis zu 30 % mehr Energie dank des neuen SUN2000-450W-P-Optimierers und bietet zudem die M\u00f6glichkeit, Lithium-Akkus wie den lg 10 charm oder den neuen&hellip;<\/p>\n","protected":false},"featured_media":9790,"comment_status":"open","ping_status":"closed","template":"","meta":[],"product_cat":[780],"product_tag":[],"class_list":{"0":"post-9787","1":"product","2":"type-product","3":"status-publish","4":"has-post-thumbnail","6":"product_cat-fotovoltaik-bausatze","8":"first","9":"instock","10":"taxable","11":"shipping-taxable","12":"purchasable","13":"product-type-simple","14":"col-xs-6 col-sm-4","15":"col-md-4 col-lg-4","16":"un-3-cols"},"acf":[],"yoast_head":"<!-- This site is optimized with the Yoast SEO plugin v21.2 - https:\/\/yoast.com\/wordpress\/plugins\/seo\/ -->\n<title>Huawei Hybrid SUN2000-3KTL-L1 Wechselrichter - 3.000W Einphasig<\/title>\n<meta name=\"description\" content=\"Order Huawei Hybrid SUN2000-3KTL-L1 Wechselrichter - 3.000W Einphasig at a best price.\" \/>\n<meta name=\"robots\" content=\"index, follow, max-snippet:-1, max-image-preview:large, max-video-preview:-1\" \/>\n<link rel=\"canonical\" href=\"https:\/\/fluterm.eu\/de\/prod\/huawei-hybrid-sun2000-3ktl-l1-wechselrichter-3-000w-einphasig\/\" \/>\n<meta property=\"og:locale\" content=\"de_DE\" \/>\n<meta property=\"og:type\" content=\"article\" \/>\n<meta property=\"og:title\" content=\"Huawei Hybrid SUN2000-3KTL-L1 Wechselrichter - 3.000W Einphasig\" \/>\n<meta property=\"og:description\" content=\"Order Huawei Hybrid SUN2000-3KTL-L1 Wechselrichter - 3.000W Einphasig at a best price.\" \/>\n<meta property=\"og:url\" content=\"https:\/\/fluterm.eu\/de\/prod\/huawei-hybrid-sun2000-3ktl-l1-wechselrichter-3-000w-einphasig\/\" \/>\n<meta property=\"og:site_name\" content=\"fluterm.eu\" \/>\n<meta property=\"article:modified_time\" content=\"2023-09-15T21:56:30+00:00\" \/>\n<meta property=\"og:image\" content=\"https:\/\/fluterm.eu\/wp-content\/uploads\/2023\/08\/35E72A15-B2C9-4988-86E8-3F18C03F1AE3.jpeg\" \/>\n\t<meta property=\"og:image:width\" content=\"432\" \/>\n\t<meta property=\"og:image:height\" content=\"432\" \/>\n\t<meta property=\"og:image:type\" content=\"image\/jpeg\" \/>\n<meta name=\"twitter:card\" content=\"summary_large_image\" \/>\n<script type=\"application\/ld+json\" class=\"yoast-schema-graph\">{\"@context\":\"https:\/\/schema.org\",\"@graph\":[{\"@type\":\"WebPage\",\"@id\":\"https:\/\/fluterm.eu\/de\/prod\/huawei-hybrid-sun2000-3ktl-l1-wechselrichter-3-000w-einphasig\/\",\"url\":\"https:\/\/fluterm.eu\/de\/prod\/huawei-hybrid-sun2000-3ktl-l1-wechselrichter-3-000w-einphasig\/\",\"name\":\"Huawei Hybrid SUN2000-3KTL-L1 Wechselrichter - 3.000W Einphasig\",\"isPartOf\":{\"@id\":\"https:\/\/fluterm.eu\/#website\"},\"datePublished\":\"2023-08-23T07:57:14+00:00\",\"dateModified\":\"2023-09-15T21:56:30+00:00\",\"description\":\"Order Huawei Hybrid SUN2000-3KTL-L1 Wechselrichter - 3.000W Einphasig at a best price.\",\"breadcrumb\":{\"@id\":\"https:\/\/fluterm.eu\/de\/prod\/huawei-hybrid-sun2000-3ktl-l1-wechselrichter-3-000w-einphasig\/#breadcrumb\"},\"inLanguage\":\"de\",\"potentialAction\":[{\"@type\":\"ReadAction\",\"target\":[\"https:\/\/fluterm.eu\/de\/prod\/huawei-hybrid-sun2000-3ktl-l1-wechselrichter-3-000w-einphasig\/\"]}]},{\"@type\":\"BreadcrumbList\",\"@id\":\"https:\/\/fluterm.eu\/de\/prod\/huawei-hybrid-sun2000-3ktl-l1-wechselrichter-3-000w-einphasig\/#breadcrumb\",\"itemListElement\":[{\"@type\":\"ListItem\",\"position\":1,\"name\":\"Home\",\"item\":\"https:\/\/fluterm.eu\/de\/shop\/\"},{\"@type\":\"ListItem\",\"position\":2,\"name\":\"Shop\",\"item\":\"https:\/\/fluterm.eu\/de\/shop\/\"},{\"@type\":\"ListItem\",\"position\":3,\"name\":\"Huawei Hybrid SUN2000-3KTL-L1 Wechselrichter &#8211; 3.000W Einphasig\"}]},{\"@type\":\"WebSite\",\"@id\":\"https:\/\/fluterm.eu\/#website\",\"url\":\"https:\/\/fluterm.eu\/\",\"name\":\"fluterm.eu\",\"description\":\"\",\"potentialAction\":[{\"@type\":\"SearchAction\",\"target\":{\"@type\":\"EntryPoint\",\"urlTemplate\":\"https:\/\/fluterm.eu\/?s={search_term_string}\"},\"query-input\":\"required name=search_term_string\"}],\"inLanguage\":\"de\"}]}<\/script>\n<!-- \/ Yoast SEO plugin. -->","yoast_head_json":{"title":"Huawei Hybrid SUN2000-3KTL-L1 Wechselrichter - 3.000W Einphasig","description":"Order Huawei Hybrid SUN2000-3KTL-L1 Wechselrichter - 3.000W Einphasig at a best price.","robots":{"index":"index","follow":"follow","max-snippet":"max-snippet:-1","max-image-preview":"max-image-preview:large","max-video-preview":"max-video-preview:-1"},"canonical":"https:\/\/fluterm.eu\/de\/prod\/huawei-hybrid-sun2000-3ktl-l1-wechselrichter-3-000w-einphasig\/","og_locale":"de_DE","og_type":"article","og_title":"Huawei Hybrid SUN2000-3KTL-L1 Wechselrichter - 3.000W Einphasig","og_description":"Order Huawei Hybrid SUN2000-3KTL-L1 Wechselrichter - 3.000W Einphasig at a best price.","og_url":"https:\/\/fluterm.eu\/de\/prod\/huawei-hybrid-sun2000-3ktl-l1-wechselrichter-3-000w-einphasig\/","og_site_name":"fluterm.eu","article_modified_time":"2023-09-15T21:56:30+00:00","og_image":[{"width":432,"height":432,"url":"https:\/\/fluterm.eu\/wp-content\/uploads\/2023\/08\/35E72A15-B2C9-4988-86E8-3F18C03F1AE3.jpeg","type":"image\/jpeg"}],"twitter_card":"summary_large_image","schema":{"@context":"https:\/\/schema.org","@graph":[{"@type":"WebPage","@id":"https:\/\/fluterm.eu\/de\/prod\/huawei-hybrid-sun2000-3ktl-l1-wechselrichter-3-000w-einphasig\/","url":"https:\/\/fluterm.eu\/de\/prod\/huawei-hybrid-sun2000-3ktl-l1-wechselrichter-3-000w-einphasig\/","name":"Huawei Hybrid SUN2000-3KTL-L1 Wechselrichter - 3.000W Einphasig","isPartOf":{"@id":"https:\/\/fluterm.eu\/#website"},"datePublished":"2023-08-23T07:57:14+00:00","dateModified":"2023-09-15T21:56:30+00:00","description":"Order Huawei Hybrid SUN2000-3KTL-L1 Wechselrichter - 3.000W Einphasig at a best price.","breadcrumb":{"@id":"https:\/\/fluterm.eu\/de\/prod\/huawei-hybrid-sun2000-3ktl-l1-wechselrichter-3-000w-einphasig\/#breadcrumb"},"inLanguage":"de","potentialAction":[{"@type":"ReadAction","target":["https:\/\/fluterm.eu\/de\/prod\/huawei-hybrid-sun2000-3ktl-l1-wechselrichter-3-000w-einphasig\/"]}]},{"@type":"BreadcrumbList","@id":"https:\/\/fluterm.eu\/de\/prod\/huawei-hybrid-sun2000-3ktl-l1-wechselrichter-3-000w-einphasig\/#breadcrumb","itemListElement":[{"@type":"ListItem","position":1,"name":"Home","item":"https:\/\/fluterm.eu\/de\/shop\/"},{"@type":"ListItem","position":2,"name":"Shop","item":"https:\/\/fluterm.eu\/de\/shop\/"},{"@type":"ListItem","position":3,"name":"Huawei Hybrid SUN2000-3KTL-L1 Wechselrichter &#8211; 3.000W Einphasig"}]},{"@type":"WebSite","@id":"https:\/\/fluterm.eu\/#website","url":"https:\/\/fluterm.eu\/","name":"fluterm.eu","description":"","potentialAction":[{"@type":"SearchAction","target":{"@type":"EntryPoint","urlTemplate":"https:\/\/fluterm.eu\/?s={search_term_string}"},"query-input":"required name=search_term_string"}],"inLanguage":"de"}]}},"_links":{"self":[{"href":"https:\/\/fluterm.eu\/de\/wp-json\/wp\/v2\/product\/9787","targetHints":{"allow":["GET"]}}],"collection":[{"href":"https:\/\/fluterm.eu\/de\/wp-json\/wp\/v2\/product"}],"about":[{"href":"https:\/\/fluterm.eu\/de\/wp-json\/wp\/v2\/types\/product"}],"replies":[{"embeddable":true,"href":"https:\/\/fluterm.eu\/de\/wp-json\/wp\/v2\/comments?post=9787"}],"version-history":[{"count":1,"href":"https:\/\/fluterm.eu\/de\/wp-json\/wp\/v2\/product\/9787\/revisions"}],"predecessor-version":[{"id":13318,"href":"https:\/\/fluterm.eu\/de\/wp-json\/wp\/v2\/product\/9787\/revisions\/13318"}],"wp:featuredmedia":[{"embeddable":true,"href":"https:\/\/fluterm.eu\/de\/wp-json\/wp\/v2\/media\/9790"}],"wp:attachment":[{"href":"https:\/\/fluterm.eu\/de\/wp-json\/wp\/v2\/media?parent=9787"}],"wp:term":[{"taxonomy":"product_cat","embeddable":true,"href":"https:\/\/fluterm.eu\/de\/wp-json\/wp\/v2\/product_cat?post=9787"},{"taxonomy":"product_tag","embeddable":true,"href":"https:\/\/fluterm.eu\/de\/wp-json\/wp\/v2\/product_tag?post=9787"}],"curies":[{"name":"wp","href":"https:\/\/api.w.org\/{rel}","templated":true}]}}