{"id":4460,"date":"2022-10-01T08:14:55","date_gmt":"2022-10-01T05:14:55","guid":{"rendered":"https:\/\/fluterm.eu\/politica-de-devoluciones-y-reembolsos\/"},"modified":"2023-09-04T19:12:04","modified_gmt":"2023-09-04T16:12:04","slug":"politica-de-devoluciones-y-reembolsos","status":"publish","type":"page","link":"https:\/\/fluterm.eu\/es\/politica-de-devoluciones-y-reembolsos\/","title":{"rendered":"Pol\u00edtica de devoluciones y reembolsos"},"content":{"rendered":"&#13;\n<p>\u00a0<\/p>&#13;\n<h1><strong>Refund and returns policy<\/strong><\/h1>&#13;\n<p><br\/>Nuestra pol\u00edtica es v\u00e1lida durante un periodo de 14 d\u00edas naturales a partir de la fecha de la compra. Si desea devolver el producto para obtener un reembolso durante este periodo, puede hacerlo siempre que se cumplan las condiciones que se indican a continuaci\u00f3n. Tenga en cuenta que si ha transcurrido el plazo de 14 d\u00edas, lamentablemente no podemos ofrecerle un reembolso.<\/p>&#13;\n<p>Requisitos de devoluci\u00f3n<\/p>&#13;\n<p>Para tener derecho a reembolso, deben cumplirse los siguientes requisitos:<\/p>&#13;\n<p>&#8211; El producto es defectuoso<br\/>&#8211; El producto no es como se describe<br\/>&#8211; El producto debe estar sin abrir<br\/>&#8211; El producto debe estar en su embalaje original<br\/>&#8211; El producto debe estar sin usar<br\/>&#8211; El producto no debe estar da\u00f1ado<\/p>&#13;\n<p>Con el fin de garantizar que se cumplen los criterios anteriores, se inspeccionar\u00e1n todas las devoluciones. Si el producto no cumple los criterios indicados, nos reservamos el derecho a no efectuar el reembolso.<\/p>&#13;\n<p>Justificante de compra<\/p>&#13;\n<p>Para completar su reembolso, necesitamos un recibo, una orden de compra u otra prueba de compra. Tenga en cuenta que sin la prueba de compra mencionada, no efectuaremos ning\u00fan reembolso.<\/p>&#13;\n<p>Contacto<\/p>&#13;\n<p>Si tiene alguna pregunta, duda o queja sobre esta pol\u00edtica de reembolso, le animamos a que se ponga en contacto con nosotros a trav\u00e9s de los datos que figuran a continuaci\u00f3n:<\/p>&#13;\n<p>Office@fluterm.ro<\/p>&#13;\n<p>Este documento se actualiz\u00f3 por \u00faltima vez el 26 de junio de 2023<\/p>&#13;\n","protected":false},"excerpt":{"rendered":"<p>&#13; \u00a0 &#13; Refund and returns policy &#13; Nuestra pol\u00edtica es v\u00e1lida durante un periodo de 14 d\u00edas naturales a partir de la fecha de la compra. Si desea devolver el producto para obtener un reembolso durante este periodo, puede hacerlo siempre que se cumplan las condiciones que se indican a continuaci\u00f3n. Tenga en cuenta&hellip;<\/p>\n","protected":false},"author":3,"featured_media":0,"parent":0,"menu_order":0,"comment_status":"closed","ping_status":"closed","template":"","meta":{"footnotes":""},"class_list":["post-4460","page","type-page","status-publish","hentry"],"acf":[],"yoast_head":"<!-- This site is optimized with the Yoast SEO plugin v21.2 - https:\/\/yoast.com\/wordpress\/plugins\/seo\/ -->\n<title>Pol\u00edtica de devoluciones y reembolsos<\/title>\n<meta name=\"robots\" content=\"index, follow, max-snippet:-1, max-image-preview:large, max-video-preview:-1\" \/>\n<link rel=\"canonical\" href=\"https:\/\/fluterm.eu\/es\/politica-de-devoluciones-y-reembolsos\/\" \/>\n<meta property=\"og:locale\" content=\"es_ES\" \/>\n<meta property=\"og:type\" content=\"article\" \/>\n<meta property=\"og:title\" content=\"Pol\u00edtica de devoluciones y reembolsos\" \/>\n<meta property=\"og:description\" content=\"&#013; \u00a0 &#013; Refund and returns policy &#013; Nuestra pol\u00edtica es v\u00e1lida durante un periodo de 14 d\u00edas naturales a partir de la fecha de la compra. Si desea devolver el producto para obtener un reembolso durante este periodo, puede hacerlo siempre que se cumplan las condiciones que se indican a continuaci\u00f3n. Tenga en cuenta&hellip;\" \/>\n<meta property=\"og:url\" content=\"https:\/\/fluterm.eu\/es\/politica-de-devoluciones-y-reembolsos\/\" \/>\n<meta property=\"og:site_name\" content=\"fluterm.eu\" \/>\n<meta property=\"article:modified_time\" content=\"2023-09-04T16:12:04+00:00\" \/>\n<meta name=\"twitter:card\" content=\"summary_large_image\" \/>\n<meta name=\"twitter:label1\" content=\"Tiempo de lectura\" \/>\n\t<meta name=\"twitter:data1\" content=\"1 minuto\" \/>\n<script type=\"application\/ld+json\" class=\"yoast-schema-graph\">{\"@context\":\"https:\/\/schema.org\",\"@graph\":[{\"@type\":\"WebPage\",\"@id\":\"https:\/\/fluterm.eu\/es\/politica-de-devoluciones-y-reembolsos\/\",\"url\":\"https:\/\/fluterm.eu\/es\/politica-de-devoluciones-y-reembolsos\/\",\"name\":\"Pol\u00edtica de devoluciones y reembolsos\",\"isPartOf\":{\"@id\":\"https:\/\/fluterm.eu\/#website\"},\"datePublished\":\"2022-10-01T05:14:55+00:00\",\"dateModified\":\"2023-09-04T16:12:04+00:00\",\"breadcrumb\":{\"@id\":\"https:\/\/fluterm.eu\/es\/politica-de-devoluciones-y-reembolsos\/#breadcrumb\"},\"inLanguage\":\"es\",\"potentialAction\":[{\"@type\":\"ReadAction\",\"target\":[\"https:\/\/fluterm.eu\/es\/politica-de-devoluciones-y-reembolsos\/\"]}]},{\"@type\":\"BreadcrumbList\",\"@id\":\"https:\/\/fluterm.eu\/es\/politica-de-devoluciones-y-reembolsos\/#breadcrumb\",\"itemListElement\":[{\"@type\":\"ListItem\",\"position\":1,\"name\":\"Home\",\"item\":\"https:\/\/fluterm.eu\/es\/tienda\/\"},{\"@type\":\"ListItem\",\"position\":2,\"name\":\"Pol\u00edtica de devoluciones y reembolsos\"}]},{\"@type\":\"WebSite\",\"@id\":\"https:\/\/fluterm.eu\/#website\",\"url\":\"https:\/\/fluterm.eu\/\",\"name\":\"fluterm.eu\",\"description\":\"\",\"potentialAction\":[{\"@type\":\"SearchAction\",\"target\":{\"@type\":\"EntryPoint\",\"urlTemplate\":\"https:\/\/fluterm.eu\/?s={search_term_string}\"},\"query-input\":\"required name=search_term_string\"}],\"inLanguage\":\"es\"}]}<\/script>\n<!-- \/ Yoast SEO plugin. -->","yoast_head_json":{"title":"Pol\u00edtica de devoluciones y reembolsos","robots":{"index":"index","follow":"follow","max-snippet":"max-snippet:-1","max-image-preview":"max-image-preview:large","max-video-preview":"max-video-preview:-1"},"canonical":"https:\/\/fluterm.eu\/es\/politica-de-devoluciones-y-reembolsos\/","og_locale":"es_ES","og_type":"article","og_title":"Pol\u00edtica de devoluciones y reembolsos","og_description":"&#13; \u00a0 &#13; Refund and returns policy &#13; Nuestra pol\u00edtica es v\u00e1lida durante un periodo de 14 d\u00edas naturales a partir de la fecha de la compra. Si desea devolver el producto para obtener un reembolso durante este periodo, puede hacerlo siempre que se cumplan las condiciones que se indican a continuaci\u00f3n. Tenga en cuenta&hellip;","og_url":"https:\/\/fluterm.eu\/es\/politica-de-devoluciones-y-reembolsos\/","og_site_name":"fluterm.eu","article_modified_time":"2023-09-04T16:12:04+00:00","twitter_card":"summary_large_image","twitter_misc":{"Tiempo de lectura":"1 minuto"},"schema":{"@context":"https:\/\/schema.org","@graph":[{"@type":"WebPage","@id":"https:\/\/fluterm.eu\/es\/politica-de-devoluciones-y-reembolsos\/","url":"https:\/\/fluterm.eu\/es\/politica-de-devoluciones-y-reembolsos\/","name":"Pol\u00edtica de devoluciones y reembolsos","isPartOf":{"@id":"https:\/\/fluterm.eu\/#website"},"datePublished":"2022-10-01T05:14:55+00:00","dateModified":"2023-09-04T16:12:04+00:00","breadcrumb":{"@id":"https:\/\/fluterm.eu\/es\/politica-de-devoluciones-y-reembolsos\/#breadcrumb"},"inLanguage":"es","potentialAction":[{"@type":"ReadAction","target":["https:\/\/fluterm.eu\/es\/politica-de-devoluciones-y-reembolsos\/"]}]},{"@type":"BreadcrumbList","@id":"https:\/\/fluterm.eu\/es\/politica-de-devoluciones-y-reembolsos\/#breadcrumb","itemListElement":[{"@type":"ListItem","position":1,"name":"Home","item":"https:\/\/fluterm.eu\/es\/tienda\/"},{"@type":"ListItem","position":2,"name":"Pol\u00edtica de devoluciones y reembolsos"}]},{"@type":"WebSite","@id":"https:\/\/fluterm.eu\/#website","url":"https:\/\/fluterm.eu\/","name":"fluterm.eu","description":"","potentialAction":[{"@type":"SearchAction","target":{"@type":"EntryPoint","urlTemplate":"https:\/\/fluterm.eu\/?s={search_term_string}"},"query-input":"required name=search_term_string"}],"inLanguage":"es"}]}},"_links":{"self":[{"href":"https:\/\/fluterm.eu\/es\/wp-json\/wp\/v2\/pages\/4460","targetHints":{"allow":["GET"]}}],"collection":[{"href":"https:\/\/fluterm.eu\/es\/wp-json\/wp\/v2\/pages"}],"about":[{"href":"https:\/\/fluterm.eu\/es\/wp-json\/wp\/v2\/types\/page"}],"author":[{"embeddable":true,"href":"https:\/\/fluterm.eu\/es\/wp-json\/wp\/v2\/users\/3"}],"replies":[{"embeddable":true,"href":"https:\/\/fluterm.eu\/es\/wp-json\/wp\/v2\/comments?post=4460"}],"version-history":[{"count":2,"href":"https:\/\/fluterm.eu\/es\/wp-json\/wp\/v2\/pages\/4460\/revisions"}],"predecessor-version":[{"id":4466,"href":"https:\/\/fluterm.eu\/es\/wp-json\/wp\/v2\/pages\/4460\/revisions\/4466"}],"wp:attachment":[{"href":"https:\/\/fluterm.eu\/es\/wp-json\/wp\/v2\/media?parent=4460"}],"curies":[{"name":"wp","href":"https:\/\/api.w.org\/{rel}","templated":true}]}}