{"id":10001,"date":"2023-08-26T09:57:24","date_gmt":"2023-08-26T06:57:24","guid":{"rendered":"https:\/\/fluterm.eu\/prod\/huawei-hybrid-sun2000-20ktl-m1-inversor-20-000w-trifasico\/"},"modified":"2023-09-06T13:37:46","modified_gmt":"2023-09-06T10:37:46","slug":"huawei-hybrid-sun2000-20ktl-m1-inversor-20-000w-trifasico","status":"publish","type":"product","link":"https:\/\/fluterm.eu\/es\/prod\/huawei-hybrid-sun2000-20ktl-m1-inversor-20-000w-trifasico\/","title":{"rendered":"Huawei Hybrid SUN2000-20KTL-M1 Inversor &#8211; 20.000W Trif\u00e1sico"},"content":{"rendered":"<p>El inversor h\u00edbrido <strong>SUN2000L-20KTL-M5<\/strong> de Huawei forma parte de la nueva e innovadora gama de inversores residenciales de Huawei. Este inversor inteligente de Huawei cuenta con protecci\u00f3n activa contra arcos voltaicos, mayor eficiencia con hasta un 30% m\u00e1s de energ\u00eda gracias a los nuevos optimizadores SUN2000-450W-P y adem\u00e1s ofrece la posibilidad de conectar bater\u00edas de acumulaci\u00f3n de litio como la lg 10 charm o la nueva bater\u00eda modular de Huawei LUNA2000-SO.<\/p>\n<h2>Caracter\u00edsticas t\u00e9cnicas<\/h2>\n<table border=\"1\">\n<tbody>\n<tr>\n<td colspan=\"2\">Entrada<\/td>\n<\/tr>\n<tr>\n<td width=\"50%\">Potencia fotovoltaica m\u00e1xima sugerida<\/td>\n<td width=\"50%\">30.000 Wp<\/td>\n<\/tr>\n<tr>\n<td>Tensi\u00f3n m\u00e1xima de entrada<\/td>\n<td>1.100V<\/td>\n<\/tr>\n<tr>\n<td>Max. corriente de entrada para MPPT<\/td>\n<td>30A (dos cadenas) \/ 20A (una cadena)<\/td>\n<\/tr>\n<tr>\n<td>corriente de cortocircuito m\u00e1x.<\/td>\n<td>40A<\/td>\n<\/tr>\n<tr>\n<td>Tensi\u00f3n de arranque<\/td>\n<td>200V<\/td>\n<\/tr>\n<tr>\n<td>Rango de tensi\u00f3n nominal MPPT<\/td>\n<td>200V~1000V<\/td>\n<\/tr>\n<tr>\n<td>Tensi\u00f3n nominal de entrada<\/td>\n<td>600V<\/td>\n<\/tr>\n<tr>\n<td>N\u00famero m\u00e1ximo de entradas para MPPT<\/td>\n<td>4<\/td>\n<\/tr>\n<tr>\n<td>N\u00famero de MPPT<\/td>\n<td>2<\/td>\n<\/tr>\n<tr>\n<td colspan=\"2\">Salida<\/td>\n<\/tr>\n<tr>\n<td>Potencia nominal de salida<\/td>\n<td>20,000W<\/td>\n<\/tr>\n<tr>\n<td>Max. potencia aparente<\/td>\n<td>22.000VA<\/td>\n<\/tr>\n<tr>\n<td>Tensi\u00f3n nominal de salida<\/td>\n<td>220Vac \/ 380Vac, 230Vac \/ 400Vac, 239,6Vac \/ 415Vac, 3W + N + PE<\/td>\n<\/tr>\n<tr>\n<td>Frecuencia nominal de la red de CA<\/td>\n<td>50Hz \/ 60Hz<\/td>\n<\/tr>\n<tr>\n<td>Corriente m\u00e1xima de salida<\/td>\n<td>33,6A\/380Vac<br \/>\n31,9A\/400Vac<br \/>\n30,8A\/415Vac<\/td>\n<\/tr>\n<tr>\n<td>Factor de potencia ajustable<\/td>\n<td>0,8 capaci &#8230; 0,8 induct<\/td>\n<\/tr>\n<tr>\n<td colspan=\"2\">Funciones y protecciones<\/td>\n<\/tr>\n<tr>\n<td>Categor\u00eda de sobretensi\u00f3n<\/td>\n<td>FV \u2161\/AC \u2162<\/td>\n<\/tr>\n<tr>\n<td>Dispositivo de desconexi\u00f3n del lado de entrada<\/td>\n<td>S\u00ed<\/td>\n<\/tr>\n<tr>\n<td>Protecci\u00f3n antiembarco<\/td>\n<td>S\u00ed<\/td>\n<\/tr>\n<tr>\n<td>Protecci\u00f3n contra sobreintensidad de CA<\/td>\n<td>S\u00ed<\/td>\n<\/tr>\n<tr>\n<td>Protecci\u00f3n contra polaridad inversa de CC<\/td>\n<td>S\u00ed<\/td>\n<\/tr>\n<tr>\n<td>Detecci\u00f3n de fallos en cadenas<\/td>\n<td>S\u00ed<\/td>\n<\/tr>\n<tr>\n<td>Descargador de CC integrado<\/td>\n<td>Tipo II<\/td>\n<\/tr>\n<tr>\n<td>Descargador de CA integrado<\/td>\n<td>CLASE II<\/td>\n<\/tr>\n<tr>\n<td colspan=\"2\">Cumplimiento de las normas<\/td>\n<\/tr>\n<tr>\n<td>Seguridad<\/td>\n<td>EN\/IEC 62109-1, EN\/IEC 62109-2<\/td>\n<\/tr>\n<tr>\n<td>Norma de conexi\u00f3n a la red<\/td>\n<td>G99, EN 50549, CEI 0-21, CEI 0-16, VDE-AR-N-4105, VDE-AR-N-4110, C10\/11, ABNT, VFR 2019, UNE 217001, UNE 217002, RD 244, TOR D4, IEC61727, IEC62116<\/td>\n<\/tr>\n<tr>\n<td colspan=\"2\">Optimizador compatible<\/td>\n<\/tr>\n<tr>\n<td>Optimizador compatible con DC MBUS<\/td>\n<td>SUN2000-450W-P, SUN2000-450W-P2, SUN2000-600W-P, MERC-1300W-P, MERC-1100W-P<\/td>\n<\/tr>\n<tr>\n<td colspan=\"2\">Datos generales<\/td>\n<\/tr>\n<tr>\n<td>Mostrar<\/td>\n<td>Indicadores LED; WLAN integrada + FusionSolar App<\/td>\n<\/tr>\n<tr>\n<td>Comunicaci\u00f3n<\/td>\n<td>RS485; WLAN\/Ethernet mediante Smart Dongle-WLAN-FE (opcional) 4G \/ 3G \/ 2G mediante Smart Dongle-4G (opcional)<\/td>\n<\/tr>\n<tr>\n<td>Temperatura de funcionamiento<\/td>\n<td>-25 ~ +60\u00b0C (-13\u00b0F ~ 140\u00b0F)<\/td>\n<\/tr>\n<tr>\n<td>Enfriamiento<\/td>\n<td>Refrigeraci\u00f3n por aire inteligente<\/td>\n<\/tr>\n<tr>\n<td>Grado de protecci\u00f3n<\/td>\n<td>IP66<\/td>\n<\/tr>\n<tr>\n<td>Dimensiones (incluido el soporte de montaje)<\/td>\n<td>546 x 460 x 228 mm<\/td>\n<\/tr>\n<tr>\n<td>Peso (incluido el soporte de montaje)<\/td>\n<td>21kg (46.4lbs)<\/td>\n<\/tr>\n<\/tbody>\n<\/table>\n<div dir=\"ltr\"><\/div>\n","protected":false},"excerpt":{"rendered":"<p>El inversor h\u00edbrido SUN2000L-20KTL-M5 de Huawei forma parte de la nueva e innovadora gama de inversores residenciales de Huawei. Este inversor inteligente de Huawei cuenta con protecci\u00f3n activa contra arcos voltaicos, mayor eficiencia con hasta un 30% m\u00e1s de energ\u00eda gracias a los nuevos optimizadores SUN2000-450W-P y adem\u00e1s ofrece la posibilidad de conectar bater\u00edas de&hellip;<\/p>\n","protected":false},"featured_media":10004,"comment_status":"open","ping_status":"closed","template":"","meta":[],"product_cat":[799],"product_tag":[],"class_list":{"0":"post-10001","1":"product","2":"type-product","3":"status-publish","4":"has-post-thumbnail","6":"product_cat-kits-fotovoltaicos-es","8":"first","9":"instock","10":"taxable","11":"shipping-taxable","12":"purchasable","13":"product-type-simple","14":"col-xs-6 col-sm-4","15":"col-md-4 col-lg-4","16":"un-3-cols"},"acf":[],"yoast_head":"<!-- This site is optimized with the Yoast SEO plugin v21.2 - https:\/\/yoast.com\/wordpress\/plugins\/seo\/ -->\n<title>Huawei Hybrid SUN2000-20KTL-M1 Inversor - 20.000W Trif\u00e1sico<\/title>\n<meta name=\"description\" content=\"Order Huawei Hybrid SUN2000-20KTL-M1 Inversor - 20.000W Trif\u00e1sico at a best price.\" \/>\n<meta name=\"robots\" content=\"index, follow, max-snippet:-1, max-image-preview:large, max-video-preview:-1\" \/>\n<link rel=\"canonical\" href=\"https:\/\/fluterm.eu\/es\/prod\/huawei-hybrid-sun2000-20ktl-m1-inversor-20-000w-trifasico\/\" \/>\n<meta property=\"og:locale\" content=\"es_ES\" \/>\n<meta property=\"og:type\" content=\"article\" \/>\n<meta property=\"og:title\" content=\"Huawei Hybrid SUN2000-20KTL-M1 Inversor - 20.000W Trif\u00e1sico\" \/>\n<meta property=\"og:description\" content=\"Order Huawei Hybrid SUN2000-20KTL-M1 Inversor - 20.000W Trif\u00e1sico at a best price.\" \/>\n<meta property=\"og:url\" content=\"https:\/\/fluterm.eu\/es\/prod\/huawei-hybrid-sun2000-20ktl-m1-inversor-20-000w-trifasico\/\" \/>\n<meta property=\"og:site_name\" content=\"fluterm.eu\" \/>\n<meta property=\"article:modified_time\" content=\"2023-09-06T10:37:46+00:00\" \/>\n<meta property=\"og:image\" content=\"https:\/\/fluterm.eu\/wp-content\/uploads\/2023\/08\/5DDCA596-E858-4E61-98D9-BF6E2FD8EFD3_4_5005_c.jpeg\" \/>\n\t<meta property=\"og:image:width\" content=\"296\" \/>\n\t<meta property=\"og:image:height\" content=\"296\" \/>\n\t<meta property=\"og:image:type\" content=\"image\/jpeg\" \/>\n<meta name=\"twitter:card\" content=\"summary_large_image\" \/>\n<meta name=\"twitter:label1\" content=\"Tiempo de lectura\" \/>\n\t<meta name=\"twitter:data1\" content=\"2 minutos\" \/>\n<script type=\"application\/ld+json\" class=\"yoast-schema-graph\">{\"@context\":\"https:\/\/schema.org\",\"@graph\":[{\"@type\":\"WebPage\",\"@id\":\"https:\/\/fluterm.eu\/es\/prod\/huawei-hybrid-sun2000-20ktl-m1-inversor-20-000w-trifasico\/\",\"url\":\"https:\/\/fluterm.eu\/es\/prod\/huawei-hybrid-sun2000-20ktl-m1-inversor-20-000w-trifasico\/\",\"name\":\"Huawei Hybrid SUN2000-20KTL-M1 Inversor - 20.000W Trif\u00e1sico\",\"isPartOf\":{\"@id\":\"https:\/\/fluterm.eu\/#website\"},\"datePublished\":\"2023-08-26T06:57:24+00:00\",\"dateModified\":\"2023-09-06T10:37:46+00:00\",\"description\":\"Order Huawei Hybrid SUN2000-20KTL-M1 Inversor - 20.000W Trif\u00e1sico at a best price.\",\"breadcrumb\":{\"@id\":\"https:\/\/fluterm.eu\/es\/prod\/huawei-hybrid-sun2000-20ktl-m1-inversor-20-000w-trifasico\/#breadcrumb\"},\"inLanguage\":\"es\",\"potentialAction\":[{\"@type\":\"ReadAction\",\"target\":[\"https:\/\/fluterm.eu\/es\/prod\/huawei-hybrid-sun2000-20ktl-m1-inversor-20-000w-trifasico\/\"]}]},{\"@type\":\"BreadcrumbList\",\"@id\":\"https:\/\/fluterm.eu\/es\/prod\/huawei-hybrid-sun2000-20ktl-m1-inversor-20-000w-trifasico\/#breadcrumb\",\"itemListElement\":[{\"@type\":\"ListItem\",\"position\":1,\"name\":\"Home\",\"item\":\"https:\/\/fluterm.eu\/es\/tienda\/\"},{\"@type\":\"ListItem\",\"position\":2,\"name\":\"Tienda\",\"item\":\"https:\/\/fluterm.eu\/es\/tienda\/\"},{\"@type\":\"ListItem\",\"position\":3,\"name\":\"Huawei Hybrid SUN2000-20KTL-M1 Inversor &#8211; 20.000W Trif\u00e1sico\"}]},{\"@type\":\"WebSite\",\"@id\":\"https:\/\/fluterm.eu\/#website\",\"url\":\"https:\/\/fluterm.eu\/\",\"name\":\"fluterm.eu\",\"description\":\"\",\"potentialAction\":[{\"@type\":\"SearchAction\",\"target\":{\"@type\":\"EntryPoint\",\"urlTemplate\":\"https:\/\/fluterm.eu\/?s={search_term_string}\"},\"query-input\":\"required name=search_term_string\"}],\"inLanguage\":\"es\"}]}<\/script>\n<!-- \/ Yoast SEO plugin. -->","yoast_head_json":{"title":"Huawei Hybrid SUN2000-20KTL-M1 Inversor - 20.000W Trif\u00e1sico","description":"Order Huawei Hybrid SUN2000-20KTL-M1 Inversor - 20.000W Trif\u00e1sico at a best price.","robots":{"index":"index","follow":"follow","max-snippet":"max-snippet:-1","max-image-preview":"max-image-preview:large","max-video-preview":"max-video-preview:-1"},"canonical":"https:\/\/fluterm.eu\/es\/prod\/huawei-hybrid-sun2000-20ktl-m1-inversor-20-000w-trifasico\/","og_locale":"es_ES","og_type":"article","og_title":"Huawei Hybrid SUN2000-20KTL-M1 Inversor - 20.000W Trif\u00e1sico","og_description":"Order Huawei Hybrid SUN2000-20KTL-M1 Inversor - 20.000W Trif\u00e1sico at a best price.","og_url":"https:\/\/fluterm.eu\/es\/prod\/huawei-hybrid-sun2000-20ktl-m1-inversor-20-000w-trifasico\/","og_site_name":"fluterm.eu","article_modified_time":"2023-09-06T10:37:46+00:00","og_image":[{"width":296,"height":296,"url":"https:\/\/fluterm.eu\/wp-content\/uploads\/2023\/08\/5DDCA596-E858-4E61-98D9-BF6E2FD8EFD3_4_5005_c.jpeg","type":"image\/jpeg"}],"twitter_card":"summary_large_image","twitter_misc":{"Tiempo de lectura":"2 minutos"},"schema":{"@context":"https:\/\/schema.org","@graph":[{"@type":"WebPage","@id":"https:\/\/fluterm.eu\/es\/prod\/huawei-hybrid-sun2000-20ktl-m1-inversor-20-000w-trifasico\/","url":"https:\/\/fluterm.eu\/es\/prod\/huawei-hybrid-sun2000-20ktl-m1-inversor-20-000w-trifasico\/","name":"Huawei Hybrid SUN2000-20KTL-M1 Inversor - 20.000W Trif\u00e1sico","isPartOf":{"@id":"https:\/\/fluterm.eu\/#website"},"datePublished":"2023-08-26T06:57:24+00:00","dateModified":"2023-09-06T10:37:46+00:00","description":"Order Huawei Hybrid SUN2000-20KTL-M1 Inversor - 20.000W Trif\u00e1sico at a best price.","breadcrumb":{"@id":"https:\/\/fluterm.eu\/es\/prod\/huawei-hybrid-sun2000-20ktl-m1-inversor-20-000w-trifasico\/#breadcrumb"},"inLanguage":"es","potentialAction":[{"@type":"ReadAction","target":["https:\/\/fluterm.eu\/es\/prod\/huawei-hybrid-sun2000-20ktl-m1-inversor-20-000w-trifasico\/"]}]},{"@type":"BreadcrumbList","@id":"https:\/\/fluterm.eu\/es\/prod\/huawei-hybrid-sun2000-20ktl-m1-inversor-20-000w-trifasico\/#breadcrumb","itemListElement":[{"@type":"ListItem","position":1,"name":"Home","item":"https:\/\/fluterm.eu\/es\/tienda\/"},{"@type":"ListItem","position":2,"name":"Tienda","item":"https:\/\/fluterm.eu\/es\/tienda\/"},{"@type":"ListItem","position":3,"name":"Huawei Hybrid SUN2000-20KTL-M1 Inversor &#8211; 20.000W Trif\u00e1sico"}]},{"@type":"WebSite","@id":"https:\/\/fluterm.eu\/#website","url":"https:\/\/fluterm.eu\/","name":"fluterm.eu","description":"","potentialAction":[{"@type":"SearchAction","target":{"@type":"EntryPoint","urlTemplate":"https:\/\/fluterm.eu\/?s={search_term_string}"},"query-input":"required name=search_term_string"}],"inLanguage":"es"}]}},"_links":{"self":[{"href":"https:\/\/fluterm.eu\/es\/wp-json\/wp\/v2\/product\/10001","targetHints":{"allow":["GET"]}}],"collection":[{"href":"https:\/\/fluterm.eu\/es\/wp-json\/wp\/v2\/product"}],"about":[{"href":"https:\/\/fluterm.eu\/es\/wp-json\/wp\/v2\/types\/product"}],"replies":[{"embeddable":true,"href":"https:\/\/fluterm.eu\/es\/wp-json\/wp\/v2\/comments?post=10001"}],"version-history":[{"count":1,"href":"https:\/\/fluterm.eu\/es\/wp-json\/wp\/v2\/product\/10001\/revisions"}],"predecessor-version":[{"id":13871,"href":"https:\/\/fluterm.eu\/es\/wp-json\/wp\/v2\/product\/10001\/revisions\/13871"}],"wp:featuredmedia":[{"embeddable":true,"href":"https:\/\/fluterm.eu\/es\/wp-json\/wp\/v2\/media\/10004"}],"wp:attachment":[{"href":"https:\/\/fluterm.eu\/es\/wp-json\/wp\/v2\/media?parent=10001"}],"wp:term":[{"taxonomy":"product_cat","embeddable":true,"href":"https:\/\/fluterm.eu\/es\/wp-json\/wp\/v2\/product_cat?post=10001"},{"taxonomy":"product_tag","embeddable":true,"href":"https:\/\/fluterm.eu\/es\/wp-json\/wp\/v2\/product_tag?post=10001"}],"curies":[{"name":"wp","href":"https:\/\/api.w.org\/{rel}","templated":true}]}}