{"id":10220,"date":"2023-08-20T23:10:15","date_gmt":"2023-08-20T20:10:15","guid":{"rendered":"https:\/\/fluterm.eu\/prod\/tubo-monocapa-pe-rt-para-calefaccion-por-suelo-radiante-16x2-garantia-de-por-vida\/"},"modified":"2023-09-06T13:37:48","modified_gmt":"2023-09-06T10:37:48","slug":"tubo-monocapa-pe-rt-para-calefaccion-por-suelo-radiante-16x2-garantia-de-por-vida","status":"publish","type":"product","link":"https:\/\/fluterm.eu\/es\/prod\/tubo-monocapa-pe-rt-para-calefaccion-por-suelo-radiante-16x2-garantia-de-por-vida\/","title":{"rendered":"Tubo monocapa Pe-Rt para calefacci\u00f3n por suelo radiante 16\u00d72 Garant\u00eda de por vida"},"content":{"rendered":"<p><span style=\"color: #ff0000;\"><strong>  Podemos cortar cualquier longitud, s\u00f3lo tiene que proporcionarnos el metraje.<\/strong><\/span><\/p>\n<table class=\"table table-light table-bordered\" width=\"586\">\n<tbody>\n<tr>\n<td>Fabricante:<\/td>\n<td>Mplast<\/td>\n<\/tr>\n<tr>\n<td>Di\u00e1metro:<\/td>\n<td>16 mm<\/td>\n<\/tr>\n<tr>\n<td>Material:<\/td>\n<td>pe-rt<\/td>\n<\/tr>\n<tr>\n<td>Max. temperatura de trabajo:<\/p>\n<p>Barrera de ox\u00edgeno<\/td>\n<td>70 \u00b0C<\/p>\n<p>&nbsp;<\/td>\n<\/tr>\n<\/tbody>\n<\/table>\n","protected":false},"excerpt":{"rendered":"<p>Podemos cortar cualquier longitud, s\u00f3lo tiene que proporcionarnos el metraje. Fabricante: Mplast Di\u00e1metro: 16 mm Material: pe-rt Max. temperatura de trabajo: Barrera de ox\u00edgeno 70 \u00b0C &nbsp;<\/p>\n","protected":false},"featured_media":10227,"comment_status":"open","ping_status":"closed","template":"","meta":[],"product_cat":[868],"product_tag":[],"class_list":{"0":"post-10220","1":"product","2":"type-product","3":"status-publish","4":"has-post-thumbnail","6":"product_cat-tuberia-de-calefaccion-por-suelo-radiante","8":"first","9":"instock","10":"taxable","11":"shipping-taxable","12":"purchasable","13":"product-type-simple","14":"col-xs-6 col-sm-4","15":"col-md-4 col-lg-4","16":"un-3-cols"},"acf":[],"yoast_head":"<!-- This site is optimized with the Yoast SEO plugin v21.2 - https:\/\/yoast.com\/wordpress\/plugins\/seo\/ -->\n<title>Tubo monocapa Pe-Rt para calefacci\u00f3n por suelo radiante 16\u00d72 Garant\u00eda de por vida<\/title>\n<meta name=\"description\" content=\"Order Tubo monocapa Pe-Rt para calefacci\u00f3n por suelo radiante 16\u00d72 Garant\u00eda de por vida at a best price.\" \/>\n<meta name=\"robots\" content=\"index, follow, max-snippet:-1, max-image-preview:large, max-video-preview:-1\" \/>\n<link rel=\"canonical\" href=\"https:\/\/fluterm.eu\/es\/prod\/tubo-monocapa-pe-rt-para-calefaccion-por-suelo-radiante-16x2-garantia-de-por-vida\/\" \/>\n<meta property=\"og:locale\" content=\"es_ES\" \/>\n<meta property=\"og:type\" content=\"article\" \/>\n<meta property=\"og:title\" content=\"Tubo monocapa Pe-Rt para calefacci\u00f3n por suelo radiante 16\u00d72 Garant\u00eda de por vida\" \/>\n<meta property=\"og:description\" content=\"Order Tubo monocapa Pe-Rt para calefacci\u00f3n por suelo radiante 16\u00d72 Garant\u00eda de por vida at a best price.\" \/>\n<meta property=\"og:url\" content=\"https:\/\/fluterm.eu\/es\/prod\/tubo-monocapa-pe-rt-para-calefaccion-por-suelo-radiante-16x2-garantia-de-por-vida\/\" \/>\n<meta property=\"og:site_name\" content=\"fluterm.eu\" \/>\n<meta property=\"article:modified_time\" content=\"2023-09-06T10:37:48+00:00\" \/>\n<meta property=\"og:image\" content=\"https:\/\/fluterm.eu\/wp-content\/uploads\/2023\/08\/8289343C-1679-4F74-B25A-ABC4AB29F6F3_4_5005_c.jpeg\" \/>\n\t<meta property=\"og:image:width\" content=\"224\" \/>\n\t<meta property=\"og:image:height\" content=\"224\" \/>\n\t<meta property=\"og:image:type\" content=\"image\/jpeg\" \/>\n<meta name=\"twitter:card\" content=\"summary_large_image\" \/>\n<script type=\"application\/ld+json\" class=\"yoast-schema-graph\">{\"@context\":\"https:\/\/schema.org\",\"@graph\":[{\"@type\":\"WebPage\",\"@id\":\"https:\/\/fluterm.eu\/es\/prod\/tubo-monocapa-pe-rt-para-calefaccion-por-suelo-radiante-16x2-garantia-de-por-vida\/\",\"url\":\"https:\/\/fluterm.eu\/es\/prod\/tubo-monocapa-pe-rt-para-calefaccion-por-suelo-radiante-16x2-garantia-de-por-vida\/\",\"name\":\"Tubo monocapa Pe-Rt para calefacci\u00f3n por suelo radiante 16\u00d72 Garant\u00eda de por vida\",\"isPartOf\":{\"@id\":\"https:\/\/fluterm.eu\/#website\"},\"datePublished\":\"2023-08-20T20:10:15+00:00\",\"dateModified\":\"2023-09-06T10:37:48+00:00\",\"description\":\"Order Tubo monocapa Pe-Rt para calefacci\u00f3n por suelo radiante 16\u00d72 Garant\u00eda de por vida at a best price.\",\"breadcrumb\":{\"@id\":\"https:\/\/fluterm.eu\/es\/prod\/tubo-monocapa-pe-rt-para-calefaccion-por-suelo-radiante-16x2-garantia-de-por-vida\/#breadcrumb\"},\"inLanguage\":\"es\",\"potentialAction\":[{\"@type\":\"ReadAction\",\"target\":[\"https:\/\/fluterm.eu\/es\/prod\/tubo-monocapa-pe-rt-para-calefaccion-por-suelo-radiante-16x2-garantia-de-por-vida\/\"]}]},{\"@type\":\"BreadcrumbList\",\"@id\":\"https:\/\/fluterm.eu\/es\/prod\/tubo-monocapa-pe-rt-para-calefaccion-por-suelo-radiante-16x2-garantia-de-por-vida\/#breadcrumb\",\"itemListElement\":[{\"@type\":\"ListItem\",\"position\":1,\"name\":\"Home\",\"item\":\"https:\/\/fluterm.eu\/es\/tienda\/\"},{\"@type\":\"ListItem\",\"position\":2,\"name\":\"Tienda\",\"item\":\"https:\/\/fluterm.eu\/es\/tienda\/\"},{\"@type\":\"ListItem\",\"position\":3,\"name\":\"Tubo monocapa Pe-Rt para calefacci\u00f3n por suelo radiante 16\u00d72 Garant\u00eda de por vida\"}]},{\"@type\":\"WebSite\",\"@id\":\"https:\/\/fluterm.eu\/#website\",\"url\":\"https:\/\/fluterm.eu\/\",\"name\":\"fluterm.eu\",\"description\":\"\",\"potentialAction\":[{\"@type\":\"SearchAction\",\"target\":{\"@type\":\"EntryPoint\",\"urlTemplate\":\"https:\/\/fluterm.eu\/?s={search_term_string}\"},\"query-input\":\"required name=search_term_string\"}],\"inLanguage\":\"es\"}]}<\/script>\n<!-- \/ Yoast SEO plugin. -->","yoast_head_json":{"title":"Tubo monocapa Pe-Rt para calefacci\u00f3n por suelo radiante 16\u00d72 Garant\u00eda de por vida","description":"Order Tubo monocapa Pe-Rt para calefacci\u00f3n por suelo radiante 16\u00d72 Garant\u00eda de por vida at a best price.","robots":{"index":"index","follow":"follow","max-snippet":"max-snippet:-1","max-image-preview":"max-image-preview:large","max-video-preview":"max-video-preview:-1"},"canonical":"https:\/\/fluterm.eu\/es\/prod\/tubo-monocapa-pe-rt-para-calefaccion-por-suelo-radiante-16x2-garantia-de-por-vida\/","og_locale":"es_ES","og_type":"article","og_title":"Tubo monocapa Pe-Rt para calefacci\u00f3n por suelo radiante 16\u00d72 Garant\u00eda de por vida","og_description":"Order Tubo monocapa Pe-Rt para calefacci\u00f3n por suelo radiante 16\u00d72 Garant\u00eda de por vida at a best price.","og_url":"https:\/\/fluterm.eu\/es\/prod\/tubo-monocapa-pe-rt-para-calefaccion-por-suelo-radiante-16x2-garantia-de-por-vida\/","og_site_name":"fluterm.eu","article_modified_time":"2023-09-06T10:37:48+00:00","og_image":[{"width":224,"height":224,"url":"https:\/\/fluterm.eu\/wp-content\/uploads\/2023\/08\/8289343C-1679-4F74-B25A-ABC4AB29F6F3_4_5005_c.jpeg","type":"image\/jpeg"}],"twitter_card":"summary_large_image","schema":{"@context":"https:\/\/schema.org","@graph":[{"@type":"WebPage","@id":"https:\/\/fluterm.eu\/es\/prod\/tubo-monocapa-pe-rt-para-calefaccion-por-suelo-radiante-16x2-garantia-de-por-vida\/","url":"https:\/\/fluterm.eu\/es\/prod\/tubo-monocapa-pe-rt-para-calefaccion-por-suelo-radiante-16x2-garantia-de-por-vida\/","name":"Tubo monocapa Pe-Rt para calefacci\u00f3n por suelo radiante 16\u00d72 Garant\u00eda de por vida","isPartOf":{"@id":"https:\/\/fluterm.eu\/#website"},"datePublished":"2023-08-20T20:10:15+00:00","dateModified":"2023-09-06T10:37:48+00:00","description":"Order Tubo monocapa Pe-Rt para calefacci\u00f3n por suelo radiante 16\u00d72 Garant\u00eda de por vida at a best price.","breadcrumb":{"@id":"https:\/\/fluterm.eu\/es\/prod\/tubo-monocapa-pe-rt-para-calefaccion-por-suelo-radiante-16x2-garantia-de-por-vida\/#breadcrumb"},"inLanguage":"es","potentialAction":[{"@type":"ReadAction","target":["https:\/\/fluterm.eu\/es\/prod\/tubo-monocapa-pe-rt-para-calefaccion-por-suelo-radiante-16x2-garantia-de-por-vida\/"]}]},{"@type":"BreadcrumbList","@id":"https:\/\/fluterm.eu\/es\/prod\/tubo-monocapa-pe-rt-para-calefaccion-por-suelo-radiante-16x2-garantia-de-por-vida\/#breadcrumb","itemListElement":[{"@type":"ListItem","position":1,"name":"Home","item":"https:\/\/fluterm.eu\/es\/tienda\/"},{"@type":"ListItem","position":2,"name":"Tienda","item":"https:\/\/fluterm.eu\/es\/tienda\/"},{"@type":"ListItem","position":3,"name":"Tubo monocapa Pe-Rt para calefacci\u00f3n por suelo radiante 16\u00d72 Garant\u00eda de por vida"}]},{"@type":"WebSite","@id":"https:\/\/fluterm.eu\/#website","url":"https:\/\/fluterm.eu\/","name":"fluterm.eu","description":"","potentialAction":[{"@type":"SearchAction","target":{"@type":"EntryPoint","urlTemplate":"https:\/\/fluterm.eu\/?s={search_term_string}"},"query-input":"required name=search_term_string"}],"inLanguage":"es"}]}},"_links":{"self":[{"href":"https:\/\/fluterm.eu\/es\/wp-json\/wp\/v2\/product\/10220","targetHints":{"allow":["GET"]}}],"collection":[{"href":"https:\/\/fluterm.eu\/es\/wp-json\/wp\/v2\/product"}],"about":[{"href":"https:\/\/fluterm.eu\/es\/wp-json\/wp\/v2\/types\/product"}],"replies":[{"embeddable":true,"href":"https:\/\/fluterm.eu\/es\/wp-json\/wp\/v2\/comments?post=10220"}],"version-history":[{"count":1,"href":"https:\/\/fluterm.eu\/es\/wp-json\/wp\/v2\/product\/10220\/revisions"}],"predecessor-version":[{"id":13879,"href":"https:\/\/fluterm.eu\/es\/wp-json\/wp\/v2\/product\/10220\/revisions\/13879"}],"wp:featuredmedia":[{"embeddable":true,"href":"https:\/\/fluterm.eu\/es\/wp-json\/wp\/v2\/media\/10227"}],"wp:attachment":[{"href":"https:\/\/fluterm.eu\/es\/wp-json\/wp\/v2\/media?parent=10220"}],"wp:term":[{"taxonomy":"product_cat","embeddable":true,"href":"https:\/\/fluterm.eu\/es\/wp-json\/wp\/v2\/product_cat?post=10220"},{"taxonomy":"product_tag","embeddable":true,"href":"https:\/\/fluterm.eu\/es\/wp-json\/wp\/v2\/product_tag?post=10220"}],"curies":[{"name":"wp","href":"https:\/\/api.w.org\/{rel}","templated":true}]}}