{"id":11065,"date":"2023-08-10T18:06:55","date_gmt":"2023-08-10T15:06:55","guid":{"rendered":"https:\/\/fluterm.eu\/prod\/t-igual-multicapa-crimpado-d-16\/"},"modified":"2023-09-06T13:37:54","modified_gmt":"2023-09-06T10:37:54","slug":"t-igual-multicapa-crimpado-d-16","status":"publish","type":"product","link":"https:\/\/fluterm.eu\/es\/prod\/t-igual-multicapa-crimpado-d-16\/","title":{"rendered":"T IGUAL MULTICAPA CRIMPADO D.16"},"content":{"rendered":"<p>Dimensiones \u00f8 16<\/p>\n<p>Pexal\u00ae Brass es el sistema de racores a presi\u00f3n fabricado con un cuerpo de aleaci\u00f3n de lat\u00f3n y anillo de engaste de acero inoxidable adaptado a m\u00faltiples aplicaciones: instalaciones de distribuci\u00f3n de agua potable fr\u00eda y caliente, instalaciones de calefacci\u00f3n hasta instalaciones industriales.<\/p>\n","protected":false},"excerpt":{"rendered":"<p>Dimensiones \u00f8 16 Pexal\u00ae Brass es el sistema de racores a presi\u00f3n fabricado con un cuerpo de aleaci\u00f3n de lat\u00f3n y anillo de engaste de acero inoxidable adaptado a m\u00faltiples aplicaciones: instalaciones de distribuci\u00f3n de agua potable fr\u00eda y caliente, instalaciones de calefacci\u00f3n hasta instalaciones industriales.<\/p>\n","protected":false},"featured_media":11083,"comment_status":"open","ping_status":"closed","template":"","meta":[],"product_cat":[902],"product_tag":[],"class_list":{"0":"post-11065","1":"product","2":"type-product","3":"status-publish","4":"has-post-thumbnail","6":"product_cat-fijaciones-a-presion","8":"first","9":"instock","10":"sale","11":"taxable","12":"shipping-taxable","13":"purchasable","14":"product-type-simple","15":"col-xs-6 col-sm-4","16":"col-md-4 col-lg-4","17":"un-3-cols"},"acf":[],"yoast_head":"<!-- This site is optimized with the Yoast SEO plugin v21.2 - https:\/\/yoast.com\/wordpress\/plugins\/seo\/ -->\n<title>T IGUAL MULTICAPA CRIMPADO D.16<\/title>\n<meta name=\"description\" content=\"Order T IGUAL MULTICAPA CRIMPADO D.16 at a best price.\" \/>\n<meta name=\"robots\" content=\"index, follow, max-snippet:-1, max-image-preview:large, max-video-preview:-1\" \/>\n<link rel=\"canonical\" href=\"https:\/\/fluterm.eu\/es\/prod\/t-igual-multicapa-crimpado-d-16\/\" \/>\n<meta property=\"og:locale\" content=\"es_ES\" \/>\n<meta property=\"og:type\" content=\"article\" \/>\n<meta property=\"og:title\" content=\"T IGUAL MULTICAPA CRIMPADO D.16\" \/>\n<meta property=\"og:description\" content=\"Order T IGUAL MULTICAPA CRIMPADO D.16 at a best price.\" \/>\n<meta property=\"og:url\" content=\"https:\/\/fluterm.eu\/es\/prod\/t-igual-multicapa-crimpado-d-16\/\" \/>\n<meta property=\"og:site_name\" content=\"fluterm.eu\" \/>\n<meta property=\"article:modified_time\" content=\"2023-09-06T10:37:54+00:00\" \/>\n<meta property=\"og:image\" content=\"https:\/\/fluterm.eu\/wp-content\/uploads\/2023\/08\/159F4AC7-BE98-415E-9F9F-E239C1E78C4F.jpeg\" \/>\n\t<meta property=\"og:image:width\" content=\"408\" \/>\n\t<meta property=\"og:image:height\" content=\"472\" \/>\n\t<meta property=\"og:image:type\" content=\"image\/jpeg\" \/>\n<meta name=\"twitter:card\" content=\"summary_large_image\" \/>\n<script type=\"application\/ld+json\" class=\"yoast-schema-graph\">{\"@context\":\"https:\/\/schema.org\",\"@graph\":[{\"@type\":\"WebPage\",\"@id\":\"https:\/\/fluterm.eu\/es\/prod\/t-igual-multicapa-crimpado-d-16\/\",\"url\":\"https:\/\/fluterm.eu\/es\/prod\/t-igual-multicapa-crimpado-d-16\/\",\"name\":\"T IGUAL MULTICAPA CRIMPADO D.16\",\"isPartOf\":{\"@id\":\"https:\/\/fluterm.eu\/#website\"},\"datePublished\":\"2023-08-10T15:06:55+00:00\",\"dateModified\":\"2023-09-06T10:37:54+00:00\",\"description\":\"Order T IGUAL MULTICAPA CRIMPADO D.16 at a best price.\",\"breadcrumb\":{\"@id\":\"https:\/\/fluterm.eu\/es\/prod\/t-igual-multicapa-crimpado-d-16\/#breadcrumb\"},\"inLanguage\":\"es\",\"potentialAction\":[{\"@type\":\"ReadAction\",\"target\":[\"https:\/\/fluterm.eu\/es\/prod\/t-igual-multicapa-crimpado-d-16\/\"]}]},{\"@type\":\"BreadcrumbList\",\"@id\":\"https:\/\/fluterm.eu\/es\/prod\/t-igual-multicapa-crimpado-d-16\/#breadcrumb\",\"itemListElement\":[{\"@type\":\"ListItem\",\"position\":1,\"name\":\"Home\",\"item\":\"https:\/\/fluterm.eu\/es\/tienda\/\"},{\"@type\":\"ListItem\",\"position\":2,\"name\":\"Tienda\",\"item\":\"https:\/\/fluterm.eu\/es\/tienda\/\"},{\"@type\":\"ListItem\",\"position\":3,\"name\":\"T IGUAL MULTICAPA CRIMPADO D.16\"}]},{\"@type\":\"WebSite\",\"@id\":\"https:\/\/fluterm.eu\/#website\",\"url\":\"https:\/\/fluterm.eu\/\",\"name\":\"fluterm.eu\",\"description\":\"\",\"potentialAction\":[{\"@type\":\"SearchAction\",\"target\":{\"@type\":\"EntryPoint\",\"urlTemplate\":\"https:\/\/fluterm.eu\/?s={search_term_string}\"},\"query-input\":\"required name=search_term_string\"}],\"inLanguage\":\"es\"}]}<\/script>\n<!-- \/ Yoast SEO plugin. -->","yoast_head_json":{"title":"T IGUAL MULTICAPA CRIMPADO D.16","description":"Order T IGUAL MULTICAPA CRIMPADO D.16 at a best price.","robots":{"index":"index","follow":"follow","max-snippet":"max-snippet:-1","max-image-preview":"max-image-preview:large","max-video-preview":"max-video-preview:-1"},"canonical":"https:\/\/fluterm.eu\/es\/prod\/t-igual-multicapa-crimpado-d-16\/","og_locale":"es_ES","og_type":"article","og_title":"T IGUAL MULTICAPA CRIMPADO D.16","og_description":"Order T IGUAL MULTICAPA CRIMPADO D.16 at a best price.","og_url":"https:\/\/fluterm.eu\/es\/prod\/t-igual-multicapa-crimpado-d-16\/","og_site_name":"fluterm.eu","article_modified_time":"2023-09-06T10:37:54+00:00","og_image":[{"width":408,"height":472,"url":"https:\/\/fluterm.eu\/wp-content\/uploads\/2023\/08\/159F4AC7-BE98-415E-9F9F-E239C1E78C4F.jpeg","type":"image\/jpeg"}],"twitter_card":"summary_large_image","schema":{"@context":"https:\/\/schema.org","@graph":[{"@type":"WebPage","@id":"https:\/\/fluterm.eu\/es\/prod\/t-igual-multicapa-crimpado-d-16\/","url":"https:\/\/fluterm.eu\/es\/prod\/t-igual-multicapa-crimpado-d-16\/","name":"T IGUAL MULTICAPA CRIMPADO D.16","isPartOf":{"@id":"https:\/\/fluterm.eu\/#website"},"datePublished":"2023-08-10T15:06:55+00:00","dateModified":"2023-09-06T10:37:54+00:00","description":"Order T IGUAL MULTICAPA CRIMPADO D.16 at a best price.","breadcrumb":{"@id":"https:\/\/fluterm.eu\/es\/prod\/t-igual-multicapa-crimpado-d-16\/#breadcrumb"},"inLanguage":"es","potentialAction":[{"@type":"ReadAction","target":["https:\/\/fluterm.eu\/es\/prod\/t-igual-multicapa-crimpado-d-16\/"]}]},{"@type":"BreadcrumbList","@id":"https:\/\/fluterm.eu\/es\/prod\/t-igual-multicapa-crimpado-d-16\/#breadcrumb","itemListElement":[{"@type":"ListItem","position":1,"name":"Home","item":"https:\/\/fluterm.eu\/es\/tienda\/"},{"@type":"ListItem","position":2,"name":"Tienda","item":"https:\/\/fluterm.eu\/es\/tienda\/"},{"@type":"ListItem","position":3,"name":"T IGUAL MULTICAPA CRIMPADO D.16"}]},{"@type":"WebSite","@id":"https:\/\/fluterm.eu\/#website","url":"https:\/\/fluterm.eu\/","name":"fluterm.eu","description":"","potentialAction":[{"@type":"SearchAction","target":{"@type":"EntryPoint","urlTemplate":"https:\/\/fluterm.eu\/?s={search_term_string}"},"query-input":"required name=search_term_string"}],"inLanguage":"es"}]}},"_links":{"self":[{"href":"https:\/\/fluterm.eu\/es\/wp-json\/wp\/v2\/product\/11065","targetHints":{"allow":["GET"]}}],"collection":[{"href":"https:\/\/fluterm.eu\/es\/wp-json\/wp\/v2\/product"}],"about":[{"href":"https:\/\/fluterm.eu\/es\/wp-json\/wp\/v2\/types\/product"}],"replies":[{"embeddable":true,"href":"https:\/\/fluterm.eu\/es\/wp-json\/wp\/v2\/comments?post=11065"}],"version-history":[{"count":1,"href":"https:\/\/fluterm.eu\/es\/wp-json\/wp\/v2\/product\/11065\/revisions"}],"predecessor-version":[{"id":13899,"href":"https:\/\/fluterm.eu\/es\/wp-json\/wp\/v2\/product\/11065\/revisions\/13899"}],"wp:featuredmedia":[{"embeddable":true,"href":"https:\/\/fluterm.eu\/es\/wp-json\/wp\/v2\/media\/11083"}],"wp:attachment":[{"href":"https:\/\/fluterm.eu\/es\/wp-json\/wp\/v2\/media?parent=11065"}],"wp:term":[{"taxonomy":"product_cat","embeddable":true,"href":"https:\/\/fluterm.eu\/es\/wp-json\/wp\/v2\/product_cat?post=11065"},{"taxonomy":"product_tag","embeddable":true,"href":"https:\/\/fluterm.eu\/es\/wp-json\/wp\/v2\/product_tag?post=11065"}],"curies":[{"name":"wp","href":"https:\/\/api.w.org\/{rel}","templated":true}]}}