{"id":14315,"date":"2023-06-10T14:50:41","date_gmt":"2023-06-10T11:50:41","guid":{"rendered":"https:\/\/fluterm.eu\/prod\/colector-de-calefaccion-por-suelo-radiante-de-8-circuitos-totalmente-equipado\/"},"modified":"2023-06-10T14:50:41","modified_gmt":"2023-06-10T11:50:41","slug":"distribuidor-de-calefaccion-por-suelo-radiante-de-8-vias-totalmente-equipado","status":"publish","type":"product","link":"https:\/\/fluterm.eu\/es\/prod\/distribuidor-de-calefaccion-por-suelo-radiante-de-8-vias-totalmente-equipado\/","title":{"rendered":"Colector de calefacci\u00f3n por suelo radiante de 8 circuitos totalmente equipado"},"content":{"rendered":"<p>16 x euroconus pex 16\/17&#215;2<\/p>\n<p>1 caja met\u00e1lica<\/p>\n<p>Los colectores completos de 8 puertos que suministramos est\u00e1n dise\u00f1ados seg\u00fan los m\u00e1s altos est\u00e1ndares de la industria.<br \/>\ncon unos resultados excepcionales respaldados por una garant\u00eda total de 25 a\u00f1os.<\/p>\n<p>Los colectores se fabrican utilizando exclusivamente lat\u00f3n de calidad que garantiza<\/p>\n<p>un rendimiento excepcional y una tranquilidad total.<\/p>\n<p>Estos colectores est\u00e1n disponibles en versiones de 2 a 12 puertos, lo que permite realizar instalaciones de cualquier tama\u00f1o.<\/p>\n<p><strong><em>Aprobado por WRAS<\/em><\/strong><\/p>\n","protected":false},"excerpt":{"rendered":"<p>16 x euroconus pex 16\/17&#215;2 1 caja met\u00e1lica Los colectores completos de 8 puertos que suministramos est\u00e1n dise\u00f1ados seg\u00fan los m\u00e1s altos est\u00e1ndares de la industria. con unos resultados excepcionales respaldados por una garant\u00eda total de 25 a\u00f1os. Los colectores se fabrican utilizando exclusivamente lat\u00f3n de calidad que garantiza un rendimiento excepcional y una tranquilidad&hellip;<\/p>\n","protected":false},"featured_media":2812,"comment_status":"open","ping_status":"closed","template":"","meta":[],"product_cat":[813],"product_tag":[],"class_list":{"0":"post-14315","1":"product","2":"type-product","3":"status-publish","4":"has-post-thumbnail","6":"product_cat-distribuidores-de-calefaccion-por-suelo-radiante","8":"first","9":"instock","10":"sale","11":"taxable","12":"shipping-taxable","13":"purchasable","14":"product-type-simple","15":"col-xs-6 col-sm-4","16":"col-md-4 col-lg-4","17":"un-3-cols"},"acf":[],"yoast_head":"<!-- This site is optimized with the Yoast SEO plugin v21.2 - https:\/\/yoast.com\/wordpress\/plugins\/seo\/ -->\n<title>Colector de calefacci\u00f3n por suelo radiante de 8 circuitos totalmente equipado<\/title>\n<meta name=\"description\" content=\"Order Colector de calefacci\u00f3n por suelo radiante de 8 circuitos totalmente equipado at a best price.\" \/>\n<meta name=\"robots\" content=\"index, follow, max-snippet:-1, max-image-preview:large, max-video-preview:-1\" \/>\n<link rel=\"canonical\" href=\"https:\/\/fluterm.eu\/es\/prod\/colector-de-calefaccion-por-suelo-radiante-de-8-circuitos-totalmente-equipado\/\" \/>\n<meta property=\"og:locale\" content=\"es_ES\" \/>\n<meta property=\"og:type\" content=\"article\" \/>\n<meta property=\"og:title\" content=\"Colector de calefacci\u00f3n por suelo radiante de 8 circuitos totalmente equipado\" \/>\n<meta property=\"og:description\" content=\"Order Colector de calefacci\u00f3n por suelo radiante de 8 circuitos totalmente equipado at a best price.\" \/>\n<meta property=\"og:url\" content=\"https:\/\/fluterm.eu\/es\/prod\/colector-de-calefaccion-por-suelo-radiante-de-8-circuitos-totalmente-equipado\/\" \/>\n<meta property=\"og:site_name\" content=\"fluterm.eu\" \/>\n<meta property=\"og:image\" content=\"https:\/\/fluterm.eu\/wp-content\/uploads\/2023\/06\/82B2AB10-4C53-43C0-AF46-397DF4D388ED.jpeg\" \/>\n\t<meta property=\"og:image:width\" content=\"2000\" \/>\n\t<meta property=\"og:image:height\" content=\"2000\" \/>\n\t<meta property=\"og:image:type\" content=\"image\/jpeg\" \/>\n<meta name=\"twitter:card\" content=\"summary_large_image\" \/>\n<script type=\"application\/ld+json\" class=\"yoast-schema-graph\">{\"@context\":\"https:\/\/schema.org\",\"@graph\":[{\"@type\":\"WebPage\",\"@id\":\"https:\/\/fluterm.eu\/es\/prod\/colector-de-calefaccion-por-suelo-radiante-de-8-circuitos-totalmente-equipado\/\",\"url\":\"https:\/\/fluterm.eu\/es\/prod\/colector-de-calefaccion-por-suelo-radiante-de-8-circuitos-totalmente-equipado\/\",\"name\":\"Colector de calefacci\u00f3n por suelo radiante de 8 circuitos totalmente equipado\",\"isPartOf\":{\"@id\":\"https:\/\/fluterm.eu\/#website\"},\"datePublished\":\"2023-06-10T11:50:41+00:00\",\"dateModified\":\"2023-06-10T11:50:41+00:00\",\"description\":\"Order Colector de calefacci\u00f3n por suelo radiante de 8 circuitos totalmente equipado at a best price.\",\"breadcrumb\":{\"@id\":\"https:\/\/fluterm.eu\/es\/prod\/colector-de-calefaccion-por-suelo-radiante-de-8-circuitos-totalmente-equipado\/#breadcrumb\"},\"inLanguage\":\"es\",\"potentialAction\":[{\"@type\":\"ReadAction\",\"target\":[\"https:\/\/fluterm.eu\/es\/prod\/colector-de-calefaccion-por-suelo-radiante-de-8-circuitos-totalmente-equipado\/\"]}]},{\"@type\":\"BreadcrumbList\",\"@id\":\"https:\/\/fluterm.eu\/es\/prod\/colector-de-calefaccion-por-suelo-radiante-de-8-circuitos-totalmente-equipado\/#breadcrumb\",\"itemListElement\":[{\"@type\":\"ListItem\",\"position\":1,\"name\":\"Home\",\"item\":\"https:\/\/fluterm.eu\/es\/tienda\/\"},{\"@type\":\"ListItem\",\"position\":2,\"name\":\"Tienda\",\"item\":\"https:\/\/fluterm.eu\/es\/tienda\/\"},{\"@type\":\"ListItem\",\"position\":3,\"name\":\"Colector de calefacci\u00f3n por suelo radiante de 8 circuitos totalmente equipado\"}]},{\"@type\":\"WebSite\",\"@id\":\"https:\/\/fluterm.eu\/#website\",\"url\":\"https:\/\/fluterm.eu\/\",\"name\":\"fluterm.eu\",\"description\":\"\",\"potentialAction\":[{\"@type\":\"SearchAction\",\"target\":{\"@type\":\"EntryPoint\",\"urlTemplate\":\"https:\/\/fluterm.eu\/?s={search_term_string}\"},\"query-input\":\"required name=search_term_string\"}],\"inLanguage\":\"es\"}]}<\/script>\n<!-- \/ Yoast SEO plugin. -->","yoast_head_json":{"title":"Colector de calefacci\u00f3n por suelo radiante de 8 circuitos totalmente equipado","description":"Order Colector de calefacci\u00f3n por suelo radiante de 8 circuitos totalmente equipado at a best price.","robots":{"index":"index","follow":"follow","max-snippet":"max-snippet:-1","max-image-preview":"max-image-preview:large","max-video-preview":"max-video-preview:-1"},"canonical":"https:\/\/fluterm.eu\/es\/prod\/colector-de-calefaccion-por-suelo-radiante-de-8-circuitos-totalmente-equipado\/","og_locale":"es_ES","og_type":"article","og_title":"Colector de calefacci\u00f3n por suelo radiante de 8 circuitos totalmente equipado","og_description":"Order Colector de calefacci\u00f3n por suelo radiante de 8 circuitos totalmente equipado at a best price.","og_url":"https:\/\/fluterm.eu\/es\/prod\/colector-de-calefaccion-por-suelo-radiante-de-8-circuitos-totalmente-equipado\/","og_site_name":"fluterm.eu","og_image":[{"width":2000,"height":2000,"url":"https:\/\/fluterm.eu\/wp-content\/uploads\/2023\/06\/82B2AB10-4C53-43C0-AF46-397DF4D388ED.jpeg","type":"image\/jpeg"}],"twitter_card":"summary_large_image","schema":{"@context":"https:\/\/schema.org","@graph":[{"@type":"WebPage","@id":"https:\/\/fluterm.eu\/es\/prod\/colector-de-calefaccion-por-suelo-radiante-de-8-circuitos-totalmente-equipado\/","url":"https:\/\/fluterm.eu\/es\/prod\/colector-de-calefaccion-por-suelo-radiante-de-8-circuitos-totalmente-equipado\/","name":"Colector de calefacci\u00f3n por suelo radiante de 8 circuitos totalmente equipado","isPartOf":{"@id":"https:\/\/fluterm.eu\/#website"},"datePublished":"2023-06-10T11:50:41+00:00","dateModified":"2023-06-10T11:50:41+00:00","description":"Order Colector de calefacci\u00f3n por suelo radiante de 8 circuitos totalmente equipado at a best price.","breadcrumb":{"@id":"https:\/\/fluterm.eu\/es\/prod\/colector-de-calefaccion-por-suelo-radiante-de-8-circuitos-totalmente-equipado\/#breadcrumb"},"inLanguage":"es","potentialAction":[{"@type":"ReadAction","target":["https:\/\/fluterm.eu\/es\/prod\/colector-de-calefaccion-por-suelo-radiante-de-8-circuitos-totalmente-equipado\/"]}]},{"@type":"BreadcrumbList","@id":"https:\/\/fluterm.eu\/es\/prod\/colector-de-calefaccion-por-suelo-radiante-de-8-circuitos-totalmente-equipado\/#breadcrumb","itemListElement":[{"@type":"ListItem","position":1,"name":"Home","item":"https:\/\/fluterm.eu\/es\/tienda\/"},{"@type":"ListItem","position":2,"name":"Tienda","item":"https:\/\/fluterm.eu\/es\/tienda\/"},{"@type":"ListItem","position":3,"name":"Colector de calefacci\u00f3n por suelo radiante de 8 circuitos totalmente equipado"}]},{"@type":"WebSite","@id":"https:\/\/fluterm.eu\/#website","url":"https:\/\/fluterm.eu\/","name":"fluterm.eu","description":"","potentialAction":[{"@type":"SearchAction","target":{"@type":"EntryPoint","urlTemplate":"https:\/\/fluterm.eu\/?s={search_term_string}"},"query-input":"required name=search_term_string"}],"inLanguage":"es"}]}},"_links":{"self":[{"href":"https:\/\/fluterm.eu\/es\/wp-json\/wp\/v2\/product\/14315","targetHints":{"allow":["GET"]}}],"collection":[{"href":"https:\/\/fluterm.eu\/es\/wp-json\/wp\/v2\/product"}],"about":[{"href":"https:\/\/fluterm.eu\/es\/wp-json\/wp\/v2\/types\/product"}],"replies":[{"embeddable":true,"href":"https:\/\/fluterm.eu\/es\/wp-json\/wp\/v2\/comments?post=14315"}],"version-history":[{"count":0,"href":"https:\/\/fluterm.eu\/es\/wp-json\/wp\/v2\/product\/14315\/revisions"}],"wp:featuredmedia":[{"embeddable":true,"href":"https:\/\/fluterm.eu\/es\/wp-json\/wp\/v2\/media\/2812"}],"wp:attachment":[{"href":"https:\/\/fluterm.eu\/es\/wp-json\/wp\/v2\/media?parent=14315"}],"wp:term":[{"taxonomy":"product_cat","embeddable":true,"href":"https:\/\/fluterm.eu\/es\/wp-json\/wp\/v2\/product_cat?post=14315"},{"taxonomy":"product_tag","embeddable":true,"href":"https:\/\/fluterm.eu\/es\/wp-json\/wp\/v2\/product_tag?post=14315"}],"curies":[{"name":"wp","href":"https:\/\/api.w.org\/{rel}","templated":true}]}}